{"id":253,"date":"2022-11-09T17:07:24","date_gmt":"2022-11-09T20:07:24","guid":{"rendered":"https:\/\/www.ifsc.usp.br\/bssm\/?page_id=253"},"modified":"2023-02-10T18:36:04","modified_gmt":"2023-02-10T21:36:04","slug":"francisco-alcaraz","status":"publish","type":"page","link":"https:\/\/www.ifsc.usp.br\/bssm\/francisco-alcaraz\/","title":{"rendered":"Francisco Alcaraz"},"content":{"rendered":"\t\t<div data-elementor-type=\"wp-page\" data-elementor-id=\"253\" class=\"elementor elementor-253\">\n\t\t\t\t\t\t<section class=\"elementor-section elementor-top-section elementor-element elementor-element-cd3e19d elementor-section-boxed elementor-section-height-default elementor-section-height-default\" data-id=\"cd3e19d\" data-element_type=\"section\">\n\t\t\t\t\t\t<div class=\"elementor-container elementor-column-gap-default\">\n\t\t\t\t\t<div class=\"elementor-column elementor-col-100 elementor-top-column elementor-element elementor-element-7cff51a\" data-id=\"7cff51a\" data-element_type=\"column\">\n\t\t\t<div class=\"elementor-widget-wrap elementor-element-populated\">\n\t\t\t\t\t\t<div class=\"elementor-element elementor-element-ac99db4 elementor-widget elementor-widget-heading\" data-id=\"ac99db4\" data-element_type=\"widget\" data-widget_type=\"heading.default\">\n\t\t\t\t<div class=\"elementor-widget-container\">\n\t\t\t<h2 class=\"elementor-heading-title elementor-size-default\">FRANCISCO ALCARAZ<\/h2>\t\t<\/div>\n\t\t\t\t<\/div>\n\t\t\t\t\t<\/div>\n\t\t<\/div>\n\t\t\t\t\t<\/div>\n\t\t<\/section>\n\t\t\t\t<section class=\"elementor-section elementor-top-section elementor-element elementor-element-444fa78 elementor-section-boxed elementor-section-height-default elementor-section-height-default\" data-id=\"444fa78\" data-element_type=\"section\">\n\t\t\t\t\t\t<div class=\"elementor-container elementor-column-gap-default\">\n\t\t\t\t\t<div class=\"elementor-column elementor-col-66 elementor-top-column elementor-element elementor-element-eac6bac\" data-id=\"eac6bac\" data-element_type=\"column\">\n\t\t\t<div class=\"elementor-widget-wrap elementor-element-populated\">\n\t\t\t\t\t\t<div class=\"elementor-element elementor-element-df3d4a3 elementor-widget elementor-widget-text-editor\" data-id=\"df3d4a3\" data-element_type=\"widget\" data-widget_type=\"text-editor.default\">\n\t\t\t\t<div class=\"elementor-widget-container\">\n\t\t\t\t\t\t\t<p>Francisco Castilho Alcaraz (aka Chico) was born on January 28th, 1953 in the city of Dracena, in the countryside of the State of S\u00e3o Paulo. He graduated in Physics at the Institute of Physics of the University of S\u00e3o Paulo (USP) in 1975, completed his master&#8217;s degree in 1977 with a dissertation on the De Haas-van Alphen effect at the former Instituto de Energia At\u00f4mica \u2013 IEA (currently IPEN) under the supervision of Prof. David Y. Kojima, and his doctorate at the S\u00e3o Carlos Institute of Physics (IFSC) \u2013 USP in 1980 with a thesis on lattice gauge models under the guidance of Prof. Dr. Roland Koberle. He held visiting positions at the Institute for Theoretical Physics at the University of California at Santa Barbara twice (1981\u20131983 and 1991\u20131992), at the Australian National University (1986\u20131987) and at the University of B\u00f6nn (1992\u20131993). In 1989 he became a full professor at the Physics Department at UFSCar, having transferred to the IFSC-USP in 2002.<\/p><p>Between 2001 and 2007 he was the coordinator of the field of Physics at the Funda\u00e7\u00e3o de Amparo \u00e0 Pesquisa do Estado de S\u00e3o Paulo \u2013 FAPESP (the S\u00e3o Paulo state research agency). He was also coordinator of the Graduate Course in Physics at the Federal University of S\u00e3o Carlos, UFSCar, from 1996 to 1998, chairman of the IFSC-USP Research Commission from 2002 to 2006, head of the Department of Physics and Materials Science at IFSC. \/USP from 2006 to 2008 and again from 2012 to 2014, and is currently chairman of the IFSC\/USP Library and Information Service Commission.<\/p><p>He was a member of the editorial boards of the Brazilian Journal of Physics (1991\u20132010) , Journal of Physics A: Mathematical and General (1998\u20132006) and Journal of Statistical Mechanics: Theoretical and Experimental (since 1998). He coordinated, together with H. Hilhorst (Paris-Sud) and Yakov Sinai (Princeton University), the &#8220;General Aspects of Statistical Physics&#8221; thematic committee of the XXXIV International Conference on Statistical Physics \u2013 Statphys 2010.<\/p><p>His areas of interest include the statistical mechanics of theoretical models, with forays into magnetism theory, strongly correlated systems, exact solutions, conformal invariance, finite-size scaling and, more recently, algebraic methods in non-equilibrium systems and quantum entanglement in condensed matter. Throughout his career he has supervised, so far, 9 master&#8217;s students and 7 doctoral students. He has published more than 140 scientific articles that have accumulated, according to the Web of Science database, more than 4200 citations, giving him an H index (of Hirsch) equal to 31.<\/p><p>Chico has co-organized the first, second, and third edition of the Brazilian School on Statistical Mechanics. This fourth edition comes together with a workshop to honor his accomplishments and to thank him for his contributions to the science and society.<\/p><p>His CV on the CNPq Lattes platform can be accessed through the link <a href=\"http:\/\/lattes.cnpq.br\/9538405812117662\" target=\"_blank\" rel=\"noopener\">&lt;http:\/\/lattes.cnpq.br\/9538405812117662&gt;<\/a>.<\/p>\t\t\t\t\t\t<\/div>\n\t\t\t\t<\/div>\n\t\t\t\t\t<\/div>\n\t\t<\/div>\n\t\t\t\t<div class=\"elementor-column elementor-col-33 elementor-top-column elementor-element elementor-element-4d15eb7\" data-id=\"4d15eb7\" data-element_type=\"column\">\n\t\t\t<div class=\"elementor-widget-wrap elementor-element-populated\">\n\t\t\t\t\t\t<div class=\"elementor-element elementor-element-790183d elementor-widget elementor-widget-image\" data-id=\"790183d\" data-element_type=\"widget\" data-widget_type=\"image.default\">\n\t\t\t\t<div class=\"elementor-widget-container\">\n\t\t\t\t\t\t\t\t\t\t\t\t\t<img fetchpriority=\"high\" decoding=\"async\" width=\"600\" height=\"400\" src=\"https:\/\/www.ifsc.usp.br\/bssm\/wp-content\/uploads\/2022\/11\/alcaraz-1.jpg\" class=\"attachment-large size-large wp-image-365\" alt=\"\" srcset=\"https:\/\/www.ifsc.usp.br\/bssm\/wp-content\/uploads\/2022\/11\/alcaraz-1.jpg 600w, https:\/\/www.ifsc.usp.br\/bssm\/wp-content\/uploads\/2022\/11\/alcaraz-1-300x200.jpg 300w\" sizes=\"(max-width: 600px) 100vw, 600px\" \/>\t\t\t\t\t\t\t\t\t\t\t\t\t<\/div>\n\t\t\t\t<\/div>\n\t\t\t\t\t<\/div>\n\t\t<\/div>\n\t\t\t\t\t<\/div>\n\t\t<\/section>\n\t\t\t\t<section class=\"elementor-section elementor-top-section elementor-element elementor-element-a3a3239 elementor-section-boxed elementor-section-height-default elementor-section-height-default\" data-id=\"a3a3239\" data-element_type=\"section\">\n\t\t\t\t\t\t<div class=\"elementor-container elementor-column-gap-default\">\n\t\t\t\t\t<div class=\"elementor-column elementor-col-33 elementor-top-column elementor-element elementor-element-d63c6bd\" data-id=\"d63c6bd\" data-element_type=\"column\">\n\t\t\t<div class=\"elementor-widget-wrap elementor-element-populated\">\n\t\t\t\t\t\t<div class=\"elementor-element elementor-element-f7d6da5 elementor-widget elementor-widget-image\" data-id=\"f7d6da5\" data-element_type=\"widget\" data-widget_type=\"image.default\">\n\t\t\t\t<div class=\"elementor-widget-container\">\n\t\t\t\t\t\t\t\t\t\t\t\t\t<img decoding=\"async\" width=\"1024\" height=\"683\" src=\"https:\/\/www.ifsc.usp.br\/bssm\/wp-content\/uploads\/2023\/02\/IMG_1221-1024x683.jpg\" class=\"attachment-large size-large wp-image-821\" alt=\"\" srcset=\"https:\/\/www.ifsc.usp.br\/bssm\/wp-content\/uploads\/2023\/02\/IMG_1221-1024x683.jpg 1024w, https:\/\/www.ifsc.usp.br\/bssm\/wp-content\/uploads\/2023\/02\/IMG_1221-300x200.jpg 300w, https:\/\/www.ifsc.usp.br\/bssm\/wp-content\/uploads\/2023\/02\/IMG_1221-768x512.jpg 768w, https:\/\/www.ifsc.usp.br\/bssm\/wp-content\/uploads\/2023\/02\/IMG_1221-1536x1024.jpg 1536w, https:\/\/www.ifsc.usp.br\/bssm\/wp-content\/uploads\/2023\/02\/IMG_1221-2048x1365.jpg 2048w\" sizes=\"(max-width: 1024px) 100vw, 1024px\" \/>\t\t\t\t\t\t\t\t\t\t\t\t\t<\/div>\n\t\t\t\t<\/div>\n\t\t\t\t\t<\/div>\n\t\t<\/div>\n\t\t\t\t<div class=\"elementor-column elementor-col-33 elementor-top-column elementor-element elementor-element-447cbe1\" data-id=\"447cbe1\" data-element_type=\"column\">\n\t\t\t<div class=\"elementor-widget-wrap elementor-element-populated\">\n\t\t\t\t\t\t<div class=\"elementor-element elementor-element-3cc7677 elementor-widget elementor-widget-image\" data-id=\"3cc7677\" data-element_type=\"widget\" data-widget_type=\"image.default\">\n\t\t\t\t<div class=\"elementor-widget-container\">\n\t\t\t\t\t\t\t\t\t\t\t\t\t<img decoding=\"async\" width=\"1024\" height=\"683\" src=\"https:\/\/www.ifsc.usp.br\/bssm\/wp-content\/uploads\/2023\/02\/IMG_1226-1024x683.jpg\" class=\"attachment-large size-large wp-image-833\" alt=\"\" srcset=\"https:\/\/www.ifsc.usp.br\/bssm\/wp-content\/uploads\/2023\/02\/IMG_1226-1024x683.jpg 1024w, https:\/\/www.ifsc.usp.br\/bssm\/wp-content\/uploads\/2023\/02\/IMG_1226-300x200.jpg 300w, https:\/\/www.ifsc.usp.br\/bssm\/wp-content\/uploads\/2023\/02\/IMG_1226-768x512.jpg 768w, https:\/\/www.ifsc.usp.br\/bssm\/wp-content\/uploads\/2023\/02\/IMG_1226-1536x1024.jpg 1536w, https:\/\/www.ifsc.usp.br\/bssm\/wp-content\/uploads\/2023\/02\/IMG_1226-2048x1365.jpg 2048w\" sizes=\"(max-width: 1024px) 100vw, 1024px\" \/>\t\t\t\t\t\t\t\t\t\t\t\t\t<\/div>\n\t\t\t\t<\/div>\n\t\t\t\t\t<\/div>\n\t\t<\/div>\n\t\t\t\t<div class=\"elementor-column elementor-col-33 elementor-top-column elementor-element elementor-element-853682b\" data-id=\"853682b\" data-element_type=\"column\">\n\t\t\t<div class=\"elementor-widget-wrap elementor-element-populated\">\n\t\t\t\t\t\t<div class=\"elementor-element elementor-element-9abeca1 elementor-widget elementor-widget-image\" data-id=\"9abeca1\" data-element_type=\"widget\" data-widget_type=\"image.default\">\n\t\t\t\t<div class=\"elementor-widget-container\">\n\t\t\t\t\t\t\t\t\t\t\t\t\t<img loading=\"lazy\" decoding=\"async\" width=\"1024\" height=\"683\" src=\"https:\/\/www.ifsc.usp.br\/bssm\/wp-content\/uploads\/2023\/02\/IMG_1227-1024x683.jpg\" class=\"attachment-large size-large wp-image-822\" alt=\"\" srcset=\"https:\/\/www.ifsc.usp.br\/bssm\/wp-content\/uploads\/2023\/02\/IMG_1227-1024x683.jpg 1024w, https:\/\/www.ifsc.usp.br\/bssm\/wp-content\/uploads\/2023\/02\/IMG_1227-300x200.jpg 300w, https:\/\/www.ifsc.usp.br\/bssm\/wp-content\/uploads\/2023\/02\/IMG_1227-768x512.jpg 768w, https:\/\/www.ifsc.usp.br\/bssm\/wp-content\/uploads\/2023\/02\/IMG_1227-1536x1024.jpg 1536w, https:\/\/www.ifsc.usp.br\/bssm\/wp-content\/uploads\/2023\/02\/IMG_1227-2048x1365.jpg 2048w\" sizes=\"(max-width: 1024px) 100vw, 1024px\" \/>\t\t\t\t\t\t\t\t\t\t\t\t\t<\/div>\n\t\t\t\t<\/div>\n\t\t\t\t\t<\/div>\n\t\t<\/div>\n\t\t\t\t\t<\/div>\n\t\t<\/section>\n\t\t\t\t<section class=\"elementor-section elementor-top-section elementor-element elementor-element-360bbe9 elementor-section-boxed elementor-section-height-default elementor-section-height-default\" data-id=\"360bbe9\" data-element_type=\"section\">\n\t\t\t\t\t\t<div class=\"elementor-container elementor-column-gap-default\">\n\t\t\t\t\t<div class=\"elementor-column elementor-col-33 elementor-top-column elementor-element elementor-element-b5da691\" data-id=\"b5da691\" data-element_type=\"column\">\n\t\t\t<div class=\"elementor-widget-wrap elementor-element-populated\">\n\t\t\t\t\t\t<div class=\"elementor-element elementor-element-a425916 elementor-widget elementor-widget-image\" data-id=\"a425916\" data-element_type=\"widget\" data-widget_type=\"image.default\">\n\t\t\t\t<div class=\"elementor-widget-container\">\n\t\t\t\t\t\t\t\t\t\t\t\t\t<img loading=\"lazy\" decoding=\"async\" width=\"1024\" height=\"683\" src=\"https:\/\/www.ifsc.usp.br\/bssm\/wp-content\/uploads\/2023\/02\/IMG_1267-1024x683.jpg\" class=\"attachment-large size-large wp-image-831\" alt=\"\" srcset=\"https:\/\/www.ifsc.usp.br\/bssm\/wp-content\/uploads\/2023\/02\/IMG_1267-1024x683.jpg 1024w, https:\/\/www.ifsc.usp.br\/bssm\/wp-content\/uploads\/2023\/02\/IMG_1267-300x200.jpg 300w, https:\/\/www.ifsc.usp.br\/bssm\/wp-content\/uploads\/2023\/02\/IMG_1267-768x512.jpg 768w, https:\/\/www.ifsc.usp.br\/bssm\/wp-content\/uploads\/2023\/02\/IMG_1267-1536x1024.jpg 1536w, https:\/\/www.ifsc.usp.br\/bssm\/wp-content\/uploads\/2023\/02\/IMG_1267-2048x1365.jpg 2048w\" sizes=\"(max-width: 1024px) 100vw, 1024px\" \/>\t\t\t\t\t\t\t\t\t\t\t\t\t<\/div>\n\t\t\t\t<\/div>\n\t\t\t\t\t<\/div>\n\t\t<\/div>\n\t\t\t\t<div class=\"elementor-column elementor-col-33 elementor-top-column elementor-element elementor-element-a795a3b\" data-id=\"a795a3b\" data-element_type=\"column\">\n\t\t\t<div class=\"elementor-widget-wrap elementor-element-populated\">\n\t\t\t\t\t\t<div class=\"elementor-element elementor-element-e7666f1 elementor-widget elementor-widget-image\" data-id=\"e7666f1\" data-element_type=\"widget\" data-widget_type=\"image.default\">\n\t\t\t\t<div class=\"elementor-widget-container\">\n\t\t\t\t\t\t\t\t\t\t\t\t\t<img loading=\"lazy\" decoding=\"async\" width=\"1024\" height=\"683\" src=\"https:\/\/www.ifsc.usp.br\/bssm\/wp-content\/uploads\/2023\/02\/IMG_1270-1024x683.jpg\" class=\"attachment-large size-large wp-image-830\" alt=\"\" srcset=\"https:\/\/www.ifsc.usp.br\/bssm\/wp-content\/uploads\/2023\/02\/IMG_1270-1024x683.jpg 1024w, https:\/\/www.ifsc.usp.br\/bssm\/wp-content\/uploads\/2023\/02\/IMG_1270-300x200.jpg 300w, https:\/\/www.ifsc.usp.br\/bssm\/wp-content\/uploads\/2023\/02\/IMG_1270-768x512.jpg 768w, https:\/\/www.ifsc.usp.br\/bssm\/wp-content\/uploads\/2023\/02\/IMG_1270-1536x1024.jpg 1536w, https:\/\/www.ifsc.usp.br\/bssm\/wp-content\/uploads\/2023\/02\/IMG_1270-2048x1365.jpg 2048w\" sizes=\"(max-width: 1024px) 100vw, 1024px\" \/>\t\t\t\t\t\t\t\t\t\t\t\t\t<\/div>\n\t\t\t\t<\/div>\n\t\t\t\t\t<\/div>\n\t\t<\/div>\n\t\t\t\t<div class=\"elementor-column elementor-col-33 elementor-top-column elementor-element elementor-element-d980510\" data-id=\"d980510\" data-element_type=\"column\">\n\t\t\t<div class=\"elementor-widget-wrap elementor-element-populated\">\n\t\t\t\t\t\t<div class=\"elementor-element elementor-element-6da4a80 elementor-widget elementor-widget-image\" data-id=\"6da4a80\" data-element_type=\"widget\" data-widget_type=\"image.default\">\n\t\t\t\t<div class=\"elementor-widget-container\">\n\t\t\t\t\t\t\t\t\t\t\t\t\t<img loading=\"lazy\" decoding=\"async\" width=\"1024\" height=\"683\" src=\"https:\/\/www.ifsc.usp.br\/bssm\/wp-content\/uploads\/2023\/02\/IMG_1274-1024x683.jpg\" class=\"attachment-large size-large wp-image-829\" alt=\"\" srcset=\"https:\/\/www.ifsc.usp.br\/bssm\/wp-content\/uploads\/2023\/02\/IMG_1274-1024x683.jpg 1024w, https:\/\/www.ifsc.usp.br\/bssm\/wp-content\/uploads\/2023\/02\/IMG_1274-300x200.jpg 300w, https:\/\/www.ifsc.usp.br\/bssm\/wp-content\/uploads\/2023\/02\/IMG_1274-768x512.jpg 768w, https:\/\/www.ifsc.usp.br\/bssm\/wp-content\/uploads\/2023\/02\/IMG_1274-1536x1024.jpg 1536w, https:\/\/www.ifsc.usp.br\/bssm\/wp-content\/uploads\/2023\/02\/IMG_1274-2048x1365.jpg 2048w\" sizes=\"(max-width: 1024px) 100vw, 1024px\" \/>\t\t\t\t\t\t\t\t\t\t\t\t\t<\/div>\n\t\t\t\t<\/div>\n\t\t\t\t\t<\/div>\n\t\t<\/div>\n\t\t\t\t\t<\/div>\n\t\t<\/section>\n\t\t\t\t<section class=\"elementor-section elementor-top-section elementor-element elementor-element-9461a4e elementor-section-boxed elementor-section-height-default elementor-section-height-default\" data-id=\"9461a4e\" data-element_type=\"section\">\n\t\t\t\t\t\t<div class=\"elementor-container elementor-column-gap-default\">\n\t\t\t\t\t<div class=\"elementor-column elementor-col-33 elementor-top-column elementor-element elementor-element-463d1af\" data-id=\"463d1af\" data-element_type=\"column\">\n\t\t\t<div class=\"elementor-widget-wrap elementor-element-populated\">\n\t\t\t\t\t\t<div class=\"elementor-element elementor-element-3b2a432 elementor-widget elementor-widget-image\" data-id=\"3b2a432\" data-element_type=\"widget\" data-widget_type=\"image.default\">\n\t\t\t\t<div class=\"elementor-widget-container\">\n\t\t\t\t\t\t\t\t\t\t\t\t\t<img loading=\"lazy\" decoding=\"async\" width=\"1024\" height=\"683\" src=\"https:\/\/www.ifsc.usp.br\/bssm\/wp-content\/uploads\/2023\/02\/IMG_1276-1024x683.jpg\" class=\"attachment-large size-large wp-image-828\" alt=\"\" srcset=\"https:\/\/www.ifsc.usp.br\/bssm\/wp-content\/uploads\/2023\/02\/IMG_1276-1024x683.jpg 1024w, https:\/\/www.ifsc.usp.br\/bssm\/wp-content\/uploads\/2023\/02\/IMG_1276-300x200.jpg 300w, https:\/\/www.ifsc.usp.br\/bssm\/wp-content\/uploads\/2023\/02\/IMG_1276-768x512.jpg 768w, https:\/\/www.ifsc.usp.br\/bssm\/wp-content\/uploads\/2023\/02\/IMG_1276-1536x1024.jpg 1536w, https:\/\/www.ifsc.usp.br\/bssm\/wp-content\/uploads\/2023\/02\/IMG_1276-2048x1365.jpg 2048w\" sizes=\"(max-width: 1024px) 100vw, 1024px\" \/>\t\t\t\t\t\t\t\t\t\t\t\t\t<\/div>\n\t\t\t\t<\/div>\n\t\t\t\t\t<\/div>\n\t\t<\/div>\n\t\t\t\t<div class=\"elementor-column elementor-col-33 elementor-top-column elementor-element elementor-element-72cfd3d\" data-id=\"72cfd3d\" data-element_type=\"column\">\n\t\t\t<div class=\"elementor-widget-wrap elementor-element-populated\">\n\t\t\t\t\t\t<div class=\"elementor-element elementor-element-ccd516b elementor-widget elementor-widget-image\" data-id=\"ccd516b\" data-element_type=\"widget\" data-widget_type=\"image.default\">\n\t\t\t\t<div class=\"elementor-widget-container\">\n\t\t\t\t\t\t\t\t\t\t\t\t\t<img loading=\"lazy\" decoding=\"async\" width=\"1024\" height=\"683\" src=\"https:\/\/www.ifsc.usp.br\/bssm\/wp-content\/uploads\/2023\/02\/IMG_1277-1024x683.jpg\" class=\"attachment-large size-large wp-image-827\" alt=\"\" srcset=\"https:\/\/www.ifsc.usp.br\/bssm\/wp-content\/uploads\/2023\/02\/IMG_1277-1024x683.jpg 1024w, https:\/\/www.ifsc.usp.br\/bssm\/wp-content\/uploads\/2023\/02\/IMG_1277-300x200.jpg 300w, https:\/\/www.ifsc.usp.br\/bssm\/wp-content\/uploads\/2023\/02\/IMG_1277-768x512.jpg 768w, https:\/\/www.ifsc.usp.br\/bssm\/wp-content\/uploads\/2023\/02\/IMG_1277-1536x1024.jpg 1536w, https:\/\/www.ifsc.usp.br\/bssm\/wp-content\/uploads\/2023\/02\/IMG_1277-2048x1365.jpg 2048w\" sizes=\"(max-width: 1024px) 100vw, 1024px\" \/>\t\t\t\t\t\t\t\t\t\t\t\t\t<\/div>\n\t\t\t\t<\/div>\n\t\t\t\t\t<\/div>\n\t\t<\/div>\n\t\t\t\t<div class=\"elementor-column elementor-col-33 elementor-top-column elementor-element elementor-element-554c5c8\" data-id=\"554c5c8\" data-element_type=\"column\">\n\t\t\t<div class=\"elementor-widget-wrap elementor-element-populated\">\n\t\t\t\t\t\t<div class=\"elementor-element elementor-element-015ba0a elementor-widget elementor-widget-image\" data-id=\"015ba0a\" data-element_type=\"widget\" data-widget_type=\"image.default\">\n\t\t\t\t<div class=\"elementor-widget-container\">\n\t\t\t\t\t\t\t\t\t\t\t\t\t<img loading=\"lazy\" decoding=\"async\" width=\"1024\" height=\"683\" src=\"https:\/\/www.ifsc.usp.br\/bssm\/wp-content\/uploads\/2023\/02\/IMG_1278-1024x683.jpg\" class=\"attachment-large size-large wp-image-826\" alt=\"\" srcset=\"https:\/\/www.ifsc.usp.br\/bssm\/wp-content\/uploads\/2023\/02\/IMG_1278-1024x683.jpg 1024w, https:\/\/www.ifsc.usp.br\/bssm\/wp-content\/uploads\/2023\/02\/IMG_1278-300x200.jpg 300w, https:\/\/www.ifsc.usp.br\/bssm\/wp-content\/uploads\/2023\/02\/IMG_1278-768x512.jpg 768w, https:\/\/www.ifsc.usp.br\/bssm\/wp-content\/uploads\/2023\/02\/IMG_1278-1536x1024.jpg 1536w, https:\/\/www.ifsc.usp.br\/bssm\/wp-content\/uploads\/2023\/02\/IMG_1278-2048x1365.jpg 2048w\" sizes=\"(max-width: 1024px) 100vw, 1024px\" \/>\t\t\t\t\t\t\t\t\t\t\t\t\t<\/div>\n\t\t\t\t<\/div>\n\t\t\t\t\t<\/div>\n\t\t<\/div>\n\t\t\t\t\t<\/div>\n\t\t<\/section>\n\t\t\t\t<section class=\"elementor-section elementor-top-section elementor-element elementor-element-0559b8e elementor-section-boxed elementor-section-height-default elementor-section-height-default\" data-id=\"0559b8e\" data-element_type=\"section\">\n\t\t\t\t\t\t<div class=\"elementor-container elementor-column-gap-default\">\n\t\t\t\t\t<div class=\"elementor-column elementor-col-33 elementor-top-column elementor-element elementor-element-fdc8b58\" data-id=\"fdc8b58\" data-element_type=\"column\">\n\t\t\t<div class=\"elementor-widget-wrap elementor-element-populated\">\n\t\t\t\t\t\t<div class=\"elementor-element elementor-element-9a18501 elementor-widget elementor-widget-image\" data-id=\"9a18501\" data-element_type=\"widget\" data-widget_type=\"image.default\">\n\t\t\t\t<div class=\"elementor-widget-container\">\n\t\t\t\t\t\t\t\t\t\t\t\t\t<img loading=\"lazy\" decoding=\"async\" width=\"1024\" height=\"683\" src=\"https:\/\/www.ifsc.usp.br\/bssm\/wp-content\/uploads\/2023\/02\/IMG_1302-1024x683.jpg\" class=\"attachment-large size-large wp-image-825\" alt=\"\" srcset=\"https:\/\/www.ifsc.usp.br\/bssm\/wp-content\/uploads\/2023\/02\/IMG_1302-1024x683.jpg 1024w, https:\/\/www.ifsc.usp.br\/bssm\/wp-content\/uploads\/2023\/02\/IMG_1302-300x200.jpg 300w, https:\/\/www.ifsc.usp.br\/bssm\/wp-content\/uploads\/2023\/02\/IMG_1302-768x512.jpg 768w, https:\/\/www.ifsc.usp.br\/bssm\/wp-content\/uploads\/2023\/02\/IMG_1302-1536x1024.jpg 1536w, https:\/\/www.ifsc.usp.br\/bssm\/wp-content\/uploads\/2023\/02\/IMG_1302-2048x1365.jpg 2048w\" sizes=\"(max-width: 1024px) 100vw, 1024px\" \/>\t\t\t\t\t\t\t\t\t\t\t\t\t<\/div>\n\t\t\t\t<\/div>\n\t\t\t\t\t<\/div>\n\t\t<\/div>\n\t\t\t\t<div class=\"elementor-column elementor-col-33 elementor-top-column elementor-element elementor-element-b83898c\" data-id=\"b83898c\" data-element_type=\"column\">\n\t\t\t<div class=\"elementor-widget-wrap elementor-element-populated\">\n\t\t\t\t\t\t<div class=\"elementor-element elementor-element-e126864 elementor-widget elementor-widget-image\" data-id=\"e126864\" data-element_type=\"widget\" data-widget_type=\"image.default\">\n\t\t\t\t<div class=\"elementor-widget-container\">\n\t\t\t\t\t\t\t\t\t\t\t\t\t<img loading=\"lazy\" decoding=\"async\" width=\"1024\" height=\"683\" src=\"https:\/\/www.ifsc.usp.br\/bssm\/wp-content\/uploads\/2023\/02\/IMG_1312-1024x683.jpg\" class=\"attachment-large size-large wp-image-824\" alt=\"\" srcset=\"https:\/\/www.ifsc.usp.br\/bssm\/wp-content\/uploads\/2023\/02\/IMG_1312-1024x683.jpg 1024w, https:\/\/www.ifsc.usp.br\/bssm\/wp-content\/uploads\/2023\/02\/IMG_1312-300x200.jpg 300w, https:\/\/www.ifsc.usp.br\/bssm\/wp-content\/uploads\/2023\/02\/IMG_1312-768x512.jpg 768w, https:\/\/www.ifsc.usp.br\/bssm\/wp-content\/uploads\/2023\/02\/IMG_1312-1536x1024.jpg 1536w, https:\/\/www.ifsc.usp.br\/bssm\/wp-content\/uploads\/2023\/02\/IMG_1312-2048x1365.jpg 2048w\" sizes=\"(max-width: 1024px) 100vw, 1024px\" \/>\t\t\t\t\t\t\t\t\t\t\t\t\t<\/div>\n\t\t\t\t<\/div>\n\t\t\t\t\t<\/div>\n\t\t<\/div>\n\t\t\t\t<div class=\"elementor-column elementor-col-33 elementor-top-column elementor-element elementor-element-dcbaeeb\" data-id=\"dcbaeeb\" data-element_type=\"column\">\n\t\t\t<div class=\"elementor-widget-wrap elementor-element-populated\">\n\t\t\t\t\t\t<div class=\"elementor-element elementor-element-ec35628 elementor-widget elementor-widget-image\" data-id=\"ec35628\" data-element_type=\"widget\" data-widget_type=\"image.default\">\n\t\t\t\t<div class=\"elementor-widget-container\">\n\t\t\t\t\t\t\t\t\t\t\t\t\t<img loading=\"lazy\" decoding=\"async\" width=\"1024\" height=\"683\" src=\"https:\/\/www.ifsc.usp.br\/bssm\/wp-content\/uploads\/2023\/02\/IMG_1313-1024x683.jpg\" class=\"attachment-large size-large wp-image-823\" alt=\"\" srcset=\"https:\/\/www.ifsc.usp.br\/bssm\/wp-content\/uploads\/2023\/02\/IMG_1313-1024x683.jpg 1024w, https:\/\/www.ifsc.usp.br\/bssm\/wp-content\/uploads\/2023\/02\/IMG_1313-300x200.jpg 300w, https:\/\/www.ifsc.usp.br\/bssm\/wp-content\/uploads\/2023\/02\/IMG_1313-768x512.jpg 768w, https:\/\/www.ifsc.usp.br\/bssm\/wp-content\/uploads\/2023\/02\/IMG_1313-1536x1024.jpg 1536w, https:\/\/www.ifsc.usp.br\/bssm\/wp-content\/uploads\/2023\/02\/IMG_1313-2048x1365.jpg 2048w\" sizes=\"(max-width: 1024px) 100vw, 1024px\" \/>\t\t\t\t\t\t\t\t\t\t\t\t\t<\/div>\n\t\t\t\t<\/div>\n\t\t\t\t\t<\/div>\n\t\t<\/div>\n\t\t\t\t\t<\/div>\n\t\t<\/section>\n\t\t\t\t<\/div>\n\t\t","protected":false},"excerpt":{"rendered":"<p>FRANCISCO ALCARAZ Francisco Castilho Alcaraz (aka Chico) was born on January 28th, 1953 in the city of Dracena, in the countryside of the State of S\u00e3o Paulo. He graduated in Physics at the Institute of Physics of the University of S\u00e3o Paulo (USP) in 1975, completed his master&#8217;s degree in 1977 with a dissertation on &hellip;<\/p>\n<p class=\"read-more\"> <a class=\"\" href=\"https:\/\/www.ifsc.usp.br\/bssm\/francisco-alcaraz\/\"> <span class=\"screen-reader-text\">Francisco Alcaraz<\/span> Leia mais &raquo;<\/a><\/p>\n","protected":false},"author":1,"featured_media":0,"parent":0,"menu_order":0,"comment_status":"closed","ping_status":"closed","template":"","meta":{"site-sidebar-layout":"no-sidebar","site-content-layout":"page-builder","ast-global-header-display":"","ast-main-header-display":"","ast-hfb-above-header-display":"","ast-hfb-below-header-display":"","ast-hfb-mobile-header-display":"","site-post-title":"disabled","ast-breadcrumbs-content":"","ast-featured-img":"disabled","footer-sml-layout":"","theme-transparent-header-meta":"","adv-header-id-meta":"","stick-header-meta":"","header-above-stick-meta":"","header-main-stick-meta":"","header-below-stick-meta":"","footnotes":""},"class_list":["post-253","page","type-page","status-publish","hentry"],"_links":{"self":[{"href":"https:\/\/www.ifsc.usp.br\/bssm\/wp-json\/wp\/v2\/pages\/253"}],"collection":[{"href":"https:\/\/www.ifsc.usp.br\/bssm\/wp-json\/wp\/v2\/pages"}],"about":[{"href":"https:\/\/www.ifsc.usp.br\/bssm\/wp-json\/wp\/v2\/types\/page"}],"author":[{"embeddable":true,"href":"https:\/\/www.ifsc.usp.br\/bssm\/wp-json\/wp\/v2\/users\/1"}],"replies":[{"embeddable":true,"href":"https:\/\/www.ifsc.usp.br\/bssm\/wp-json\/wp\/v2\/comments?post=253"}],"version-history":[{"count":27,"href":"https:\/\/www.ifsc.usp.br\/bssm\/wp-json\/wp\/v2\/pages\/253\/revisions"}],"predecessor-version":[{"id":839,"href":"https:\/\/www.ifsc.usp.br\/bssm\/wp-json\/wp\/v2\/pages\/253\/revisions\/839"}],"wp:attachment":[{"href":"https:\/\/www.ifsc.usp.br\/bssm\/wp-json\/wp\/v2\/media?parent=253"}],"curies":[{"name":"wp","href":"https:\/\/api.w.org\/{rel}","templated":true}]}}