{"id":47,"date":"2022-11-09T14:58:08","date_gmt":"2022-11-09T17:58:08","guid":{"rendered":"https:\/\/www.ifsc.usp.br\/bssm\/?page_id=47"},"modified":"2023-01-22T22:23:44","modified_gmt":"2023-01-23T01:23:44","slug":"home-2","status":"publish","type":"page","link":"https:\/\/www.ifsc.usp.br\/bssm\/","title":{"rendered":"Home"},"content":{"rendered":"\t\t<div data-elementor-type=\"wp-page\" data-elementor-id=\"47\" class=\"elementor elementor-47\">\n\t\t\t\t\t\t<section class=\"elementor-section elementor-top-section elementor-element elementor-element-1e59722 elementor-section-full_width elementor-section-height-default elementor-section-height-default\" data-id=\"1e59722\" data-element_type=\"section\">\n\t\t\t\t\t\t<div class=\"elementor-container elementor-column-gap-no\">\n\t\t\t\t\t<div class=\"elementor-column elementor-col-100 elementor-top-column elementor-element elementor-element-99f5948\" data-id=\"99f5948\" data-element_type=\"column\">\n\t\t\t<div class=\"elementor-widget-wrap elementor-element-populated\">\n\t\t\t\t\t\t<div class=\"elementor-element elementor-element-a3ec931 elementor-widget elementor-widget-image\" data-id=\"a3ec931\" data-element_type=\"widget\" data-widget_type=\"image.default\">\n\t\t\t\t<div class=\"elementor-widget-container\">\n\t\t\t\t\t\t\t\t\t\t\t\t\t<img fetchpriority=\"high\" decoding=\"async\" width=\"1024\" height=\"353\" src=\"https:\/\/www.ifsc.usp.br\/bssm\/wp-content\/uploads\/2023\/01\/PHOTO-new-1024x353.jpg\" class=\"attachment-large size-large wp-image-778\" alt=\"\" srcset=\"https:\/\/www.ifsc.usp.br\/bssm\/wp-content\/uploads\/2023\/01\/PHOTO-new-1024x353.jpg 1024w, https:\/\/www.ifsc.usp.br\/bssm\/wp-content\/uploads\/2023\/01\/PHOTO-new-300x103.jpg 300w, https:\/\/www.ifsc.usp.br\/bssm\/wp-content\/uploads\/2023\/01\/PHOTO-new-768x265.jpg 768w, https:\/\/www.ifsc.usp.br\/bssm\/wp-content\/uploads\/2023\/01\/PHOTO-new.jpg 1280w\" sizes=\"(max-width: 1024px) 100vw, 1024px\" \/>\t\t\t\t\t\t\t\t\t\t\t\t\t<\/div>\n\t\t\t\t<\/div>\n\t\t\t\t\t<\/div>\n\t\t<\/div>\n\t\t\t\t\t<\/div>\n\t\t<\/section>\n\t\t\t\t<section class=\"elementor-section elementor-top-section elementor-element elementor-element-c6b4f81 elementor-section-boxed elementor-section-height-default elementor-section-height-default\" data-id=\"c6b4f81\" data-element_type=\"section\" data-settings=\"{&quot;background_background&quot;:&quot;classic&quot;}\">\n\t\t\t\t\t\t\t<div class=\"elementor-background-overlay\"><\/div>\n\t\t\t\t\t\t\t<div class=\"elementor-container elementor-column-gap-default\">\n\t\t\t\t\t<div class=\"elementor-column elementor-col-50 elementor-top-column elementor-element elementor-element-11e358a\" data-id=\"11e358a\" data-element_type=\"column\">\n\t\t\t<div class=\"elementor-widget-wrap elementor-element-populated\">\n\t\t\t\t\t\t<div class=\"elementor-element elementor-element-e4fa8e1 elementor-view-stacked elementor-shape-square elementor-widget elementor-widget-icon\" data-id=\"e4fa8e1\" data-element_type=\"widget\" data-widget_type=\"icon.default\">\n\t\t\t\t<div class=\"elementor-widget-container\">\n\t\t\t\t\t<div class=\"elementor-icon-wrapper\">\n\t\t\t<div class=\"elementor-icon\">\n\t\t\t<i aria-hidden=\"true\" class=\"far fa-check-circle\"><\/i>\t\t\t<\/div>\n\t\t<\/div>\n\t\t\t\t<\/div>\n\t\t\t\t<\/div>\n\t\t\t\t<div class=\"elementor-element elementor-element-c9fc2bb elementor-widget elementor-widget-text-editor\" data-id=\"c9fc2bb\" data-element_type=\"widget\" data-widget_type=\"text-editor.default\">\n\t\t\t\t<div class=\"elementor-widget-container\">\n\t\t\t\t\t\t\t<p>The communities of condensed matter theory and statistical physics of integrable systems and non-equilibrium models have as a common purpose the mathematical description of complex phenomena in strongly interacting systems. Often, these communities focus on distinct aspects of these systems and develop relatively different concepts and techniques. The event aims to bring these communities together in an environment where these concepts and techniques can be disseminated and discussed. Bringing together young and senior students and researchers, we aim to create a timely and dynamic environment to new collaborations and lines of research.<br \/>The event brings 3 mini-courses on the border of the areas of statistical physics and condensed matter. The courses range from analytical methods and exact results in integrable systems to computational methods such as DMRG and Machine Learning applied to the most diverse models of condensed matter. In addition, the event also has a workshop on the border between these two areas. Topics covered are unconventional superconductivity, phase transitions, spin liquids, dynamics of closed quantum systems and dynamics of classical non-equilibrium systems, among others.<\/p><p><strong><b>Organization<\/b><\/strong><\/p><ul><li>Jos\u00e9 A. Hoyos (Universidade de S\u00e3o Paulo)<\/li><li>Rodrigo Pereira (International Institute of Physics)<\/li><li>Jos\u00e9 C. Xavier (Universidade Federal de Uberl\u00e2ndia)<\/li><\/ul><p><strong><b>Scientific committee<br \/><\/b><\/strong><\/p><ul><li>Fabian Essler (University of Oxford)<\/li><li>Jos\u00e9 A. Hoyos (Universidade de S\u00e3o Paulo)<\/li><li>Eduardo Miranda (Universidade Estadual de Campinas)<\/li><li>Rodrigo Pereira (International Institute of Physics)<\/li><li>Jos\u00e9 C. Xavier (Universidade Federal de Uberl\u00e2ndia)<\/li><\/ul>\t\t\t\t\t\t<\/div>\n\t\t\t\t<\/div>\n\t\t\t\t\t<\/div>\n\t\t<\/div>\n\t\t\t\t<div class=\"elementor-column elementor-col-50 elementor-top-column elementor-element elementor-element-821f858\" data-id=\"821f858\" data-element_type=\"column\">\n\t\t\t<div class=\"elementor-widget-wrap elementor-element-populated\">\n\t\t\t\t\t\t<div class=\"elementor-element elementor-element-687d739 elementor-view-stacked elementor-shape-square elementor-widget elementor-widget-icon\" data-id=\"687d739\" data-element_type=\"widget\" data-widget_type=\"icon.default\">\n\t\t\t\t<div class=\"elementor-widget-container\">\n\t\t\t\t\t<div class=\"elementor-icon-wrapper\">\n\t\t\t<div class=\"elementor-icon\">\n\t\t\t<i aria-hidden=\"true\" class=\"fas fa-location-arrow\"><\/i>\t\t\t<\/div>\n\t\t<\/div>\n\t\t\t\t<\/div>\n\t\t\t\t<\/div>\n\t\t\t\t<div class=\"elementor-element elementor-element-35fe14b elementor-widget elementor-widget-text-editor\" data-id=\"35fe14b\" data-element_type=\"widget\" data-widget_type=\"text-editor.default\">\n\t\t\t\t<div class=\"elementor-widget-container\">\n\t\t\t\t\t\t\t<p><strong><b>When:<\/b><\/strong>\u00a0Jan 23<sup>rd<\/sup>\u00a0to 27<sup>th<\/sup>, 2023<br \/><strong><b>Where:<\/b><\/strong> <a href=\"https:\/\/goo.gl\/maps\/zD8adx7Vh78vg8rw7\" target=\"_blank\" rel=\"noopener\">S\u00e3o Carlos Institute of Physics<\/a> \u2013 University of S\u00e3o Paulo<br \/>Av. Trabalhador S\u00e3o-carlense, 400<br \/>13566-590<br \/>S\u00e3o Carlos &#8211; S\u00e3o Paulo \u2013 Brazil<\/p><p><strong>Contact:<\/strong> bssm@ifsc.usp.br<\/p>\t\t\t\t\t\t<\/div>\n\t\t\t\t<\/div>\n\t\t\t\t<div class=\"elementor-element elementor-element-363a6c8 elementor-view-stacked elementor-shape-square elementor-widget elementor-widget-icon\" data-id=\"363a6c8\" data-element_type=\"widget\" data-widget_type=\"icon.default\">\n\t\t\t\t<div class=\"elementor-widget-container\">\n\t\t\t\t\t<div class=\"elementor-icon-wrapper\">\n\t\t\t<div class=\"elementor-icon\">\n\t\t\t<i aria-hidden=\"true\" class=\"far fa-calendar-alt\"><\/i>\t\t\t<\/div>\n\t\t<\/div>\n\t\t\t\t<\/div>\n\t\t\t\t<\/div>\n\t\t\t\t<div class=\"elementor-element elementor-element-b46576f elementor-widget elementor-widget-text-editor\" data-id=\"b46576f\" data-element_type=\"widget\" data-widget_type=\"text-editor.default\">\n\t\t\t\t<div class=\"elementor-widget-container\">\n\t\t\t\t\t\t\t<h3><strong><b>Important dates<\/b><\/strong><\/h3><p><strong>Application deadline:<\/strong> Jan 8<sup>th<\/sup>, 2023<\/p><p><b>Notification of acceptance:<\/b> Jan 13<sup>th<\/sup>, 2023<\/p><p>\u00a0<\/p>\t\t\t\t\t\t<\/div>\n\t\t\t\t<\/div>\n\t\t\t\t<div class=\"elementor-element elementor-element-cea5027 elementor-widget elementor-widget-text-editor\" data-id=\"cea5027\" data-element_type=\"widget\" data-widget_type=\"text-editor.default\">\n\t\t\t\t<div class=\"elementor-widget-container\">\n\t\t\t\t\t\t\t<h3><strong><b>Sponsors<\/b><\/strong><\/h3>\t\t\t\t\t\t<\/div>\n\t\t\t\t<\/div>\n\t\t\t\t<div class=\"elementor-element elementor-element-75b8b15 elementor-widget elementor-widget-image\" data-id=\"75b8b15\" data-element_type=\"widget\" data-widget_type=\"image.default\">\n\t\t\t\t<div class=\"elementor-widget-container\">\n\t\t\t\t\t\t\t\t\t\t\t\t\t<img decoding=\"async\" src=\"https:\/\/www.ifsc.usp.br\/bssm\/wp-content\/uploads\/elementor\/thumbs\/logotipo_ifsc_ingls_500x113-qu96xkduw2fw72z24iedspebyhy1d1usaxqmmq0mgy.jpg\" title=\"logotipo_ifsc_ingls_500x113\" alt=\"logotipo_ifsc_ingls_500x113\" loading=\"lazy\" \/>\t\t\t\t\t\t\t\t\t\t\t\t\t<\/div>\n\t\t\t\t<\/div>\n\t\t\t\t<div class=\"elementor-element elementor-element-62b5d21 elementor-widget elementor-widget-image\" data-id=\"62b5d21\" data-element_type=\"widget\" data-widget_type=\"image.default\">\n\t\t\t\t<div class=\"elementor-widget-container\">\n\t\t\t\t\t\t\t\t\t\t\t\t\t<img decoding=\"async\" src=\"https:\/\/www.ifsc.usp.br\/bssm\/wp-content\/uploads\/elementor\/thumbs\/usp-logo-transparente-200-150-qu96xkdto7o11o5m1o7o7qdzb06lz6m90mnaia2dpq.png\" title=\"usp-logo-transparente-200-150\" alt=\"usp-logo-transparente-200-150\" loading=\"lazy\" \/>\t\t\t\t\t\t\t\t\t\t\t\t\t<\/div>\n\t\t\t\t<\/div>\n\t\t\t\t<div class=\"elementor-element elementor-element-3244cf9 elementor-widget elementor-widget-image\" data-id=\"3244cf9\" data-element_type=\"widget\" data-widget_type=\"image.default\">\n\t\t\t\t<div class=\"elementor-widget-container\">\n\t\t\t\t\t\t\t\t\t\t\t\t\t<img decoding=\"async\" src=\"https:\/\/www.ifsc.usp.br\/bssm\/wp-content\/uploads\/elementor\/thumbs\/fapesp-qu96xkduw2fw72z24iedspebyhy1d1usaxqmmq0mjq.png\" title=\"fapesp\" alt=\"fapesp\" loading=\"lazy\" \/>\t\t\t\t\t\t\t\t\t\t\t\t\t<\/div>\n\t\t\t\t<\/div>\n\t\t\t\t\t<\/div>\n\t\t<\/div>\n\t\t\t\t\t<\/div>\n\t\t<\/section>\n\t\t\t\t<section class=\"elementor-section elementor-top-section elementor-element elementor-element-51a4a72 elementor-section-boxed elementor-section-height-default elementor-section-height-default\" data-id=\"51a4a72\" data-element_type=\"section\" data-settings=\"{&quot;background_background&quot;:&quot;classic&quot;}\">\n\t\t\t\t\t\t<div class=\"elementor-container elementor-column-gap-default\">\n\t\t\t\t\t<div class=\"elementor-column elementor-col-100 elementor-top-column elementor-element elementor-element-a6067e8\" data-id=\"a6067e8\" data-element_type=\"column\">\n\t\t\t<div class=\"elementor-widget-wrap elementor-element-populated\">\n\t\t\t\t\t\t<div class=\"elementor-element elementor-element-f9c7d28 elementor-view-stacked elementor-shape-square elementor-widget elementor-widget-icon\" data-id=\"f9c7d28\" data-element_type=\"widget\" data-widget_type=\"icon.default\">\n\t\t\t\t<div class=\"elementor-widget-container\">\n\t\t\t\t\t<div class=\"elementor-icon-wrapper\">\n\t\t\t<div class=\"elementor-icon\">\n\t\t\t<i aria-hidden=\"true\" class=\"fas fa-info-circle\"><\/i>\t\t\t<\/div>\n\t\t<\/div>\n\t\t\t\t<\/div>\n\t\t\t\t<\/div>\n\t\t\t\t<div class=\"elementor-element elementor-element-29e4943 elementor-widget elementor-widget-heading\" data-id=\"29e4943\" data-element_type=\"widget\" data-widget_type=\"heading.default\">\n\t\t\t\t<div class=\"elementor-widget-container\">\n\t\t\t<h2 class=\"elementor-heading-title elementor-size-default\">Additional information<\/h2>\t\t<\/div>\n\t\t\t\t<\/div>\n\t\t\t\t<div class=\"elementor-element elementor-element-3104af3 elementor-widget elementor-widget-text-editor\" data-id=\"3104af3\" data-element_type=\"widget\" data-widget_type=\"text-editor.default\">\n\t\t\t\t<div class=\"elementor-widget-container\">\n\t\t\t\t\t\t\t<p><strong>COVID-19:<\/strong> Fully vaccinated brazilians and foreigners are now exempt from presenting proof of a COVID-19 test with a negative or non-detectable result. You are only required to present proof of vaccination, printed or electronically. See requirements for travelling to Brazil at <a href=\"https:\/\/www.latam.com\/en_un\/experience\/coronavirus\/government-restrictions\/\" target=\"_blank\" rel=\"noopener\">https:\/\/www.latam.com\/en_un\/experience\/coronavirus\/government-restrictions\/<\/a> To enter the IFSC-USP building, you may be required to show a Covid vaccination certificate.<\/p>\n<p><b>Visa information:<\/b> Nationals from several countries in Latin America and Europe, Australia, Canada, Japan and USA are exempt from tourist visa. Please check <a href=\"https:\/\/www.gov.br\/mre\/pt-br\/assuntos\/portal-consular\/vistos\/quadro-geral-de-regime-de-vistos-para-entrada-de-estrangeiros-no-brasil\" target=\"_blank\" rel=\"noopener\">https:\/\/www.gov.br\/mre\/pt-br\/assuntos\/portal-consular\/vistos\/quadro-geral-de-regime-de-vistos-para-entrada-de-estrangeiros-no-brasil<\/a> which nationals need a tourist visa to enter Brazil.<\/p>\n<p><b>Accommodation:<\/b> There are many convenient hotels in S\u00e3o Carlos within walking distance from the Institute as, e.g., Marklin Hotel &amp; Suites, Indai\u00e1 Hotel, Indai\u00e1 Hotel Residence, and &nbsp;Hotel S\u00e3o Carlos Marklin Suites.<\/p>\n<p><b>How to reach the Institute by plane:<\/b> Convenient airports are GRU (Guarulhos), Viracopos &nbsp;(Campinas), Congonhas (S\u00e3o Paulo), and Leite Lopes (Ribeir\u00e3o Preto).<\/p>\n<p><a href=\"https:\/\/www.ifsc.usp.br\/crint\/wp-content\/uploads\/2017\/05\/VisitingItineraryForForeignersSaoCarlos.pdf\" target=\"_blank\">https:\/\/www.ifsc.usp.br\/crint\/wp-content\/uploads\/2017\/05\/VisitingItineraryForForeignersSaoCarlos.pdf<\/a><\/p>\t\t\t\t\t\t<\/div>\n\t\t\t\t<\/div>\n\t\t\t\t\t<\/div>\n\t\t<\/div>\n\t\t\t\t\t<\/div>\n\t\t<\/section>\n\t\t\t\t<\/div>\n\t\t","protected":false},"excerpt":{"rendered":"<p>The communities of condensed matter theory and statistical physics of integrable systems and non-equilibrium models have as a common purpose the mathematical description of complex phenomena in strongly interacting systems. Often, these communities focus on distinct aspects of these systems and develop relatively different concepts and techniques. The event aims to bring these communities together &hellip;<\/p>\n<p class=\"read-more\"> <a class=\"\" href=\"https:\/\/www.ifsc.usp.br\/bssm\/\"> <span class=\"screen-reader-text\">Home<\/span> Leia mais &raquo;<\/a><\/p>\n","protected":false},"author":1,"featured_media":0,"parent":0,"menu_order":0,"comment_status":"closed","ping_status":"closed","template":"","meta":{"site-sidebar-layout":"no-sidebar","site-content-layout":"page-builder","ast-global-header-display":"","ast-main-header-display":"","ast-hfb-above-header-display":"","ast-hfb-below-header-display":"","ast-hfb-mobile-header-display":"","site-post-title":"disabled","ast-breadcrumbs-content":"","ast-featured-img":"disabled","footer-sml-layout":"","theme-transparent-header-meta":"default","adv-header-id-meta":"","stick-header-meta":"","header-above-stick-meta":"","header-main-stick-meta":"","header-below-stick-meta":"","footnotes":""},"class_list":["post-47","page","type-page","status-publish","hentry"],"_links":{"self":[{"href":"https:\/\/www.ifsc.usp.br\/bssm\/wp-json\/wp\/v2\/pages\/47"}],"collection":[{"href":"https:\/\/www.ifsc.usp.br\/bssm\/wp-json\/wp\/v2\/pages"}],"about":[{"href":"https:\/\/www.ifsc.usp.br\/bssm\/wp-json\/wp\/v2\/types\/page"}],"author":[{"embeddable":true,"href":"https:\/\/www.ifsc.usp.br\/bssm\/wp-json\/wp\/v2\/users\/1"}],"replies":[{"embeddable":true,"href":"https:\/\/www.ifsc.usp.br\/bssm\/wp-json\/wp\/v2\/comments?post=47"}],"version-history":[{"count":152,"href":"https:\/\/www.ifsc.usp.br\/bssm\/wp-json\/wp\/v2\/pages\/47\/revisions"}],"predecessor-version":[{"id":781,"href":"https:\/\/www.ifsc.usp.br\/bssm\/wp-json\/wp\/v2\/pages\/47\/revisions\/781"}],"wp:attachment":[{"href":"https:\/\/www.ifsc.usp.br\/bssm\/wp-json\/wp\/v2\/media?parent=47"}],"curies":[{"name":"wp","href":"https:\/\/api.w.org\/{rel}","templated":true}]}}