{"id":8286,"date":"2017-05-10T11:44:23","date_gmt":"2017-05-10T14:44:23","guid":{"rendered":"http:\/\/www.ifsc.usp.br\/~crint\/crintwp\/?page_id=8286"},"modified":"2025-07-21T15:50:36","modified_gmt":"2025-07-21T18:50:36","slug":"call-for-internships-2","status":"publish","type":"page","link":"https:\/\/www.ifsc.usp.br\/ccnint\/call-for-internships-2\/","title":{"rendered":"Interc\u00e2mbios"},"content":{"rendered":"<p>[vc_row rt_row_background_width=&#8221;default&#8221; rt_row_style=&#8221;default-style&#8221; rt_row_borders=&#8221;&#8221; rt_row_paddings=&#8221;true&#8221; rt_bg_effect=&#8221;classic&#8221; rt_bg_image_repeat=&#8221;repeat&#8221; rt_bg_size=&#8221;cover&#8221; rt_bg_position=&#8221;right top&#8221; rt_bg_attachment=&#8221;scroll&#8221; rt_bg_video_format=&#8221;self-hosted&#8221;][vc_column rt_wrp_col_paddings=&#8221;false&#8221; rt_border_top=&#8221;&#8221; rt_border_bottom=&#8221;&#8221; rt_border_left=&#8221;&#8221; rt_border_right=&#8221;&#8221; rt_border_top_mobile=&#8221;&#8221; rt_border_bottom_mobile=&#8221;&#8221; rt_border_left_mobile=&#8221;&#8221; rt_border_right_mobile=&#8221;&#8221; rt_bg_image_repeat=&#8221;repeat&#8221; rt_bg_size=&#8221;auto auto&#8221; rt_bg_position=&#8221;right top&#8221; rt_bg_attachment=&#8221;scroll&#8221;][vc_column_text]<\/p>\n<p data-start=\"76\" data-end=\"824\">Desde sua implementa\u00e7\u00e3o em 2011, a CCNInt concedeu mais de 30 interc\u00e2mbios totalmente financiados, com dura\u00e7\u00e3o de 8 semanas, a estudantes de diversas partes do mundo. Durante o interc\u00e2mbio, cada estudante realiza um projeto de pesquisa em um laborat\u00f3rio, em uma das v\u00e1rias \u00e1reas que v\u00e3o desde biologia estrutural at\u00e9 f\u00edsica de astropart\u00edculas. O trabalho \u00e9 supervisionado por um professor do IFSC e oferece ao estudante visitante a oportunidade de se familiarizar com um novo tema ou descobrir se a \u00e1rea de pesquisa escolhida \u00e9 realmente como ele(a) imaginava. Al\u00e9m disso, o(a) estudante ter\u00e1 contato com brasileiros e outros estudantes estrangeiros e, quem sabe, poder\u00e1 descobrir que S\u00e3o Carlos \u00e9 um \u00f3timo lugar para viver e cursar a p\u00f3s-gradua\u00e7\u00e3o.<\/p>\n<p data-start=\"826\" data-end=\"842\" data-is-last-node=\"\" data-is-only-node=\"\">\u00daltimos editais:<\/p>\n<p><a href=\"https:\/\/www.ifsc.usp.br\/ccnint\/wp-content\/uploads\/2023\/01\/undergraduate-estagio2022-04.jpg\">Jhoti &amp; Salazar Scholarships \u2013 2022\/2023<\/a><\/p>\n<p><a href=\"https:\/\/www.ifsc.usp.br\/ccnint\/8681-2\/\">Internacional Undergraduate Internships Program 2025<\/a>[\/vc_column_text][\/vc_column][\/vc_row]<\/p>\n","protected":false},"excerpt":{"rendered":"<p>[vc_row rt_row_background_width=&#8221;default&#8221; rt_row_style=&#8221;default-style&#8221; rt_row_borders=&#8221;&#8221; rt_row_paddings=&#8221;true&#8221; rt_bg_effect=&#8221;classic&#8221; rt_bg_image_repeat=&#8221;repeat&#8221; rt_bg_size=&#8221;cover&#8221; rt_bg_position=&#8221;right top&#8221; rt_bg_attachment=&#8221;scroll&#8221; rt_bg_video_format=&#8221;self-hosted&#8221;][vc_column rt_wrp_col_paddings=&#8221;false&#8221; rt_border_top=&#8221;&#8221; rt_border_bottom=&#8221;&#8221; rt_border_left=&#8221;&#8221; rt_border_right=&#8221;&#8221; rt_border_top_mobile=&#8221;&#8221; rt_border_bottom_mobile=&#8221;&#8221; rt_border_left_mobile=&#8221;&#8221; rt_border_right_mobile=&#8221;&#8221; rt_bg_image_repeat=&#8221;repeat&#8221; rt_bg_size=&#8221;auto auto&#8221; rt_bg_position=&#8221;right top&#8221; rt_bg_attachment=&#8221;scroll&#8221;][vc_column_text] Desde sua implementa\u00e7\u00e3o em 2011, a CCNInt concedeu mais de 30 interc\u00e2mbios totalmente financiados, com dura\u00e7\u00e3o de 8 semanas, a estudantes de diversas partes do mundo. Durante o [&hellip;]<\/p>\n","protected":false},"author":1,"featured_media":0,"parent":0,"menu_order":0,"comment_status":"closed","ping_status":"closed","template":"","meta":{"footnotes":""},"class_list":["post-8286","page","type-page","status-publish","hentry"],"_links":{"self":[{"href":"https:\/\/www.ifsc.usp.br\/ccnint\/wp-json\/wp\/v2\/pages\/8286","targetHints":{"allow":["GET"]}}],"collection":[{"href":"https:\/\/www.ifsc.usp.br\/ccnint\/wp-json\/wp\/v2\/pages"}],"about":[{"href":"https:\/\/www.ifsc.usp.br\/ccnint\/wp-json\/wp\/v2\/types\/page"}],"author":[{"embeddable":true,"href":"https:\/\/www.ifsc.usp.br\/ccnint\/wp-json\/wp\/v2\/users\/1"}],"replies":[{"embeddable":true,"href":"https:\/\/www.ifsc.usp.br\/ccnint\/wp-json\/wp\/v2\/comments?post=8286"}],"version-history":[{"count":20,"href":"https:\/\/www.ifsc.usp.br\/ccnint\/wp-json\/wp\/v2\/pages\/8286\/revisions"}],"predecessor-version":[{"id":8770,"href":"https:\/\/www.ifsc.usp.br\/ccnint\/wp-json\/wp\/v2\/pages\/8286\/revisions\/8770"}],"wp:attachment":[{"href":"https:\/\/www.ifsc.usp.br\/ccnint\/wp-json\/wp\/v2\/media?parent=8286"}],"curies":[{"name":"wp","href":"https:\/\/api.w.org\/{rel}","templated":true}]}}