{"id":16,"date":"2022-05-17T10:06:30","date_gmt":"2022-05-17T13:06:30","guid":{"rendered":"https:\/\/www.ifsc.usp.br\/cibio\/cibiowp\/?page_id=16"},"modified":"2024-12-11T14:37:06","modified_gmt":"2024-12-11T17:37:06","slug":"membros","status":"publish","type":"page","link":"https:\/\/www.ifsc.usp.br\/cibio\/membros\/","title":{"rendered":"Membros"},"content":{"rendered":"\r\n<ul class=\"wp-block-list\">\r\n<li>Prof\u00aa. Dr\u00aa. Ilana Lopes Baratella da Cunha Camargo &#8211; Presidente<\/li>\r\n<li>Prof. Dr. Otavio Henrique Thiemann<\/li>\r\n<li>Livia Regina Manzine Margarido<\/li>\r\n<li>Andressa Patricia Alves Pinto<\/li>\r\n<li>Susana Andrea Sculaccio Beozzo<\/li>\r\n<\/ul>\r\n<p><a href=\"https:\/\/www.ifsc.usp.br\/cibio\/wp-content\/uploads\/2024\/12\/Portaria-IFSC-036-2024.pdf\" target=\"_blank\" rel=\"noopener\">Portaria IFSC 036\/2024<\/a> &#8211; Disp\u00f5e sobre a composi\u00e7\u00e3o da CIBio.<\/p>\r\n<p><a href=\"https:\/\/www.ifsc.usp.br\/cibio\/wp-content\/uploads\/2024\/12\/Portaria-IFSC-036-2024-DOE.pdf\" target=\"_blank\" rel=\"noopener\">Publica\u00e7\u00e3o D.O. da Portaria IFSC 036\/2024<\/a> &#8211; Disp\u00f5e sobre a composi\u00e7\u00e3o da Comiss\u00e3o Interna de Biosseguran\u00e7a do Instituto de F\u00edsica de S\u00e3o Carlos.<\/p>\r\n<p><a href=\"https:\/\/www.ifsc.usp.br\/cibio\/wp-content\/uploads\/2023\/12\/Portaria-IFSC-034-2022-CIBIo.pdf\" target=\"_blank\" rel=\"noopener\">Portaria IFSC 034\/2022<\/a> &#8211; Composi\u00e7\u00e3o da CIBio (anterior).<\/p>\r\n","protected":false},"excerpt":{"rendered":"<p>Prof\u00aa. Dr\u00aa. Ilana Lopes Baratella da Cunha Camargo &#8211; Presidente Prof. Dr. Otavio Henrique Thiemann Livia Regina Manzine Margarido Andressa Patricia Alves [&hellip;]<\/p>\n","protected":false},"author":1,"featured_media":0,"parent":0,"menu_order":0,"comment_status":"closed","ping_status":"closed","template":"","meta":{"footnotes":""},"class_list":["post-16","page","type-page","status-publish","hentry"],"_links":{"self":[{"href":"https:\/\/www.ifsc.usp.br\/cibio\/wp-json\/wp\/v2\/pages\/16","targetHints":{"allow":["GET"]}}],"collection":[{"href":"https:\/\/www.ifsc.usp.br\/cibio\/wp-json\/wp\/v2\/pages"}],"about":[{"href":"https:\/\/www.ifsc.usp.br\/cibio\/wp-json\/wp\/v2\/types\/page"}],"author":[{"embeddable":true,"href":"https:\/\/www.ifsc.usp.br\/cibio\/wp-json\/wp\/v2\/users\/1"}],"replies":[{"embeddable":true,"href":"https:\/\/www.ifsc.usp.br\/cibio\/wp-json\/wp\/v2\/comments?post=16"}],"version-history":[{"count":7,"href":"https:\/\/www.ifsc.usp.br\/cibio\/wp-json\/wp\/v2\/pages\/16\/revisions"}],"predecessor-version":[{"id":235,"href":"https:\/\/www.ifsc.usp.br\/cibio\/wp-json\/wp\/v2\/pages\/16\/revisions\/235"}],"wp:attachment":[{"href":"https:\/\/www.ifsc.usp.br\/cibio\/wp-json\/wp\/v2\/media?parent=16"}],"curies":[{"name":"wp","href":"https:\/\/api.w.org\/{rel}","templated":true}]}}