{"id":20,"date":"2022-05-17T10:10:20","date_gmt":"2022-05-17T13:10:20","guid":{"rendered":"https:\/\/www.ifsc.usp.br\/cibio\/cibiowp\/?page_id=20"},"modified":"2022-05-19T10:21:46","modified_gmt":"2022-05-19T13:21:46","slug":"comissao-interna-de-biosseguranca-do-ifsc","status":"publish","type":"page","link":"https:\/\/www.ifsc.usp.br\/cibio\/","title":{"rendered":"Comiss\u00e3o Interna de Biosseguran\u00e7a do IFSC"},"content":{"rendered":"<p>[vc_row][vc_column][vc_column_text]<\/p>\r\n<p>A Comiss\u00e3o Interna de Biosseguran\u00e7a\u00a0do Instituto de F\u00edsica de S\u00e3o Carlos \u2013 CIBio\/IFSC\u00a0foi criada em abril de 1997, pela Portaria IFSC no.\u00a0 007\/97, \u00a0de acordo com a Lei Nacional de Biosseguran\u00e7a (Lei no 8.974\/95), que prev\u00ea sua cria\u00e7\u00e3o por \u201ctoda entidade que utilizar t\u00e9cnicas e m\u00e9todos de engenharia gen\u00e9tica\u201d.<\/p>\r\n\r\n<p>Esta lei \u201cestabelece normas de seguran\u00e7a e mecanismos de fiscaliza\u00e7\u00e3o no uso das t\u00e9cnicas de engenharia gen\u00e9tica na constru\u00e7\u00e3o, cultivo, manipula\u00e7\u00e3o, transporte, comercializa\u00e7\u00e3o, consumo, libera\u00e7\u00e3o e descarte de organismo geneticamente modificado (OGM), visando proteger a vida e a sa\u00fade do Homem, dos animais e das plantas, bem como o meio ambiente\u201d (artigo 1\u00ba)<\/p>\r\n\r\n<p>Em julho de 1997, o IFSC recebeu da <a href=\"http:\/\/ctnbio.mctic.gov.br\/inicio\" target=\"_blank\" rel=\"noopener\">CTNBio<\/a> (<a href=\"http:\/\/ctnbio.mctic.gov.br\/inicio\" target=\"_blank\" rel=\"noopener\">Comiss\u00e3o T\u00e9cnica Nacional de Biosseguran\u00e7a<\/a>) o seu Certificado de Qualidade em Biosseguran\u00e7a (CQB), que lhe permite desenvolver trabalhos com OGMs do Grupo I.<\/p>\r\n\r\n<p>&nbsp;<\/p>\r\n<p>[\/vc_column_text][\/vc_column][\/vc_row][vc_row][vc_column][vc_gallery type=&#8221;image_grid&#8221; images=&#8221;59,61,62,63,64&#8243; img_size=&#8221;100&#215;100&#8243;][\/vc_column][\/vc_row]<\/p>","protected":false},"excerpt":{"rendered":"<p>[vc_row][vc_column][vc_column_text] A Comiss\u00e3o Interna de Biosseguran\u00e7a\u00a0do Instituto de F\u00edsica de S\u00e3o Carlos \u2013 CIBio\/IFSC\u00a0foi criada em abril de 1997, pela Portaria IFSC [&hellip;]<\/p>\n","protected":false},"author":1,"featured_media":0,"parent":0,"menu_order":0,"comment_status":"closed","ping_status":"closed","template":"","meta":{"footnotes":""},"class_list":["post-20","page","type-page","status-publish","hentry"],"_links":{"self":[{"href":"https:\/\/www.ifsc.usp.br\/cibio\/wp-json\/wp\/v2\/pages\/20","targetHints":{"allow":["GET"]}}],"collection":[{"href":"https:\/\/www.ifsc.usp.br\/cibio\/wp-json\/wp\/v2\/pages"}],"about":[{"href":"https:\/\/www.ifsc.usp.br\/cibio\/wp-json\/wp\/v2\/types\/page"}],"author":[{"embeddable":true,"href":"https:\/\/www.ifsc.usp.br\/cibio\/wp-json\/wp\/v2\/users\/1"}],"replies":[{"embeddable":true,"href":"https:\/\/www.ifsc.usp.br\/cibio\/wp-json\/wp\/v2\/comments?post=20"}],"version-history":[{"count":12,"href":"https:\/\/www.ifsc.usp.br\/cibio\/wp-json\/wp\/v2\/pages\/20\/revisions"}],"predecessor-version":[{"id":195,"href":"https:\/\/www.ifsc.usp.br\/cibio\/wp-json\/wp\/v2\/pages\/20\/revisions\/195"}],"wp:attachment":[{"href":"https:\/\/www.ifsc.usp.br\/cibio\/wp-json\/wp\/v2\/media?parent=20"}],"curies":[{"name":"wp","href":"https:\/\/api.w.org\/{rel}","templated":true}]}}