{"id":30,"date":"2022-05-17T10:16:50","date_gmt":"2022-05-17T13:16:50","guid":{"rendered":"https:\/\/www.ifsc.usp.br\/cibio\/cibiowp\/?page_id=30"},"modified":"2024-12-11T14:45:05","modified_gmt":"2024-12-11T17:45:05","slug":"legislacao-e-manuais","status":"publish","type":"page","link":"https:\/\/www.ifsc.usp.br\/cibio\/legislacao-e-manuais\/","title":{"rendered":"Legisla\u00e7\u00e3o e Manuais"},"content":{"rendered":"<p>[vc_row][vc_column][vc_column_text]<strong>1. <a href=\"http:\/\/ctnbio.mctic.gov.br\/resolucoes-normativas\/-\/asset_publisher\/OgW431Rs9dQ6\/content\/resolucao-n%C2%BA-18-de-23-de-marco-de-2018?redirect=http%3A%2F%2Fctnbio.mctic.gov.br%2Fresolucoes-normativas%3Fp_p_id%3D101_INSTANCE_OgW431Rs9dQ6%26p_p_lifecycle%3D0%26p_p_state%3Dnormal%26p_p_mode%3Dview%26p_p_col_id%3Dcolumn-2%26p_p_col_count%3D3%26_101_INSTANCE_OgW431Rs9dQ6_advancedSearch%3Dfalse%26_101_INSTANCE_OgW431Rs9dQ6_keywords%3D%26_101_INSTANCE_OgW431Rs9dQ6_delta%3D15%26p_r_p_564233524_resetCur%3Dfalse%26_101_INSTANCE_OgW431Rs9dQ6_cur%3D2%26_101_INSTANCE_OgW431Rs9dQ6_andOperator%3Dtrue\" target=\"_blank\" rel=\"noopener\">Resolu\u00e7\u00e3o N\u00ba 18, de 23 de mar\u00e7o de 2018<\/a><\/strong>: &#8220;Disp\u00f5e sobre a classifica\u00e7\u00e3o de riscos de Organismos Geneticamente Modificados (OGM) e os n\u00edveis de biosseguran\u00e7a a serem aplicados nas atividades e projetos com OGM e seus derivados em conten\u00e7\u00e3o&#8221;.<\/p>\n<p><strong>2. <a href=\"https:\/\/www.ifsc.usp.br\/cibio\/wp-content\/uploads\/2022\/05\/caderno-de-biosseguranca.pdf\" target=\"_blank\" rel=\"noopener\">Cadernos de Biosseguran\u00e7a e Legisla\u00e7\u00e3o<\/a>:<\/strong>\u00a0documento do MCT, de 2002, que re\u00fane textos legais referentes \u00e0 Biosseguran\u00e7a no Brasil &#8211; Leis e Decretos Federais, Resolu\u00e7\u00f5es Ministeriais, al\u00e9m das Instru\u00e7\u00f5es Normativas da CTNBio.<\/p>\n<p><strong>3. <a href=\"https:\/\/www.ifsc.usp.br\/cibio\/wp-content\/uploads\/2022\/05\/procedimentos-para-manipulacao-microorg-patogenicos-ou-recomb-fiocruz.pdf\" target=\"_blank\" rel=\"noopener\">Procedimentos para a manipula\u00e7\u00e3o de microrganismos patog\u00eanicos e\/ou recombinantes na FIOCRUZ<\/a>:<\/strong>\u00a0manual produzido pela CTBio da FIOCRUZ, de 2005.<\/p>\n<p><strong>4. <\/strong><a href=\"https:\/\/bvsms.saude.gov.br\/bvs\/publicacoes\/classificacao_risco_agentes_biologicos_1ed.pdf\" target=\"_blank\" rel=\"noopener\"><strong>Classifica\u00e7\u00e3o de risco dos agentes biol\u00f3gicos [recurso eletr\u00f4nico]<\/strong><\/a> \/ Minist\u00e9rio da Sa\u00fade, Secretaria de Ci\u00eancia, Tecnologia, Inova\u00e7\u00e3o e Insumos Estrat\u00e9gicos em Sa\u00fade, Departamento de Gest\u00e3o e Incorpora\u00e7\u00e3o de Tecnologias e Inova\u00e7\u00e3o em Sa\u00fade. \u2013 Bras\u00edlia : Minist\u00e9rio da Sa\u00fade, 2022.<\/p>\n<p><strong>5. <a href=\"https:\/\/www.ifsc.usp.br\/cibio\/wp-content\/uploads\/2024\/12\/Resolucao-normativa-37-2022-CTNBio.pdf\" target=\"_blank\" rel=\"noopener\">Resolu\u00e7\u00e3o Normativa N\u00ba 37, de 18 de Novembro de 2022<\/a><\/strong><b>:\u00a0<\/b>Disp\u00f5e sobre a instala\u00e7\u00e3o e o funcionamento das Comiss\u00f5es Internas de Biosseguran\u00e7a (CIBios) e sobre os crit\u00e9rios e procedimentos para requerimento, emiss\u00e3o, revis\u00e3o, extens\u00e3o, suspens\u00e3o e cancelamento do Certificado de Qualidade em Biosseguran\u00e7a (CQB).[\/vc_column_text][\/vc_column][\/vc_row]<\/p>\n","protected":false},"excerpt":{"rendered":"<p>[vc_row][vc_column][vc_column_text]1. Resolu\u00e7\u00e3o N\u00ba 18, de 23 de mar\u00e7o de 2018: &#8220;Disp\u00f5e sobre a classifica\u00e7\u00e3o de riscos de Organismos Geneticamente Modificados (OGM) e [&hellip;]<\/p>\n","protected":false},"author":1,"featured_media":0,"parent":0,"menu_order":0,"comment_status":"closed","ping_status":"closed","template":"","meta":{"footnotes":""},"class_list":["post-30","page","type-page","status-publish","hentry"],"_links":{"self":[{"href":"https:\/\/www.ifsc.usp.br\/cibio\/wp-json\/wp\/v2\/pages\/30","targetHints":{"allow":["GET"]}}],"collection":[{"href":"https:\/\/www.ifsc.usp.br\/cibio\/wp-json\/wp\/v2\/pages"}],"about":[{"href":"https:\/\/www.ifsc.usp.br\/cibio\/wp-json\/wp\/v2\/types\/page"}],"author":[{"embeddable":true,"href":"https:\/\/www.ifsc.usp.br\/cibio\/wp-json\/wp\/v2\/users\/1"}],"replies":[{"embeddable":true,"href":"https:\/\/www.ifsc.usp.br\/cibio\/wp-json\/wp\/v2\/comments?post=30"}],"version-history":[{"count":15,"href":"https:\/\/www.ifsc.usp.br\/cibio\/wp-json\/wp\/v2\/pages\/30\/revisions"}],"predecessor-version":[{"id":241,"href":"https:\/\/www.ifsc.usp.br\/cibio\/wp-json\/wp\/v2\/pages\/30\/revisions\/241"}],"wp:attachment":[{"href":"https:\/\/www.ifsc.usp.br\/cibio\/wp-json\/wp\/v2\/media?parent=30"}],"curies":[{"name":"wp","href":"https:\/\/api.w.org\/{rel}","templated":true}]}}