{"id":32,"date":"2022-05-17T10:17:31","date_gmt":"2022-05-17T13:17:31","guid":{"rendered":"https:\/\/www.ifsc.usp.br\/cibio\/cibiowp\/?page_id=32"},"modified":"2022-05-17T11:53:56","modified_gmt":"2022-05-17T14:53:56","slug":"glossario","status":"publish","type":"page","link":"https:\/\/www.ifsc.usp.br\/cibio\/glossario\/","title":{"rendered":"Gloss\u00e1rio"},"content":{"rendered":"<p>[vc_row][vc_column][vc_column_text]<\/p>\r\n<p><strong>Biosseguran\u00e7a:<\/strong>\u00a0ci\u00eancia voltada para o controle e a minimiza\u00e7\u00e3o de riscos advindos da pr\u00e1tica de diferentes tecnologias, seja em laborat\u00f3rio ou quando aplicadas ao meio ambiente. A biosseguran\u00e7a avalia os riscos dos organismos geneticamente modificados para a sa\u00fade humana, sa\u00fade animal e o meio ambiente.<\/p>\r\n\r\n<p><strong>DNA ex\u00f3geno:<\/strong>\u00a0DNA estranho \u00e0quela c\u00e9lula ou organismo (derivado de um organismo ou sintetizado artificialmente); na maioria das vezes introduzido artificialmente. Sin\u00f4nimo: DNA heter\u00f3logo.<\/p>\r\n\r\n<p><strong>DNA\/RNA recombinante:<\/strong>\u00a0mol\u00e9culas manipuladas fora das c\u00e9lulas vivas, mediante a modifica\u00e7\u00e3o de segmentos de DNA\/RNA natural ou sint\u00e9tico que possam multiplicar-se em uma c\u00e9lula viva, ou ainda, as mol\u00e9culas de DNA\/RNA resultantes dessa multiplica\u00e7\u00e3o. Consideram-se, ainda, os segmentos de DNA\/RNA sint\u00e9ticos equivalentes aos de DNA\/RNA natural.<\/p>\r\n\r\n<p><strong>DNA\/RNA:<\/strong> material gen\u00e9tico que cont\u00e9m informa\u00e7\u00f5es determinantes dos caracteres heredit\u00e1rios transmiss\u00edveis \u00e0 descend\u00eancia. Engenharia gen\u00e9tica: atividade de manipula\u00e7\u00e3o de mol\u00e9culas de DNA\/RNA recombinante.<\/p>\r\n\r\n<p><strong>Inserto:<\/strong>\u00a0fragmento de DNA inserido em um vetor.<\/p>\r\n\r\n<p><strong>N\u00edvel de biosseguran\u00e7a:<\/strong>\u00a0n\u00edvel de conten\u00e7\u00e3o necess\u00e1rio para permitir o trabalho em laborat\u00f3rio com OGM de forma segura e com risco m\u00ednimo para o operador e para o ambiente.<\/p>\r\n\r\n<p><strong>OGM:<\/strong>\u00a0sigla de organismo geneticamente modificado e diz respeito ao organismo cujo material gen\u00e9tico (DNA\/RNA) tenha sido modificado por qualquer t\u00e9cnica de engenharia gen\u00e9tica. N\u00e3o s\u00e3o considerados como OGM aqueles resultantes de t\u00e9cnicas que impliquem a introdu\u00e7\u00e3o direta, num organismo, de material heredit\u00e1rio, desde que n\u00e3o envolva a utiliza\u00e7\u00e3o de mol\u00e9culas de DNA\/RNA recombinante ou OGM, tais como: fecunda\u00e7\u00e3o in vitro, conjuga\u00e7\u00e3o, transdu\u00e7\u00e3o, transforma\u00e7\u00e3o, indu\u00e7\u00e3o polipl\u00f3ide e qualquer outro processo natural. Organismo receptor ou parental: microrganismo original, n\u00e3o transformado pelo processo de engenharia gen\u00e9tica, a ser utilizado no experimento de engenharia gen\u00e9tica.<\/p>\r\n\r\n<p><strong>Parasita:<\/strong>\u00a0organismo cuja exist\u00eancia se d\u00e1 \u00e0 expensa de um hospedeiro. O parasita n\u00e3o \u00e9 obrigatoriamente nocivo ao seu hospedeiro. Existem parasitas obrigat\u00f3rios e facultativos; os primeiros sobrevivem somente na forma parasit\u00e1ria e os \u00faltimos podem ter uma exist\u00eancia independente.<\/p>\r\n\r\n<p><strong>Pat\u00f3geno:<\/strong>\u00a0agente biol\u00f3gico capaz de causar doen\u00e7as em outros organismos. Plasm\u00eddeo: ou DNA plasmidial, s\u00e3o pequenas mol\u00e9culas de DNA circular presentes em bact\u00e9rias, com replica\u00e7\u00e3o independente do cromossomo bacteriano, e que servem como vetores para a manipula\u00e7\u00e3o de sequ\u00eancias de DNA de interesse.<\/p>\r\n\r\n<p><strong>Transg\u00eanico:<\/strong>\u00a0organismo que recebeu genes ex\u00f3genos pela engenharia gen\u00e9tica. \u00c9 um OGM.<\/p>\r\n\r\n<p><strong>Vetor:<\/strong>\u00a0em biologia molecular significa uma mol\u00e9cula de DNA com replica\u00e7\u00e3o aut\u00f4noma, na qual um fragmento de DNA estranho pode ser inserido para a sua multiplica\u00e7\u00e3o em uma c\u00e9lula hospedeira ou para a integra\u00e7\u00e3o em uma c\u00e9lula hospedeira ou para a integra\u00e7\u00e3o no genoma. Alguns vetores s\u00e3o constru\u00eddos especificamente para promover a express\u00e3o do gene inserido. Dentre os vetores de DNA mais comuns est\u00e3o os plasm\u00eddeos.<\/p>\r\n\r\n<p><em><strong>Fontes consultadas:<\/strong> Site Fiocruz\u00a0e livro Gen\u00f4mica: Lu\u00eds Mir (org.), Editora Atheneu, 2004.<\/em><\/p>\r\n\r\n<p>&nbsp;<\/p>\r\n<p>[\/vc_column_text][\/vc_column][\/vc_row]<\/p>","protected":false},"excerpt":{"rendered":"<p>[vc_row][vc_column][vc_column_text] Biosseguran\u00e7a:\u00a0ci\u00eancia voltada para o controle e a minimiza\u00e7\u00e3o de riscos advindos da pr\u00e1tica de diferentes tecnologias, seja em laborat\u00f3rio ou quando [&hellip;]<\/p>\n","protected":false},"author":1,"featured_media":0,"parent":0,"menu_order":0,"comment_status":"closed","ping_status":"closed","template":"","meta":{"footnotes":""},"class_list":["post-32","page","type-page","status-publish","hentry"],"_links":{"self":[{"href":"https:\/\/www.ifsc.usp.br\/cibio\/wp-json\/wp\/v2\/pages\/32","targetHints":{"allow":["GET"]}}],"collection":[{"href":"https:\/\/www.ifsc.usp.br\/cibio\/wp-json\/wp\/v2\/pages"}],"about":[{"href":"https:\/\/www.ifsc.usp.br\/cibio\/wp-json\/wp\/v2\/types\/page"}],"author":[{"embeddable":true,"href":"https:\/\/www.ifsc.usp.br\/cibio\/wp-json\/wp\/v2\/users\/1"}],"replies":[{"embeddable":true,"href":"https:\/\/www.ifsc.usp.br\/cibio\/wp-json\/wp\/v2\/comments?post=32"}],"version-history":[{"count":3,"href":"https:\/\/www.ifsc.usp.br\/cibio\/wp-json\/wp\/v2\/pages\/32\/revisions"}],"predecessor-version":[{"id":118,"href":"https:\/\/www.ifsc.usp.br\/cibio\/wp-json\/wp\/v2\/pages\/32\/revisions\/118"}],"wp:attachment":[{"href":"https:\/\/www.ifsc.usp.br\/cibio\/wp-json\/wp\/v2\/media?parent=32"}],"curies":[{"name":"wp","href":"https:\/\/api.w.org\/{rel}","templated":true}]}}