{"id":9,"date":"2022-05-17T10:03:11","date_gmt":"2022-05-17T13:03:11","guid":{"rendered":"https:\/\/www.ifsc.usp.br\/cibio\/cibiowp\/?page_id=9"},"modified":"2024-12-11T14:41:57","modified_gmt":"2024-12-11T17:41:57","slug":"atribuicoes-e-responsabilidades","status":"publish","type":"page","link":"https:\/\/www.ifsc.usp.br\/cibio\/atribuicoes-e-responsabilidades\/","title":{"rendered":"Atribui\u00e7\u00f5es e Responsabilidades"},"content":{"rendered":"<p>[vc_row][vc_column][vc_column_text]<\/p>\r\n<p><\/p>\r\n<p><\/p>\r\n<ul class=\"wp-block-list\">\r\n<li>zelar internamente pelas normas que regem os trabalhos relacionados \u00e0 manipula\u00e7\u00e3o, produ\u00e7\u00e3o, transporte e descarte de OGMs;<\/li>\r\n<li>difundir essas normas no \u00e2mbito do IFSC;<\/li>\r\n<li>analisar e aprovar projetos sob responsabilidade de docentes\/pesquisadores do IFSC que preveem a utiliza\u00e7\u00e3o de OGMs;<\/li>\r\n<li>encaminhar um relat\u00f3rio anual \u00e0 CTNBio descrevendo as atividades desenvolvidas no IFSC que utilizam OGMs, indicando os respons\u00e1veis pelos mesmos.<\/li>\r\n<\/ul>\r\n<p><a href=\"https:\/\/www.ifsc.usp.br\/cibio\/responsabilidades-da-cibio-segunda-instrucao\/\">Responsabilidades da CIBio, segunda Instru\u00e7\u00e3o Normativa no. 1 da CTNBio 6\/9\/1996 (Anexo II)<\/a><\/p>\r\n<p><a href=\"https:\/\/www.ifsc.usp.br\/cibio\/wp-content\/uploads\/2024\/12\/PORTARIA_IFSC_047_2009.pdf\" target=\"_blank\" rel=\"noopener\">Portaria IFSC 047\/2009<\/a> &#8211; Baixa o Regimento da Comiss\u00e3o Interna de Biosseguran\u00e7a do Instituto de F\u00edsica de S\u00e3o Carlos<\/p>\r\n<p><a href=\"https:\/\/www.ifsc.usp.br\/cibio\/wp-content\/uploads\/2024\/12\/Regimento-Cibio-IFSC.pdf\" target=\"_blank\" rel=\"noopener\">Regimento da Comiss\u00e3o Interna de Biosseguran\u00e7a do IFSC \u2013 (CIBio)<\/a>\u00a0<\/p>\r\n<p>[\/vc_column_text][\/vc_column][\/vc_row]<\/p>","protected":false},"excerpt":{"rendered":"<p>[vc_row][vc_column][vc_column_text] zelar internamente pelas normas que regem os trabalhos relacionados \u00e0 manipula\u00e7\u00e3o, produ\u00e7\u00e3o, transporte e descarte de OGMs; difundir essas normas no [&hellip;]<\/p>\n","protected":false},"author":1,"featured_media":0,"parent":0,"menu_order":0,"comment_status":"closed","ping_status":"closed","template":"","meta":{"footnotes":""},"class_list":["post-9","page","type-page","status-publish","hentry"],"_links":{"self":[{"href":"https:\/\/www.ifsc.usp.br\/cibio\/wp-json\/wp\/v2\/pages\/9","targetHints":{"allow":["GET"]}}],"collection":[{"href":"https:\/\/www.ifsc.usp.br\/cibio\/wp-json\/wp\/v2\/pages"}],"about":[{"href":"https:\/\/www.ifsc.usp.br\/cibio\/wp-json\/wp\/v2\/types\/page"}],"author":[{"embeddable":true,"href":"https:\/\/www.ifsc.usp.br\/cibio\/wp-json\/wp\/v2\/users\/1"}],"replies":[{"embeddable":true,"href":"https:\/\/www.ifsc.usp.br\/cibio\/wp-json\/wp\/v2\/comments?post=9"}],"version-history":[{"count":9,"href":"https:\/\/www.ifsc.usp.br\/cibio\/wp-json\/wp\/v2\/pages\/9\/revisions"}],"predecessor-version":[{"id":238,"href":"https:\/\/www.ifsc.usp.br\/cibio\/wp-json\/wp\/v2\/pages\/9\/revisions\/238"}],"wp:attachment":[{"href":"https:\/\/www.ifsc.usp.br\/cibio\/wp-json\/wp\/v2\/media?parent=9"}],"curies":[{"name":"wp","href":"https:\/\/api.w.org\/{rel}","templated":true}]}}