{"id":8309,"date":"2017-05-10T15:17:26","date_gmt":"2017-05-10T18:17:26","guid":{"rendered":"http:\/\/www.ifsc.usp.br\/~crint\/crintwp\/?page_id=8309"},"modified":"2025-08-22T11:20:53","modified_gmt":"2025-08-22T14:20:53","slug":"comissao-cip","status":"publish","type":"page","link":"https:\/\/www.ifsc.usp.br\/cip\/comissao-cip\/","title":{"rendered":"A Comiss\u00e3o"},"content":{"rendered":"<p>[vc_row rt_row_background_width=&#8221;default&#8221; rt_row_style=&#8221;default-style&#8221; rt_row_borders=&#8221;&#8221; rt_row_paddings=&#8221;true&#8221; rt_bg_effect=&#8221;classic&#8221; rt_bg_image_repeat=&#8221;repeat&#8221; rt_bg_size=&#8221;cover&#8221; rt_bg_position=&#8221;right top&#8221; rt_bg_attachment=&#8221;scroll&#8221; rt_bg_video_format=&#8221;self-hosted&#8221;][vc_column rt_wrp_col_paddings=&#8221;false&#8221; rt_border_top=&#8221;&#8221; rt_border_bottom=&#8221;&#8221; rt_border_left=&#8221;&#8221; rt_border_right=&#8221;&#8221; rt_border_top_mobile=&#8221;&#8221; rt_border_bottom_mobile=&#8221;&#8221; rt_border_left_mobile=&#8221;&#8221; rt_border_right_mobile=&#8221;&#8221; rt_bg_image_repeat=&#8221;repeat&#8221; rt_bg_size=&#8221;auto auto&#8221; rt_bg_position=&#8221;right top&#8221; rt_bg_attachment=&#8221;scroll&#8221;][vc_column_text]A miss\u00e3o da Comiss\u00e3o de Inclus\u00e3o e Pertencimento (CIP) do Instituto de F\u00edsica de S\u00e3o Carlos (IFSC\/USP) \u00e9 contribuir para o estabelecimento e manuten\u00e7\u00e3o de um ambiente onde cada pessoa, seja aluno, servidor ou docente, se sinta parte integral da comunidade universit\u00e1ria, capacitada a contribuir de maneira significativa para seu crescimento pessoal, acad\u00eamico e profissional.<\/p>\n<p>Acreditamos que promover a inclus\u00e3o e cultivar um senso de pertencimento pode moldar profissionais e cidad\u00e3os mais conscientes, cr\u00edticos e mais propensos a enfrentar os desafios de uma sociedade diversa.<\/p>\n<p>Desta maneira, buscamos sempre a colabora\u00e7\u00e3o e o di\u00e1logo com as outras CIPs do campus, com a prefeitura do campus, com as assistentes sociais e com grupos representativos de alunos, servidores e docentes. Assim, aumenta a chance de conseguirmos desenvolver protocolos e diretrizes que sejam pratic\u00e1veis e favore\u00e7am um ambiente inclusivo e acolhedor para todos, independentemente de ra\u00e7a, g\u00eanero, orienta\u00e7\u00e3o sexual ou origem socioecon\u00f4mica.<\/p>\n<p>Atualmente, a CIP possui a seguinte constitui\u00e7\u00e3o:[\/vc_column_text][\/vc_column][\/vc_row][vc_row rt_row_background_width=&#8221;default&#8221; rt_row_style=&#8221;default-style&#8221; rt_row_borders=&#8221;&#8221; rt_row_paddings=&#8221;true&#8221; rt_bg_effect=&#8221;classic&#8221; rt_bg_image_repeat=&#8221;repeat&#8221; rt_bg_size=&#8221;cover&#8221; rt_bg_position=&#8221;right top&#8221; rt_bg_attachment=&#8221;scroll&#8221; rt_bg_video_format=&#8221;self-hosted&#8221;][vc_column rt_wrp_col_paddings=&#8221;false&#8221; rt_border_top=&#8221;&#8221; rt_border_bottom=&#8221;&#8221; rt_border_left=&#8221;&#8221; rt_border_right=&#8221;&#8221; rt_border_top_mobile=&#8221;&#8221; rt_border_bottom_mobile=&#8221;&#8221; rt_border_left_mobile=&#8221;&#8221; rt_border_right_mobile=&#8221;&#8221; rt_bg_image_repeat=&#8221;repeat&#8221; rt_bg_size=&#8221;auto auto&#8221; rt_bg_position=&#8221;right top&#8221; rt_bg_attachment=&#8221;scroll&#8221;][vc_raw_html]JTNDaWZyYW1lJTIwaGVpZ2h0JTNEJTIyMTMwMCUyMiUyMHN0eWxlJTNEJTIyd2lkdGglM0ElMjAxMDAlMjUlM0IlMjIlMjBzY3JvbGxpbmclM0QlMjJubyUyMiUyMHRpdGxlJTNEJTIyQ0lQJTIyJTIwc3JjJTNEJTIyaHR0cHMlM0ElMkYlMkZwb3J0YWxzZXJ2aWNvcy51c3AuYnIlMkZtYW5kYXRvJTJGNzYlMkZDSVAlM0ZlbWJlZGRlZCUyMiUyMGZyYW1lYm9yZGVyJTNEJTIybm8lMjIlMjBsb2FkaW5nJTNEJTIybGF6eSUyMiUyMGFsbG93dHJhbnNwYXJlbmN5JTNEJTIydHJ1ZSUyMiUyMGFsbG93ZnVsbHNjcmVlbiUzRCUyMnRydWUlMjIlM0UlMEElMjAlMjAlMEElM0MlMkZpZnJhbWUlM0U=[\/vc_raw_html][\/vc_column][\/vc_row]<\/p>\n","protected":false},"excerpt":{"rendered":"<p>[vc_row rt_row_background_width=&#8221;default&#8221; rt_row_style=&#8221;default-style&#8221; rt_row_borders=&#8221;&#8221; rt_row_paddings=&#8221;true&#8221; rt_bg_effect=&#8221;classic&#8221; rt_bg_image_repeat=&#8221;repeat&#8221; rt_bg_size=&#8221;cover&#8221; rt_bg_position=&#8221;right top&#8221; rt_bg_attachment=&#8221;scroll&#8221; rt_bg_video_format=&#8221;self-hosted&#8221;][vc_column rt_wrp_col_paddings=&#8221;false&#8221; rt_border_top=&#8221;&#8221; rt_border_bottom=&#8221;&#8221; rt_border_left=&#8221;&#8221; rt_border_right=&#8221;&#8221; rt_border_top_mobile=&#8221;&#8221; rt_border_bottom_mobile=&#8221;&#8221; rt_border_left_mobile=&#8221;&#8221; rt_border_right_mobile=&#8221;&#8221; rt_bg_image_repeat=&#8221;repeat&#8221; rt_bg_size=&#8221;auto auto&#8221; rt_bg_position=&#8221;right top&#8221; rt_bg_attachment=&#8221;scroll&#8221;][vc_column_text]A miss\u00e3o da Comiss\u00e3o de Inclus\u00e3o e Pertencimento (CIP) do Instituto de F\u00edsica de S\u00e3o Carlos (IFSC\/USP) \u00e9 contribuir para o estabelecimento e manuten\u00e7\u00e3o de um ambiente onde cada [&hellip;]<\/p>\n","protected":false},"author":6,"featured_media":0,"parent":0,"menu_order":0,"comment_status":"closed","ping_status":"closed","template":"","meta":{"footnotes":""},"class_list":["post-8309","page","type-page","status-publish","hentry"],"yoast_head":"<!-- This site is optimized with the Yoast SEO plugin v27.1.1 - https:\/\/yoast.com\/product\/yoast-seo-wordpress\/ -->\n<title>A Comiss\u00e3o - Comiss\u00e3o de Inclus\u00e3o e Pertencimento (CIP)<\/title>\n<meta name=\"robots\" content=\"index, follow, max-snippet:-1, max-image-preview:large, max-video-preview:-1\" \/>\n<link rel=\"canonical\" href=\"https:\/\/www.ifsc.usp.br\/cip\/comissao-cip\/\" \/>\n<meta property=\"og:locale\" content=\"pt_BR\" \/>\n<meta property=\"og:type\" content=\"article\" \/>\n<meta property=\"og:title\" content=\"A Comiss\u00e3o - Comiss\u00e3o de Inclus\u00e3o e Pertencimento (CIP)\" \/>\n<meta property=\"og:description\" content=\"[vc_row rt_row_background_width=&#8221;default&#8221; rt_row_style=&#8221;default-style&#8221; rt_row_borders=&#8221;&#8221; rt_row_paddings=&#8221;true&#8221; rt_bg_effect=&#8221;classic&#8221; rt_bg_image_repeat=&#8221;repeat&#8221; rt_bg_size=&#8221;cover&#8221; rt_bg_position=&#8221;right top&#8221; rt_bg_attachment=&#8221;scroll&#8221; rt_bg_video_format=&#8221;self-hosted&#8221;][vc_column rt_wrp_col_paddings=&#8221;false&#8221; rt_border_top=&#8221;&#8221; rt_border_bottom=&#8221;&#8221; rt_border_left=&#8221;&#8221; rt_border_right=&#8221;&#8221; rt_border_top_mobile=&#8221;&#8221; rt_border_bottom_mobile=&#8221;&#8221; rt_border_left_mobile=&#8221;&#8221; rt_border_right_mobile=&#8221;&#8221; rt_bg_image_repeat=&#8221;repeat&#8221; rt_bg_size=&#8221;auto auto&#8221; rt_bg_position=&#8221;right top&#8221; rt_bg_attachment=&#8221;scroll&#8221;][vc_column_text]A miss\u00e3o da Comiss\u00e3o de Inclus\u00e3o e Pertencimento (CIP) do Instituto de F\u00edsica de S\u00e3o Carlos (IFSC\/USP) \u00e9 contribuir para o estabelecimento e manuten\u00e7\u00e3o de um ambiente onde cada [&hellip;]\" \/>\n<meta property=\"og:url\" content=\"https:\/\/www.ifsc.usp.br\/cip\/comissao-cip\/\" \/>\n<meta property=\"og:site_name\" content=\"Comiss\u00e3o de Inclus\u00e3o e Pertencimento (CIP)\" \/>\n<meta property=\"article:modified_time\" content=\"2025-08-22T14:20:53+00:00\" \/>\n<meta name=\"twitter:card\" content=\"summary_large_image\" \/>\n<meta name=\"twitter:label1\" content=\"Est. tempo de leitura\" \/>\n\t<meta name=\"twitter:data1\" content=\"2 minutos\" \/>\n<script type=\"application\/ld+json\" class=\"yoast-schema-graph\">{\"@context\":\"https:\/\/schema.org\",\"@graph\":[{\"@type\":\"WebPage\",\"@id\":\"https:\/\/www.ifsc.usp.br\/cip\/comissao-cip\/\",\"url\":\"https:\/\/www.ifsc.usp.br\/cip\/comissao-cip\/\",\"name\":\"A Comiss\u00e3o - Comiss\u00e3o de Inclus\u00e3o e Pertencimento (CIP)\",\"isPartOf\":{\"@id\":\"https:\/\/www.ifsc.usp.br\/cip\/#website\"},\"datePublished\":\"2017-05-10T18:17:26+00:00\",\"dateModified\":\"2025-08-22T14:20:53+00:00\",\"breadcrumb\":{\"@id\":\"https:\/\/www.ifsc.usp.br\/cip\/comissao-cip\/#breadcrumb\"},\"inLanguage\":\"pt-BR\",\"potentialAction\":[{\"@type\":\"ReadAction\",\"target\":[\"https:\/\/www.ifsc.usp.br\/cip\/comissao-cip\/\"]}]},{\"@type\":\"BreadcrumbList\",\"@id\":\"https:\/\/www.ifsc.usp.br\/cip\/comissao-cip\/#breadcrumb\",\"itemListElement\":[{\"@type\":\"ListItem\",\"position\":1,\"name\":\"Home\",\"item\":\"https:\/\/www.ifsc.usp.br\/cip\/\"},{\"@type\":\"ListItem\",\"position\":2,\"name\":\"A Comiss\u00e3o\"}]},{\"@type\":\"WebSite\",\"@id\":\"https:\/\/www.ifsc.usp.br\/cip\/#website\",\"url\":\"https:\/\/www.ifsc.usp.br\/cip\/\",\"name\":\"Comiss\u00e3o de Inclus\u00e3o e Pertencimento (CIP)\",\"description\":\"Instituto de F\u00edsica de S\u00e3o Carlos\",\"potentialAction\":[{\"@type\":\"SearchAction\",\"target\":{\"@type\":\"EntryPoint\",\"urlTemplate\":\"https:\/\/www.ifsc.usp.br\/cip\/?s={search_term_string}\"},\"query-input\":{\"@type\":\"PropertyValueSpecification\",\"valueRequired\":true,\"valueName\":\"search_term_string\"}}],\"inLanguage\":\"pt-BR\"}]}<\/script>\n<!-- \/ Yoast SEO plugin. -->","yoast_head_json":{"title":"A Comiss\u00e3o - Comiss\u00e3o de Inclus\u00e3o e Pertencimento (CIP)","robots":{"index":"index","follow":"follow","max-snippet":"max-snippet:-1","max-image-preview":"max-image-preview:large","max-video-preview":"max-video-preview:-1"},"canonical":"https:\/\/www.ifsc.usp.br\/cip\/comissao-cip\/","og_locale":"pt_BR","og_type":"article","og_title":"A Comiss\u00e3o - Comiss\u00e3o de Inclus\u00e3o e Pertencimento (CIP)","og_description":"[vc_row rt_row_background_width=&#8221;default&#8221; rt_row_style=&#8221;default-style&#8221; rt_row_borders=&#8221;&#8221; rt_row_paddings=&#8221;true&#8221; rt_bg_effect=&#8221;classic&#8221; rt_bg_image_repeat=&#8221;repeat&#8221; rt_bg_size=&#8221;cover&#8221; rt_bg_position=&#8221;right top&#8221; rt_bg_attachment=&#8221;scroll&#8221; rt_bg_video_format=&#8221;self-hosted&#8221;][vc_column rt_wrp_col_paddings=&#8221;false&#8221; rt_border_top=&#8221;&#8221; rt_border_bottom=&#8221;&#8221; rt_border_left=&#8221;&#8221; rt_border_right=&#8221;&#8221; rt_border_top_mobile=&#8221;&#8221; rt_border_bottom_mobile=&#8221;&#8221; rt_border_left_mobile=&#8221;&#8221; rt_border_right_mobile=&#8221;&#8221; rt_bg_image_repeat=&#8221;repeat&#8221; rt_bg_size=&#8221;auto auto&#8221; rt_bg_position=&#8221;right top&#8221; rt_bg_attachment=&#8221;scroll&#8221;][vc_column_text]A miss\u00e3o da Comiss\u00e3o de Inclus\u00e3o e Pertencimento (CIP) do Instituto de F\u00edsica de S\u00e3o Carlos (IFSC\/USP) \u00e9 contribuir para o estabelecimento e manuten\u00e7\u00e3o de um ambiente onde cada [&hellip;]","og_url":"https:\/\/www.ifsc.usp.br\/cip\/comissao-cip\/","og_site_name":"Comiss\u00e3o de Inclus\u00e3o e Pertencimento (CIP)","article_modified_time":"2025-08-22T14:20:53+00:00","twitter_card":"summary_large_image","twitter_misc":{"Est. tempo de leitura":"2 minutos"},"schema":{"@context":"https:\/\/schema.org","@graph":[{"@type":"WebPage","@id":"https:\/\/www.ifsc.usp.br\/cip\/comissao-cip\/","url":"https:\/\/www.ifsc.usp.br\/cip\/comissao-cip\/","name":"A Comiss\u00e3o - Comiss\u00e3o de Inclus\u00e3o e Pertencimento (CIP)","isPartOf":{"@id":"https:\/\/www.ifsc.usp.br\/cip\/#website"},"datePublished":"2017-05-10T18:17:26+00:00","dateModified":"2025-08-22T14:20:53+00:00","breadcrumb":{"@id":"https:\/\/www.ifsc.usp.br\/cip\/comissao-cip\/#breadcrumb"},"inLanguage":"pt-BR","potentialAction":[{"@type":"ReadAction","target":["https:\/\/www.ifsc.usp.br\/cip\/comissao-cip\/"]}]},{"@type":"BreadcrumbList","@id":"https:\/\/www.ifsc.usp.br\/cip\/comissao-cip\/#breadcrumb","itemListElement":[{"@type":"ListItem","position":1,"name":"Home","item":"https:\/\/www.ifsc.usp.br\/cip\/"},{"@type":"ListItem","position":2,"name":"A Comiss\u00e3o"}]},{"@type":"WebSite","@id":"https:\/\/www.ifsc.usp.br\/cip\/#website","url":"https:\/\/www.ifsc.usp.br\/cip\/","name":"Comiss\u00e3o de Inclus\u00e3o e Pertencimento (CIP)","description":"Instituto de F\u00edsica de S\u00e3o Carlos","potentialAction":[{"@type":"SearchAction","target":{"@type":"EntryPoint","urlTemplate":"https:\/\/www.ifsc.usp.br\/cip\/?s={search_term_string}"},"query-input":{"@type":"PropertyValueSpecification","valueRequired":true,"valueName":"search_term_string"}}],"inLanguage":"pt-BR"}]}},"_links":{"self":[{"href":"https:\/\/www.ifsc.usp.br\/cip\/wp-json\/wp\/v2\/pages\/8309","targetHints":{"allow":["GET"]}}],"collection":[{"href":"https:\/\/www.ifsc.usp.br\/cip\/wp-json\/wp\/v2\/pages"}],"about":[{"href":"https:\/\/www.ifsc.usp.br\/cip\/wp-json\/wp\/v2\/types\/page"}],"author":[{"embeddable":true,"href":"https:\/\/www.ifsc.usp.br\/cip\/wp-json\/wp\/v2\/users\/6"}],"replies":[{"embeddable":true,"href":"https:\/\/www.ifsc.usp.br\/cip\/wp-json\/wp\/v2\/comments?post=8309"}],"version-history":[{"count":16,"href":"https:\/\/www.ifsc.usp.br\/cip\/wp-json\/wp\/v2\/pages\/8309\/revisions"}],"predecessor-version":[{"id":9957,"href":"https:\/\/www.ifsc.usp.br\/cip\/wp-json\/wp\/v2\/pages\/8309\/revisions\/9957"}],"wp:attachment":[{"href":"https:\/\/www.ifsc.usp.br\/cip\/wp-json\/wp\/v2\/media?parent=8309"}],"curies":[{"name":"wp","href":"https:\/\/api.w.org\/{rel}","templated":true}]}}