{"id":9661,"date":"2024-10-07T15:26:00","date_gmt":"2024-10-07T18:26:00","guid":{"rendered":"https:\/\/www.ifsc.usp.br\/cip\/?page_id=9661"},"modified":"2025-04-16T16:05:02","modified_gmt":"2025-04-16T19:05:02","slug":"sobre","status":"publish","type":"page","link":"https:\/\/www.ifsc.usp.br\/cip\/sobre\/","title":{"rendered":"Sobre a CIP"},"content":{"rendered":"<p>A Pr\u00f3-Reitoria de Inclus\u00e3o e Pertencimento (PRIP) foi criada em maio de 2022, e tem por fun\u00e7\u00e3o cumprir os objetivos da USP de acolher a diversidade, assegurar oportunidades e oferecer condi\u00e7\u00f5es para que alunos, servidores e docentes vivenciem a melhor experi\u00eancia acad\u00eamica e contribuam para a excel\u00eancia da universidade.<\/p>\n<p>A <a href=\"https:\/\/prip.usp.br\/\" target=\"_blank\" rel=\"noopener\">PRIP<\/a> possui 5 diretorias, a saber:<br \/>\n&#8211; Vida no campus;<br \/>\n&#8211; G\u00eanero, Rela\u00e7\u00f5es \u00c9tnico-Raciais e Diversidades;<br \/>\n&#8211; Sa\u00fade Mental e Bem-Estar Social;<br \/>\n&#8211; Direitos Humanos e pol\u00edticas de repara\u00e7\u00e3o, mem\u00f3ria e justi\u00e7a;<br \/>\n&#8211; Forma\u00e7\u00e3o e vida profissional.<\/p>\n<p>No primeiro semestre de 2023 foi criada a Comiss\u00e3o de Inclus\u00e3o e Pertencimento (CIP) do IFSC, que tem por objetivo atuar nas quest\u00f5es tratadas pela PRIP no \u00e2mbito do IFSC.<\/p>\n<p><strong>Compete \u00e0 Comiss\u00e3o de Inclus\u00e3o e Pertencimento:<\/strong><\/p>\n<p>I \u2013 tra\u00e7ar diretrizes de inclus\u00e3o e pertencimento no \u00e2mbito da Unidade em conformidade com seu projeto acad\u00eamico e com as orienta\u00e7\u00f5es estabelecidas pelos Colegiados Superiores;<br \/>\nII \u2013 fomentar, apoiar e gerir no \u00e2mbito da Unidade os programas e iniciativas da Pr\u00f3-Reitoria de Inclus\u00e3o e Pertencimento e fixar normas complementares \u00e0s expedidas pelo CoIP, encaminhando os relat\u00f3rios pertinentes;<br \/>\nIII \u2013 zelar, por meio de avalia\u00e7\u00f5es permanentes, pela qualidade do trabalho e pela adequa\u00e7\u00e3o dos meios \u00e0s finalidades de cada programa estabelecido pela Pr\u00f3-Reitoria;<br \/>\nIV \u2013 opinar sobre a cria\u00e7\u00e3o, transforma\u00e7\u00e3o e extin\u00e7\u00e3o de \u00f3rg\u00e3os e servi\u00e7os na \u00e1rea de Inclus\u00e3o e Pertencimento no \u00e2mbito da Unidade;<br \/>\nV \u2013 prestar atendimento \u00e0 comunidade acad\u00eamica e ao p\u00fablico externo acerca de d\u00favidas, dificuldades, sugest\u00f5es e cr\u00edticas em rela\u00e7\u00e3o aos programas, editais, recursos, acervos, infraestrutura e demais assuntos relacionados \u00e0 inclus\u00e3o e pertencimento no \u00e2mbito da Unidade;<br \/>\nVI \u2013 constituir, se necess\u00e1rio, Grupos de Trabalho com atribui\u00e7\u00f5es espec\u00edficas;<br \/>\nVII \u2013 apoiar os programas de inclus\u00e3o e pertencimento, desenvolvidos pelos alunos de gradua\u00e7\u00e3o e p\u00f3s-gradua\u00e7\u00e3o da Unidade;<br \/>\nVIII \u2013 aprovar os programas de inclus\u00e3o e pertencimento da Unidade;<br \/>\nIX \u2013 encaminhar os relat\u00f3rios solicitados pelo CoIP;<br \/>\nX \u2013 deliberar sobre mat\u00e9rias que lhe sejam submetidas pelo(a) Pr\u00f3-Reitor(a);<br \/>\nXI \u2013 manter um registro das atividades de inclus\u00e3o e pertencimento da Unidade;<br \/>\nXII \u2013 zelar, na Unidade, pela execu\u00e7\u00e3o regular dos programas e a\u00e7\u00f5es da PRIP;<br \/>\nXIII \u2013 exercer as demais fun\u00e7\u00f5es que lhe forem conferidas pelo Regimento de Inclus\u00e3o e Pertencimento e pelo Regimento do IFSC.<\/p>\n","protected":false},"excerpt":{"rendered":"<p>A Pr\u00f3-Reitoria de Inclus\u00e3o e Pertencimento (PRIP) foi criada em maio de 2022, e tem por fun\u00e7\u00e3o cumprir os objetivos da USP de acolher a diversidade, assegurar oportunidades e oferecer condi\u00e7\u00f5es para que alunos, servidores e docentes vivenciem a melhor experi\u00eancia acad\u00eamica e contribuam para a excel\u00eancia da universidade. A PRIP possui 5 diretorias, a [&hellip;]<\/p>\n","protected":false},"author":1,"featured_media":0,"parent":0,"menu_order":0,"comment_status":"closed","ping_status":"closed","template":"","meta":{"footnotes":""},"class_list":["post-9661","page","type-page","status-publish","hentry"],"yoast_head":"<!-- This site is optimized with the Yoast SEO plugin v27.5 - https:\/\/yoast.com\/product\/yoast-seo-wordpress\/ -->\n<title>Sobre a CIP - Comiss\u00e3o de Inclus\u00e3o e Pertencimento (CIP)<\/title>\n<meta name=\"robots\" content=\"index, follow, max-snippet:-1, max-image-preview:large, max-video-preview:-1\" \/>\n<link rel=\"canonical\" href=\"https:\/\/www.ifsc.usp.br\/cip\/sobre\/\" \/>\n<meta property=\"og:locale\" content=\"pt_BR\" \/>\n<meta property=\"og:type\" content=\"article\" \/>\n<meta property=\"og:title\" content=\"Sobre a CIP - Comiss\u00e3o de Inclus\u00e3o e Pertencimento (CIP)\" \/>\n<meta property=\"og:description\" content=\"A Pr\u00f3-Reitoria de Inclus\u00e3o e Pertencimento (PRIP) foi criada em maio de 2022, e tem por fun\u00e7\u00e3o cumprir os objetivos da USP de acolher a diversidade, assegurar oportunidades e oferecer condi\u00e7\u00f5es para que alunos, servidores e docentes vivenciem a melhor experi\u00eancia acad\u00eamica e contribuam para a excel\u00eancia da universidade. A PRIP possui 5 diretorias, a [&hellip;]\" \/>\n<meta property=\"og:url\" content=\"https:\/\/www.ifsc.usp.br\/cip\/sobre\/\" \/>\n<meta property=\"og:site_name\" content=\"Comiss\u00e3o de Inclus\u00e3o e Pertencimento (CIP)\" \/>\n<meta property=\"article:modified_time\" content=\"2025-04-16T19:05:02+00:00\" \/>\n<meta name=\"twitter:card\" content=\"summary_large_image\" \/>\n<meta name=\"twitter:label1\" content=\"Est. tempo de leitura\" \/>\n\t<meta name=\"twitter:data1\" content=\"2 minutos\" \/>\n<script type=\"application\/ld+json\" class=\"yoast-schema-graph\">{\"@context\":\"https:\\\/\\\/schema.org\",\"@graph\":[{\"@type\":\"WebPage\",\"@id\":\"https:\\\/\\\/www.ifsc.usp.br\\\/cip\\\/sobre\\\/\",\"url\":\"https:\\\/\\\/www.ifsc.usp.br\\\/cip\\\/sobre\\\/\",\"name\":\"Sobre a CIP - Comiss\u00e3o de Inclus\u00e3o e Pertencimento (CIP)\",\"isPartOf\":{\"@id\":\"https:\\\/\\\/www.ifsc.usp.br\\\/cip\\\/#website\"},\"datePublished\":\"2024-10-07T18:26:00+00:00\",\"dateModified\":\"2025-04-16T19:05:02+00:00\",\"breadcrumb\":{\"@id\":\"https:\\\/\\\/www.ifsc.usp.br\\\/cip\\\/sobre\\\/#breadcrumb\"},\"inLanguage\":\"pt-BR\",\"potentialAction\":[{\"@type\":\"ReadAction\",\"target\":[\"https:\\\/\\\/www.ifsc.usp.br\\\/cip\\\/sobre\\\/\"]}]},{\"@type\":\"BreadcrumbList\",\"@id\":\"https:\\\/\\\/www.ifsc.usp.br\\\/cip\\\/sobre\\\/#breadcrumb\",\"itemListElement\":[{\"@type\":\"ListItem\",\"position\":1,\"name\":\"Home\",\"item\":\"https:\\\/\\\/www.ifsc.usp.br\\\/cip\\\/\"},{\"@type\":\"ListItem\",\"position\":2,\"name\":\"Sobre a CIP\"}]},{\"@type\":\"WebSite\",\"@id\":\"https:\\\/\\\/www.ifsc.usp.br\\\/cip\\\/#website\",\"url\":\"https:\\\/\\\/www.ifsc.usp.br\\\/cip\\\/\",\"name\":\"Comiss\u00e3o de Inclus\u00e3o e Pertencimento (CIP)\",\"description\":\"Instituto de F\u00edsica de S\u00e3o Carlos\",\"potentialAction\":[{\"@type\":\"SearchAction\",\"target\":{\"@type\":\"EntryPoint\",\"urlTemplate\":\"https:\\\/\\\/www.ifsc.usp.br\\\/cip\\\/?s={search_term_string}\"},\"query-input\":{\"@type\":\"PropertyValueSpecification\",\"valueRequired\":true,\"valueName\":\"search_term_string\"}}],\"inLanguage\":\"pt-BR\"}]}<\/script>\n<!-- \/ Yoast SEO plugin. -->","yoast_head_json":{"title":"Sobre a CIP - Comiss\u00e3o de Inclus\u00e3o e Pertencimento (CIP)","robots":{"index":"index","follow":"follow","max-snippet":"max-snippet:-1","max-image-preview":"max-image-preview:large","max-video-preview":"max-video-preview:-1"},"canonical":"https:\/\/www.ifsc.usp.br\/cip\/sobre\/","og_locale":"pt_BR","og_type":"article","og_title":"Sobre a CIP - Comiss\u00e3o de Inclus\u00e3o e Pertencimento (CIP)","og_description":"A Pr\u00f3-Reitoria de Inclus\u00e3o e Pertencimento (PRIP) foi criada em maio de 2022, e tem por fun\u00e7\u00e3o cumprir os objetivos da USP de acolher a diversidade, assegurar oportunidades e oferecer condi\u00e7\u00f5es para que alunos, servidores e docentes vivenciem a melhor experi\u00eancia acad\u00eamica e contribuam para a excel\u00eancia da universidade. A PRIP possui 5 diretorias, a [&hellip;]","og_url":"https:\/\/www.ifsc.usp.br\/cip\/sobre\/","og_site_name":"Comiss\u00e3o de Inclus\u00e3o e Pertencimento (CIP)","article_modified_time":"2025-04-16T19:05:02+00:00","twitter_card":"summary_large_image","twitter_misc":{"Est. tempo de leitura":"2 minutos"},"schema":{"@context":"https:\/\/schema.org","@graph":[{"@type":"WebPage","@id":"https:\/\/www.ifsc.usp.br\/cip\/sobre\/","url":"https:\/\/www.ifsc.usp.br\/cip\/sobre\/","name":"Sobre a CIP - Comiss\u00e3o de Inclus\u00e3o e Pertencimento (CIP)","isPartOf":{"@id":"https:\/\/www.ifsc.usp.br\/cip\/#website"},"datePublished":"2024-10-07T18:26:00+00:00","dateModified":"2025-04-16T19:05:02+00:00","breadcrumb":{"@id":"https:\/\/www.ifsc.usp.br\/cip\/sobre\/#breadcrumb"},"inLanguage":"pt-BR","potentialAction":[{"@type":"ReadAction","target":["https:\/\/www.ifsc.usp.br\/cip\/sobre\/"]}]},{"@type":"BreadcrumbList","@id":"https:\/\/www.ifsc.usp.br\/cip\/sobre\/#breadcrumb","itemListElement":[{"@type":"ListItem","position":1,"name":"Home","item":"https:\/\/www.ifsc.usp.br\/cip\/"},{"@type":"ListItem","position":2,"name":"Sobre a CIP"}]},{"@type":"WebSite","@id":"https:\/\/www.ifsc.usp.br\/cip\/#website","url":"https:\/\/www.ifsc.usp.br\/cip\/","name":"Comiss\u00e3o de Inclus\u00e3o e Pertencimento (CIP)","description":"Instituto de F\u00edsica de S\u00e3o Carlos","potentialAction":[{"@type":"SearchAction","target":{"@type":"EntryPoint","urlTemplate":"https:\/\/www.ifsc.usp.br\/cip\/?s={search_term_string}"},"query-input":{"@type":"PropertyValueSpecification","valueRequired":true,"valueName":"search_term_string"}}],"inLanguage":"pt-BR"}]}},"_links":{"self":[{"href":"https:\/\/www.ifsc.usp.br\/cip\/wp-json\/wp\/v2\/pages\/9661","targetHints":{"allow":["GET"]}}],"collection":[{"href":"https:\/\/www.ifsc.usp.br\/cip\/wp-json\/wp\/v2\/pages"}],"about":[{"href":"https:\/\/www.ifsc.usp.br\/cip\/wp-json\/wp\/v2\/types\/page"}],"author":[{"embeddable":true,"href":"https:\/\/www.ifsc.usp.br\/cip\/wp-json\/wp\/v2\/users\/1"}],"replies":[{"embeddable":true,"href":"https:\/\/www.ifsc.usp.br\/cip\/wp-json\/wp\/v2\/comments?post=9661"}],"version-history":[{"count":6,"href":"https:\/\/www.ifsc.usp.br\/cip\/wp-json\/wp\/v2\/pages\/9661\/revisions"}],"predecessor-version":[{"id":9772,"href":"https:\/\/www.ifsc.usp.br\/cip\/wp-json\/wp\/v2\/pages\/9661\/revisions\/9772"}],"wp:attachment":[{"href":"https:\/\/www.ifsc.usp.br\/cip\/wp-json\/wp\/v2\/media?parent=9661"}],"curies":[{"name":"wp","href":"https:\/\/api.w.org\/{rel}","templated":true}]}}