{"id":9666,"date":"2024-10-07T15:29:56","date_gmt":"2024-10-07T18:29:56","guid":{"rendered":"https:\/\/www.ifsc.usp.br\/cip\/?page_id=9666"},"modified":"2025-05-15T12:09:32","modified_gmt":"2025-05-15T15:09:32","slug":"acoes","status":"publish","type":"page","link":"https:\/\/www.ifsc.usp.br\/cip\/acoes\/","title":{"rendered":"A\u00e7\u00f5es"},"content":{"rendered":"<ul>\n<li><a href=\"https:\/\/www.ifsc.usp.br\/cip\/minicursohs\/\">Minicurso \u201cDesenvolvendo e Aprimorando Habilidades Sociais: do Trabalho para a Vida\u201d para servidores t\u00e9cnicos e administrativos do IFSC<\/a><\/li>\n<\/ul>\n<ul>\n<li><a href=\"https:\/\/www.ifsc.usp.br\/cip\/palestra_violgen\/\">Palestra: Vamos conversar sobre a viol\u00eancia baseada em g\u00eanero na universidade?<\/a><\/li>\n<\/ul>\n<ul>\n<li><a href=\"https:\/\/www.ifsc.usp.br\/cip\/letramento\/\">Letramento Racial<\/a><\/li>\n<\/ul>\n<ul>\n<li><a href=\"https:\/\/saocarlos.usp.br\/atencao-a-saude-mental-e-inclusao-na-universidade-em-prol-de-sua-comunidade-ifsc-usp-adere-ao-apoia-usp\/\" target=\"_blank\" rel=\"noopener\">Workshop \u201cAten\u00e7\u00e3o \u00e0 Sa\u00fade Mental e Inclus\u00e3o na Universidade\u201d<\/a><\/li>\n<\/ul>\n","protected":false},"excerpt":{"rendered":"<p>Minicurso \u201cDesenvolvendo e Aprimorando Habilidades Sociais: do Trabalho para a Vida\u201d para servidores t\u00e9cnicos e administrativos do IFSC Palestra: Vamos conversar sobre a viol\u00eancia baseada em g\u00eanero na universidade? Letramento Racial Workshop \u201cAten\u00e7\u00e3o \u00e0 Sa\u00fade Mental e Inclus\u00e3o na Universidade\u201d<\/p>\n","protected":false},"author":1,"featured_media":0,"parent":0,"menu_order":0,"comment_status":"closed","ping_status":"closed","template":"","meta":{"footnotes":""},"class_list":["post-9666","page","type-page","status-publish","hentry"],"yoast_head":"<!-- This site is optimized with the Yoast SEO plugin v27.1.1 - https:\/\/yoast.com\/product\/yoast-seo-wordpress\/ -->\n<title>A\u00e7\u00f5es - Comiss\u00e3o de Inclus\u00e3o e Pertencimento (CIP)<\/title>\n<meta name=\"robots\" content=\"index, follow, max-snippet:-1, max-image-preview:large, max-video-preview:-1\" \/>\n<link rel=\"canonical\" href=\"https:\/\/www.ifsc.usp.br\/cip\/acoes\/\" \/>\n<meta property=\"og:locale\" content=\"pt_BR\" \/>\n<meta property=\"og:type\" content=\"article\" \/>\n<meta property=\"og:title\" content=\"A\u00e7\u00f5es - Comiss\u00e3o de Inclus\u00e3o e Pertencimento (CIP)\" \/>\n<meta property=\"og:description\" content=\"Minicurso \u201cDesenvolvendo e Aprimorando Habilidades Sociais: do Trabalho para a Vida\u201d para servidores t\u00e9cnicos e administrativos do IFSC Palestra: Vamos conversar sobre a viol\u00eancia baseada em g\u00eanero na universidade? Letramento Racial Workshop \u201cAten\u00e7\u00e3o \u00e0 Sa\u00fade Mental e Inclus\u00e3o na Universidade\u201d\" \/>\n<meta property=\"og:url\" content=\"https:\/\/www.ifsc.usp.br\/cip\/acoes\/\" \/>\n<meta property=\"og:site_name\" content=\"Comiss\u00e3o de Inclus\u00e3o e Pertencimento (CIP)\" \/>\n<meta property=\"article:modified_time\" content=\"2025-05-15T15:09:32+00:00\" \/>\n<meta name=\"twitter:card\" content=\"summary_large_image\" \/>\n<meta name=\"twitter:label1\" content=\"Est. tempo de leitura\" \/>\n\t<meta name=\"twitter:data1\" content=\"1 minuto\" \/>\n<script type=\"application\/ld+json\" class=\"yoast-schema-graph\">{\"@context\":\"https:\/\/schema.org\",\"@graph\":[{\"@type\":\"WebPage\",\"@id\":\"https:\/\/www.ifsc.usp.br\/cip\/acoes\/\",\"url\":\"https:\/\/www.ifsc.usp.br\/cip\/acoes\/\",\"name\":\"A\u00e7\u00f5es - Comiss\u00e3o de Inclus\u00e3o e Pertencimento (CIP)\",\"isPartOf\":{\"@id\":\"https:\/\/www.ifsc.usp.br\/cip\/#website\"},\"datePublished\":\"2024-10-07T18:29:56+00:00\",\"dateModified\":\"2025-05-15T15:09:32+00:00\",\"breadcrumb\":{\"@id\":\"https:\/\/www.ifsc.usp.br\/cip\/acoes\/#breadcrumb\"},\"inLanguage\":\"pt-BR\",\"potentialAction\":[{\"@type\":\"ReadAction\",\"target\":[\"https:\/\/www.ifsc.usp.br\/cip\/acoes\/\"]}]},{\"@type\":\"BreadcrumbList\",\"@id\":\"https:\/\/www.ifsc.usp.br\/cip\/acoes\/#breadcrumb\",\"itemListElement\":[{\"@type\":\"ListItem\",\"position\":1,\"name\":\"Home\",\"item\":\"https:\/\/www.ifsc.usp.br\/cip\/\"},{\"@type\":\"ListItem\",\"position\":2,\"name\":\"A\u00e7\u00f5es\"}]},{\"@type\":\"WebSite\",\"@id\":\"https:\/\/www.ifsc.usp.br\/cip\/#website\",\"url\":\"https:\/\/www.ifsc.usp.br\/cip\/\",\"name\":\"Comiss\u00e3o de Inclus\u00e3o e Pertencimento (CIP)\",\"description\":\"Instituto de F\u00edsica de S\u00e3o Carlos\",\"potentialAction\":[{\"@type\":\"SearchAction\",\"target\":{\"@type\":\"EntryPoint\",\"urlTemplate\":\"https:\/\/www.ifsc.usp.br\/cip\/?s={search_term_string}\"},\"query-input\":{\"@type\":\"PropertyValueSpecification\",\"valueRequired\":true,\"valueName\":\"search_term_string\"}}],\"inLanguage\":\"pt-BR\"}]}<\/script>\n<!-- \/ Yoast SEO plugin. -->","yoast_head_json":{"title":"A\u00e7\u00f5es - Comiss\u00e3o de Inclus\u00e3o e Pertencimento (CIP)","robots":{"index":"index","follow":"follow","max-snippet":"max-snippet:-1","max-image-preview":"max-image-preview:large","max-video-preview":"max-video-preview:-1"},"canonical":"https:\/\/www.ifsc.usp.br\/cip\/acoes\/","og_locale":"pt_BR","og_type":"article","og_title":"A\u00e7\u00f5es - Comiss\u00e3o de Inclus\u00e3o e Pertencimento (CIP)","og_description":"Minicurso \u201cDesenvolvendo e Aprimorando Habilidades Sociais: do Trabalho para a Vida\u201d para servidores t\u00e9cnicos e administrativos do IFSC Palestra: Vamos conversar sobre a viol\u00eancia baseada em g\u00eanero na universidade? Letramento Racial Workshop \u201cAten\u00e7\u00e3o \u00e0 Sa\u00fade Mental e Inclus\u00e3o na Universidade\u201d","og_url":"https:\/\/www.ifsc.usp.br\/cip\/acoes\/","og_site_name":"Comiss\u00e3o de Inclus\u00e3o e Pertencimento (CIP)","article_modified_time":"2025-05-15T15:09:32+00:00","twitter_card":"summary_large_image","twitter_misc":{"Est. tempo de leitura":"1 minuto"},"schema":{"@context":"https:\/\/schema.org","@graph":[{"@type":"WebPage","@id":"https:\/\/www.ifsc.usp.br\/cip\/acoes\/","url":"https:\/\/www.ifsc.usp.br\/cip\/acoes\/","name":"A\u00e7\u00f5es - Comiss\u00e3o de Inclus\u00e3o e Pertencimento (CIP)","isPartOf":{"@id":"https:\/\/www.ifsc.usp.br\/cip\/#website"},"datePublished":"2024-10-07T18:29:56+00:00","dateModified":"2025-05-15T15:09:32+00:00","breadcrumb":{"@id":"https:\/\/www.ifsc.usp.br\/cip\/acoes\/#breadcrumb"},"inLanguage":"pt-BR","potentialAction":[{"@type":"ReadAction","target":["https:\/\/www.ifsc.usp.br\/cip\/acoes\/"]}]},{"@type":"BreadcrumbList","@id":"https:\/\/www.ifsc.usp.br\/cip\/acoes\/#breadcrumb","itemListElement":[{"@type":"ListItem","position":1,"name":"Home","item":"https:\/\/www.ifsc.usp.br\/cip\/"},{"@type":"ListItem","position":2,"name":"A\u00e7\u00f5es"}]},{"@type":"WebSite","@id":"https:\/\/www.ifsc.usp.br\/cip\/#website","url":"https:\/\/www.ifsc.usp.br\/cip\/","name":"Comiss\u00e3o de Inclus\u00e3o e Pertencimento (CIP)","description":"Instituto de F\u00edsica de S\u00e3o Carlos","potentialAction":[{"@type":"SearchAction","target":{"@type":"EntryPoint","urlTemplate":"https:\/\/www.ifsc.usp.br\/cip\/?s={search_term_string}"},"query-input":{"@type":"PropertyValueSpecification","valueRequired":true,"valueName":"search_term_string"}}],"inLanguage":"pt-BR"}]}},"_links":{"self":[{"href":"https:\/\/www.ifsc.usp.br\/cip\/wp-json\/wp\/v2\/pages\/9666","targetHints":{"allow":["GET"]}}],"collection":[{"href":"https:\/\/www.ifsc.usp.br\/cip\/wp-json\/wp\/v2\/pages"}],"about":[{"href":"https:\/\/www.ifsc.usp.br\/cip\/wp-json\/wp\/v2\/types\/page"}],"author":[{"embeddable":true,"href":"https:\/\/www.ifsc.usp.br\/cip\/wp-json\/wp\/v2\/users\/1"}],"replies":[{"embeddable":true,"href":"https:\/\/www.ifsc.usp.br\/cip\/wp-json\/wp\/v2\/comments?post=9666"}],"version-history":[{"count":16,"href":"https:\/\/www.ifsc.usp.br\/cip\/wp-json\/wp\/v2\/pages\/9666\/revisions"}],"predecessor-version":[{"id":9934,"href":"https:\/\/www.ifsc.usp.br\/cip\/wp-json\/wp\/v2\/pages\/9666\/revisions\/9934"}],"wp:attachment":[{"href":"https:\/\/www.ifsc.usp.br\/cip\/wp-json\/wp\/v2\/media?parent=9666"}],"curies":[{"name":"wp","href":"https:\/\/api.w.org\/{rel}","templated":true}]}}