{"id":9778,"date":"2025-04-22T12:21:00","date_gmt":"2025-04-22T15:21:00","guid":{"rendered":"https:\/\/www.ifsc.usp.br\/cip\/?page_id=9778"},"modified":"2025-05-22T11:41:25","modified_gmt":"2025-05-22T14:41:25","slug":"acessibilidade","status":"publish","type":"page","link":"https:\/\/www.ifsc.usp.br\/cip\/acessibilidade\/","title":{"rendered":"Acessibilidade e Inclus\u00e3o"},"content":{"rendered":"<p><strong>Adapta\u00e7\u00f5es para pessoas com defici\u00eancia (f\u00edsica\/sensorial) ou TEA (Transtorno do Espectro Autista):<\/strong><\/p>\n<ul>\n<li><a href=\"https:\/\/www.ifsc.usp.br\/cip\/wp-content\/uploads\/2025\/04\/Portaria-IFSC-11-2025.pdf\" target=\"_blank\" rel=\"noopener\">Portaria IFSC 11\/2025<\/a> de 10\/04\/2025: disp\u00f5e sobre o fluxo para solicita\u00e7\u00e3o e implementa\u00e7\u00e3o de pr\u00e1ticas para acessibilidade e inclus\u00e3o para pessoas com defici\u00eancia, regulamentando as Portarias PRIP 059\/2024 e 065\/2024 no \u00e2mbito do IFSC<\/li>\n<li><a href=\"https:\/\/forms.gle\/m46pBVq8Ut3vHzKm7\" target=\"_blank\" rel=\"noopener\">Formul\u00e1rio para Solicita\u00e7\u00f5es<\/a><\/li>\n<\/ul>\n<p>&nbsp;<\/p>\n<p><strong>Material de Apoio<\/strong><\/p>\n<ul>\n<li><a href=\"https:\/\/www.ifsc.usp.br\/cip\/wp-content\/uploads\/2025\/04\/TEA-Guia-de-orientacoes-para-as-IES.pdf\" target=\"_blank\" rel=\"noopener\">Transtorno do Espectro Autista: guia de orienta\u00e7\u00f5es para as Institui\u00e7\u00f5es de Ensino Superior<\/a><\/li>\n<li><a href=\"https:\/\/www.ifsc.usp.br\/cip\/wp-content\/uploads\/2025\/04\/Guia_CAUSP.pdf\" target=\"_blank\" rel=\"noopener\">Um guia sobre autismo para professores e funcion\u00e1rios da USP<\/a><\/li>\n<li><a href=\"https:\/\/www.ifsc.usp.br\/cip\/wp-content\/uploads\/2025\/04\/Cartilha_Cordoes_CAUSP.pdf\" target=\"_blank\" rel=\"noopener\">Cartilha &#8211; Cord\u00f5es e Seus Significados<\/a><\/li>\n<\/ul>\n","protected":false},"excerpt":{"rendered":"<p>Adapta\u00e7\u00f5es para pessoas com defici\u00eancia (f\u00edsica\/sensorial) ou TEA (Transtorno do Espectro Autista): Portaria IFSC 11\/2025 de 10\/04\/2025: disp\u00f5e sobre o fluxo para solicita\u00e7\u00e3o e implementa\u00e7\u00e3o de pr\u00e1ticas para acessibilidade e inclus\u00e3o para pessoas com defici\u00eancia, regulamentando as Portarias PRIP 059\/2024 e 065\/2024 no \u00e2mbito do IFSC Formul\u00e1rio para Solicita\u00e7\u00f5es &nbsp; Material de Apoio Transtorno do [&hellip;]<\/p>\n","protected":false},"author":6,"featured_media":0,"parent":0,"menu_order":0,"comment_status":"closed","ping_status":"closed","template":"","meta":{"footnotes":""},"class_list":["post-9778","page","type-page","status-publish","hentry"],"yoast_head":"<!-- This site is optimized with the Yoast SEO plugin v27.1.1 - https:\/\/yoast.com\/product\/yoast-seo-wordpress\/ -->\n<title>Acessibilidade e Inclus\u00e3o - Comiss\u00e3o de Inclus\u00e3o e Pertencimento (CIP)<\/title>\n<meta name=\"robots\" content=\"index, follow, max-snippet:-1, max-image-preview:large, max-video-preview:-1\" \/>\n<link rel=\"canonical\" href=\"https:\/\/www.ifsc.usp.br\/cip\/acessibilidade\/\" \/>\n<meta property=\"og:locale\" content=\"pt_BR\" \/>\n<meta property=\"og:type\" content=\"article\" \/>\n<meta property=\"og:title\" content=\"Acessibilidade e Inclus\u00e3o - Comiss\u00e3o de Inclus\u00e3o e Pertencimento (CIP)\" \/>\n<meta property=\"og:description\" content=\"Adapta\u00e7\u00f5es para pessoas com defici\u00eancia (f\u00edsica\/sensorial) ou TEA (Transtorno do Espectro Autista): Portaria IFSC 11\/2025 de 10\/04\/2025: disp\u00f5e sobre o fluxo para solicita\u00e7\u00e3o e implementa\u00e7\u00e3o de pr\u00e1ticas para acessibilidade e inclus\u00e3o para pessoas com defici\u00eancia, regulamentando as Portarias PRIP 059\/2024 e 065\/2024 no \u00e2mbito do IFSC Formul\u00e1rio para Solicita\u00e7\u00f5es &nbsp; Material de Apoio Transtorno do [&hellip;]\" \/>\n<meta property=\"og:url\" content=\"https:\/\/www.ifsc.usp.br\/cip\/acessibilidade\/\" \/>\n<meta property=\"og:site_name\" content=\"Comiss\u00e3o de Inclus\u00e3o e Pertencimento (CIP)\" \/>\n<meta property=\"article:modified_time\" content=\"2025-05-22T14:41:25+00:00\" \/>\n<meta name=\"twitter:card\" content=\"summary_large_image\" \/>\n<meta name=\"twitter:label1\" content=\"Est. tempo de leitura\" \/>\n\t<meta name=\"twitter:data1\" content=\"1 minuto\" \/>\n<script type=\"application\/ld+json\" class=\"yoast-schema-graph\">{\"@context\":\"https:\/\/schema.org\",\"@graph\":[{\"@type\":\"WebPage\",\"@id\":\"https:\/\/www.ifsc.usp.br\/cip\/acessibilidade\/\",\"url\":\"https:\/\/www.ifsc.usp.br\/cip\/acessibilidade\/\",\"name\":\"Acessibilidade e Inclus\u00e3o - Comiss\u00e3o de Inclus\u00e3o e Pertencimento (CIP)\",\"isPartOf\":{\"@id\":\"https:\/\/www.ifsc.usp.br\/cip\/#website\"},\"datePublished\":\"2025-04-22T15:21:00+00:00\",\"dateModified\":\"2025-05-22T14:41:25+00:00\",\"breadcrumb\":{\"@id\":\"https:\/\/www.ifsc.usp.br\/cip\/acessibilidade\/#breadcrumb\"},\"inLanguage\":\"pt-BR\",\"potentialAction\":[{\"@type\":\"ReadAction\",\"target\":[\"https:\/\/www.ifsc.usp.br\/cip\/acessibilidade\/\"]}]},{\"@type\":\"BreadcrumbList\",\"@id\":\"https:\/\/www.ifsc.usp.br\/cip\/acessibilidade\/#breadcrumb\",\"itemListElement\":[{\"@type\":\"ListItem\",\"position\":1,\"name\":\"Home\",\"item\":\"https:\/\/www.ifsc.usp.br\/cip\/\"},{\"@type\":\"ListItem\",\"position\":2,\"name\":\"Acessibilidade e Inclus\u00e3o\"}]},{\"@type\":\"WebSite\",\"@id\":\"https:\/\/www.ifsc.usp.br\/cip\/#website\",\"url\":\"https:\/\/www.ifsc.usp.br\/cip\/\",\"name\":\"Comiss\u00e3o de Inclus\u00e3o e Pertencimento (CIP)\",\"description\":\"Instituto de F\u00edsica de S\u00e3o Carlos\",\"potentialAction\":[{\"@type\":\"SearchAction\",\"target\":{\"@type\":\"EntryPoint\",\"urlTemplate\":\"https:\/\/www.ifsc.usp.br\/cip\/?s={search_term_string}\"},\"query-input\":{\"@type\":\"PropertyValueSpecification\",\"valueRequired\":true,\"valueName\":\"search_term_string\"}}],\"inLanguage\":\"pt-BR\"}]}<\/script>\n<!-- \/ Yoast SEO plugin. -->","yoast_head_json":{"title":"Acessibilidade e Inclus\u00e3o - Comiss\u00e3o de Inclus\u00e3o e Pertencimento (CIP)","robots":{"index":"index","follow":"follow","max-snippet":"max-snippet:-1","max-image-preview":"max-image-preview:large","max-video-preview":"max-video-preview:-1"},"canonical":"https:\/\/www.ifsc.usp.br\/cip\/acessibilidade\/","og_locale":"pt_BR","og_type":"article","og_title":"Acessibilidade e Inclus\u00e3o - Comiss\u00e3o de Inclus\u00e3o e Pertencimento (CIP)","og_description":"Adapta\u00e7\u00f5es para pessoas com defici\u00eancia (f\u00edsica\/sensorial) ou TEA (Transtorno do Espectro Autista): Portaria IFSC 11\/2025 de 10\/04\/2025: disp\u00f5e sobre o fluxo para solicita\u00e7\u00e3o e implementa\u00e7\u00e3o de pr\u00e1ticas para acessibilidade e inclus\u00e3o para pessoas com defici\u00eancia, regulamentando as Portarias PRIP 059\/2024 e 065\/2024 no \u00e2mbito do IFSC Formul\u00e1rio para Solicita\u00e7\u00f5es &nbsp; Material de Apoio Transtorno do [&hellip;]","og_url":"https:\/\/www.ifsc.usp.br\/cip\/acessibilidade\/","og_site_name":"Comiss\u00e3o de Inclus\u00e3o e Pertencimento (CIP)","article_modified_time":"2025-05-22T14:41:25+00:00","twitter_card":"summary_large_image","twitter_misc":{"Est. tempo de leitura":"1 minuto"},"schema":{"@context":"https:\/\/schema.org","@graph":[{"@type":"WebPage","@id":"https:\/\/www.ifsc.usp.br\/cip\/acessibilidade\/","url":"https:\/\/www.ifsc.usp.br\/cip\/acessibilidade\/","name":"Acessibilidade e Inclus\u00e3o - Comiss\u00e3o de Inclus\u00e3o e Pertencimento (CIP)","isPartOf":{"@id":"https:\/\/www.ifsc.usp.br\/cip\/#website"},"datePublished":"2025-04-22T15:21:00+00:00","dateModified":"2025-05-22T14:41:25+00:00","breadcrumb":{"@id":"https:\/\/www.ifsc.usp.br\/cip\/acessibilidade\/#breadcrumb"},"inLanguage":"pt-BR","potentialAction":[{"@type":"ReadAction","target":["https:\/\/www.ifsc.usp.br\/cip\/acessibilidade\/"]}]},{"@type":"BreadcrumbList","@id":"https:\/\/www.ifsc.usp.br\/cip\/acessibilidade\/#breadcrumb","itemListElement":[{"@type":"ListItem","position":1,"name":"Home","item":"https:\/\/www.ifsc.usp.br\/cip\/"},{"@type":"ListItem","position":2,"name":"Acessibilidade e Inclus\u00e3o"}]},{"@type":"WebSite","@id":"https:\/\/www.ifsc.usp.br\/cip\/#website","url":"https:\/\/www.ifsc.usp.br\/cip\/","name":"Comiss\u00e3o de Inclus\u00e3o e Pertencimento (CIP)","description":"Instituto de F\u00edsica de S\u00e3o Carlos","potentialAction":[{"@type":"SearchAction","target":{"@type":"EntryPoint","urlTemplate":"https:\/\/www.ifsc.usp.br\/cip\/?s={search_term_string}"},"query-input":{"@type":"PropertyValueSpecification","valueRequired":true,"valueName":"search_term_string"}}],"inLanguage":"pt-BR"}]}},"_links":{"self":[{"href":"https:\/\/www.ifsc.usp.br\/cip\/wp-json\/wp\/v2\/pages\/9778","targetHints":{"allow":["GET"]}}],"collection":[{"href":"https:\/\/www.ifsc.usp.br\/cip\/wp-json\/wp\/v2\/pages"}],"about":[{"href":"https:\/\/www.ifsc.usp.br\/cip\/wp-json\/wp\/v2\/types\/page"}],"author":[{"embeddable":true,"href":"https:\/\/www.ifsc.usp.br\/cip\/wp-json\/wp\/v2\/users\/6"}],"replies":[{"embeddable":true,"href":"https:\/\/www.ifsc.usp.br\/cip\/wp-json\/wp\/v2\/comments?post=9778"}],"version-history":[{"count":10,"href":"https:\/\/www.ifsc.usp.br\/cip\/wp-json\/wp\/v2\/pages\/9778\/revisions"}],"predecessor-version":[{"id":9914,"href":"https:\/\/www.ifsc.usp.br\/cip\/wp-json\/wp\/v2\/pages\/9778\/revisions\/9914"}],"wp:attachment":[{"href":"https:\/\/www.ifsc.usp.br\/cip\/wp-json\/wp\/v2\/media?parent=9778"}],"curies":[{"name":"wp","href":"https:\/\/api.w.org\/{rel}","templated":true}]}}