{"id":9844,"date":"2025-04-23T16:28:32","date_gmt":"2025-04-23T19:28:32","guid":{"rendered":"https:\/\/www.ifsc.usp.br\/cip\/?page_id=9844"},"modified":"2025-04-23T16:28:32","modified_gmt":"2025-04-23T19:28:32","slug":"apoioestudantil","status":"publish","type":"page","link":"https:\/\/www.ifsc.usp.br\/cip\/apoioestudantil\/","title":{"rendered":"Apoio Estudantil"},"content":{"rendered":"<p>Com o intuito de promover a perman\u00eancia de estudantes em condi\u00e7\u00e3o de vulnerabilidade socioecon\u00f4mica, a USP, sob coordena\u00e7\u00e3o da Pr\u00f3-Reitoria de Inclus\u00e3o e Pertencimento (PRIP), disp\u00f5e dos seguintes programas:<\/p>\n<ul>\n<li>Programa de Apoio \u00e0 Perman\u00eancia e Forma\u00e7\u00e3o Estudantil (PAPFE)<\/li>\n<li>Programa Extraor\u00e7ament\u00e1rio de Promo\u00e7\u00e3o da Diversidade Estudantil USP (USP DIVERSA)<\/li>\n<li>Aux\u00edlio Prov\u00e3o Paulista, parte de conv\u00eanio celebrado com a Secret\u00e1ria da Educa\u00e7\u00e3o do Estado de S\u00e3o Paulo.<\/li>\n<\/ul>\n<p>Mais informa\u00e7\u00f5es podem ser obtidas na <a href=\"https:\/\/prip.usp.br\/apoio-estudantil\/\" target=\"_blank\" rel=\"noopener\">p\u00e1gina da PRIP<\/a>.<\/p>\n","protected":false},"excerpt":{"rendered":"<p>Com o intuito de promover a perman\u00eancia de estudantes em condi\u00e7\u00e3o de vulnerabilidade socioecon\u00f4mica, a USP, sob coordena\u00e7\u00e3o da Pr\u00f3-Reitoria de Inclus\u00e3o e Pertencimento (PRIP), disp\u00f5e dos seguintes programas: Programa de Apoio \u00e0 Perman\u00eancia e Forma\u00e7\u00e3o Estudantil (PAPFE) Programa Extraor\u00e7ament\u00e1rio de Promo\u00e7\u00e3o da Diversidade Estudantil USP (USP DIVERSA) Aux\u00edlio Prov\u00e3o Paulista, parte de conv\u00eanio celebrado [&hellip;]<\/p>\n","protected":false},"author":6,"featured_media":0,"parent":0,"menu_order":0,"comment_status":"closed","ping_status":"closed","template":"","meta":{"footnotes":""},"class_list":["post-9844","page","type-page","status-publish","hentry"],"yoast_head":"<!-- This site is optimized with the Yoast SEO plugin v27.1.1 - https:\/\/yoast.com\/product\/yoast-seo-wordpress\/ -->\n<title>Apoio Estudantil - Comiss\u00e3o de Inclus\u00e3o e Pertencimento (CIP)<\/title>\n<meta name=\"robots\" content=\"index, follow, max-snippet:-1, max-image-preview:large, max-video-preview:-1\" \/>\n<link rel=\"canonical\" href=\"https:\/\/www.ifsc.usp.br\/cip\/apoioestudantil\/\" \/>\n<meta property=\"og:locale\" content=\"pt_BR\" \/>\n<meta property=\"og:type\" content=\"article\" \/>\n<meta property=\"og:title\" content=\"Apoio Estudantil - Comiss\u00e3o de Inclus\u00e3o e Pertencimento (CIP)\" \/>\n<meta property=\"og:description\" content=\"Com o intuito de promover a perman\u00eancia de estudantes em condi\u00e7\u00e3o de vulnerabilidade socioecon\u00f4mica, a USP, sob coordena\u00e7\u00e3o da Pr\u00f3-Reitoria de Inclus\u00e3o e Pertencimento (PRIP), disp\u00f5e dos seguintes programas: Programa de Apoio \u00e0 Perman\u00eancia e Forma\u00e7\u00e3o Estudantil (PAPFE) Programa Extraor\u00e7ament\u00e1rio de Promo\u00e7\u00e3o da Diversidade Estudantil USP (USP DIVERSA) Aux\u00edlio Prov\u00e3o Paulista, parte de conv\u00eanio celebrado [&hellip;]\" \/>\n<meta property=\"og:url\" content=\"https:\/\/www.ifsc.usp.br\/cip\/apoioestudantil\/\" \/>\n<meta property=\"og:site_name\" content=\"Comiss\u00e3o de Inclus\u00e3o e Pertencimento (CIP)\" \/>\n<meta name=\"twitter:card\" content=\"summary_large_image\" \/>\n<meta name=\"twitter:label1\" content=\"Est. tempo de leitura\" \/>\n\t<meta name=\"twitter:data1\" content=\"1 minuto\" \/>\n<script type=\"application\/ld+json\" class=\"yoast-schema-graph\">{\"@context\":\"https:\/\/schema.org\",\"@graph\":[{\"@type\":\"WebPage\",\"@id\":\"https:\/\/www.ifsc.usp.br\/cip\/apoioestudantil\/\",\"url\":\"https:\/\/www.ifsc.usp.br\/cip\/apoioestudantil\/\",\"name\":\"Apoio Estudantil - Comiss\u00e3o de Inclus\u00e3o e Pertencimento (CIP)\",\"isPartOf\":{\"@id\":\"https:\/\/www.ifsc.usp.br\/cip\/#website\"},\"datePublished\":\"2025-04-23T19:28:32+00:00\",\"breadcrumb\":{\"@id\":\"https:\/\/www.ifsc.usp.br\/cip\/apoioestudantil\/#breadcrumb\"},\"inLanguage\":\"pt-BR\",\"potentialAction\":[{\"@type\":\"ReadAction\",\"target\":[\"https:\/\/www.ifsc.usp.br\/cip\/apoioestudantil\/\"]}]},{\"@type\":\"BreadcrumbList\",\"@id\":\"https:\/\/www.ifsc.usp.br\/cip\/apoioestudantil\/#breadcrumb\",\"itemListElement\":[{\"@type\":\"ListItem\",\"position\":1,\"name\":\"Home\",\"item\":\"https:\/\/www.ifsc.usp.br\/cip\/\"},{\"@type\":\"ListItem\",\"position\":2,\"name\":\"Apoio Estudantil\"}]},{\"@type\":\"WebSite\",\"@id\":\"https:\/\/www.ifsc.usp.br\/cip\/#website\",\"url\":\"https:\/\/www.ifsc.usp.br\/cip\/\",\"name\":\"Comiss\u00e3o de Inclus\u00e3o e Pertencimento (CIP)\",\"description\":\"Instituto de F\u00edsica de S\u00e3o Carlos\",\"potentialAction\":[{\"@type\":\"SearchAction\",\"target\":{\"@type\":\"EntryPoint\",\"urlTemplate\":\"https:\/\/www.ifsc.usp.br\/cip\/?s={search_term_string}\"},\"query-input\":{\"@type\":\"PropertyValueSpecification\",\"valueRequired\":true,\"valueName\":\"search_term_string\"}}],\"inLanguage\":\"pt-BR\"}]}<\/script>\n<!-- \/ Yoast SEO plugin. -->","yoast_head_json":{"title":"Apoio Estudantil - Comiss\u00e3o de Inclus\u00e3o e Pertencimento (CIP)","robots":{"index":"index","follow":"follow","max-snippet":"max-snippet:-1","max-image-preview":"max-image-preview:large","max-video-preview":"max-video-preview:-1"},"canonical":"https:\/\/www.ifsc.usp.br\/cip\/apoioestudantil\/","og_locale":"pt_BR","og_type":"article","og_title":"Apoio Estudantil - Comiss\u00e3o de Inclus\u00e3o e Pertencimento (CIP)","og_description":"Com o intuito de promover a perman\u00eancia de estudantes em condi\u00e7\u00e3o de vulnerabilidade socioecon\u00f4mica, a USP, sob coordena\u00e7\u00e3o da Pr\u00f3-Reitoria de Inclus\u00e3o e Pertencimento (PRIP), disp\u00f5e dos seguintes programas: Programa de Apoio \u00e0 Perman\u00eancia e Forma\u00e7\u00e3o Estudantil (PAPFE) Programa Extraor\u00e7ament\u00e1rio de Promo\u00e7\u00e3o da Diversidade Estudantil USP (USP DIVERSA) Aux\u00edlio Prov\u00e3o Paulista, parte de conv\u00eanio celebrado [&hellip;]","og_url":"https:\/\/www.ifsc.usp.br\/cip\/apoioestudantil\/","og_site_name":"Comiss\u00e3o de Inclus\u00e3o e Pertencimento (CIP)","twitter_card":"summary_large_image","twitter_misc":{"Est. tempo de leitura":"1 minuto"},"schema":{"@context":"https:\/\/schema.org","@graph":[{"@type":"WebPage","@id":"https:\/\/www.ifsc.usp.br\/cip\/apoioestudantil\/","url":"https:\/\/www.ifsc.usp.br\/cip\/apoioestudantil\/","name":"Apoio Estudantil - Comiss\u00e3o de Inclus\u00e3o e Pertencimento (CIP)","isPartOf":{"@id":"https:\/\/www.ifsc.usp.br\/cip\/#website"},"datePublished":"2025-04-23T19:28:32+00:00","breadcrumb":{"@id":"https:\/\/www.ifsc.usp.br\/cip\/apoioestudantil\/#breadcrumb"},"inLanguage":"pt-BR","potentialAction":[{"@type":"ReadAction","target":["https:\/\/www.ifsc.usp.br\/cip\/apoioestudantil\/"]}]},{"@type":"BreadcrumbList","@id":"https:\/\/www.ifsc.usp.br\/cip\/apoioestudantil\/#breadcrumb","itemListElement":[{"@type":"ListItem","position":1,"name":"Home","item":"https:\/\/www.ifsc.usp.br\/cip\/"},{"@type":"ListItem","position":2,"name":"Apoio Estudantil"}]},{"@type":"WebSite","@id":"https:\/\/www.ifsc.usp.br\/cip\/#website","url":"https:\/\/www.ifsc.usp.br\/cip\/","name":"Comiss\u00e3o de Inclus\u00e3o e Pertencimento (CIP)","description":"Instituto de F\u00edsica de S\u00e3o Carlos","potentialAction":[{"@type":"SearchAction","target":{"@type":"EntryPoint","urlTemplate":"https:\/\/www.ifsc.usp.br\/cip\/?s={search_term_string}"},"query-input":{"@type":"PropertyValueSpecification","valueRequired":true,"valueName":"search_term_string"}}],"inLanguage":"pt-BR"}]}},"_links":{"self":[{"href":"https:\/\/www.ifsc.usp.br\/cip\/wp-json\/wp\/v2\/pages\/9844","targetHints":{"allow":["GET"]}}],"collection":[{"href":"https:\/\/www.ifsc.usp.br\/cip\/wp-json\/wp\/v2\/pages"}],"about":[{"href":"https:\/\/www.ifsc.usp.br\/cip\/wp-json\/wp\/v2\/types\/page"}],"author":[{"embeddable":true,"href":"https:\/\/www.ifsc.usp.br\/cip\/wp-json\/wp\/v2\/users\/6"}],"replies":[{"embeddable":true,"href":"https:\/\/www.ifsc.usp.br\/cip\/wp-json\/wp\/v2\/comments?post=9844"}],"version-history":[{"count":1,"href":"https:\/\/www.ifsc.usp.br\/cip\/wp-json\/wp\/v2\/pages\/9844\/revisions"}],"predecessor-version":[{"id":9845,"href":"https:\/\/www.ifsc.usp.br\/cip\/wp-json\/wp\/v2\/pages\/9844\/revisions\/9845"}],"wp:attachment":[{"href":"https:\/\/www.ifsc.usp.br\/cip\/wp-json\/wp\/v2\/media?parent=9844"}],"curies":[{"name":"wp","href":"https:\/\/api.w.org\/{rel}","templated":true}]}}