{"id":9847,"date":"2025-04-23T16:37:11","date_gmt":"2025-04-23T19:37:11","guid":{"rendered":"https:\/\/www.ifsc.usp.br\/cip\/?page_id=9847"},"modified":"2025-04-23T16:37:21","modified_gmt":"2025-04-23T19:37:21","slug":"ecos","status":"publish","type":"page","link":"https:\/\/www.ifsc.usp.br\/cip\/ecos\/","title":{"rendered":"Programa ECOS"},"content":{"rendered":"<p>O ECOS \u00e9 um programa de sa\u00fade mental voltado \u00e0 comunidade USP, que prop\u00f5e uma pausa na rotina universit\u00e1ria, oferecendo um espa\u00e7o de acolhimento e orienta\u00e7\u00e3o na busca de caminhos para diferentes sofrimentos e dificuldades. O programa atua em 3 frentes:<\/p>\n<ul>\n<li>Escuta, acolhimento e orienta\u00e7\u00e3o<\/li>\n<li>Articula\u00e7\u00e3o da rede de cuidados<\/li>\n<li>Apoio institucional<\/li>\n<\/ul>\n<p>Mais informa\u00e7\u00f5es podem ser obtidas na <a href=\"https:\/\/prip.usp.br\/programa-ecos\/\" target=\"_blank\" rel=\"noopener\">p\u00e1gina da PRIP<\/a>.<\/p>\n<p>&nbsp;<\/p>\n<p><strong>ECOS em S\u00e3o Carlos<\/strong><\/p>\n<p><strong>\u00c1rea 1:<\/strong> Av. Trabalhador S\u00e3o Carlense, 400 (Sala 4 \u2013 Pr\u00e9dio do Servi\u00e7o Social \u2013 pr\u00f3ximo \u00e0s quadras de t\u00eanis)<\/p>\n<p><strong>\u00c1rea 2:<\/strong> Av. Jo\u00e3o Dagnone, 1100 (Sala de Estudos \u2013 1\u2070 andar da Biblioteca PUSP; atendimento somente \u00e0s quintas, \u00e0 tarde)<\/p>\n<p><strong>E-mail:<\/strong> ecos.prip.saocarlos@usp.br<\/p>\n<p><strong>Telefone:<\/strong> (16) 3373-6648<\/p>\n<p><strong>WhatsApp:<\/strong> (16) 99779-2446<\/p>\n","protected":false},"excerpt":{"rendered":"<p>O ECOS \u00e9 um programa de sa\u00fade mental voltado \u00e0 comunidade USP, que prop\u00f5e uma pausa na rotina universit\u00e1ria, oferecendo um espa\u00e7o de acolhimento e orienta\u00e7\u00e3o na busca de caminhos para diferentes sofrimentos e dificuldades. O programa atua em 3 frentes: Escuta, acolhimento e orienta\u00e7\u00e3o Articula\u00e7\u00e3o da rede de cuidados Apoio institucional Mais informa\u00e7\u00f5es podem [&hellip;]<\/p>\n","protected":false},"author":6,"featured_media":0,"parent":0,"menu_order":0,"comment_status":"closed","ping_status":"closed","template":"","meta":{"footnotes":""},"class_list":["post-9847","page","type-page","status-publish","hentry"],"yoast_head":"<!-- This site is optimized with the Yoast SEO plugin v27.1.1 - https:\/\/yoast.com\/product\/yoast-seo-wordpress\/ -->\n<title>Programa ECOS - Comiss\u00e3o de Inclus\u00e3o e Pertencimento (CIP)<\/title>\n<meta name=\"robots\" content=\"index, follow, max-snippet:-1, max-image-preview:large, max-video-preview:-1\" \/>\n<link rel=\"canonical\" href=\"https:\/\/www.ifsc.usp.br\/cip\/ecos\/\" \/>\n<meta property=\"og:locale\" content=\"pt_BR\" \/>\n<meta property=\"og:type\" content=\"article\" \/>\n<meta property=\"og:title\" content=\"Programa ECOS - Comiss\u00e3o de Inclus\u00e3o e Pertencimento (CIP)\" \/>\n<meta property=\"og:description\" content=\"O ECOS \u00e9 um programa de sa\u00fade mental voltado \u00e0 comunidade USP, que prop\u00f5e uma pausa na rotina universit\u00e1ria, oferecendo um espa\u00e7o de acolhimento e orienta\u00e7\u00e3o na busca de caminhos para diferentes sofrimentos e dificuldades. O programa atua em 3 frentes: Escuta, acolhimento e orienta\u00e7\u00e3o Articula\u00e7\u00e3o da rede de cuidados Apoio institucional Mais informa\u00e7\u00f5es podem [&hellip;]\" \/>\n<meta property=\"og:url\" content=\"https:\/\/www.ifsc.usp.br\/cip\/ecos\/\" \/>\n<meta property=\"og:site_name\" content=\"Comiss\u00e3o de Inclus\u00e3o e Pertencimento (CIP)\" \/>\n<meta property=\"article:modified_time\" content=\"2025-04-23T19:37:21+00:00\" \/>\n<meta name=\"twitter:card\" content=\"summary_large_image\" \/>\n<meta name=\"twitter:label1\" content=\"Est. tempo de leitura\" \/>\n\t<meta name=\"twitter:data1\" content=\"1 minuto\" \/>\n<script type=\"application\/ld+json\" class=\"yoast-schema-graph\">{\"@context\":\"https:\/\/schema.org\",\"@graph\":[{\"@type\":\"WebPage\",\"@id\":\"https:\/\/www.ifsc.usp.br\/cip\/ecos\/\",\"url\":\"https:\/\/www.ifsc.usp.br\/cip\/ecos\/\",\"name\":\"Programa ECOS - Comiss\u00e3o de Inclus\u00e3o e Pertencimento (CIP)\",\"isPartOf\":{\"@id\":\"https:\/\/www.ifsc.usp.br\/cip\/#website\"},\"datePublished\":\"2025-04-23T19:37:11+00:00\",\"dateModified\":\"2025-04-23T19:37:21+00:00\",\"breadcrumb\":{\"@id\":\"https:\/\/www.ifsc.usp.br\/cip\/ecos\/#breadcrumb\"},\"inLanguage\":\"pt-BR\",\"potentialAction\":[{\"@type\":\"ReadAction\",\"target\":[\"https:\/\/www.ifsc.usp.br\/cip\/ecos\/\"]}]},{\"@type\":\"BreadcrumbList\",\"@id\":\"https:\/\/www.ifsc.usp.br\/cip\/ecos\/#breadcrumb\",\"itemListElement\":[{\"@type\":\"ListItem\",\"position\":1,\"name\":\"Home\",\"item\":\"https:\/\/www.ifsc.usp.br\/cip\/\"},{\"@type\":\"ListItem\",\"position\":2,\"name\":\"Programa ECOS\"}]},{\"@type\":\"WebSite\",\"@id\":\"https:\/\/www.ifsc.usp.br\/cip\/#website\",\"url\":\"https:\/\/www.ifsc.usp.br\/cip\/\",\"name\":\"Comiss\u00e3o de Inclus\u00e3o e Pertencimento (CIP)\",\"description\":\"Instituto de F\u00edsica de S\u00e3o Carlos\",\"potentialAction\":[{\"@type\":\"SearchAction\",\"target\":{\"@type\":\"EntryPoint\",\"urlTemplate\":\"https:\/\/www.ifsc.usp.br\/cip\/?s={search_term_string}\"},\"query-input\":{\"@type\":\"PropertyValueSpecification\",\"valueRequired\":true,\"valueName\":\"search_term_string\"}}],\"inLanguage\":\"pt-BR\"}]}<\/script>\n<!-- \/ Yoast SEO plugin. -->","yoast_head_json":{"title":"Programa ECOS - Comiss\u00e3o de Inclus\u00e3o e Pertencimento (CIP)","robots":{"index":"index","follow":"follow","max-snippet":"max-snippet:-1","max-image-preview":"max-image-preview:large","max-video-preview":"max-video-preview:-1"},"canonical":"https:\/\/www.ifsc.usp.br\/cip\/ecos\/","og_locale":"pt_BR","og_type":"article","og_title":"Programa ECOS - Comiss\u00e3o de Inclus\u00e3o e Pertencimento (CIP)","og_description":"O ECOS \u00e9 um programa de sa\u00fade mental voltado \u00e0 comunidade USP, que prop\u00f5e uma pausa na rotina universit\u00e1ria, oferecendo um espa\u00e7o de acolhimento e orienta\u00e7\u00e3o na busca de caminhos para diferentes sofrimentos e dificuldades. O programa atua em 3 frentes: Escuta, acolhimento e orienta\u00e7\u00e3o Articula\u00e7\u00e3o da rede de cuidados Apoio institucional Mais informa\u00e7\u00f5es podem [&hellip;]","og_url":"https:\/\/www.ifsc.usp.br\/cip\/ecos\/","og_site_name":"Comiss\u00e3o de Inclus\u00e3o e Pertencimento (CIP)","article_modified_time":"2025-04-23T19:37:21+00:00","twitter_card":"summary_large_image","twitter_misc":{"Est. tempo de leitura":"1 minuto"},"schema":{"@context":"https:\/\/schema.org","@graph":[{"@type":"WebPage","@id":"https:\/\/www.ifsc.usp.br\/cip\/ecos\/","url":"https:\/\/www.ifsc.usp.br\/cip\/ecos\/","name":"Programa ECOS - Comiss\u00e3o de Inclus\u00e3o e Pertencimento (CIP)","isPartOf":{"@id":"https:\/\/www.ifsc.usp.br\/cip\/#website"},"datePublished":"2025-04-23T19:37:11+00:00","dateModified":"2025-04-23T19:37:21+00:00","breadcrumb":{"@id":"https:\/\/www.ifsc.usp.br\/cip\/ecos\/#breadcrumb"},"inLanguage":"pt-BR","potentialAction":[{"@type":"ReadAction","target":["https:\/\/www.ifsc.usp.br\/cip\/ecos\/"]}]},{"@type":"BreadcrumbList","@id":"https:\/\/www.ifsc.usp.br\/cip\/ecos\/#breadcrumb","itemListElement":[{"@type":"ListItem","position":1,"name":"Home","item":"https:\/\/www.ifsc.usp.br\/cip\/"},{"@type":"ListItem","position":2,"name":"Programa ECOS"}]},{"@type":"WebSite","@id":"https:\/\/www.ifsc.usp.br\/cip\/#website","url":"https:\/\/www.ifsc.usp.br\/cip\/","name":"Comiss\u00e3o de Inclus\u00e3o e Pertencimento (CIP)","description":"Instituto de F\u00edsica de S\u00e3o Carlos","potentialAction":[{"@type":"SearchAction","target":{"@type":"EntryPoint","urlTemplate":"https:\/\/www.ifsc.usp.br\/cip\/?s={search_term_string}"},"query-input":{"@type":"PropertyValueSpecification","valueRequired":true,"valueName":"search_term_string"}}],"inLanguage":"pt-BR"}]}},"_links":{"self":[{"href":"https:\/\/www.ifsc.usp.br\/cip\/wp-json\/wp\/v2\/pages\/9847","targetHints":{"allow":["GET"]}}],"collection":[{"href":"https:\/\/www.ifsc.usp.br\/cip\/wp-json\/wp\/v2\/pages"}],"about":[{"href":"https:\/\/www.ifsc.usp.br\/cip\/wp-json\/wp\/v2\/types\/page"}],"author":[{"embeddable":true,"href":"https:\/\/www.ifsc.usp.br\/cip\/wp-json\/wp\/v2\/users\/6"}],"replies":[{"embeddable":true,"href":"https:\/\/www.ifsc.usp.br\/cip\/wp-json\/wp\/v2\/comments?post=9847"}],"version-history":[{"count":1,"href":"https:\/\/www.ifsc.usp.br\/cip\/wp-json\/wp\/v2\/pages\/9847\/revisions"}],"predecessor-version":[{"id":9848,"href":"https:\/\/www.ifsc.usp.br\/cip\/wp-json\/wp\/v2\/pages\/9847\/revisions\/9848"}],"wp:attachment":[{"href":"https:\/\/www.ifsc.usp.br\/cip\/wp-json\/wp\/v2\/media?parent=9847"}],"curies":[{"name":"wp","href":"https:\/\/api.w.org\/{rel}","templated":true}]}}