{"id":9852,"date":"2025-04-23T17:12:30","date_gmt":"2025-04-23T20:12:30","guid":{"rendered":"https:\/\/www.ifsc.usp.br\/cip\/?page_id=9852"},"modified":"2025-04-23T17:16:34","modified_gmt":"2025-04-23T20:16:34","slug":"minicursohs","status":"publish","type":"page","link":"https:\/\/www.ifsc.usp.br\/cip\/minicursohs\/","title":{"rendered":"Minicurso"},"content":{"rendered":"<p data-start=\"248\" data-end=\"639\"><strong>Desenvolvendo e Aprimorando Habilidades Sociais: do Trabalho para a Vida<\/strong><\/p>\n<p class=\"\" data-start=\"248\" data-end=\"639\">Em um ambiente universit\u00e1rio cada vez mais din\u00e2mico e colaborativo, saber se comunicar com clareza, lidar com conflitos e trabalhar em equipe de forma eficaz \u00e9 essencial. Pensando nisso, a <strong data-start=\"437\" data-end=\"507\">Comiss\u00e3o de Inclus\u00e3o e Pertencimento (CIP) do IFSC<\/strong>, oferece o minicurso <em><strong>&#8220;Desenvolvendo e Aprimorando Habilidades Sociais: do Trabalho para a Vida&#8221;<\/strong><\/em>, voltado para servidores do IFSC.<\/p>\n<p class=\"\" data-start=\"641\" data-end=\"1018\">Esse curso tem como objetivo fortalecer as compet\u00eancias interpessoais dos participantes, promovendo um ambiente de trabalho mais harmonioso, emp\u00e1tico e produtivo. A iniciativa parte da compreens\u00e3o de que o bom relacionamento entre colegas n\u00e3o apenas contribui para o bem-estar individual, como tamb\u00e9m impacta positivamente a efici\u00eancia e a imagem institucional da universidade.<\/p>\n<p class=\"\" data-start=\"1050\" data-end=\"1354\">Ao longo de <strong data-start=\"1062\" data-end=\"1086\">7 encontros semanais<\/strong>, com dura\u00e7\u00e3o de <strong data-start=\"1103\" data-end=\"1119\">2 horas cada<\/strong>, os participantes s\u00e3o guiados pela <strong data-start=\"1157\" data-end=\"1195\">Psic\u00f3loga B\u00e1rbara Kolstok Monteiro<\/strong> em uma jornada de autoconhecimento e crescimento profissional, por meio de metodologias ativas como din\u00e2micas de grupo, simula\u00e7\u00f5es, estudos de caso e debates.<\/p>\n<p data-start=\"1356\" data-end=\"1393\"><strong>Benef\u00edcios para os participantes:<\/strong><\/p>\n<ul data-start=\"1395\" data-end=\"1911\">\n<li class=\"\" data-start=\"1395\" data-end=\"1486\">\n<p class=\"\" data-start=\"1397\" data-end=\"1486\"><strong data-start=\"1397\" data-end=\"1425\">Melhoria da comunica\u00e7\u00e3o:<\/strong> Desenvolvem uma comunica\u00e7\u00e3o mais clara, assertiva e emp\u00e1tica.<\/p>\n<\/li>\n<li class=\"\" data-start=\"1487\" data-end=\"1599\">\n<p class=\"\" data-start=\"1489\" data-end=\"1599\"><strong data-start=\"1489\" data-end=\"1529\">Habilidades emocionais fortalecidas:<\/strong> Aprendem a lidar melhor com suas emo\u00e7\u00f5es e a reconhecer as dos outros.<\/p>\n<\/li>\n<li class=\"\" data-start=\"1600\" data-end=\"1699\">\n<p class=\"\" data-start=\"1602\" data-end=\"1699\"><strong data-start=\"1602\" data-end=\"1645\">Mais colabora\u00e7\u00e3o no trabalho em equipe:<\/strong> Potencializam a coopera\u00e7\u00e3o e a resolu\u00e7\u00e3o de conflitos.<\/p>\n<\/li>\n<li class=\"\" data-start=\"1700\" data-end=\"1802\">\n<p class=\"\" data-start=\"1702\" data-end=\"1802\"><strong data-start=\"1702\" data-end=\"1726\">Redu\u00e7\u00e3o do estresse:<\/strong> Rela\u00e7\u00f5es saud\u00e1veis no ambiente de trabalho promovem bem-estar e satisfa\u00e7\u00e3o.<\/p>\n<\/li>\n<li class=\"\" data-start=\"1803\" data-end=\"1911\">\n<p class=\"\" data-start=\"1805\" data-end=\"1911\"><strong data-start=\"1805\" data-end=\"1834\">Crescimento profissional:<\/strong> Ampliam suas oportunidades com habilidades essenciais para qualquer carreira.<\/p>\n<\/li>\n<\/ul>\n<p data-start=\"2823\" data-end=\"2850\"><strong>Oferecimentos:<\/strong><\/p>\n<ul data-start=\"2852\" data-end=\"3075\">\n<li class=\"\" data-start=\"2852\" data-end=\"2924\">\n<p class=\"\" data-start=\"2854\" data-end=\"2924\"><strong data-start=\"2854\" data-end=\"2864\">1a edi\u00e7\u00e3o: <\/strong>in\u00edcio em 08\/08\/2024<\/p>\n<\/li>\n<li class=\"\" data-start=\"2852\" data-end=\"2924\">\n<p class=\"\" data-start=\"2854\" data-end=\"2924\"><strong data-start=\"2854\" data-end=\"2864\">2a edi\u00e7\u00e3o: <\/strong>in\u00edcio em 24\/04\/2025<\/p>\n<\/li>\n<\/ul>\n","protected":false},"excerpt":{"rendered":"<p>Desenvolvendo e Aprimorando Habilidades Sociais: do Trabalho para a Vida Em um ambiente universit\u00e1rio cada vez mais din\u00e2mico e colaborativo, saber se comunicar com clareza, lidar com conflitos e trabalhar em equipe de forma eficaz \u00e9 essencial. Pensando nisso, a Comiss\u00e3o de Inclus\u00e3o e Pertencimento (CIP) do IFSC, oferece o minicurso &#8220;Desenvolvendo e Aprimorando Habilidades [&hellip;]<\/p>\n","protected":false},"author":6,"featured_media":0,"parent":0,"menu_order":0,"comment_status":"closed","ping_status":"closed","template":"","meta":{"footnotes":""},"class_list":["post-9852","page","type-page","status-publish","hentry"],"yoast_head":"<!-- This site is optimized with the Yoast SEO plugin v27.1.1 - https:\/\/yoast.com\/product\/yoast-seo-wordpress\/ -->\n<title>Minicurso - Comiss\u00e3o de Inclus\u00e3o e Pertencimento (CIP)<\/title>\n<meta name=\"robots\" content=\"index, follow, max-snippet:-1, max-image-preview:large, max-video-preview:-1\" \/>\n<link rel=\"canonical\" href=\"https:\/\/www.ifsc.usp.br\/cip\/minicursohs\/\" \/>\n<meta property=\"og:locale\" content=\"pt_BR\" \/>\n<meta property=\"og:type\" content=\"article\" \/>\n<meta property=\"og:title\" content=\"Minicurso - Comiss\u00e3o de Inclus\u00e3o e Pertencimento (CIP)\" \/>\n<meta property=\"og:description\" content=\"Desenvolvendo e Aprimorando Habilidades Sociais: do Trabalho para a Vida Em um ambiente universit\u00e1rio cada vez mais din\u00e2mico e colaborativo, saber se comunicar com clareza, lidar com conflitos e trabalhar em equipe de forma eficaz \u00e9 essencial. Pensando nisso, a Comiss\u00e3o de Inclus\u00e3o e Pertencimento (CIP) do IFSC, oferece o minicurso &#8220;Desenvolvendo e Aprimorando Habilidades [&hellip;]\" \/>\n<meta property=\"og:url\" content=\"https:\/\/www.ifsc.usp.br\/cip\/minicursohs\/\" \/>\n<meta property=\"og:site_name\" content=\"Comiss\u00e3o de Inclus\u00e3o e Pertencimento (CIP)\" \/>\n<meta property=\"article:modified_time\" content=\"2025-04-23T20:16:34+00:00\" \/>\n<meta name=\"twitter:card\" content=\"summary_large_image\" \/>\n<meta name=\"twitter:label1\" content=\"Est. tempo de leitura\" \/>\n\t<meta name=\"twitter:data1\" content=\"2 minutos\" \/>\n<script type=\"application\/ld+json\" class=\"yoast-schema-graph\">{\"@context\":\"https:\/\/schema.org\",\"@graph\":[{\"@type\":\"WebPage\",\"@id\":\"https:\/\/www.ifsc.usp.br\/cip\/minicursohs\/\",\"url\":\"https:\/\/www.ifsc.usp.br\/cip\/minicursohs\/\",\"name\":\"Minicurso - Comiss\u00e3o de Inclus\u00e3o e Pertencimento (CIP)\",\"isPartOf\":{\"@id\":\"https:\/\/www.ifsc.usp.br\/cip\/#website\"},\"datePublished\":\"2025-04-23T20:12:30+00:00\",\"dateModified\":\"2025-04-23T20:16:34+00:00\",\"breadcrumb\":{\"@id\":\"https:\/\/www.ifsc.usp.br\/cip\/minicursohs\/#breadcrumb\"},\"inLanguage\":\"pt-BR\",\"potentialAction\":[{\"@type\":\"ReadAction\",\"target\":[\"https:\/\/www.ifsc.usp.br\/cip\/minicursohs\/\"]}]},{\"@type\":\"BreadcrumbList\",\"@id\":\"https:\/\/www.ifsc.usp.br\/cip\/minicursohs\/#breadcrumb\",\"itemListElement\":[{\"@type\":\"ListItem\",\"position\":1,\"name\":\"Home\",\"item\":\"https:\/\/www.ifsc.usp.br\/cip\/\"},{\"@type\":\"ListItem\",\"position\":2,\"name\":\"Minicurso\"}]},{\"@type\":\"WebSite\",\"@id\":\"https:\/\/www.ifsc.usp.br\/cip\/#website\",\"url\":\"https:\/\/www.ifsc.usp.br\/cip\/\",\"name\":\"Comiss\u00e3o de Inclus\u00e3o e Pertencimento (CIP)\",\"description\":\"Instituto de F\u00edsica de S\u00e3o Carlos\",\"potentialAction\":[{\"@type\":\"SearchAction\",\"target\":{\"@type\":\"EntryPoint\",\"urlTemplate\":\"https:\/\/www.ifsc.usp.br\/cip\/?s={search_term_string}\"},\"query-input\":{\"@type\":\"PropertyValueSpecification\",\"valueRequired\":true,\"valueName\":\"search_term_string\"}}],\"inLanguage\":\"pt-BR\"}]}<\/script>\n<!-- \/ Yoast SEO plugin. -->","yoast_head_json":{"title":"Minicurso - Comiss\u00e3o de Inclus\u00e3o e Pertencimento (CIP)","robots":{"index":"index","follow":"follow","max-snippet":"max-snippet:-1","max-image-preview":"max-image-preview:large","max-video-preview":"max-video-preview:-1"},"canonical":"https:\/\/www.ifsc.usp.br\/cip\/minicursohs\/","og_locale":"pt_BR","og_type":"article","og_title":"Minicurso - Comiss\u00e3o de Inclus\u00e3o e Pertencimento (CIP)","og_description":"Desenvolvendo e Aprimorando Habilidades Sociais: do Trabalho para a Vida Em um ambiente universit\u00e1rio cada vez mais din\u00e2mico e colaborativo, saber se comunicar com clareza, lidar com conflitos e trabalhar em equipe de forma eficaz \u00e9 essencial. Pensando nisso, a Comiss\u00e3o de Inclus\u00e3o e Pertencimento (CIP) do IFSC, oferece o minicurso &#8220;Desenvolvendo e Aprimorando Habilidades [&hellip;]","og_url":"https:\/\/www.ifsc.usp.br\/cip\/minicursohs\/","og_site_name":"Comiss\u00e3o de Inclus\u00e3o e Pertencimento (CIP)","article_modified_time":"2025-04-23T20:16:34+00:00","twitter_card":"summary_large_image","twitter_misc":{"Est. tempo de leitura":"2 minutos"},"schema":{"@context":"https:\/\/schema.org","@graph":[{"@type":"WebPage","@id":"https:\/\/www.ifsc.usp.br\/cip\/minicursohs\/","url":"https:\/\/www.ifsc.usp.br\/cip\/minicursohs\/","name":"Minicurso - Comiss\u00e3o de Inclus\u00e3o e Pertencimento (CIP)","isPartOf":{"@id":"https:\/\/www.ifsc.usp.br\/cip\/#website"},"datePublished":"2025-04-23T20:12:30+00:00","dateModified":"2025-04-23T20:16:34+00:00","breadcrumb":{"@id":"https:\/\/www.ifsc.usp.br\/cip\/minicursohs\/#breadcrumb"},"inLanguage":"pt-BR","potentialAction":[{"@type":"ReadAction","target":["https:\/\/www.ifsc.usp.br\/cip\/minicursohs\/"]}]},{"@type":"BreadcrumbList","@id":"https:\/\/www.ifsc.usp.br\/cip\/minicursohs\/#breadcrumb","itemListElement":[{"@type":"ListItem","position":1,"name":"Home","item":"https:\/\/www.ifsc.usp.br\/cip\/"},{"@type":"ListItem","position":2,"name":"Minicurso"}]},{"@type":"WebSite","@id":"https:\/\/www.ifsc.usp.br\/cip\/#website","url":"https:\/\/www.ifsc.usp.br\/cip\/","name":"Comiss\u00e3o de Inclus\u00e3o e Pertencimento (CIP)","description":"Instituto de F\u00edsica de S\u00e3o Carlos","potentialAction":[{"@type":"SearchAction","target":{"@type":"EntryPoint","urlTemplate":"https:\/\/www.ifsc.usp.br\/cip\/?s={search_term_string}"},"query-input":{"@type":"PropertyValueSpecification","valueRequired":true,"valueName":"search_term_string"}}],"inLanguage":"pt-BR"}]}},"_links":{"self":[{"href":"https:\/\/www.ifsc.usp.br\/cip\/wp-json\/wp\/v2\/pages\/9852","targetHints":{"allow":["GET"]}}],"collection":[{"href":"https:\/\/www.ifsc.usp.br\/cip\/wp-json\/wp\/v2\/pages"}],"about":[{"href":"https:\/\/www.ifsc.usp.br\/cip\/wp-json\/wp\/v2\/types\/page"}],"author":[{"embeddable":true,"href":"https:\/\/www.ifsc.usp.br\/cip\/wp-json\/wp\/v2\/users\/6"}],"replies":[{"embeddable":true,"href":"https:\/\/www.ifsc.usp.br\/cip\/wp-json\/wp\/v2\/comments?post=9852"}],"version-history":[{"count":4,"href":"https:\/\/www.ifsc.usp.br\/cip\/wp-json\/wp\/v2\/pages\/9852\/revisions"}],"predecessor-version":[{"id":9857,"href":"https:\/\/www.ifsc.usp.br\/cip\/wp-json\/wp\/v2\/pages\/9852\/revisions\/9857"}],"wp:attachment":[{"href":"https:\/\/www.ifsc.usp.br\/cip\/wp-json\/wp\/v2\/media?parent=9852"}],"curies":[{"name":"wp","href":"https:\/\/api.w.org\/{rel}","templated":true}]}}