{"id":9907,"date":"2025-05-15T11:24:47","date_gmt":"2025-05-15T14:24:47","guid":{"rendered":"https:\/\/www.ifsc.usp.br\/cip\/?page_id=9907"},"modified":"2025-05-15T11:32:57","modified_gmt":"2025-05-15T14:32:57","slug":"educativo","status":"publish","type":"page","link":"https:\/\/www.ifsc.usp.br\/cip\/educativo\/","title":{"rendered":"Material Educativo"},"content":{"rendered":"<p><strong>Ass\u00e9dio<\/strong><\/p>\n<ul>\n<li><a href=\"https:\/\/www.ifsc.usp.br\/cip\/wp-content\/uploads\/2025\/05\/Cartilha-de-Prevencao-aos-Assedios-Moral-e-Sexual.pdf\" target=\"_blank\" rel=\"noopener\">Cartilha de Preven\u00e7\u00e3o de Ass\u00e9dio Moral e Sexual<\/a><\/li>\n<\/ul>\n<p>&nbsp;<\/p>\n<p><strong>Transtorno do Espectro Autista<\/strong><\/p>\n<ul>\n<li><a href=\"https:\/\/www.ifsc.usp.br\/cip\/wp-content\/uploads\/2025\/04\/TEA-Guia-de-orientacoes-para-as-IES.pdf\" target=\"_blank\" rel=\"noopener\">Transtorno do Espectro Autista: guia de orienta\u00e7\u00f5es para as Institui\u00e7\u00f5es de Ensino Superior<\/a><\/li>\n<li><a href=\"https:\/\/www.ifsc.usp.br\/cip\/wp-content\/uploads\/2025\/04\/Guia_CAUSP.pdf\" target=\"_blank\" rel=\"noopener\">Um guia sobre autismo para professores e funcion\u00e1rios da USP<\/a><\/li>\n<li><a href=\"https:\/\/www.ifsc.usp.br\/cip\/wp-content\/uploads\/2025\/04\/Cartilha_Cordoes_CAUSP.pdf\" target=\"_blank\" rel=\"noopener\">Cartilha &#8211; Cord\u00f5es e Seus Significados<\/a><\/li>\n<\/ul>\n<p>&nbsp;<\/p>\n<p><strong>Suic\u00eddio<\/strong><\/p>\n<ul>\n<li><a href=\"https:\/\/www.ifsc.usp.br\/cip\/wp-content\/uploads\/2025\/05\/Cartilha-de-Prevencao-ao-Suicidio-Guia-para-Docentes.pdf\" target=\"_blank\" rel=\"noopener\">Cartilha de Preven\u00e7\u00e3o ao Suic\u00eddio &#8211; Um Guia para Docentes<\/a><\/li>\n<\/ul>\n<p>&nbsp;<\/p>\n","protected":false},"excerpt":{"rendered":"<p>Ass\u00e9dio Cartilha de Preven\u00e7\u00e3o de Ass\u00e9dio Moral e Sexual &nbsp; Transtorno do Espectro Autista Transtorno do Espectro Autista: guia de orienta\u00e7\u00f5es para as Institui\u00e7\u00f5es de Ensino Superior Um guia sobre autismo para professores e funcion\u00e1rios da USP Cartilha &#8211; Cord\u00f5es e Seus Significados &nbsp; Suic\u00eddio Cartilha de Preven\u00e7\u00e3o ao Suic\u00eddio &#8211; Um Guia para Docentes [&hellip;]<\/p>\n","protected":false},"author":6,"featured_media":0,"parent":0,"menu_order":0,"comment_status":"closed","ping_status":"closed","template":"","meta":{"footnotes":""},"class_list":["post-9907","page","type-page","status-publish","hentry"],"yoast_head":"<!-- This site is optimized with the Yoast SEO plugin v27.1.1 - https:\/\/yoast.com\/product\/yoast-seo-wordpress\/ -->\n<title>Material Educativo - Comiss\u00e3o de Inclus\u00e3o e Pertencimento (CIP)<\/title>\n<meta name=\"robots\" content=\"index, follow, max-snippet:-1, max-image-preview:large, max-video-preview:-1\" \/>\n<link rel=\"canonical\" href=\"https:\/\/www.ifsc.usp.br\/cip\/educativo\/\" \/>\n<meta property=\"og:locale\" content=\"pt_BR\" \/>\n<meta property=\"og:type\" content=\"article\" \/>\n<meta property=\"og:title\" content=\"Material Educativo - Comiss\u00e3o de Inclus\u00e3o e Pertencimento (CIP)\" \/>\n<meta property=\"og:description\" content=\"Ass\u00e9dio Cartilha de Preven\u00e7\u00e3o de Ass\u00e9dio Moral e Sexual &nbsp; Transtorno do Espectro Autista Transtorno do Espectro Autista: guia de orienta\u00e7\u00f5es para as Institui\u00e7\u00f5es de Ensino Superior Um guia sobre autismo para professores e funcion\u00e1rios da USP Cartilha &#8211; Cord\u00f5es e Seus Significados &nbsp; Suic\u00eddio Cartilha de Preven\u00e7\u00e3o ao Suic\u00eddio &#8211; Um Guia para Docentes [&hellip;]\" \/>\n<meta property=\"og:url\" content=\"https:\/\/www.ifsc.usp.br\/cip\/educativo\/\" \/>\n<meta property=\"og:site_name\" content=\"Comiss\u00e3o de Inclus\u00e3o e Pertencimento (CIP)\" \/>\n<meta property=\"article:modified_time\" content=\"2025-05-15T14:32:57+00:00\" \/>\n<meta name=\"twitter:card\" content=\"summary_large_image\" \/>\n<meta name=\"twitter:label1\" content=\"Est. tempo de leitura\" \/>\n\t<meta name=\"twitter:data1\" content=\"1 minuto\" \/>\n<script type=\"application\/ld+json\" class=\"yoast-schema-graph\">{\"@context\":\"https:\/\/schema.org\",\"@graph\":[{\"@type\":\"WebPage\",\"@id\":\"https:\/\/www.ifsc.usp.br\/cip\/educativo\/\",\"url\":\"https:\/\/www.ifsc.usp.br\/cip\/educativo\/\",\"name\":\"Material Educativo - Comiss\u00e3o de Inclus\u00e3o e Pertencimento (CIP)\",\"isPartOf\":{\"@id\":\"https:\/\/www.ifsc.usp.br\/cip\/#website\"},\"datePublished\":\"2025-05-15T14:24:47+00:00\",\"dateModified\":\"2025-05-15T14:32:57+00:00\",\"breadcrumb\":{\"@id\":\"https:\/\/www.ifsc.usp.br\/cip\/educativo\/#breadcrumb\"},\"inLanguage\":\"pt-BR\",\"potentialAction\":[{\"@type\":\"ReadAction\",\"target\":[\"https:\/\/www.ifsc.usp.br\/cip\/educativo\/\"]}]},{\"@type\":\"BreadcrumbList\",\"@id\":\"https:\/\/www.ifsc.usp.br\/cip\/educativo\/#breadcrumb\",\"itemListElement\":[{\"@type\":\"ListItem\",\"position\":1,\"name\":\"Home\",\"item\":\"https:\/\/www.ifsc.usp.br\/cip\/\"},{\"@type\":\"ListItem\",\"position\":2,\"name\":\"Material Educativo\"}]},{\"@type\":\"WebSite\",\"@id\":\"https:\/\/www.ifsc.usp.br\/cip\/#website\",\"url\":\"https:\/\/www.ifsc.usp.br\/cip\/\",\"name\":\"Comiss\u00e3o de Inclus\u00e3o e Pertencimento (CIP)\",\"description\":\"Instituto de F\u00edsica de S\u00e3o Carlos\",\"potentialAction\":[{\"@type\":\"SearchAction\",\"target\":{\"@type\":\"EntryPoint\",\"urlTemplate\":\"https:\/\/www.ifsc.usp.br\/cip\/?s={search_term_string}\"},\"query-input\":{\"@type\":\"PropertyValueSpecification\",\"valueRequired\":true,\"valueName\":\"search_term_string\"}}],\"inLanguage\":\"pt-BR\"}]}<\/script>\n<!-- \/ Yoast SEO plugin. -->","yoast_head_json":{"title":"Material Educativo - Comiss\u00e3o de Inclus\u00e3o e Pertencimento (CIP)","robots":{"index":"index","follow":"follow","max-snippet":"max-snippet:-1","max-image-preview":"max-image-preview:large","max-video-preview":"max-video-preview:-1"},"canonical":"https:\/\/www.ifsc.usp.br\/cip\/educativo\/","og_locale":"pt_BR","og_type":"article","og_title":"Material Educativo - Comiss\u00e3o de Inclus\u00e3o e Pertencimento (CIP)","og_description":"Ass\u00e9dio Cartilha de Preven\u00e7\u00e3o de Ass\u00e9dio Moral e Sexual &nbsp; Transtorno do Espectro Autista Transtorno do Espectro Autista: guia de orienta\u00e7\u00f5es para as Institui\u00e7\u00f5es de Ensino Superior Um guia sobre autismo para professores e funcion\u00e1rios da USP Cartilha &#8211; Cord\u00f5es e Seus Significados &nbsp; Suic\u00eddio Cartilha de Preven\u00e7\u00e3o ao Suic\u00eddio &#8211; Um Guia para Docentes [&hellip;]","og_url":"https:\/\/www.ifsc.usp.br\/cip\/educativo\/","og_site_name":"Comiss\u00e3o de Inclus\u00e3o e Pertencimento (CIP)","article_modified_time":"2025-05-15T14:32:57+00:00","twitter_card":"summary_large_image","twitter_misc":{"Est. tempo de leitura":"1 minuto"},"schema":{"@context":"https:\/\/schema.org","@graph":[{"@type":"WebPage","@id":"https:\/\/www.ifsc.usp.br\/cip\/educativo\/","url":"https:\/\/www.ifsc.usp.br\/cip\/educativo\/","name":"Material Educativo - Comiss\u00e3o de Inclus\u00e3o e Pertencimento (CIP)","isPartOf":{"@id":"https:\/\/www.ifsc.usp.br\/cip\/#website"},"datePublished":"2025-05-15T14:24:47+00:00","dateModified":"2025-05-15T14:32:57+00:00","breadcrumb":{"@id":"https:\/\/www.ifsc.usp.br\/cip\/educativo\/#breadcrumb"},"inLanguage":"pt-BR","potentialAction":[{"@type":"ReadAction","target":["https:\/\/www.ifsc.usp.br\/cip\/educativo\/"]}]},{"@type":"BreadcrumbList","@id":"https:\/\/www.ifsc.usp.br\/cip\/educativo\/#breadcrumb","itemListElement":[{"@type":"ListItem","position":1,"name":"Home","item":"https:\/\/www.ifsc.usp.br\/cip\/"},{"@type":"ListItem","position":2,"name":"Material Educativo"}]},{"@type":"WebSite","@id":"https:\/\/www.ifsc.usp.br\/cip\/#website","url":"https:\/\/www.ifsc.usp.br\/cip\/","name":"Comiss\u00e3o de Inclus\u00e3o e Pertencimento (CIP)","description":"Instituto de F\u00edsica de S\u00e3o Carlos","potentialAction":[{"@type":"SearchAction","target":{"@type":"EntryPoint","urlTemplate":"https:\/\/www.ifsc.usp.br\/cip\/?s={search_term_string}"},"query-input":{"@type":"PropertyValueSpecification","valueRequired":true,"valueName":"search_term_string"}}],"inLanguage":"pt-BR"}]}},"_links":{"self":[{"href":"https:\/\/www.ifsc.usp.br\/cip\/wp-json\/wp\/v2\/pages\/9907","targetHints":{"allow":["GET"]}}],"collection":[{"href":"https:\/\/www.ifsc.usp.br\/cip\/wp-json\/wp\/v2\/pages"}],"about":[{"href":"https:\/\/www.ifsc.usp.br\/cip\/wp-json\/wp\/v2\/types\/page"}],"author":[{"embeddable":true,"href":"https:\/\/www.ifsc.usp.br\/cip\/wp-json\/wp\/v2\/users\/6"}],"replies":[{"embeddable":true,"href":"https:\/\/www.ifsc.usp.br\/cip\/wp-json\/wp\/v2\/comments?post=9907"}],"version-history":[{"count":7,"href":"https:\/\/www.ifsc.usp.br\/cip\/wp-json\/wp\/v2\/pages\/9907\/revisions"}],"predecessor-version":[{"id":9917,"href":"https:\/\/www.ifsc.usp.br\/cip\/wp-json\/wp\/v2\/pages\/9907\/revisions\/9917"}],"wp:attachment":[{"href":"https:\/\/www.ifsc.usp.br\/cip\/wp-json\/wp\/v2\/media?parent=9907"}],"curies":[{"name":"wp","href":"https:\/\/api.w.org\/{rel}","templated":true}]}}