{"id":9920,"date":"2025-05-15T11:41:04","date_gmt":"2025-05-15T14:41:04","guid":{"rendered":"https:\/\/www.ifsc.usp.br\/cip\/?page_id=9920"},"modified":"2025-05-15T11:48:31","modified_gmt":"2025-05-15T14:48:31","slug":"letramento","status":"publish","type":"page","link":"https:\/\/www.ifsc.usp.br\/cip\/letramento\/","title":{"rendered":"Letramento Racial"},"content":{"rendered":"<p data-start=\"248\" data-end=\"639\"><strong>Letramento Racial<\/strong><\/p>\n<p>Como parte de nosso compromisso com a equidade, a inclus\u00e3o e o respeito \u00e0 diversidade, a <strong data-start=\"437\" data-end=\"507\">Comiss\u00e3o de Inclus\u00e3o e Pertencimento (CIP) do IFSC<\/strong> desenvolve a\u00e7\u00f5es voltadas ao letramento racial. Esse processo consiste na amplia\u00e7\u00e3o da consci\u00eancia cr\u00edtica sobre as quest\u00f5es raciais, permitindo identificar, compreender e combater o racismo em suas m\u00faltiplas formas \u2014 estruturais, institucionais e interpessoais.<\/p>\n<p>O letramento racial vai al\u00e9m da simples informa\u00e7\u00e3o: ele promove reflex\u00f5es profundas sobre os impactos hist\u00f3ricos do racismo, os privil\u00e9gios raciais e as desigualdades que ainda persistem na sociedade. \u00c9 uma ferramenta fundamental para transformar comportamentos, promover a empatia e fortalecer uma cultura organizacional mais justa e antirracista.<\/p>\n<p>Entre as a\u00e7\u00f5es promovidas, destacamos a forma\u00e7\u00e3o espec\u00edfica para participa\u00e7\u00e3o em bancas de heteroidentifica\u00e7\u00e3o, uma etapa essencial para garantir a lisura e a justi\u00e7a nos processos seletivos com cotas raciais. Essa forma\u00e7\u00e3o busca preparar os participantes com base em crit\u00e9rios t\u00e9cnicos, \u00e9ticos e legais, promovendo a responsabilidade e a sensibilidade necess\u00e1rias para o reconhecimento da autodeclara\u00e7\u00e3o racial, conforme diretrizes de pol\u00edticas p\u00fablicas de a\u00e7\u00f5es afirmativas.<\/p>\n<p>Entendemos que o enfrentamento ao racismo \u00e9 uma responsabilidade de todos e deve estar presente no cotidiano da institui\u00e7\u00e3o. Ao investir em letramento racial, reafirmamos nosso compromisso com a dignidade humana, a valoriza\u00e7\u00e3o da diversidade e a constru\u00e7\u00e3o de um ambiente em que todas as pessoas possam ser respeitadas em sua identidade, hist\u00f3ria e trajet\u00f3ria.<\/p>\n<p data-start=\"2823\" data-end=\"2850\"><strong>Oferecimentos:<\/strong><\/p>\n<ul data-start=\"2852\" data-end=\"3075\">\n<li class=\"\" data-start=\"2852\" data-end=\"2924\">\n<p class=\"\" data-start=\"2854\" data-end=\"2924\"><strong data-start=\"2854\" data-end=\"2864\">1a edi\u00e7\u00e3o: <\/strong>\u00a021\/08\/2023 com a participa\u00e7\u00e3o de Lucas M\u00f3dolo, consultor em Rela\u00e7\u00f5es Raciais com foco no tema das bancas de heteroidentifica\u00e7\u00e3o e na modelagem de programas de diversidade e de a\u00e7\u00f5es afirmativas pelo Estado e pelo mundo corporativo. (Carga hor\u00e1ria: 2h30; duas turmas (manh\u00e3 e tarde)).<\/p>\n<\/li>\n<li class=\"\" data-start=\"2852\" data-end=\"2924\">\n<p class=\"\" data-start=\"2854\" data-end=\"2924\"><strong data-start=\"2854\" data-end=\"2864\">2a edi\u00e7\u00e3o:<\/strong> 05 e 06\/05\/2025 com a participa\u00e7\u00e3o do Prof. Dr. Rodrigo Ednilson de Jesus, Presidente da Comiss\u00e3o Permanente de A\u00e7\u00f5es Afirmativas e Inclus\u00e3o Social da Universidade Federal de Minas Gerais (UFMG). (Carga hor\u00e1ria: 5h30).<\/p>\n<\/li>\n<\/ul>\n","protected":false},"excerpt":{"rendered":"<p>Letramento Racial Como parte de nosso compromisso com a equidade, a inclus\u00e3o e o respeito \u00e0 diversidade, a Comiss\u00e3o de Inclus\u00e3o e Pertencimento (CIP) do IFSC desenvolve a\u00e7\u00f5es voltadas ao letramento racial. Esse processo consiste na amplia\u00e7\u00e3o da consci\u00eancia cr\u00edtica sobre as quest\u00f5es raciais, permitindo identificar, compreender e combater o racismo em suas m\u00faltiplas formas [&hellip;]<\/p>\n","protected":false},"author":6,"featured_media":0,"parent":0,"menu_order":0,"comment_status":"closed","ping_status":"closed","template":"","meta":{"footnotes":""},"class_list":["post-9920","page","type-page","status-publish","hentry"],"yoast_head":"<!-- This site is optimized with the Yoast SEO plugin v27.1.1 - https:\/\/yoast.com\/product\/yoast-seo-wordpress\/ -->\n<title>Letramento Racial - Comiss\u00e3o de Inclus\u00e3o e Pertencimento (CIP)<\/title>\n<meta name=\"robots\" content=\"index, follow, max-snippet:-1, max-image-preview:large, max-video-preview:-1\" \/>\n<link rel=\"canonical\" href=\"https:\/\/www.ifsc.usp.br\/cip\/letramento\/\" \/>\n<meta property=\"og:locale\" content=\"pt_BR\" \/>\n<meta property=\"og:type\" content=\"article\" \/>\n<meta property=\"og:title\" content=\"Letramento Racial - Comiss\u00e3o de Inclus\u00e3o e Pertencimento (CIP)\" \/>\n<meta property=\"og:description\" content=\"Letramento Racial Como parte de nosso compromisso com a equidade, a inclus\u00e3o e o respeito \u00e0 diversidade, a Comiss\u00e3o de Inclus\u00e3o e Pertencimento (CIP) do IFSC desenvolve a\u00e7\u00f5es voltadas ao letramento racial. Esse processo consiste na amplia\u00e7\u00e3o da consci\u00eancia cr\u00edtica sobre as quest\u00f5es raciais, permitindo identificar, compreender e combater o racismo em suas m\u00faltiplas formas [&hellip;]\" \/>\n<meta property=\"og:url\" content=\"https:\/\/www.ifsc.usp.br\/cip\/letramento\/\" \/>\n<meta property=\"og:site_name\" content=\"Comiss\u00e3o de Inclus\u00e3o e Pertencimento (CIP)\" \/>\n<meta property=\"article:modified_time\" content=\"2025-05-15T14:48:31+00:00\" \/>\n<meta name=\"twitter:card\" content=\"summary_large_image\" \/>\n<meta name=\"twitter:label1\" content=\"Est. tempo de leitura\" \/>\n\t<meta name=\"twitter:data1\" content=\"2 minutos\" \/>\n<script type=\"application\/ld+json\" class=\"yoast-schema-graph\">{\"@context\":\"https:\/\/schema.org\",\"@graph\":[{\"@type\":\"WebPage\",\"@id\":\"https:\/\/www.ifsc.usp.br\/cip\/letramento\/\",\"url\":\"https:\/\/www.ifsc.usp.br\/cip\/letramento\/\",\"name\":\"Letramento Racial - Comiss\u00e3o de Inclus\u00e3o e Pertencimento (CIP)\",\"isPartOf\":{\"@id\":\"https:\/\/www.ifsc.usp.br\/cip\/#website\"},\"datePublished\":\"2025-05-15T14:41:04+00:00\",\"dateModified\":\"2025-05-15T14:48:31+00:00\",\"breadcrumb\":{\"@id\":\"https:\/\/www.ifsc.usp.br\/cip\/letramento\/#breadcrumb\"},\"inLanguage\":\"pt-BR\",\"potentialAction\":[{\"@type\":\"ReadAction\",\"target\":[\"https:\/\/www.ifsc.usp.br\/cip\/letramento\/\"]}]},{\"@type\":\"BreadcrumbList\",\"@id\":\"https:\/\/www.ifsc.usp.br\/cip\/letramento\/#breadcrumb\",\"itemListElement\":[{\"@type\":\"ListItem\",\"position\":1,\"name\":\"Home\",\"item\":\"https:\/\/www.ifsc.usp.br\/cip\/\"},{\"@type\":\"ListItem\",\"position\":2,\"name\":\"Letramento Racial\"}]},{\"@type\":\"WebSite\",\"@id\":\"https:\/\/www.ifsc.usp.br\/cip\/#website\",\"url\":\"https:\/\/www.ifsc.usp.br\/cip\/\",\"name\":\"Comiss\u00e3o de Inclus\u00e3o e Pertencimento (CIP)\",\"description\":\"Instituto de F\u00edsica de S\u00e3o Carlos\",\"potentialAction\":[{\"@type\":\"SearchAction\",\"target\":{\"@type\":\"EntryPoint\",\"urlTemplate\":\"https:\/\/www.ifsc.usp.br\/cip\/?s={search_term_string}\"},\"query-input\":{\"@type\":\"PropertyValueSpecification\",\"valueRequired\":true,\"valueName\":\"search_term_string\"}}],\"inLanguage\":\"pt-BR\"}]}<\/script>\n<!-- \/ Yoast SEO plugin. -->","yoast_head_json":{"title":"Letramento Racial - Comiss\u00e3o de Inclus\u00e3o e Pertencimento (CIP)","robots":{"index":"index","follow":"follow","max-snippet":"max-snippet:-1","max-image-preview":"max-image-preview:large","max-video-preview":"max-video-preview:-1"},"canonical":"https:\/\/www.ifsc.usp.br\/cip\/letramento\/","og_locale":"pt_BR","og_type":"article","og_title":"Letramento Racial - Comiss\u00e3o de Inclus\u00e3o e Pertencimento (CIP)","og_description":"Letramento Racial Como parte de nosso compromisso com a equidade, a inclus\u00e3o e o respeito \u00e0 diversidade, a Comiss\u00e3o de Inclus\u00e3o e Pertencimento (CIP) do IFSC desenvolve a\u00e7\u00f5es voltadas ao letramento racial. Esse processo consiste na amplia\u00e7\u00e3o da consci\u00eancia cr\u00edtica sobre as quest\u00f5es raciais, permitindo identificar, compreender e combater o racismo em suas m\u00faltiplas formas [&hellip;]","og_url":"https:\/\/www.ifsc.usp.br\/cip\/letramento\/","og_site_name":"Comiss\u00e3o de Inclus\u00e3o e Pertencimento (CIP)","article_modified_time":"2025-05-15T14:48:31+00:00","twitter_card":"summary_large_image","twitter_misc":{"Est. tempo de leitura":"2 minutos"},"schema":{"@context":"https:\/\/schema.org","@graph":[{"@type":"WebPage","@id":"https:\/\/www.ifsc.usp.br\/cip\/letramento\/","url":"https:\/\/www.ifsc.usp.br\/cip\/letramento\/","name":"Letramento Racial - Comiss\u00e3o de Inclus\u00e3o e Pertencimento (CIP)","isPartOf":{"@id":"https:\/\/www.ifsc.usp.br\/cip\/#website"},"datePublished":"2025-05-15T14:41:04+00:00","dateModified":"2025-05-15T14:48:31+00:00","breadcrumb":{"@id":"https:\/\/www.ifsc.usp.br\/cip\/letramento\/#breadcrumb"},"inLanguage":"pt-BR","potentialAction":[{"@type":"ReadAction","target":["https:\/\/www.ifsc.usp.br\/cip\/letramento\/"]}]},{"@type":"BreadcrumbList","@id":"https:\/\/www.ifsc.usp.br\/cip\/letramento\/#breadcrumb","itemListElement":[{"@type":"ListItem","position":1,"name":"Home","item":"https:\/\/www.ifsc.usp.br\/cip\/"},{"@type":"ListItem","position":2,"name":"Letramento Racial"}]},{"@type":"WebSite","@id":"https:\/\/www.ifsc.usp.br\/cip\/#website","url":"https:\/\/www.ifsc.usp.br\/cip\/","name":"Comiss\u00e3o de Inclus\u00e3o e Pertencimento (CIP)","description":"Instituto de F\u00edsica de S\u00e3o Carlos","potentialAction":[{"@type":"SearchAction","target":{"@type":"EntryPoint","urlTemplate":"https:\/\/www.ifsc.usp.br\/cip\/?s={search_term_string}"},"query-input":{"@type":"PropertyValueSpecification","valueRequired":true,"valueName":"search_term_string"}}],"inLanguage":"pt-BR"}]}},"_links":{"self":[{"href":"https:\/\/www.ifsc.usp.br\/cip\/wp-json\/wp\/v2\/pages\/9920","targetHints":{"allow":["GET"]}}],"collection":[{"href":"https:\/\/www.ifsc.usp.br\/cip\/wp-json\/wp\/v2\/pages"}],"about":[{"href":"https:\/\/www.ifsc.usp.br\/cip\/wp-json\/wp\/v2\/types\/page"}],"author":[{"embeddable":true,"href":"https:\/\/www.ifsc.usp.br\/cip\/wp-json\/wp\/v2\/users\/6"}],"replies":[{"embeddable":true,"href":"https:\/\/www.ifsc.usp.br\/cip\/wp-json\/wp\/v2\/comments?post=9920"}],"version-history":[{"count":3,"href":"https:\/\/www.ifsc.usp.br\/cip\/wp-json\/wp\/v2\/pages\/9920\/revisions"}],"predecessor-version":[{"id":9923,"href":"https:\/\/www.ifsc.usp.br\/cip\/wp-json\/wp\/v2\/pages\/9920\/revisions\/9923"}],"wp:attachment":[{"href":"https:\/\/www.ifsc.usp.br\/cip\/wp-json\/wp\/v2\/media?parent=9920"}],"curies":[{"name":"wp","href":"https:\/\/api.w.org\/{rel}","templated":true}]}}