{"id":9926,"date":"2025-05-15T11:51:58","date_gmt":"2025-05-15T14:51:58","guid":{"rendered":"https:\/\/www.ifsc.usp.br\/cip\/?page_id=9926"},"modified":"2025-05-22T10:29:00","modified_gmt":"2025-05-22T13:29:00","slug":"editais","status":"publish","type":"page","link":"https:\/\/www.ifsc.usp.br\/cip\/editais\/","title":{"rendered":"Editais"},"content":{"rendered":"<p><strong>Editais<\/strong><\/p>\n<ul>\n<li><a href=\"https:\/\/prip.usp.br\/projetos\/edital-de-fomento-para-acoes-de-inclusao-e-pertencimento-2025\/\" target=\"_blank\" rel=\"noopener\">Edital de Fomento para A\u00e7\u00f5es de Inclus\u00e3o e Pertencimento 2025<\/a><\/li>\n<li><a href=\"https:\/\/prip.usp.br\/projetos\/apoio-a-pesquisadores-as-indigenas-2025\/\" target=\"_blank\" rel=\"noopener\">Edital de Apoio a Pesquisadores\/as Ind\u00edgenas (2\u00aa edi\u00e7\u00e3o)<\/a><\/li>\n<li><a href=\"https:\/\/prip.usp.br\/projetos\/bem-estar-e-pertencimento-servidores-usp\/\" target=\"_blank\" rel=\"noopener\">Edital de Bem-Estar e Pertencimento: Servidores USP 2025<\/a><\/li>\n<li><a href=\"https:\/\/prip.usp.br\/projetos\/edital-de-fomento-para-acoes-de-inclusao-e-pertencimento-2024\/\" target=\"_blank\" rel=\"noopener\">Edital de Fomento para A\u00e7\u00f5es de Inclus\u00e3o e Pertencimento 2024<\/a><\/li>\n<li><a href=\"https:\/\/prip.usp.br\/projetos\/bem-estar-e-pertencimento-servidores-usp-2024\/\" target=\"_blank\" rel=\"noopener\">Edital de Bem-Estar e Pertencimento: Servidores USP 2024<\/a><\/li>\n<li><a href=\"https:\/\/prip.usp.br\/projetos\/apoio-a-pesquisadores-indigenas-2024\/\" target=\"_blank\" rel=\"noopener\">Edital de Apoio a Pesquisadores\/as Ind\u00edgenas (1\u00aa edi\u00e7\u00e3o)<\/a><\/li>\n<li><a href=\"https:\/\/prip.usp.br\/projetos\/bolsas-de-pos-doutorado-para-pesquisadoras-e-pesquisadores-negros-2023\/\" target=\"_blank\" rel=\"noopener\">Bolsas de P\u00f3s-Doutorado para Pesquisadoras e Pesquisadores Negros<\/a><\/li>\n<li><a href=\"https:\/\/prip.usp.br\/projetos\/pos-doutorado-de-mulheres-negras-2022\/\" target=\"_blank\" rel=\"noopener\">Edital de Bolsas de P\u00f3s-Doutorado para Sele\u00e7\u00e3o de Pesquisadoras Negras<\/a><\/li>\n<\/ul>\n","protected":false},"excerpt":{"rendered":"<p>Editais Edital de Fomento para A\u00e7\u00f5es de Inclus\u00e3o e Pertencimento 2025 Edital de Apoio a Pesquisadores\/as Ind\u00edgenas (2\u00aa edi\u00e7\u00e3o) Edital de Bem-Estar e Pertencimento: Servidores USP 2025 Edital de Fomento para A\u00e7\u00f5es de Inclus\u00e3o e Pertencimento 2024 Edital de Bem-Estar e Pertencimento: Servidores USP 2024 Edital de Apoio a Pesquisadores\/as Ind\u00edgenas (1\u00aa edi\u00e7\u00e3o) Bolsas de [&hellip;]<\/p>\n","protected":false},"author":6,"featured_media":0,"parent":0,"menu_order":0,"comment_status":"closed","ping_status":"closed","template":"","meta":{"footnotes":""},"class_list":["post-9926","page","type-page","status-publish","hentry"],"yoast_head":"<!-- This site is optimized with the Yoast SEO plugin v27.1.1 - https:\/\/yoast.com\/product\/yoast-seo-wordpress\/ -->\n<title>Editais - Comiss\u00e3o de Inclus\u00e3o e Pertencimento (CIP)<\/title>\n<meta name=\"robots\" content=\"index, follow, max-snippet:-1, max-image-preview:large, max-video-preview:-1\" \/>\n<link rel=\"canonical\" href=\"https:\/\/www.ifsc.usp.br\/cip\/editais\/\" \/>\n<meta property=\"og:locale\" content=\"pt_BR\" \/>\n<meta property=\"og:type\" content=\"article\" \/>\n<meta property=\"og:title\" content=\"Editais - Comiss\u00e3o de Inclus\u00e3o e Pertencimento (CIP)\" \/>\n<meta property=\"og:description\" content=\"Editais Edital de Fomento para A\u00e7\u00f5es de Inclus\u00e3o e Pertencimento 2025 Edital de Apoio a Pesquisadores\/as Ind\u00edgenas (2\u00aa edi\u00e7\u00e3o) Edital de Bem-Estar e Pertencimento: Servidores USP 2025 Edital de Fomento para A\u00e7\u00f5es de Inclus\u00e3o e Pertencimento 2024 Edital de Bem-Estar e Pertencimento: Servidores USP 2024 Edital de Apoio a Pesquisadores\/as Ind\u00edgenas (1\u00aa edi\u00e7\u00e3o) Bolsas de [&hellip;]\" \/>\n<meta property=\"og:url\" content=\"https:\/\/www.ifsc.usp.br\/cip\/editais\/\" \/>\n<meta property=\"og:site_name\" content=\"Comiss\u00e3o de Inclus\u00e3o e Pertencimento (CIP)\" \/>\n<meta property=\"article:modified_time\" content=\"2025-05-22T13:29:00+00:00\" \/>\n<meta name=\"twitter:card\" content=\"summary_large_image\" \/>\n<meta name=\"twitter:label1\" content=\"Est. tempo de leitura\" \/>\n\t<meta name=\"twitter:data1\" content=\"1 minuto\" \/>\n<script type=\"application\/ld+json\" class=\"yoast-schema-graph\">{\"@context\":\"https:\/\/schema.org\",\"@graph\":[{\"@type\":\"WebPage\",\"@id\":\"https:\/\/www.ifsc.usp.br\/cip\/editais\/\",\"url\":\"https:\/\/www.ifsc.usp.br\/cip\/editais\/\",\"name\":\"Editais - Comiss\u00e3o de Inclus\u00e3o e Pertencimento (CIP)\",\"isPartOf\":{\"@id\":\"https:\/\/www.ifsc.usp.br\/cip\/#website\"},\"datePublished\":\"2025-05-15T14:51:58+00:00\",\"dateModified\":\"2025-05-22T13:29:00+00:00\",\"breadcrumb\":{\"@id\":\"https:\/\/www.ifsc.usp.br\/cip\/editais\/#breadcrumb\"},\"inLanguage\":\"pt-BR\",\"potentialAction\":[{\"@type\":\"ReadAction\",\"target\":[\"https:\/\/www.ifsc.usp.br\/cip\/editais\/\"]}]},{\"@type\":\"BreadcrumbList\",\"@id\":\"https:\/\/www.ifsc.usp.br\/cip\/editais\/#breadcrumb\",\"itemListElement\":[{\"@type\":\"ListItem\",\"position\":1,\"name\":\"Home\",\"item\":\"https:\/\/www.ifsc.usp.br\/cip\/\"},{\"@type\":\"ListItem\",\"position\":2,\"name\":\"Editais\"}]},{\"@type\":\"WebSite\",\"@id\":\"https:\/\/www.ifsc.usp.br\/cip\/#website\",\"url\":\"https:\/\/www.ifsc.usp.br\/cip\/\",\"name\":\"Comiss\u00e3o de Inclus\u00e3o e Pertencimento (CIP)\",\"description\":\"Instituto de F\u00edsica de S\u00e3o Carlos\",\"potentialAction\":[{\"@type\":\"SearchAction\",\"target\":{\"@type\":\"EntryPoint\",\"urlTemplate\":\"https:\/\/www.ifsc.usp.br\/cip\/?s={search_term_string}\"},\"query-input\":{\"@type\":\"PropertyValueSpecification\",\"valueRequired\":true,\"valueName\":\"search_term_string\"}}],\"inLanguage\":\"pt-BR\"}]}<\/script>\n<!-- \/ Yoast SEO plugin. -->","yoast_head_json":{"title":"Editais - Comiss\u00e3o de Inclus\u00e3o e Pertencimento (CIP)","robots":{"index":"index","follow":"follow","max-snippet":"max-snippet:-1","max-image-preview":"max-image-preview:large","max-video-preview":"max-video-preview:-1"},"canonical":"https:\/\/www.ifsc.usp.br\/cip\/editais\/","og_locale":"pt_BR","og_type":"article","og_title":"Editais - Comiss\u00e3o de Inclus\u00e3o e Pertencimento (CIP)","og_description":"Editais Edital de Fomento para A\u00e7\u00f5es de Inclus\u00e3o e Pertencimento 2025 Edital de Apoio a Pesquisadores\/as Ind\u00edgenas (2\u00aa edi\u00e7\u00e3o) Edital de Bem-Estar e Pertencimento: Servidores USP 2025 Edital de Fomento para A\u00e7\u00f5es de Inclus\u00e3o e Pertencimento 2024 Edital de Bem-Estar e Pertencimento: Servidores USP 2024 Edital de Apoio a Pesquisadores\/as Ind\u00edgenas (1\u00aa edi\u00e7\u00e3o) Bolsas de [&hellip;]","og_url":"https:\/\/www.ifsc.usp.br\/cip\/editais\/","og_site_name":"Comiss\u00e3o de Inclus\u00e3o e Pertencimento (CIP)","article_modified_time":"2025-05-22T13:29:00+00:00","twitter_card":"summary_large_image","twitter_misc":{"Est. tempo de leitura":"1 minuto"},"schema":{"@context":"https:\/\/schema.org","@graph":[{"@type":"WebPage","@id":"https:\/\/www.ifsc.usp.br\/cip\/editais\/","url":"https:\/\/www.ifsc.usp.br\/cip\/editais\/","name":"Editais - Comiss\u00e3o de Inclus\u00e3o e Pertencimento (CIP)","isPartOf":{"@id":"https:\/\/www.ifsc.usp.br\/cip\/#website"},"datePublished":"2025-05-15T14:51:58+00:00","dateModified":"2025-05-22T13:29:00+00:00","breadcrumb":{"@id":"https:\/\/www.ifsc.usp.br\/cip\/editais\/#breadcrumb"},"inLanguage":"pt-BR","potentialAction":[{"@type":"ReadAction","target":["https:\/\/www.ifsc.usp.br\/cip\/editais\/"]}]},{"@type":"BreadcrumbList","@id":"https:\/\/www.ifsc.usp.br\/cip\/editais\/#breadcrumb","itemListElement":[{"@type":"ListItem","position":1,"name":"Home","item":"https:\/\/www.ifsc.usp.br\/cip\/"},{"@type":"ListItem","position":2,"name":"Editais"}]},{"@type":"WebSite","@id":"https:\/\/www.ifsc.usp.br\/cip\/#website","url":"https:\/\/www.ifsc.usp.br\/cip\/","name":"Comiss\u00e3o de Inclus\u00e3o e Pertencimento (CIP)","description":"Instituto de F\u00edsica de S\u00e3o Carlos","potentialAction":[{"@type":"SearchAction","target":{"@type":"EntryPoint","urlTemplate":"https:\/\/www.ifsc.usp.br\/cip\/?s={search_term_string}"},"query-input":{"@type":"PropertyValueSpecification","valueRequired":true,"valueName":"search_term_string"}}],"inLanguage":"pt-BR"}]}},"_links":{"self":[{"href":"https:\/\/www.ifsc.usp.br\/cip\/wp-json\/wp\/v2\/pages\/9926","targetHints":{"allow":["GET"]}}],"collection":[{"href":"https:\/\/www.ifsc.usp.br\/cip\/wp-json\/wp\/v2\/pages"}],"about":[{"href":"https:\/\/www.ifsc.usp.br\/cip\/wp-json\/wp\/v2\/types\/page"}],"author":[{"embeddable":true,"href":"https:\/\/www.ifsc.usp.br\/cip\/wp-json\/wp\/v2\/users\/6"}],"replies":[{"embeddable":true,"href":"https:\/\/www.ifsc.usp.br\/cip\/wp-json\/wp\/v2\/comments?post=9926"}],"version-history":[{"count":3,"href":"https:\/\/www.ifsc.usp.br\/cip\/wp-json\/wp\/v2\/pages\/9926\/revisions"}],"predecessor-version":[{"id":9946,"href":"https:\/\/www.ifsc.usp.br\/cip\/wp-json\/wp\/v2\/pages\/9926\/revisions\/9946"}],"wp:attachment":[{"href":"https:\/\/www.ifsc.usp.br\/cip\/wp-json\/wp\/v2\/media?parent=9926"}],"curies":[{"name":"wp","href":"https:\/\/api.w.org\/{rel}","templated":true}]}}