{"id":8309,"date":"2017-05-10T15:17:26","date_gmt":"2017-05-10T18:17:26","guid":{"rendered":"http:\/\/www.ifsc.usp.br\/~crint\/crintwp\/?page_id=8309"},"modified":"2024-02-27T16:33:26","modified_gmt":"2024-02-27T19:33:26","slug":"comissao-cpqi","status":"publish","type":"page","link":"https:\/\/www.ifsc.usp.br\/cpqi\/comissao-cpqi\/","title":{"rendered":"A Comiss\u00e3o &#8211; CPqI"},"content":{"rendered":"<p>[vc_row rt_row_background_width=&#8221;default&#8221; rt_row_style=&#8221;default-style&#8221; rt_row_borders=&#8221;&#8221; rt_row_paddings=&#8221;true&#8221; rt_bg_effect=&#8221;classic&#8221; rt_bg_image_repeat=&#8221;repeat&#8221; rt_bg_size=&#8221;cover&#8221; rt_bg_position=&#8221;right top&#8221; rt_bg_attachment=&#8221;scroll&#8221; rt_bg_video_format=&#8221;self-hosted&#8221;][vc_column rt_wrp_col_paddings=&#8221;false&#8221; rt_border_top=&#8221;&#8221; rt_border_bottom=&#8221;&#8221; rt_border_left=&#8221;&#8221; rt_border_right=&#8221;&#8221; rt_border_top_mobile=&#8221;&#8221; rt_border_bottom_mobile=&#8221;&#8221; rt_border_left_mobile=&#8221;&#8221; rt_border_right_mobile=&#8221;&#8221; rt_bg_image_repeat=&#8221;repeat&#8221; rt_bg_size=&#8221;auto auto&#8221; rt_bg_position=&#8221;right top&#8221; rt_bg_attachment=&#8221;scroll&#8221;][vc_column_text]<span style=\"color: #3366ff;\">A Comiss\u00e3o de Pesquisa e Inova\u00e7\u00e3o (CPqI) do IFSC tem como compet\u00eancia institucional:<\/span><\/p>\n<p><span style=\"color: #3366ff;\">(i) Propor \u00e0 Congrega\u00e7\u00e3o a\u00e7\u00f5es espec\u00edficas que fomentem o desenvolvimento e aprimoramento cient\u00edfico institucional;<\/span><\/p>\n<p><span style=\"color: #3366ff;\">(ii) Contribuir com discuss\u00f5es para definir novas dire\u00e7\u00f5es em pesquisa de interesse da comunidade nacional e internacional e, quando pertinente, encorajar docentes a redirecionar suas atividades de pesquisa a fim de torn\u00e1-las mais vis\u00edveis internacionalmente;<\/span><\/p>\n<p><span style=\"color: #3366ff;\">(iii) Estabelecer crit\u00e9rios e coordenar a elabora\u00e7\u00e3o de projetos de pesquisa institucionais incentivando a coopera\u00e7\u00e3o entre pesquisadores;<\/span><\/p>\n<p><span style=\"color: #3366ff;\">(iv) Divulgar programas e a\u00e7\u00f5es da Pr\u00f3-reitoria de pesquisa da USP;<\/span><\/p>\n<p><span style=\"color: #3366ff;\">(v) Promover maior visibilidade da produ\u00e7\u00e3o cient\u00edfica atualizada do IFSC divulgando os temas, linhas de pesquisa e os pesquisadores, a fim de tornar a institui\u00e7\u00e3o mais atraente em n\u00edvel nacional e internacional;<\/span><\/p>\n<p><span style=\"color: #3366ff;\">(vi) Emitir pareceres sobre conv\u00eanios e projetos de pesquisa quando solicitado pela Diretoria do IFSC;<\/span><\/p>\n<p><span style=\"color: #3366ff;\">(vii) Informar a Pr\u00f3-Reitoria de Pesquisa sobre programas de P\u00f3s-Doutoramento ap\u00f3s aprova\u00e7\u00e3o pelo respectivo Conselho Departamental;<\/span><\/p>\n<p><span style=\"color: #3366ff;\">(viii) Receber, analisar e priorizar, de acordo com crit\u00e9rios previamente estabelecidos, propostas para implementa\u00e7\u00e3o de bolsas institucionais provenientes de \u00f3rg\u00e3os p\u00fablicos ou privados e que n\u00e3o estejam ligadas \u00e0 Comiss\u00e3o de Gradua\u00e7\u00e3o ou \u00e0 Comiss\u00e3o de P\u00f3s-Gradua\u00e7\u00e3o.<\/span>[\/vc_column_text][\/vc_column][\/vc_row]<\/p>\n","protected":false},"excerpt":{"rendered":"<p>[vc_row rt_row_background_width=&#8221;default&#8221; rt_row_style=&#8221;default-style&#8221; rt_row_borders=&#8221;&#8221; rt_row_paddings=&#8221;true&#8221; rt_bg_effect=&#8221;classic&#8221; rt_bg_image_repeat=&#8221;repeat&#8221; rt_bg_size=&#8221;cover&#8221; rt_bg_position=&#8221;right top&#8221; rt_bg_attachment=&#8221;scroll&#8221; rt_bg_video_format=&#8221;self-hosted&#8221;][vc_column rt_wrp_col_paddings=&#8221;false&#8221; rt_border_top=&#8221;&#8221; rt_border_bottom=&#8221;&#8221; rt_border_left=&#8221;&#8221; rt_border_right=&#8221;&#8221; rt_border_top_mobile=&#8221;&#8221; rt_border_bottom_mobile=&#8221;&#8221; rt_border_left_mobile=&#8221;&#8221; rt_border_right_mobile=&#8221;&#8221; rt_bg_image_repeat=&#8221;repeat&#8221; rt_bg_size=&#8221;auto auto&#8221; rt_bg_position=&#8221;right top&#8221; rt_bg_attachment=&#8221;scroll&#8221;][vc_column_text]A Comiss\u00e3o de Pesquisa e Inova\u00e7\u00e3o (CPqI) do IFSC tem como compet\u00eancia institucional: (i) Propor \u00e0 Congrega\u00e7\u00e3o a\u00e7\u00f5es espec\u00edficas que fomentem o desenvolvimento e aprimoramento cient\u00edfico institucional; (ii) Contribuir [&hellip;]<\/p>\n","protected":false},"author":1,"featured_media":0,"parent":0,"menu_order":0,"comment_status":"closed","ping_status":"closed","template":"","meta":{"footnotes":""},"class_list":["post-8309","page","type-page","status-publish","hentry"],"yoast_head":"<!-- This site is optimized with the Yoast SEO plugin v27.4 - https:\/\/yoast.com\/product\/yoast-seo-wordpress\/ -->\n<title>A Comiss\u00e3o - CPqI - Comiss\u00e3o de Pesquisa e Inova\u00e7\u00e3o - CPqI<\/title>\n<meta name=\"robots\" content=\"index, follow, max-snippet:-1, max-image-preview:large, max-video-preview:-1\" \/>\n<link rel=\"canonical\" href=\"https:\/\/www.ifsc.usp.br\/cpqi\/comissao-cpqi\/\" \/>\n<meta property=\"og:locale\" content=\"pt_BR\" \/>\n<meta property=\"og:type\" content=\"article\" \/>\n<meta property=\"og:title\" content=\"A Comiss\u00e3o - CPqI - Comiss\u00e3o de Pesquisa e Inova\u00e7\u00e3o - CPqI\" \/>\n<meta property=\"og:description\" content=\"[vc_row rt_row_background_width=&#8221;default&#8221; rt_row_style=&#8221;default-style&#8221; rt_row_borders=&#8221;&#8221; rt_row_paddings=&#8221;true&#8221; rt_bg_effect=&#8221;classic&#8221; rt_bg_image_repeat=&#8221;repeat&#8221; rt_bg_size=&#8221;cover&#8221; rt_bg_position=&#8221;right top&#8221; rt_bg_attachment=&#8221;scroll&#8221; rt_bg_video_format=&#8221;self-hosted&#8221;][vc_column rt_wrp_col_paddings=&#8221;false&#8221; rt_border_top=&#8221;&#8221; rt_border_bottom=&#8221;&#8221; rt_border_left=&#8221;&#8221; rt_border_right=&#8221;&#8221; rt_border_top_mobile=&#8221;&#8221; rt_border_bottom_mobile=&#8221;&#8221; rt_border_left_mobile=&#8221;&#8221; rt_border_right_mobile=&#8221;&#8221; rt_bg_image_repeat=&#8221;repeat&#8221; rt_bg_size=&#8221;auto auto&#8221; rt_bg_position=&#8221;right top&#8221; rt_bg_attachment=&#8221;scroll&#8221;][vc_column_text]A Comiss\u00e3o de Pesquisa e Inova\u00e7\u00e3o (CPqI) do IFSC tem como compet\u00eancia institucional: (i) Propor \u00e0 Congrega\u00e7\u00e3o a\u00e7\u00f5es espec\u00edficas que fomentem o desenvolvimento e aprimoramento cient\u00edfico institucional; (ii) Contribuir [&hellip;]\" \/>\n<meta property=\"og:url\" content=\"https:\/\/www.ifsc.usp.br\/cpqi\/comissao-cpqi\/\" \/>\n<meta property=\"og:site_name\" content=\"Comiss\u00e3o de Pesquisa e Inova\u00e7\u00e3o - CPqI\" \/>\n<meta property=\"article:modified_time\" content=\"2024-02-27T19:33:26+00:00\" \/>\n<meta name=\"twitter:card\" content=\"summary_large_image\" \/>\n<meta name=\"twitter:label1\" content=\"Est. tempo de leitura\" \/>\n\t<meta name=\"twitter:data1\" content=\"2 minutos\" \/>\n<script type=\"application\/ld+json\" class=\"yoast-schema-graph\">{\"@context\":\"https:\\\/\\\/schema.org\",\"@graph\":[{\"@type\":\"WebPage\",\"@id\":\"https:\\\/\\\/www.ifsc.usp.br\\\/cpqi\\\/comissao-cpqi\\\/\",\"url\":\"https:\\\/\\\/www.ifsc.usp.br\\\/cpqi\\\/comissao-cpqi\\\/\",\"name\":\"A Comiss\u00e3o - CPqI - Comiss\u00e3o de Pesquisa e Inova\u00e7\u00e3o - CPqI\",\"isPartOf\":{\"@id\":\"https:\\\/\\\/www.ifsc.usp.br\\\/cpqi\\\/#website\"},\"datePublished\":\"2017-05-10T18:17:26+00:00\",\"dateModified\":\"2024-02-27T19:33:26+00:00\",\"breadcrumb\":{\"@id\":\"https:\\\/\\\/www.ifsc.usp.br\\\/cpqi\\\/comissao-cpqi\\\/#breadcrumb\"},\"inLanguage\":\"pt-BR\",\"potentialAction\":[{\"@type\":\"ReadAction\",\"target\":[\"https:\\\/\\\/www.ifsc.usp.br\\\/cpqi\\\/comissao-cpqi\\\/\"]}]},{\"@type\":\"BreadcrumbList\",\"@id\":\"https:\\\/\\\/www.ifsc.usp.br\\\/cpqi\\\/comissao-cpqi\\\/#breadcrumb\",\"itemListElement\":[{\"@type\":\"ListItem\",\"position\":1,\"name\":\"Home\",\"item\":\"https:\\\/\\\/www.ifsc.usp.br\\\/cpqi\\\/\"},{\"@type\":\"ListItem\",\"position\":2,\"name\":\"A Comiss\u00e3o &#8211; CPqI\"}]},{\"@type\":\"WebSite\",\"@id\":\"https:\\\/\\\/www.ifsc.usp.br\\\/cpqi\\\/#website\",\"url\":\"https:\\\/\\\/www.ifsc.usp.br\\\/cpqi\\\/\",\"name\":\"Comiss\u00e3o de Pesquisa e Inova\u00e7\u00e3o - CPqI\",\"description\":\"Instituto de F\u00edsica de S\u00e3o Carlos\",\"potentialAction\":[{\"@type\":\"SearchAction\",\"target\":{\"@type\":\"EntryPoint\",\"urlTemplate\":\"https:\\\/\\\/www.ifsc.usp.br\\\/cpqi\\\/?s={search_term_string}\"},\"query-input\":{\"@type\":\"PropertyValueSpecification\",\"valueRequired\":true,\"valueName\":\"search_term_string\"}}],\"inLanguage\":\"pt-BR\"}]}<\/script>\n<!-- \/ Yoast SEO plugin. -->","yoast_head_json":{"title":"A Comiss\u00e3o - CPqI - Comiss\u00e3o de Pesquisa e Inova\u00e7\u00e3o - CPqI","robots":{"index":"index","follow":"follow","max-snippet":"max-snippet:-1","max-image-preview":"max-image-preview:large","max-video-preview":"max-video-preview:-1"},"canonical":"https:\/\/www.ifsc.usp.br\/cpqi\/comissao-cpqi\/","og_locale":"pt_BR","og_type":"article","og_title":"A Comiss\u00e3o - CPqI - Comiss\u00e3o de Pesquisa e Inova\u00e7\u00e3o - CPqI","og_description":"[vc_row rt_row_background_width=&#8221;default&#8221; rt_row_style=&#8221;default-style&#8221; rt_row_borders=&#8221;&#8221; rt_row_paddings=&#8221;true&#8221; rt_bg_effect=&#8221;classic&#8221; rt_bg_image_repeat=&#8221;repeat&#8221; rt_bg_size=&#8221;cover&#8221; rt_bg_position=&#8221;right top&#8221; rt_bg_attachment=&#8221;scroll&#8221; rt_bg_video_format=&#8221;self-hosted&#8221;][vc_column rt_wrp_col_paddings=&#8221;false&#8221; rt_border_top=&#8221;&#8221; rt_border_bottom=&#8221;&#8221; rt_border_left=&#8221;&#8221; rt_border_right=&#8221;&#8221; rt_border_top_mobile=&#8221;&#8221; rt_border_bottom_mobile=&#8221;&#8221; rt_border_left_mobile=&#8221;&#8221; rt_border_right_mobile=&#8221;&#8221; rt_bg_image_repeat=&#8221;repeat&#8221; rt_bg_size=&#8221;auto auto&#8221; rt_bg_position=&#8221;right top&#8221; rt_bg_attachment=&#8221;scroll&#8221;][vc_column_text]A Comiss\u00e3o de Pesquisa e Inova\u00e7\u00e3o (CPqI) do IFSC tem como compet\u00eancia institucional: (i) Propor \u00e0 Congrega\u00e7\u00e3o a\u00e7\u00f5es espec\u00edficas que fomentem o desenvolvimento e aprimoramento cient\u00edfico institucional; (ii) Contribuir [&hellip;]","og_url":"https:\/\/www.ifsc.usp.br\/cpqi\/comissao-cpqi\/","og_site_name":"Comiss\u00e3o de Pesquisa e Inova\u00e7\u00e3o - CPqI","article_modified_time":"2024-02-27T19:33:26+00:00","twitter_card":"summary_large_image","twitter_misc":{"Est. tempo de leitura":"2 minutos"},"schema":{"@context":"https:\/\/schema.org","@graph":[{"@type":"WebPage","@id":"https:\/\/www.ifsc.usp.br\/cpqi\/comissao-cpqi\/","url":"https:\/\/www.ifsc.usp.br\/cpqi\/comissao-cpqi\/","name":"A Comiss\u00e3o - CPqI - Comiss\u00e3o de Pesquisa e Inova\u00e7\u00e3o - CPqI","isPartOf":{"@id":"https:\/\/www.ifsc.usp.br\/cpqi\/#website"},"datePublished":"2017-05-10T18:17:26+00:00","dateModified":"2024-02-27T19:33:26+00:00","breadcrumb":{"@id":"https:\/\/www.ifsc.usp.br\/cpqi\/comissao-cpqi\/#breadcrumb"},"inLanguage":"pt-BR","potentialAction":[{"@type":"ReadAction","target":["https:\/\/www.ifsc.usp.br\/cpqi\/comissao-cpqi\/"]}]},{"@type":"BreadcrumbList","@id":"https:\/\/www.ifsc.usp.br\/cpqi\/comissao-cpqi\/#breadcrumb","itemListElement":[{"@type":"ListItem","position":1,"name":"Home","item":"https:\/\/www.ifsc.usp.br\/cpqi\/"},{"@type":"ListItem","position":2,"name":"A Comiss\u00e3o &#8211; CPqI"}]},{"@type":"WebSite","@id":"https:\/\/www.ifsc.usp.br\/cpqi\/#website","url":"https:\/\/www.ifsc.usp.br\/cpqi\/","name":"Comiss\u00e3o de Pesquisa e Inova\u00e7\u00e3o - CPqI","description":"Instituto de F\u00edsica de S\u00e3o Carlos","potentialAction":[{"@type":"SearchAction","target":{"@type":"EntryPoint","urlTemplate":"https:\/\/www.ifsc.usp.br\/cpqi\/?s={search_term_string}"},"query-input":{"@type":"PropertyValueSpecification","valueRequired":true,"valueName":"search_term_string"}}],"inLanguage":"pt-BR"}]}},"_links":{"self":[{"href":"https:\/\/www.ifsc.usp.br\/cpqi\/wp-json\/wp\/v2\/pages\/8309","targetHints":{"allow":["GET"]}}],"collection":[{"href":"https:\/\/www.ifsc.usp.br\/cpqi\/wp-json\/wp\/v2\/pages"}],"about":[{"href":"https:\/\/www.ifsc.usp.br\/cpqi\/wp-json\/wp\/v2\/types\/page"}],"author":[{"embeddable":true,"href":"https:\/\/www.ifsc.usp.br\/cpqi\/wp-json\/wp\/v2\/users\/1"}],"replies":[{"embeddable":true,"href":"https:\/\/www.ifsc.usp.br\/cpqi\/wp-json\/wp\/v2\/comments?post=8309"}],"version-history":[{"count":3,"href":"https:\/\/www.ifsc.usp.br\/cpqi\/wp-json\/wp\/v2\/pages\/8309\/revisions"}],"predecessor-version":[{"id":9635,"href":"https:\/\/www.ifsc.usp.br\/cpqi\/wp-json\/wp\/v2\/pages\/8309\/revisions\/9635"}],"wp:attachment":[{"href":"https:\/\/www.ifsc.usp.br\/cpqi\/wp-json\/wp\/v2\/media?parent=8309"}],"curies":[{"name":"wp","href":"https:\/\/api.w.org\/{rel}","templated":true}]}}