{"id":8353,"date":"2017-05-16T17:04:44","date_gmt":"2017-05-16T20:04:44","guid":{"rendered":"http:\/\/www.ifsc.usp.br\/~crint\/crintwp\/?page_id=8353"},"modified":"2025-03-12T16:25:20","modified_gmt":"2025-03-12T19:25:20","slug":"contact-us","status":"publish","type":"page","link":"https:\/\/www.ifsc.usp.br\/cpqi\/contact-us\/","title":{"rendered":"Contato CPqI"},"content":{"rendered":"<p>[vc_row rt_row_background_width=&#8221;default&#8221; rt_row_style=&#8221;default-style&#8221; rt_row_borders=&#8221;&#8221; rt_row_paddings=&#8221;true&#8221; rt_bg_effect=&#8221;classic&#8221; rt_bg_image_repeat=&#8221;repeat&#8221; rt_bg_size=&#8221;cover&#8221; rt_bg_position=&#8221;right top&#8221; rt_bg_attachment=&#8221;scroll&#8221; rt_bg_video_format=&#8221;self-hosted&#8221;][vc_column rt_wrp_col_paddings=&#8221;false&#8221; rt_border_top=&#8221;&#8221; rt_border_bottom=&#8221;&#8221; rt_border_left=&#8221;&#8221; rt_border_right=&#8221;&#8221; rt_border_top_mobile=&#8221;&#8221; rt_border_bottom_mobile=&#8221;&#8221; rt_border_left_mobile=&#8221;&#8221; rt_border_right_mobile=&#8221;&#8221; rt_bg_image_repeat=&#8221;repeat&#8221; rt_bg_size=&#8221;auto auto&#8221; rt_bg_position=&#8221;right top&#8221; rt_bg_attachment=&#8221;scroll&#8221;][vc_column_text]Assist\u00eancia T\u00e9cnica Acad\u00eamica<\/p>\n<p>Endere\u00e7o: Avenida Trabalhador S\u00e3o-carlense 400, S\u00e3o Carlos \u2013 SP, 13566 -590.<br \/>\n2\u00ba Andar do Pr\u00e9dio da Administra\u00e7\u00e3o do IFSC<\/p>\n<p>Telefones:\u00a0(16)3373-6673\/3373-9781\/3373-8669<\/p>\n<p>E-mail:\u00a0<span id=\"m_2500336566210494629cloak93607\"><a href=\"mailto:cpqi@ifsc.usp.br\" target=\"_blank\" rel=\"noopener\">cpqi@ifsc.usp.br<\/a><\/span>[\/vc_column_text][\/vc_column][\/vc_row]<\/p>\n","protected":false},"excerpt":{"rendered":"<p>[vc_row rt_row_background_width=&#8221;default&#8221; rt_row_style=&#8221;default-style&#8221; rt_row_borders=&#8221;&#8221; rt_row_paddings=&#8221;true&#8221; rt_bg_effect=&#8221;classic&#8221; rt_bg_image_repeat=&#8221;repeat&#8221; rt_bg_size=&#8221;cover&#8221; rt_bg_position=&#8221;right top&#8221; rt_bg_attachment=&#8221;scroll&#8221; rt_bg_video_format=&#8221;self-hosted&#8221;][vc_column rt_wrp_col_paddings=&#8221;false&#8221; rt_border_top=&#8221;&#8221; rt_border_bottom=&#8221;&#8221; rt_border_left=&#8221;&#8221; rt_border_right=&#8221;&#8221; rt_border_top_mobile=&#8221;&#8221; rt_border_bottom_mobile=&#8221;&#8221; rt_border_left_mobile=&#8221;&#8221; rt_border_right_mobile=&#8221;&#8221; rt_bg_image_repeat=&#8221;repeat&#8221; rt_bg_size=&#8221;auto auto&#8221; rt_bg_position=&#8221;right top&#8221; rt_bg_attachment=&#8221;scroll&#8221;][vc_column_text]Assist\u00eancia T\u00e9cnica Acad\u00eamica Endere\u00e7o: Avenida Trabalhador S\u00e3o-carlense 400, S\u00e3o Carlos \u2013 SP, 13566 -590. 2\u00ba Andar do Pr\u00e9dio da Administra\u00e7\u00e3o do IFSC Telefones:\u00a0(16)3373-6673\/3373-9781\/3373-8669 E-mail:\u00a0cpqi@ifsc.usp.br[\/vc_column_text][\/vc_column][\/vc_row]<\/p>\n","protected":false},"author":1,"featured_media":0,"parent":0,"menu_order":0,"comment_status":"closed","ping_status":"closed","template":"","meta":{"footnotes":""},"class_list":["post-8353","page","type-page","status-publish","hentry"],"yoast_head":"<!-- This site is optimized with the Yoast SEO plugin v27.4 - https:\/\/yoast.com\/product\/yoast-seo-wordpress\/ -->\n<title>Contato CPqI - Comiss\u00e3o de Pesquisa e Inova\u00e7\u00e3o - CPqI<\/title>\n<meta name=\"robots\" content=\"index, follow, max-snippet:-1, max-image-preview:large, max-video-preview:-1\" \/>\n<link rel=\"canonical\" href=\"https:\/\/www.ifsc.usp.br\/cpqi\/contact-us\/\" \/>\n<meta property=\"og:locale\" content=\"pt_BR\" \/>\n<meta property=\"og:type\" content=\"article\" \/>\n<meta property=\"og:title\" content=\"Contato CPqI - Comiss\u00e3o de Pesquisa e Inova\u00e7\u00e3o - CPqI\" \/>\n<meta property=\"og:description\" content=\"[vc_row rt_row_background_width=&#8221;default&#8221; rt_row_style=&#8221;default-style&#8221; rt_row_borders=&#8221;&#8221; rt_row_paddings=&#8221;true&#8221; rt_bg_effect=&#8221;classic&#8221; rt_bg_image_repeat=&#8221;repeat&#8221; rt_bg_size=&#8221;cover&#8221; rt_bg_position=&#8221;right top&#8221; rt_bg_attachment=&#8221;scroll&#8221; rt_bg_video_format=&#8221;self-hosted&#8221;][vc_column rt_wrp_col_paddings=&#8221;false&#8221; rt_border_top=&#8221;&#8221; rt_border_bottom=&#8221;&#8221; rt_border_left=&#8221;&#8221; rt_border_right=&#8221;&#8221; rt_border_top_mobile=&#8221;&#8221; rt_border_bottom_mobile=&#8221;&#8221; rt_border_left_mobile=&#8221;&#8221; rt_border_right_mobile=&#8221;&#8221; rt_bg_image_repeat=&#8221;repeat&#8221; rt_bg_size=&#8221;auto auto&#8221; rt_bg_position=&#8221;right top&#8221; rt_bg_attachment=&#8221;scroll&#8221;][vc_column_text]Assist\u00eancia T\u00e9cnica Acad\u00eamica Endere\u00e7o: Avenida Trabalhador S\u00e3o-carlense 400, S\u00e3o Carlos \u2013 SP, 13566 -590. 2\u00ba Andar do Pr\u00e9dio da Administra\u00e7\u00e3o do IFSC Telefones:\u00a0(16)3373-6673\/3373-9781\/3373-8669 E-mail:\u00a0cpqi@ifsc.usp.br[\/vc_column_text][\/vc_column][\/vc_row]\" \/>\n<meta property=\"og:url\" content=\"https:\/\/www.ifsc.usp.br\/cpqi\/contact-us\/\" \/>\n<meta property=\"og:site_name\" content=\"Comiss\u00e3o de Pesquisa e Inova\u00e7\u00e3o - CPqI\" \/>\n<meta property=\"article:modified_time\" content=\"2025-03-12T19:25:20+00:00\" \/>\n<meta name=\"twitter:card\" content=\"summary_large_image\" \/>\n<meta name=\"twitter:label1\" content=\"Est. tempo de leitura\" \/>\n\t<meta name=\"twitter:data1\" content=\"1 minuto\" \/>\n<script type=\"application\/ld+json\" class=\"yoast-schema-graph\">{\"@context\":\"https:\\\/\\\/schema.org\",\"@graph\":[{\"@type\":\"WebPage\",\"@id\":\"https:\\\/\\\/www.ifsc.usp.br\\\/cpqi\\\/contact-us\\\/\",\"url\":\"https:\\\/\\\/www.ifsc.usp.br\\\/cpqi\\\/contact-us\\\/\",\"name\":\"Contato CPqI - Comiss\u00e3o de Pesquisa e Inova\u00e7\u00e3o - CPqI\",\"isPartOf\":{\"@id\":\"https:\\\/\\\/www.ifsc.usp.br\\\/cpqi\\\/#website\"},\"datePublished\":\"2017-05-16T20:04:44+00:00\",\"dateModified\":\"2025-03-12T19:25:20+00:00\",\"breadcrumb\":{\"@id\":\"https:\\\/\\\/www.ifsc.usp.br\\\/cpqi\\\/contact-us\\\/#breadcrumb\"},\"inLanguage\":\"pt-BR\",\"potentialAction\":[{\"@type\":\"ReadAction\",\"target\":[\"https:\\\/\\\/www.ifsc.usp.br\\\/cpqi\\\/contact-us\\\/\"]}]},{\"@type\":\"BreadcrumbList\",\"@id\":\"https:\\\/\\\/www.ifsc.usp.br\\\/cpqi\\\/contact-us\\\/#breadcrumb\",\"itemListElement\":[{\"@type\":\"ListItem\",\"position\":1,\"name\":\"Home\",\"item\":\"https:\\\/\\\/www.ifsc.usp.br\\\/cpqi\\\/\"},{\"@type\":\"ListItem\",\"position\":2,\"name\":\"Contato CPqI\"}]},{\"@type\":\"WebSite\",\"@id\":\"https:\\\/\\\/www.ifsc.usp.br\\\/cpqi\\\/#website\",\"url\":\"https:\\\/\\\/www.ifsc.usp.br\\\/cpqi\\\/\",\"name\":\"Comiss\u00e3o de Pesquisa e Inova\u00e7\u00e3o - CPqI\",\"description\":\"Instituto de F\u00edsica de S\u00e3o Carlos\",\"potentialAction\":[{\"@type\":\"SearchAction\",\"target\":{\"@type\":\"EntryPoint\",\"urlTemplate\":\"https:\\\/\\\/www.ifsc.usp.br\\\/cpqi\\\/?s={search_term_string}\"},\"query-input\":{\"@type\":\"PropertyValueSpecification\",\"valueRequired\":true,\"valueName\":\"search_term_string\"}}],\"inLanguage\":\"pt-BR\"}]}<\/script>\n<!-- \/ Yoast SEO plugin. -->","yoast_head_json":{"title":"Contato CPqI - Comiss\u00e3o de Pesquisa e Inova\u00e7\u00e3o - CPqI","robots":{"index":"index","follow":"follow","max-snippet":"max-snippet:-1","max-image-preview":"max-image-preview:large","max-video-preview":"max-video-preview:-1"},"canonical":"https:\/\/www.ifsc.usp.br\/cpqi\/contact-us\/","og_locale":"pt_BR","og_type":"article","og_title":"Contato CPqI - Comiss\u00e3o de Pesquisa e Inova\u00e7\u00e3o - CPqI","og_description":"[vc_row rt_row_background_width=&#8221;default&#8221; rt_row_style=&#8221;default-style&#8221; rt_row_borders=&#8221;&#8221; rt_row_paddings=&#8221;true&#8221; rt_bg_effect=&#8221;classic&#8221; rt_bg_image_repeat=&#8221;repeat&#8221; rt_bg_size=&#8221;cover&#8221; rt_bg_position=&#8221;right top&#8221; rt_bg_attachment=&#8221;scroll&#8221; rt_bg_video_format=&#8221;self-hosted&#8221;][vc_column rt_wrp_col_paddings=&#8221;false&#8221; rt_border_top=&#8221;&#8221; rt_border_bottom=&#8221;&#8221; rt_border_left=&#8221;&#8221; rt_border_right=&#8221;&#8221; rt_border_top_mobile=&#8221;&#8221; rt_border_bottom_mobile=&#8221;&#8221; rt_border_left_mobile=&#8221;&#8221; rt_border_right_mobile=&#8221;&#8221; rt_bg_image_repeat=&#8221;repeat&#8221; rt_bg_size=&#8221;auto auto&#8221; rt_bg_position=&#8221;right top&#8221; rt_bg_attachment=&#8221;scroll&#8221;][vc_column_text]Assist\u00eancia T\u00e9cnica Acad\u00eamica Endere\u00e7o: Avenida Trabalhador S\u00e3o-carlense 400, S\u00e3o Carlos \u2013 SP, 13566 -590. 2\u00ba Andar do Pr\u00e9dio da Administra\u00e7\u00e3o do IFSC Telefones:\u00a0(16)3373-6673\/3373-9781\/3373-8669 E-mail:\u00a0cpqi@ifsc.usp.br[\/vc_column_text][\/vc_column][\/vc_row]","og_url":"https:\/\/www.ifsc.usp.br\/cpqi\/contact-us\/","og_site_name":"Comiss\u00e3o de Pesquisa e Inova\u00e7\u00e3o - CPqI","article_modified_time":"2025-03-12T19:25:20+00:00","twitter_card":"summary_large_image","twitter_misc":{"Est. tempo de leitura":"1 minuto"},"schema":{"@context":"https:\/\/schema.org","@graph":[{"@type":"WebPage","@id":"https:\/\/www.ifsc.usp.br\/cpqi\/contact-us\/","url":"https:\/\/www.ifsc.usp.br\/cpqi\/contact-us\/","name":"Contato CPqI - Comiss\u00e3o de Pesquisa e Inova\u00e7\u00e3o - CPqI","isPartOf":{"@id":"https:\/\/www.ifsc.usp.br\/cpqi\/#website"},"datePublished":"2017-05-16T20:04:44+00:00","dateModified":"2025-03-12T19:25:20+00:00","breadcrumb":{"@id":"https:\/\/www.ifsc.usp.br\/cpqi\/contact-us\/#breadcrumb"},"inLanguage":"pt-BR","potentialAction":[{"@type":"ReadAction","target":["https:\/\/www.ifsc.usp.br\/cpqi\/contact-us\/"]}]},{"@type":"BreadcrumbList","@id":"https:\/\/www.ifsc.usp.br\/cpqi\/contact-us\/#breadcrumb","itemListElement":[{"@type":"ListItem","position":1,"name":"Home","item":"https:\/\/www.ifsc.usp.br\/cpqi\/"},{"@type":"ListItem","position":2,"name":"Contato CPqI"}]},{"@type":"WebSite","@id":"https:\/\/www.ifsc.usp.br\/cpqi\/#website","url":"https:\/\/www.ifsc.usp.br\/cpqi\/","name":"Comiss\u00e3o de Pesquisa e Inova\u00e7\u00e3o - CPqI","description":"Instituto de F\u00edsica de S\u00e3o Carlos","potentialAction":[{"@type":"SearchAction","target":{"@type":"EntryPoint","urlTemplate":"https:\/\/www.ifsc.usp.br\/cpqi\/?s={search_term_string}"},"query-input":{"@type":"PropertyValueSpecification","valueRequired":true,"valueName":"search_term_string"}}],"inLanguage":"pt-BR"}]}},"_links":{"self":[{"href":"https:\/\/www.ifsc.usp.br\/cpqi\/wp-json\/wp\/v2\/pages\/8353","targetHints":{"allow":["GET"]}}],"collection":[{"href":"https:\/\/www.ifsc.usp.br\/cpqi\/wp-json\/wp\/v2\/pages"}],"about":[{"href":"https:\/\/www.ifsc.usp.br\/cpqi\/wp-json\/wp\/v2\/types\/page"}],"author":[{"embeddable":true,"href":"https:\/\/www.ifsc.usp.br\/cpqi\/wp-json\/wp\/v2\/users\/1"}],"replies":[{"embeddable":true,"href":"https:\/\/www.ifsc.usp.br\/cpqi\/wp-json\/wp\/v2\/comments?post=8353"}],"version-history":[{"count":6,"href":"https:\/\/www.ifsc.usp.br\/cpqi\/wp-json\/wp\/v2\/pages\/8353\/revisions"}],"predecessor-version":[{"id":9678,"href":"https:\/\/www.ifsc.usp.br\/cpqi\/wp-json\/wp\/v2\/pages\/8353\/revisions\/9678"}],"wp:attachment":[{"href":"https:\/\/www.ifsc.usp.br\/cpqi\/wp-json\/wp\/v2\/media?parent=8353"}],"curies":[{"name":"wp","href":"https:\/\/api.w.org\/{rel}","templated":true}]}}