{"id":8418,"date":"2017-05-18T09:54:43","date_gmt":"2017-05-18T12:54:43","guid":{"rendered":"http:\/\/www.ifsc.usp.br\/~cpq\/cpqwp\/?page_id=8418"},"modified":"2024-06-18T12:04:41","modified_gmt":"2024-06-18T15:04:41","slug":"siicusp-simposio-internacional-de-iniciacao-cientifica-e-tecnologica-da-usp","status":"publish","type":"page","link":"https:\/\/www.ifsc.usp.br\/cpqi\/siicusp-simposio-internacional-de-iniciacao-cientifica-e-tecnologica-da-usp\/","title":{"rendered":"SIICUSP &#8211; Simp\u00f3sio Internacional de Inicia\u00e7\u00e3o Cient\u00edfica e Tecnol\u00f3gica da USP"},"content":{"rendered":"<p>[vc_row rt_row_background_width=&#8221;default&#8221; rt_row_style=&#8221;default-style&#8221; rt_row_borders=&#8221;&#8221; rt_row_paddings=&#8221;true&#8221; rt_bg_effect=&#8221;classic&#8221; rt_bg_image_repeat=&#8221;repeat&#8221; rt_bg_size=&#8221;cover&#8221; rt_bg_position=&#8221;right top&#8221; rt_bg_attachment=&#8221;scroll&#8221; rt_bg_video_format=&#8221;self-hosted&#8221;][vc_column rt_wrp_col_paddings=&#8221;false&#8221; rt_border_top=&#8221;&#8221; rt_border_bottom=&#8221;&#8221; rt_border_left=&#8221;&#8221; rt_border_right=&#8221;&#8221; rt_border_top_mobile=&#8221;&#8221; rt_border_bottom_mobile=&#8221;&#8221; rt_border_left_mobile=&#8221;&#8221; rt_border_right_mobile=&#8221;&#8221; rt_bg_image_repeat=&#8221;repeat&#8221; rt_bg_size=&#8221;auto auto&#8221; rt_bg_position=&#8221;right top&#8221; rt_bg_attachment=&#8221;scroll&#8221;][vc_column_text]O Simp\u00f3sio Internacional de Inicia\u00e7\u00e3o Cient\u00edfica e Tecnol\u00f3gica da USP tem como objetivo divulgar os resultados dos projetos de pesquisas cient\u00edficas e tecnol\u00f3gicas realizadas por alunos de gradua\u00e7\u00e3o da USP e de outras institui\u00e7\u00f5es nacionais e internacionais, bem como contribuir para o desenvolvimento das compet\u00eancias necess\u00e1rias para a pesquisa acad\u00eamica e promover oportunidades para a intera\u00e7\u00e3o de pesquisadores de todos os n\u00edveis e de todas as \u00e1reas, fomentando a colabora\u00e7\u00e3o e a pesquisa multidisciplinar na Universidade.<\/p>\n<p><strong>Todos os projetos de Inicia\u00e7\u00e3o Cient\u00edfica e Tecnol\u00f3gica cadastrados no Sistema Atena tem a obrigatoriedade de apresenta\u00e7\u00e3o no SIICUSP para recebimento do respectivo certificado.<\/strong><\/p>\n<p><strong><a href=\"https:\/\/prpi.usp.br\/siicusp\/\" target=\"_blank\" rel=\"noopener\">SIICUSP -PRPI<\/a><\/strong>[\/vc_column_text][\/vc_column][\/vc_row]<\/p>\n","protected":false},"excerpt":{"rendered":"<p>[vc_row rt_row_background_width=&#8221;default&#8221; rt_row_style=&#8221;default-style&#8221; rt_row_borders=&#8221;&#8221; rt_row_paddings=&#8221;true&#8221; rt_bg_effect=&#8221;classic&#8221; rt_bg_image_repeat=&#8221;repeat&#8221; rt_bg_size=&#8221;cover&#8221; rt_bg_position=&#8221;right top&#8221; rt_bg_attachment=&#8221;scroll&#8221; rt_bg_video_format=&#8221;self-hosted&#8221;][vc_column rt_wrp_col_paddings=&#8221;false&#8221; rt_border_top=&#8221;&#8221; rt_border_bottom=&#8221;&#8221; rt_border_left=&#8221;&#8221; rt_border_right=&#8221;&#8221; rt_border_top_mobile=&#8221;&#8221; rt_border_bottom_mobile=&#8221;&#8221; rt_border_left_mobile=&#8221;&#8221; rt_border_right_mobile=&#8221;&#8221; rt_bg_image_repeat=&#8221;repeat&#8221; rt_bg_size=&#8221;auto auto&#8221; rt_bg_position=&#8221;right top&#8221; rt_bg_attachment=&#8221;scroll&#8221;][vc_column_text]O Simp\u00f3sio Internacional de Inicia\u00e7\u00e3o Cient\u00edfica e Tecnol\u00f3gica da USP tem como objetivo divulgar os resultados dos projetos de pesquisas cient\u00edficas e tecnol\u00f3gicas realizadas por alunos de gradua\u00e7\u00e3o da [&hellip;]<\/p>\n","protected":false},"author":1,"featured_media":0,"parent":0,"menu_order":0,"comment_status":"closed","ping_status":"closed","template":"","meta":{"footnotes":""},"class_list":["post-8418","page","type-page","status-publish","hentry"],"yoast_head":"<!-- This site is optimized with the Yoast SEO plugin v27.4 - https:\/\/yoast.com\/product\/yoast-seo-wordpress\/ -->\n<title>SIICUSP - Simp\u00f3sio Internacional de Inicia\u00e7\u00e3o Cient\u00edfica e Tecnol\u00f3gica da USP - Comiss\u00e3o de Pesquisa e Inova\u00e7\u00e3o - CPqI<\/title>\n<meta name=\"robots\" content=\"index, follow, max-snippet:-1, max-image-preview:large, max-video-preview:-1\" \/>\n<link rel=\"canonical\" href=\"https:\/\/www.ifsc.usp.br\/cpqi\/siicusp-simposio-internacional-de-iniciacao-cientifica-e-tecnologica-da-usp\/\" \/>\n<meta property=\"og:locale\" content=\"pt_BR\" \/>\n<meta property=\"og:type\" content=\"article\" \/>\n<meta property=\"og:title\" content=\"SIICUSP - Simp\u00f3sio Internacional de Inicia\u00e7\u00e3o Cient\u00edfica e Tecnol\u00f3gica da USP - Comiss\u00e3o de Pesquisa e Inova\u00e7\u00e3o - CPqI\" \/>\n<meta property=\"og:description\" content=\"[vc_row rt_row_background_width=&#8221;default&#8221; rt_row_style=&#8221;default-style&#8221; rt_row_borders=&#8221;&#8221; rt_row_paddings=&#8221;true&#8221; rt_bg_effect=&#8221;classic&#8221; rt_bg_image_repeat=&#8221;repeat&#8221; rt_bg_size=&#8221;cover&#8221; rt_bg_position=&#8221;right top&#8221; rt_bg_attachment=&#8221;scroll&#8221; rt_bg_video_format=&#8221;self-hosted&#8221;][vc_column rt_wrp_col_paddings=&#8221;false&#8221; rt_border_top=&#8221;&#8221; rt_border_bottom=&#8221;&#8221; rt_border_left=&#8221;&#8221; rt_border_right=&#8221;&#8221; rt_border_top_mobile=&#8221;&#8221; rt_border_bottom_mobile=&#8221;&#8221; rt_border_left_mobile=&#8221;&#8221; rt_border_right_mobile=&#8221;&#8221; rt_bg_image_repeat=&#8221;repeat&#8221; rt_bg_size=&#8221;auto auto&#8221; rt_bg_position=&#8221;right top&#8221; rt_bg_attachment=&#8221;scroll&#8221;][vc_column_text]O Simp\u00f3sio Internacional de Inicia\u00e7\u00e3o Cient\u00edfica e Tecnol\u00f3gica da USP tem como objetivo divulgar os resultados dos projetos de pesquisas cient\u00edficas e tecnol\u00f3gicas realizadas por alunos de gradua\u00e7\u00e3o da [&hellip;]\" \/>\n<meta property=\"og:url\" content=\"https:\/\/www.ifsc.usp.br\/cpqi\/siicusp-simposio-internacional-de-iniciacao-cientifica-e-tecnologica-da-usp\/\" \/>\n<meta property=\"og:site_name\" content=\"Comiss\u00e3o de Pesquisa e Inova\u00e7\u00e3o - CPqI\" \/>\n<meta property=\"article:modified_time\" content=\"2024-06-18T15:04:41+00:00\" \/>\n<meta name=\"twitter:card\" content=\"summary_large_image\" \/>\n<meta name=\"twitter:label1\" content=\"Est. tempo de leitura\" \/>\n\t<meta name=\"twitter:data1\" content=\"1 minuto\" \/>\n<script type=\"application\/ld+json\" class=\"yoast-schema-graph\">{\"@context\":\"https:\\\/\\\/schema.org\",\"@graph\":[{\"@type\":\"WebPage\",\"@id\":\"https:\\\/\\\/www.ifsc.usp.br\\\/cpqi\\\/siicusp-simposio-internacional-de-iniciacao-cientifica-e-tecnologica-da-usp\\\/\",\"url\":\"https:\\\/\\\/www.ifsc.usp.br\\\/cpqi\\\/siicusp-simposio-internacional-de-iniciacao-cientifica-e-tecnologica-da-usp\\\/\",\"name\":\"SIICUSP - Simp\u00f3sio Internacional de Inicia\u00e7\u00e3o Cient\u00edfica e Tecnol\u00f3gica da USP - Comiss\u00e3o de Pesquisa e Inova\u00e7\u00e3o - CPqI\",\"isPartOf\":{\"@id\":\"https:\\\/\\\/www.ifsc.usp.br\\\/cpqi\\\/#website\"},\"datePublished\":\"2017-05-18T12:54:43+00:00\",\"dateModified\":\"2024-06-18T15:04:41+00:00\",\"breadcrumb\":{\"@id\":\"https:\\\/\\\/www.ifsc.usp.br\\\/cpqi\\\/siicusp-simposio-internacional-de-iniciacao-cientifica-e-tecnologica-da-usp\\\/#breadcrumb\"},\"inLanguage\":\"pt-BR\",\"potentialAction\":[{\"@type\":\"ReadAction\",\"target\":[\"https:\\\/\\\/www.ifsc.usp.br\\\/cpqi\\\/siicusp-simposio-internacional-de-iniciacao-cientifica-e-tecnologica-da-usp\\\/\"]}]},{\"@type\":\"BreadcrumbList\",\"@id\":\"https:\\\/\\\/www.ifsc.usp.br\\\/cpqi\\\/siicusp-simposio-internacional-de-iniciacao-cientifica-e-tecnologica-da-usp\\\/#breadcrumb\",\"itemListElement\":[{\"@type\":\"ListItem\",\"position\":1,\"name\":\"Home\",\"item\":\"https:\\\/\\\/www.ifsc.usp.br\\\/cpqi\\\/\"},{\"@type\":\"ListItem\",\"position\":2,\"name\":\"SIICUSP &#8211; Simp\u00f3sio Internacional de Inicia\u00e7\u00e3o Cient\u00edfica e Tecnol\u00f3gica da USP\"}]},{\"@type\":\"WebSite\",\"@id\":\"https:\\\/\\\/www.ifsc.usp.br\\\/cpqi\\\/#website\",\"url\":\"https:\\\/\\\/www.ifsc.usp.br\\\/cpqi\\\/\",\"name\":\"Comiss\u00e3o de Pesquisa e Inova\u00e7\u00e3o - CPqI\",\"description\":\"Instituto de F\u00edsica de S\u00e3o Carlos\",\"potentialAction\":[{\"@type\":\"SearchAction\",\"target\":{\"@type\":\"EntryPoint\",\"urlTemplate\":\"https:\\\/\\\/www.ifsc.usp.br\\\/cpqi\\\/?s={search_term_string}\"},\"query-input\":{\"@type\":\"PropertyValueSpecification\",\"valueRequired\":true,\"valueName\":\"search_term_string\"}}],\"inLanguage\":\"pt-BR\"}]}<\/script>\n<!-- \/ Yoast SEO plugin. -->","yoast_head_json":{"title":"SIICUSP - Simp\u00f3sio Internacional de Inicia\u00e7\u00e3o Cient\u00edfica e Tecnol\u00f3gica da USP - Comiss\u00e3o de Pesquisa e Inova\u00e7\u00e3o - CPqI","robots":{"index":"index","follow":"follow","max-snippet":"max-snippet:-1","max-image-preview":"max-image-preview:large","max-video-preview":"max-video-preview:-1"},"canonical":"https:\/\/www.ifsc.usp.br\/cpqi\/siicusp-simposio-internacional-de-iniciacao-cientifica-e-tecnologica-da-usp\/","og_locale":"pt_BR","og_type":"article","og_title":"SIICUSP - Simp\u00f3sio Internacional de Inicia\u00e7\u00e3o Cient\u00edfica e Tecnol\u00f3gica da USP - Comiss\u00e3o de Pesquisa e Inova\u00e7\u00e3o - CPqI","og_description":"[vc_row rt_row_background_width=&#8221;default&#8221; rt_row_style=&#8221;default-style&#8221; rt_row_borders=&#8221;&#8221; rt_row_paddings=&#8221;true&#8221; rt_bg_effect=&#8221;classic&#8221; rt_bg_image_repeat=&#8221;repeat&#8221; rt_bg_size=&#8221;cover&#8221; rt_bg_position=&#8221;right top&#8221; rt_bg_attachment=&#8221;scroll&#8221; rt_bg_video_format=&#8221;self-hosted&#8221;][vc_column rt_wrp_col_paddings=&#8221;false&#8221; rt_border_top=&#8221;&#8221; rt_border_bottom=&#8221;&#8221; rt_border_left=&#8221;&#8221; rt_border_right=&#8221;&#8221; rt_border_top_mobile=&#8221;&#8221; rt_border_bottom_mobile=&#8221;&#8221; rt_border_left_mobile=&#8221;&#8221; rt_border_right_mobile=&#8221;&#8221; rt_bg_image_repeat=&#8221;repeat&#8221; rt_bg_size=&#8221;auto auto&#8221; rt_bg_position=&#8221;right top&#8221; rt_bg_attachment=&#8221;scroll&#8221;][vc_column_text]O Simp\u00f3sio Internacional de Inicia\u00e7\u00e3o Cient\u00edfica e Tecnol\u00f3gica da USP tem como objetivo divulgar os resultados dos projetos de pesquisas cient\u00edficas e tecnol\u00f3gicas realizadas por alunos de gradua\u00e7\u00e3o da [&hellip;]","og_url":"https:\/\/www.ifsc.usp.br\/cpqi\/siicusp-simposio-internacional-de-iniciacao-cientifica-e-tecnologica-da-usp\/","og_site_name":"Comiss\u00e3o de Pesquisa e Inova\u00e7\u00e3o - CPqI","article_modified_time":"2024-06-18T15:04:41+00:00","twitter_card":"summary_large_image","twitter_misc":{"Est. tempo de leitura":"1 minuto"},"schema":{"@context":"https:\/\/schema.org","@graph":[{"@type":"WebPage","@id":"https:\/\/www.ifsc.usp.br\/cpqi\/siicusp-simposio-internacional-de-iniciacao-cientifica-e-tecnologica-da-usp\/","url":"https:\/\/www.ifsc.usp.br\/cpqi\/siicusp-simposio-internacional-de-iniciacao-cientifica-e-tecnologica-da-usp\/","name":"SIICUSP - Simp\u00f3sio Internacional de Inicia\u00e7\u00e3o Cient\u00edfica e Tecnol\u00f3gica da USP - Comiss\u00e3o de Pesquisa e Inova\u00e7\u00e3o - CPqI","isPartOf":{"@id":"https:\/\/www.ifsc.usp.br\/cpqi\/#website"},"datePublished":"2017-05-18T12:54:43+00:00","dateModified":"2024-06-18T15:04:41+00:00","breadcrumb":{"@id":"https:\/\/www.ifsc.usp.br\/cpqi\/siicusp-simposio-internacional-de-iniciacao-cientifica-e-tecnologica-da-usp\/#breadcrumb"},"inLanguage":"pt-BR","potentialAction":[{"@type":"ReadAction","target":["https:\/\/www.ifsc.usp.br\/cpqi\/siicusp-simposio-internacional-de-iniciacao-cientifica-e-tecnologica-da-usp\/"]}]},{"@type":"BreadcrumbList","@id":"https:\/\/www.ifsc.usp.br\/cpqi\/siicusp-simposio-internacional-de-iniciacao-cientifica-e-tecnologica-da-usp\/#breadcrumb","itemListElement":[{"@type":"ListItem","position":1,"name":"Home","item":"https:\/\/www.ifsc.usp.br\/cpqi\/"},{"@type":"ListItem","position":2,"name":"SIICUSP &#8211; Simp\u00f3sio Internacional de Inicia\u00e7\u00e3o Cient\u00edfica e Tecnol\u00f3gica da USP"}]},{"@type":"WebSite","@id":"https:\/\/www.ifsc.usp.br\/cpqi\/#website","url":"https:\/\/www.ifsc.usp.br\/cpqi\/","name":"Comiss\u00e3o de Pesquisa e Inova\u00e7\u00e3o - CPqI","description":"Instituto de F\u00edsica de S\u00e3o Carlos","potentialAction":[{"@type":"SearchAction","target":{"@type":"EntryPoint","urlTemplate":"https:\/\/www.ifsc.usp.br\/cpqi\/?s={search_term_string}"},"query-input":{"@type":"PropertyValueSpecification","valueRequired":true,"valueName":"search_term_string"}}],"inLanguage":"pt-BR"}]}},"_links":{"self":[{"href":"https:\/\/www.ifsc.usp.br\/cpqi\/wp-json\/wp\/v2\/pages\/8418","targetHints":{"allow":["GET"]}}],"collection":[{"href":"https:\/\/www.ifsc.usp.br\/cpqi\/wp-json\/wp\/v2\/pages"}],"about":[{"href":"https:\/\/www.ifsc.usp.br\/cpqi\/wp-json\/wp\/v2\/types\/page"}],"author":[{"embeddable":true,"href":"https:\/\/www.ifsc.usp.br\/cpqi\/wp-json\/wp\/v2\/users\/1"}],"replies":[{"embeddable":true,"href":"https:\/\/www.ifsc.usp.br\/cpqi\/wp-json\/wp\/v2\/comments?post=8418"}],"version-history":[{"count":9,"href":"https:\/\/www.ifsc.usp.br\/cpqi\/wp-json\/wp\/v2\/pages\/8418\/revisions"}],"predecessor-version":[{"id":9657,"href":"https:\/\/www.ifsc.usp.br\/cpqi\/wp-json\/wp\/v2\/pages\/8418\/revisions\/9657"}],"wp:attachment":[{"href":"https:\/\/www.ifsc.usp.br\/cpqi\/wp-json\/wp\/v2\/media?parent=8418"}],"curies":[{"name":"wp","href":"https:\/\/api.w.org\/{rel}","templated":true}]}}