{"id":9501,"date":"2021-10-27T14:27:39","date_gmt":"2021-10-27T17:27:39","guid":{"rendered":"https:\/\/www.ifsc.usp.br\/cpq\/?page_id=9501"},"modified":"2021-10-27T14:31:24","modified_gmt":"2021-10-27T17:31:24","slug":"procontes","status":"publish","type":"page","link":"https:\/\/www.ifsc.usp.br\/cpqi\/procontes\/","title":{"rendered":"PROCONTES"},"content":{"rendered":"<p><strong>PROGRAMA DE CONCESS\u00c3O DE SERVIDOR T\u00c9CNICO DE N\u00cdVEL SUPERIOR (PROCONTES)<\/strong><\/p>\n<div  class=\"rt-toggle \"><ol>\n<li  class=\"\"><div class=\"toggle-head\"><div class=\"toggle-number\"><span class=\"icon-plus\"><\/span><\/div><div class=\"toggle-title\">O que \u00e9?<\/div><\/div><div class=\"toggle-content\"><p>O <a href=\"https:\/\/prp.usp.br\/apoio\/programa-de-concessao-de-servidor-tecnico-de-nivel-superior-procontes\/\">Programa de Concess\u00e3o de Servidor T\u00e9cnico de N\u00edvel Superior (PROCONTES)<\/a> tem por objetivo alocar servidor t\u00e9cnico de n\u00edvel superior para apoiar o funcionamento de centrais de equipamentos multiusu\u00e1rios e projetos de pesquisa considerados priorit\u00e1rios pela Pr\u00f3-Reitoria de Pesquisa.<\/p>\n<\/div><\/li>\n<li  class=\"\"><div class=\"toggle-head\"><div class=\"toggle-number\"><span class=\"icon-plus\"><\/span><\/div><div class=\"toggle-title\">Legisla\u00e7\u00e3o<\/div><\/div><div class=\"toggle-content\"><p>A\u00a0<a href=\"https:\/\/prp.usp.br\/wp-content\/uploads\/sites\/649\/2021\/10\/Portaria_PRP_840_2021_PROCONTES_assinada.pdf\" target=\"_blank\" rel=\"noopener\" data-saferedirecturl=\"https:\/\/www.google.com\/url?q=https:\/\/prp.usp.br\/wp-content\/uploads\/sites\/649\/2021\/10\/Portaria_PRP_840_2021_PROCONTES_assinada.pdf&amp;source=gmail&amp;ust=1635439270916000&amp;usg=AFQjCNHrP1eFqTIb7hVYTFjSBRcloVqZtg\">Portaria PRP 840, de 20 de outubro de 2021<\/a>\u00a0consolida e explicita as normas do PROCONTES.<\/p>\n<\/div><\/li>\n<li  class=\"\"><div class=\"toggle-head\"><div class=\"toggle-number\"><span class=\"icon-plus\"><\/span><\/div><div class=\"toggle-title\"><a>Decis\u00e3o CPq\/IFSC sobre cadastro de demanda<\/a><\/div><\/div><div class=\"toggle-content\"><p><a href=\"https:\/\/www.ifsc.usp.br\/cpq\/wp-content\/uploads\/2021\/10\/Informacao-CPq-26-10-21.pdf\">Informa\u00e7\u00e3o CPq 26 10 2021<\/a><\/p>\n<\/div><\/li>\n<li  class=\"\"><div class=\"toggle-head\"><div class=\"toggle-number\"><span class=\"icon-plus\"><\/span><\/div><div class=\"toggle-title\">Perguntas Frequentes<\/div><\/div><div class=\"toggle-content\"><p><a href=\"https:\/\/prp.usp.br\/wp-content\/uploads\/sites\/649\/2021\/10\/FAQ_PROCONTES_26102021.pdf\" target=\"_blank\" rel=\"noopener\" data-saferedirecturl=\"https:\/\/www.google.com\/url?q=https:\/\/prp.usp.br\/wp-content\/uploads\/sites\/649\/2021\/10\/FAQ_PROCONTES_26102021.pdf&amp;source=gmail&amp;ust=1635439270916000&amp;usg=AFQjCNEcOnTiYdk_9DSDLpUHhzKOS74mYw\">Perguntas frequentes sobre Procontes<\/a><\/p>\n<\/div><\/li>\n<\/ol><\/div>\n<p>Para outras d\u00favidas, acesse o Fale Conosco da PRP<\/p>\n","protected":false},"excerpt":{"rendered":"<p>PROGRAMA DE CONCESS\u00c3O DE SERVIDOR T\u00c9CNICO DE N\u00cdVEL SUPERIOR (PROCONTES) Para outras d\u00favidas, acesse o Fale Conosco da PRP<\/p>\n","protected":false},"author":1,"featured_media":0,"parent":0,"menu_order":0,"comment_status":"closed","ping_status":"closed","template":"","meta":{"footnotes":""},"class_list":["post-9501","page","type-page","status-publish","hentry"],"yoast_head":"<!-- This site is optimized with the Yoast SEO plugin v27.1.1 - https:\/\/yoast.com\/product\/yoast-seo-wordpress\/ -->\n<title>PROCONTES - Comiss\u00e3o de Pesquisa e Inova\u00e7\u00e3o - CPqI<\/title>\n<meta name=\"robots\" content=\"index, follow, max-snippet:-1, max-image-preview:large, max-video-preview:-1\" \/>\n<link rel=\"canonical\" href=\"https:\/\/www.ifsc.usp.br\/cpqi\/procontes\/\" \/>\n<meta property=\"og:locale\" content=\"pt_BR\" \/>\n<meta property=\"og:type\" content=\"article\" \/>\n<meta property=\"og:title\" content=\"PROCONTES - Comiss\u00e3o de Pesquisa e Inova\u00e7\u00e3o - CPqI\" \/>\n<meta property=\"og:description\" content=\"PROGRAMA DE CONCESS\u00c3O DE SERVIDOR T\u00c9CNICO DE N\u00cdVEL SUPERIOR (PROCONTES) Para outras d\u00favidas, acesse o Fale Conosco da PRP\" \/>\n<meta property=\"og:url\" content=\"https:\/\/www.ifsc.usp.br\/cpqi\/procontes\/\" \/>\n<meta property=\"og:site_name\" content=\"Comiss\u00e3o de Pesquisa e Inova\u00e7\u00e3o - CPqI\" \/>\n<meta property=\"article:modified_time\" content=\"2021-10-27T17:31:24+00:00\" \/>\n<meta name=\"twitter:card\" content=\"summary_large_image\" \/>\n<meta name=\"twitter:label1\" content=\"Est. tempo de leitura\" \/>\n\t<meta name=\"twitter:data1\" content=\"1 minuto\" \/>\n<script type=\"application\/ld+json\" class=\"yoast-schema-graph\">{\"@context\":\"https:\/\/schema.org\",\"@graph\":[{\"@type\":\"WebPage\",\"@id\":\"https:\/\/www.ifsc.usp.br\/cpqi\/procontes\/\",\"url\":\"https:\/\/www.ifsc.usp.br\/cpqi\/procontes\/\",\"name\":\"PROCONTES - Comiss\u00e3o de Pesquisa e Inova\u00e7\u00e3o - CPqI\",\"isPartOf\":{\"@id\":\"https:\/\/www.ifsc.usp.br\/cpqi\/#website\"},\"datePublished\":\"2021-10-27T17:27:39+00:00\",\"dateModified\":\"2021-10-27T17:31:24+00:00\",\"breadcrumb\":{\"@id\":\"https:\/\/www.ifsc.usp.br\/cpqi\/procontes\/#breadcrumb\"},\"inLanguage\":\"pt-BR\",\"potentialAction\":[{\"@type\":\"ReadAction\",\"target\":[\"https:\/\/www.ifsc.usp.br\/cpqi\/procontes\/\"]}]},{\"@type\":\"BreadcrumbList\",\"@id\":\"https:\/\/www.ifsc.usp.br\/cpqi\/procontes\/#breadcrumb\",\"itemListElement\":[{\"@type\":\"ListItem\",\"position\":1,\"name\":\"Home\",\"item\":\"https:\/\/www.ifsc.usp.br\/cpqi\/\"},{\"@type\":\"ListItem\",\"position\":2,\"name\":\"PROCONTES\"}]},{\"@type\":\"WebSite\",\"@id\":\"https:\/\/www.ifsc.usp.br\/cpqi\/#website\",\"url\":\"https:\/\/www.ifsc.usp.br\/cpqi\/\",\"name\":\"Comiss\u00e3o de Pesquisa e Inova\u00e7\u00e3o - CPqI\",\"description\":\"Instituto de F\u00edsica de S\u00e3o Carlos\",\"potentialAction\":[{\"@type\":\"SearchAction\",\"target\":{\"@type\":\"EntryPoint\",\"urlTemplate\":\"https:\/\/www.ifsc.usp.br\/cpqi\/?s={search_term_string}\"},\"query-input\":{\"@type\":\"PropertyValueSpecification\",\"valueRequired\":true,\"valueName\":\"search_term_string\"}}],\"inLanguage\":\"pt-BR\"}]}<\/script>\n<!-- \/ Yoast SEO plugin. -->","yoast_head_json":{"title":"PROCONTES - Comiss\u00e3o de Pesquisa e Inova\u00e7\u00e3o - CPqI","robots":{"index":"index","follow":"follow","max-snippet":"max-snippet:-1","max-image-preview":"max-image-preview:large","max-video-preview":"max-video-preview:-1"},"canonical":"https:\/\/www.ifsc.usp.br\/cpqi\/procontes\/","og_locale":"pt_BR","og_type":"article","og_title":"PROCONTES - Comiss\u00e3o de Pesquisa e Inova\u00e7\u00e3o - CPqI","og_description":"PROGRAMA DE CONCESS\u00c3O DE SERVIDOR T\u00c9CNICO DE N\u00cdVEL SUPERIOR (PROCONTES) Para outras d\u00favidas, acesse o Fale Conosco da PRP","og_url":"https:\/\/www.ifsc.usp.br\/cpqi\/procontes\/","og_site_name":"Comiss\u00e3o de Pesquisa e Inova\u00e7\u00e3o - CPqI","article_modified_time":"2021-10-27T17:31:24+00:00","twitter_card":"summary_large_image","twitter_misc":{"Est. tempo de leitura":"1 minuto"},"schema":{"@context":"https:\/\/schema.org","@graph":[{"@type":"WebPage","@id":"https:\/\/www.ifsc.usp.br\/cpqi\/procontes\/","url":"https:\/\/www.ifsc.usp.br\/cpqi\/procontes\/","name":"PROCONTES - Comiss\u00e3o de Pesquisa e Inova\u00e7\u00e3o - CPqI","isPartOf":{"@id":"https:\/\/www.ifsc.usp.br\/cpqi\/#website"},"datePublished":"2021-10-27T17:27:39+00:00","dateModified":"2021-10-27T17:31:24+00:00","breadcrumb":{"@id":"https:\/\/www.ifsc.usp.br\/cpqi\/procontes\/#breadcrumb"},"inLanguage":"pt-BR","potentialAction":[{"@type":"ReadAction","target":["https:\/\/www.ifsc.usp.br\/cpqi\/procontes\/"]}]},{"@type":"BreadcrumbList","@id":"https:\/\/www.ifsc.usp.br\/cpqi\/procontes\/#breadcrumb","itemListElement":[{"@type":"ListItem","position":1,"name":"Home","item":"https:\/\/www.ifsc.usp.br\/cpqi\/"},{"@type":"ListItem","position":2,"name":"PROCONTES"}]},{"@type":"WebSite","@id":"https:\/\/www.ifsc.usp.br\/cpqi\/#website","url":"https:\/\/www.ifsc.usp.br\/cpqi\/","name":"Comiss\u00e3o de Pesquisa e Inova\u00e7\u00e3o - CPqI","description":"Instituto de F\u00edsica de S\u00e3o Carlos","potentialAction":[{"@type":"SearchAction","target":{"@type":"EntryPoint","urlTemplate":"https:\/\/www.ifsc.usp.br\/cpqi\/?s={search_term_string}"},"query-input":{"@type":"PropertyValueSpecification","valueRequired":true,"valueName":"search_term_string"}}],"inLanguage":"pt-BR"}]}},"_links":{"self":[{"href":"https:\/\/www.ifsc.usp.br\/cpqi\/wp-json\/wp\/v2\/pages\/9501","targetHints":{"allow":["GET"]}}],"collection":[{"href":"https:\/\/www.ifsc.usp.br\/cpqi\/wp-json\/wp\/v2\/pages"}],"about":[{"href":"https:\/\/www.ifsc.usp.br\/cpqi\/wp-json\/wp\/v2\/types\/page"}],"author":[{"embeddable":true,"href":"https:\/\/www.ifsc.usp.br\/cpqi\/wp-json\/wp\/v2\/users\/1"}],"replies":[{"embeddable":true,"href":"https:\/\/www.ifsc.usp.br\/cpqi\/wp-json\/wp\/v2\/comments?post=9501"}],"version-history":[{"count":3,"href":"https:\/\/www.ifsc.usp.br\/cpqi\/wp-json\/wp\/v2\/pages\/9501\/revisions"}],"predecessor-version":[{"id":9508,"href":"https:\/\/www.ifsc.usp.br\/cpqi\/wp-json\/wp\/v2\/pages\/9501\/revisions\/9508"}],"wp:attachment":[{"href":"https:\/\/www.ifsc.usp.br\/cpqi\/wp-json\/wp\/v2\/media?parent=9501"}],"curies":[{"name":"wp","href":"https:\/\/api.w.org\/{rel}","templated":true}]}}