{"id":9646,"date":"2024-05-16T16:07:59","date_gmt":"2024-05-16T19:07:59","guid":{"rendered":"https:\/\/www.ifsc.usp.br\/cpqi\/?page_id=9646"},"modified":"2024-05-17T08:40:49","modified_gmt":"2024-05-17T11:40:49","slug":"colaboradores-academicos-pesquisa","status":"publish","type":"page","link":"https:\/\/www.ifsc.usp.br\/cpqi\/colaboradores-academicos-pesquisa\/","title":{"rendered":"Colaboradores acad\u00eamicos (pesquisa)"},"content":{"rendered":"<p style=\"text-align: left;\" align=\"center\"><strong>REGISTRO de \u201ccolaboradores acad\u00eamicos (pesquisa)\u201d<\/strong><\/p>\n<p>O Pr\u00f3-Reitor de Pesquisa e Inova\u00e7\u00e3o da Universidade de S\u00e3o Paulo, usando de suas atribui\u00e7\u00f5es legais, e considerando a necessidade de registrar e dar acesso \u00e0s pessoas que colaboram em projetos de pesquisa da Universidade, baixou Portaria que disp\u00f5e sobre o registro de\u00a0<strong>\u201ccolaboradores acad\u00eamicos (pesquisa)\u201d.<\/strong><\/p>\n<p>Assim, pessoas que atuam em projetos de pesquisa ou inova\u00e7\u00e3o nos espa\u00e7os da USP, e que n\u00e3o estejam vinculadas aos Programas da Pr\u00f3-Reitoria de Pesquisa e Inova\u00e7\u00e3o, dever\u00e3o\u00a0ser cadastradas no sistema Atena como \u201ccolaboradores acad\u00eamicos (pesquisa)\u201d.\u00a0Exemplos s\u00e3o bolsistas de treinamento t\u00e9cnico e outros t\u00e9cnicos pagos com recursos de projetos de pesquisa ou volunt\u00e1rios.<\/p>\n<p>O(A) \u201ccolaborador(a) acad\u00eamico(a) (pesquisa)\u201d far\u00e1 jus ao cadastro e emiss\u00e3o de cart\u00e3o USP com a respectiva men\u00e7\u00e3o a esse v\u00ednculo, independentemente de seu n\u00edvel de forma\u00e7\u00e3o e se recebe ou n\u00e3o bolsa ou outro tipo de pagamento por fontes externas \u00e0 Universidade.<\/p>\n<p>A solicita\u00e7\u00e3o de cadastro como \u201ccolaborador(a) acad\u00eamico(a) (pesquisa)\u201d deve ser encaminhada para\u00a0<a href=\"mailto:cpq@ifsc.usp.br\" target=\"_blank\" rel=\"noopener\">cpq@ifsc.usp.br<\/a>\u00a0pelo(a) coordenador(a) do projeto, mencionando o per\u00edodo de sua participa\u00e7\u00e3o, acompanhada de Termo de Outorga ou documento que ateste a vincula\u00e7\u00e3o do(a) interessado(a) ao projeto.<\/p>\n<p>Para a formaliza\u00e7\u00e3o da vincula\u00e7\u00e3o como colaborador acad\u00eamico, \u00e9 necess\u00e1ria aprova\u00e7\u00e3o pelo CTA ou \u00f3rg\u00e3o equivalente da Unidade\/\u00d3rg\u00e3o e assinatura do Termo de Ades\u00e3o a Servi\u00e7o Volunt\u00e1rio (<a href=\"https:\/\/leginf.usp.br\/?resolucao=resolucao-no-8423-de-10-de-maio-de-2023#:~:text=Disciplina%2C%20no%20%C3%A2mbito%20da%20Universidade,a%20presta%C3%A7%C3%A3o%20de%20servi%C3%A7o%20volunt%C3%A1rio.\" target=\"_blank\" rel=\"noopener\" data-saferedirecturl=\"https:\/\/www.google.com\/url?q=https:\/\/leginf.usp.br\/?resolucao%3Dresolucao-no-8423-de-10-de-maio-de-2023%23:~:text%3DDisciplina%252C%2520no%2520%25C3%25A2mbito%2520da%2520Universidade,a%2520presta%25C3%25A7%25C3%25A3o%2520de%2520servi%25C3%25A7o%2520volunt%25C3%25A1rio.&amp;source=gmail&amp;ust=1716031094616000&amp;usg=AOvVaw3Q_cUtTAEWPh_QjLY5Xp69\">Anexo I da Resolu\u00e7\u00e3o N\u00ba 8423<\/a>).<\/p>\n<p>O v\u00ednculo e o cart\u00e3o USP estar\u00e3o encerrados quando a data final da participa\u00e7\u00e3o\u00a0informada for atingida, sem preju\u00edzo de prorroga\u00e7\u00e3o.<\/p>\n<p>Os(As) \u201ccolaboradores(as) acad\u00eamicos(as) (pesquisa)\u201d n\u00e3o poder\u00e3o:<\/p>\n<p>I \u2013 participar de Colegiados, n\u00e3o lhes sendo facultado votar ou serem votados(as); e<\/p>\n<p>II \u2013 exercer atividades administrativas e de representa\u00e7\u00e3o.<\/p>\n<p>Os(As) \u201ccolaboradores(as) acad\u00eamicos(as) (pesquisa)\u201d poder\u00e3o utilizar as instala\u00e7\u00f5es, bens e servi\u00e7os necess\u00e1rios ao desenvolvimento das atividades atribu\u00eddas a eles(as) pelo(a) coordenador(a) do projeto.<\/p>\n<p>Legisla\u00e7\u00e3o \u2013\u00a0<a href=\"https:\/\/doe.sp.gov.br\/executivo\/universidade-de-sao-paulo\/portaria-prpi-n-959-de-25-de-marco-de-2024-202403271141143214209115\" target=\"_blank\" rel=\"noopener\" data-saferedirecturl=\"https:\/\/www.google.com\/url?q=https:\/\/doe.sp.gov.br\/executivo\/universidade-de-sao-paulo\/portaria-prpi-n-959-de-25-de-marco-de-2024-202403271141143214209115&amp;source=gmail&amp;ust=1716031094616000&amp;usg=AOvVaw3zOtXxvwJl9EO7T5O6IHtD\">https:\/\/doe.sp.gov.br\/<wbr \/>executivo\/universidade-de-sao-<wbr \/>paulo\/portaria-prpi-n-959-de-<wbr \/>25-de-marco-de-2024-<wbr \/>202403271141143214209115<\/a><\/p>\n","protected":false},"excerpt":{"rendered":"<p>REGISTRO de \u201ccolaboradores acad\u00eamicos (pesquisa)\u201d O Pr\u00f3-Reitor de Pesquisa e Inova\u00e7\u00e3o da Universidade de S\u00e3o Paulo, usando de suas atribui\u00e7\u00f5es legais, e considerando a necessidade de registrar e dar acesso \u00e0s pessoas que colaboram em projetos de pesquisa da Universidade, baixou Portaria que disp\u00f5e sobre o registro de\u00a0\u201ccolaboradores acad\u00eamicos (pesquisa)\u201d. Assim, pessoas que atuam em [&hellip;]<\/p>\n","protected":false},"author":1,"featured_media":0,"parent":0,"menu_order":0,"comment_status":"closed","ping_status":"closed","template":"","meta":{"footnotes":""},"class_list":["post-9646","page","type-page","status-publish","hentry"],"yoast_head":"<!-- This site is optimized with the Yoast SEO plugin v27.4 - https:\/\/yoast.com\/product\/yoast-seo-wordpress\/ -->\n<title>Colaboradores acad\u00eamicos (pesquisa) - Comiss\u00e3o de Pesquisa e Inova\u00e7\u00e3o - CPqI<\/title>\n<meta name=\"robots\" content=\"index, follow, max-snippet:-1, max-image-preview:large, max-video-preview:-1\" \/>\n<link rel=\"canonical\" href=\"https:\/\/www.ifsc.usp.br\/cpqi\/colaboradores-academicos-pesquisa\/\" \/>\n<meta property=\"og:locale\" content=\"pt_BR\" \/>\n<meta property=\"og:type\" content=\"article\" \/>\n<meta property=\"og:title\" content=\"Colaboradores acad\u00eamicos (pesquisa) - Comiss\u00e3o de Pesquisa e Inova\u00e7\u00e3o - CPqI\" \/>\n<meta property=\"og:description\" content=\"REGISTRO de \u201ccolaboradores acad\u00eamicos (pesquisa)\u201d O Pr\u00f3-Reitor de Pesquisa e Inova\u00e7\u00e3o da Universidade de S\u00e3o Paulo, usando de suas atribui\u00e7\u00f5es legais, e considerando a necessidade de registrar e dar acesso \u00e0s pessoas que colaboram em projetos de pesquisa da Universidade, baixou Portaria que disp\u00f5e sobre o registro de\u00a0\u201ccolaboradores acad\u00eamicos (pesquisa)\u201d. Assim, pessoas que atuam em [&hellip;]\" \/>\n<meta property=\"og:url\" content=\"https:\/\/www.ifsc.usp.br\/cpqi\/colaboradores-academicos-pesquisa\/\" \/>\n<meta property=\"og:site_name\" content=\"Comiss\u00e3o de Pesquisa e Inova\u00e7\u00e3o - CPqI\" \/>\n<meta property=\"article:modified_time\" content=\"2024-05-17T11:40:49+00:00\" \/>\n<meta name=\"twitter:card\" content=\"summary_large_image\" \/>\n<meta name=\"twitter:label1\" content=\"Est. tempo de leitura\" \/>\n\t<meta name=\"twitter:data1\" content=\"2 minutos\" \/>\n<script type=\"application\/ld+json\" class=\"yoast-schema-graph\">{\"@context\":\"https:\\\/\\\/schema.org\",\"@graph\":[{\"@type\":\"WebPage\",\"@id\":\"https:\\\/\\\/www.ifsc.usp.br\\\/cpqi\\\/colaboradores-academicos-pesquisa\\\/\",\"url\":\"https:\\\/\\\/www.ifsc.usp.br\\\/cpqi\\\/colaboradores-academicos-pesquisa\\\/\",\"name\":\"Colaboradores acad\u00eamicos (pesquisa) - Comiss\u00e3o de Pesquisa e Inova\u00e7\u00e3o - CPqI\",\"isPartOf\":{\"@id\":\"https:\\\/\\\/www.ifsc.usp.br\\\/cpqi\\\/#website\"},\"datePublished\":\"2024-05-16T19:07:59+00:00\",\"dateModified\":\"2024-05-17T11:40:49+00:00\",\"breadcrumb\":{\"@id\":\"https:\\\/\\\/www.ifsc.usp.br\\\/cpqi\\\/colaboradores-academicos-pesquisa\\\/#breadcrumb\"},\"inLanguage\":\"pt-BR\",\"potentialAction\":[{\"@type\":\"ReadAction\",\"target\":[\"https:\\\/\\\/www.ifsc.usp.br\\\/cpqi\\\/colaboradores-academicos-pesquisa\\\/\"]}]},{\"@type\":\"BreadcrumbList\",\"@id\":\"https:\\\/\\\/www.ifsc.usp.br\\\/cpqi\\\/colaboradores-academicos-pesquisa\\\/#breadcrumb\",\"itemListElement\":[{\"@type\":\"ListItem\",\"position\":1,\"name\":\"Home\",\"item\":\"https:\\\/\\\/www.ifsc.usp.br\\\/cpqi\\\/\"},{\"@type\":\"ListItem\",\"position\":2,\"name\":\"Colaboradores acad\u00eamicos (pesquisa)\"}]},{\"@type\":\"WebSite\",\"@id\":\"https:\\\/\\\/www.ifsc.usp.br\\\/cpqi\\\/#website\",\"url\":\"https:\\\/\\\/www.ifsc.usp.br\\\/cpqi\\\/\",\"name\":\"Comiss\u00e3o de Pesquisa e Inova\u00e7\u00e3o - CPqI\",\"description\":\"Instituto de F\u00edsica de S\u00e3o Carlos\",\"potentialAction\":[{\"@type\":\"SearchAction\",\"target\":{\"@type\":\"EntryPoint\",\"urlTemplate\":\"https:\\\/\\\/www.ifsc.usp.br\\\/cpqi\\\/?s={search_term_string}\"},\"query-input\":{\"@type\":\"PropertyValueSpecification\",\"valueRequired\":true,\"valueName\":\"search_term_string\"}}],\"inLanguage\":\"pt-BR\"}]}<\/script>\n<!-- \/ Yoast SEO plugin. -->","yoast_head_json":{"title":"Colaboradores acad\u00eamicos (pesquisa) - Comiss\u00e3o de Pesquisa e Inova\u00e7\u00e3o - CPqI","robots":{"index":"index","follow":"follow","max-snippet":"max-snippet:-1","max-image-preview":"max-image-preview:large","max-video-preview":"max-video-preview:-1"},"canonical":"https:\/\/www.ifsc.usp.br\/cpqi\/colaboradores-academicos-pesquisa\/","og_locale":"pt_BR","og_type":"article","og_title":"Colaboradores acad\u00eamicos (pesquisa) - Comiss\u00e3o de Pesquisa e Inova\u00e7\u00e3o - CPqI","og_description":"REGISTRO de \u201ccolaboradores acad\u00eamicos (pesquisa)\u201d O Pr\u00f3-Reitor de Pesquisa e Inova\u00e7\u00e3o da Universidade de S\u00e3o Paulo, usando de suas atribui\u00e7\u00f5es legais, e considerando a necessidade de registrar e dar acesso \u00e0s pessoas que colaboram em projetos de pesquisa da Universidade, baixou Portaria que disp\u00f5e sobre o registro de\u00a0\u201ccolaboradores acad\u00eamicos (pesquisa)\u201d. Assim, pessoas que atuam em [&hellip;]","og_url":"https:\/\/www.ifsc.usp.br\/cpqi\/colaboradores-academicos-pesquisa\/","og_site_name":"Comiss\u00e3o de Pesquisa e Inova\u00e7\u00e3o - CPqI","article_modified_time":"2024-05-17T11:40:49+00:00","twitter_card":"summary_large_image","twitter_misc":{"Est. tempo de leitura":"2 minutos"},"schema":{"@context":"https:\/\/schema.org","@graph":[{"@type":"WebPage","@id":"https:\/\/www.ifsc.usp.br\/cpqi\/colaboradores-academicos-pesquisa\/","url":"https:\/\/www.ifsc.usp.br\/cpqi\/colaboradores-academicos-pesquisa\/","name":"Colaboradores acad\u00eamicos (pesquisa) - Comiss\u00e3o de Pesquisa e Inova\u00e7\u00e3o - CPqI","isPartOf":{"@id":"https:\/\/www.ifsc.usp.br\/cpqi\/#website"},"datePublished":"2024-05-16T19:07:59+00:00","dateModified":"2024-05-17T11:40:49+00:00","breadcrumb":{"@id":"https:\/\/www.ifsc.usp.br\/cpqi\/colaboradores-academicos-pesquisa\/#breadcrumb"},"inLanguage":"pt-BR","potentialAction":[{"@type":"ReadAction","target":["https:\/\/www.ifsc.usp.br\/cpqi\/colaboradores-academicos-pesquisa\/"]}]},{"@type":"BreadcrumbList","@id":"https:\/\/www.ifsc.usp.br\/cpqi\/colaboradores-academicos-pesquisa\/#breadcrumb","itemListElement":[{"@type":"ListItem","position":1,"name":"Home","item":"https:\/\/www.ifsc.usp.br\/cpqi\/"},{"@type":"ListItem","position":2,"name":"Colaboradores acad\u00eamicos (pesquisa)"}]},{"@type":"WebSite","@id":"https:\/\/www.ifsc.usp.br\/cpqi\/#website","url":"https:\/\/www.ifsc.usp.br\/cpqi\/","name":"Comiss\u00e3o de Pesquisa e Inova\u00e7\u00e3o - CPqI","description":"Instituto de F\u00edsica de S\u00e3o Carlos","potentialAction":[{"@type":"SearchAction","target":{"@type":"EntryPoint","urlTemplate":"https:\/\/www.ifsc.usp.br\/cpqi\/?s={search_term_string}"},"query-input":{"@type":"PropertyValueSpecification","valueRequired":true,"valueName":"search_term_string"}}],"inLanguage":"pt-BR"}]}},"_links":{"self":[{"href":"https:\/\/www.ifsc.usp.br\/cpqi\/wp-json\/wp\/v2\/pages\/9646","targetHints":{"allow":["GET"]}}],"collection":[{"href":"https:\/\/www.ifsc.usp.br\/cpqi\/wp-json\/wp\/v2\/pages"}],"about":[{"href":"https:\/\/www.ifsc.usp.br\/cpqi\/wp-json\/wp\/v2\/types\/page"}],"author":[{"embeddable":true,"href":"https:\/\/www.ifsc.usp.br\/cpqi\/wp-json\/wp\/v2\/users\/1"}],"replies":[{"embeddable":true,"href":"https:\/\/www.ifsc.usp.br\/cpqi\/wp-json\/wp\/v2\/comments?post=9646"}],"version-history":[{"count":5,"href":"https:\/\/www.ifsc.usp.br\/cpqi\/wp-json\/wp\/v2\/pages\/9646\/revisions"}],"predecessor-version":[{"id":9653,"href":"https:\/\/www.ifsc.usp.br\/cpqi\/wp-json\/wp\/v2\/pages\/9646\/revisions\/9653"}],"wp:attachment":[{"href":"https:\/\/www.ifsc.usp.br\/cpqi\/wp-json\/wp\/v2\/media?parent=9646"}],"curies":[{"name":"wp","href":"https:\/\/api.w.org\/{rel}","templated":true}]}}