{"id":2610,"date":"2015-02-02T04:29:48","date_gmt":"2015-02-02T04:29:48","guid":{"rendered":"http:\/\/rttheme19-rtthemes-com.rtthemes.com\/?page_id=4"},"modified":"2024-09-24T15:48:06","modified_gmt":"2024-09-24T18:48:06","slug":"home-page","status":"publish","type":"page","link":"https:\/\/www.ifsc.usp.br\/efc\/","title":{"rendered":"Home Page"},"content":{"rendered":"<p>[vc_row rt_row_background_width=&#8221;fullwidth&#8221; rt_row_content_width=&#8221;fullwidth&#8221; rt_row_style=&#8221;default-style&#8221; rt_row_borders=&#8221;&#8221; rt_row_paddings=&#8221;false&#8221; rt_bg_effect=&#8221;classic&#8221; rt_bg_image_repeat=&#8221;repeat&#8221; rt_bg_size=&#8221;cover&#8221; rt_bg_position=&#8221;right top&#8221; rt_bg_attachment=&#8221;scroll&#8221; rt_bg_video_format=&#8221;self-hosted&#8221;][vc_column width=&#8221;1\/4&#8243; rt_wrp_col_paddings=&#8221;false&#8221; rt_border_top=&#8221;&#8221; rt_border_bottom=&#8221;&#8221; rt_border_left=&#8221;&#8221; rt_border_right=&#8221;&#8221; rt_border_top_mobile=&#8221;&#8221; rt_border_bottom_mobile=&#8221;&#8221; rt_border_left_mobile=&#8221;&#8221; rt_border_right_mobile=&#8221;&#8221; rt_bg_image_repeat=&#8221;repeat&#8221; rt_bg_size=&#8221;auto auto&#8221; rt_bg_position=&#8221;right top&#8221; rt_bg_attachment=&#8221;scroll&#8221; offset=&#8221;vc_hidden-md vc_hidden-sm vc_hidden-xs&#8221;][\/vc_column][vc_column width=&#8221;1\/2&#8243; rt_wrp_col_paddings=&#8221;false&#8221; rt_border_top=&#8221;&#8221; rt_border_bottom=&#8221;&#8221; rt_border_left=&#8221;&#8221; rt_border_right=&#8221;&#8221; rt_border_top_mobile=&#8221;&#8221; rt_border_bottom_mobile=&#8221;&#8221; rt_border_left_mobile=&#8221;&#8221; rt_border_right_mobile=&#8221;&#8221; rt_bg_image_repeat=&#8221;repeat&#8221; rt_bg_size=&#8221;auto auto&#8221; rt_bg_position=&#8221;right top&#8221; rt_bg_attachment=&#8221;scroll&#8221;][vc_empty_space height=&#8221;20px&#8221;][vc_column_text]A \u00faltima edi\u00e7\u00e3o da Escola de F\u00edsica Contempor\u00e2nea (EFC) do Instituto de F\u00edsica de S\u00e3o Carlos (IFSC) da Universidade de S\u00e3o Paulo (USP) foi realizada no IFSC entre os dias 30 de Junho e 06 de julho de 2019. A EFC \u00e9 uma atividade de extens\u00e3o que ocorria anualmente, tendo como p\u00fablico alvo alunos talentosos do ensino m\u00e9dio (2\u00ba e 3\u00ba anos) que apresentam interesse particular pela \u00e1rea de F\u00edsica.<\/p>\n<p>Os alunos selecionados para participar da escola aproveitavam a\u00a0 oportunidade de assistir a aulas ministradas por professores da USP, de conviver com cientistas de um dos maiores centros de pesquisa multidisciplinar da Am\u00e9rica Latina, de visitar laborat\u00f3rios de pesquisa do mais alto n\u00edvel e de conhecer ind\u00fastrias de tecnologia de ponta que nasceram dentro dos laborat\u00f3rios de pesquisa do IFSC.<\/p>\n<p><img loading=\"lazy\" decoding=\"async\" class=\"alignnone wp-image-8415\" src=\"http:\/\/www.ifsc.usp.br\/efc\/2019wp\/wp-content\/uploads\/2019\/03\/cartaz-04-final-212x300.jpg\" alt=\"\" width=\"741\" height=\"1049\" srcset=\"https:\/\/www.ifsc.usp.br\/efc\/wp-content\/uploads\/2019\/03\/cartaz-04-final-212x300.jpg 212w, https:\/\/www.ifsc.usp.br\/efc\/wp-content\/uploads\/2019\/03\/cartaz-04-final-768x1087.jpg 768w, https:\/\/www.ifsc.usp.br\/efc\/wp-content\/uploads\/2019\/03\/cartaz-04-final-724x1024.jpg 724w, https:\/\/www.ifsc.usp.br\/efc\/wp-content\/uploads\/2019\/03\/cartaz-04-final.jpg 1190w\" sizes=\"(max-width: 741px) 100vw, 741px\" \/>[\/vc_column_text][\/vc_column][vc_column width=&#8221;1\/4&#8243; rt_wrp_col_paddings=&#8221;false&#8221; rt_border_top=&#8221;&#8221; rt_border_bottom=&#8221;&#8221; rt_border_left=&#8221;&#8221; rt_border_right=&#8221;&#8221; rt_border_top_mobile=&#8221;&#8221; rt_border_bottom_mobile=&#8221;&#8221; rt_border_left_mobile=&#8221;&#8221; rt_border_right_mobile=&#8221;&#8221; rt_bg_image_repeat=&#8221;repeat&#8221; rt_bg_size=&#8221;auto auto&#8221; rt_bg_position=&#8221;right top&#8221; rt_bg_attachment=&#8221;scroll&#8221; offset=&#8221;vc_hidden-md vc_hidden-sm vc_hidden-xs&#8221;][\/vc_column][\/vc_row]<\/p>\n","protected":false},"excerpt":{"rendered":"<p>[vc_row rt_row_background_width=&#8221;fullwidth&#8221; rt_row_content_width=&#8221;fullwidth&#8221; rt_row_style=&#8221;default-style&#8221; rt_row_borders=&#8221;&#8221; rt_row_paddings=&#8221;false&#8221; rt_bg_effect=&#8221;classic&#8221; rt_bg_image_repeat=&#8221;repeat&#8221; rt_bg_size=&#8221;cover&#8221; rt_bg_position=&#8221;right top&#8221; rt_bg_attachment=&#8221;scroll&#8221; rt_bg_video_format=&#8221;self-hosted&#8221;][vc_column width=&#8221;1\/4&#8243; rt_wrp_col_paddings=&#8221;false&#8221; rt_border_top=&#8221;&#8221; rt_border_bottom=&#8221;&#8221; rt_border_left=&#8221;&#8221; rt_border_right=&#8221;&#8221; rt_border_top_mobile=&#8221;&#8221; rt_border_bottom_mobile=&#8221;&#8221; rt_border_left_mobile=&#8221;&#8221; rt_border_right_mobile=&#8221;&#8221; rt_bg_image_repeat=&#8221;repeat&#8221; rt_bg_size=&#8221;auto auto&#8221; rt_bg_position=&#8221;right top&#8221; rt_bg_attachment=&#8221;scroll&#8221; offset=&#8221;vc_hidden-md vc_hidden-sm vc_hidden-xs&#8221;][\/vc_column][vc_column width=&#8221;1\/2&#8243; rt_wrp_col_paddings=&#8221;false&#8221; rt_border_top=&#8221;&#8221; rt_border_bottom=&#8221;&#8221; rt_border_left=&#8221;&#8221; rt_border_right=&#8221;&#8221; rt_border_top_mobile=&#8221;&#8221; rt_border_bottom_mobile=&#8221;&#8221; rt_border_left_mobile=&#8221;&#8221; rt_border_right_mobile=&#8221;&#8221; rt_bg_image_repeat=&#8221;repeat&#8221; rt_bg_size=&#8221;auto auto&#8221; rt_bg_position=&#8221;right top&#8221; rt_bg_attachment=&#8221;scroll&#8221;][vc_empty_space height=&#8221;20px&#8221;][vc_column_text]A \u00faltima edi\u00e7\u00e3o da Escola de F\u00edsica [&hellip;]<\/p>\n","protected":false},"author":1,"featured_media":0,"parent":0,"menu_order":0,"comment_status":"open","ping_status":"open","template":"","meta":{"footnotes":""},"class_list":["post-2610","page","type-page","status-publish","hentry"],"yoast_head":"<!-- This site is optimized with the Yoast SEO plugin v23.5 - https:\/\/yoast.com\/wordpress\/plugins\/seo\/ -->\n<title>Home Page - EFC<\/title>\n<meta name=\"robots\" content=\"index, follow, max-snippet:-1, max-image-preview:large, max-video-preview:-1\" \/>\n<link rel=\"canonical\" href=\"https:\/\/www.ifsc.usp.br\/efc\/\" \/>\n<meta property=\"og:locale\" content=\"pt_BR\" \/>\n<meta property=\"og:type\" content=\"article\" \/>\n<meta property=\"og:title\" content=\"Home Page - EFC\" \/>\n<meta property=\"og:description\" content=\"[vc_row rt_row_background_width=&#8221;fullwidth&#8221; rt_row_content_width=&#8221;fullwidth&#8221; rt_row_style=&#8221;default-style&#8221; rt_row_borders=&#8221;&#8221; rt_row_paddings=&#8221;false&#8221; rt_bg_effect=&#8221;classic&#8221; rt_bg_image_repeat=&#8221;repeat&#8221; rt_bg_size=&#8221;cover&#8221; rt_bg_position=&#8221;right top&#8221; rt_bg_attachment=&#8221;scroll&#8221; rt_bg_video_format=&#8221;self-hosted&#8221;][vc_column width=&#8221;1\/4&#8243; rt_wrp_col_paddings=&#8221;false&#8221; rt_border_top=&#8221;&#8221; rt_border_bottom=&#8221;&#8221; rt_border_left=&#8221;&#8221; rt_border_right=&#8221;&#8221; rt_border_top_mobile=&#8221;&#8221; rt_border_bottom_mobile=&#8221;&#8221; rt_border_left_mobile=&#8221;&#8221; rt_border_right_mobile=&#8221;&#8221; rt_bg_image_repeat=&#8221;repeat&#8221; rt_bg_size=&#8221;auto auto&#8221; rt_bg_position=&#8221;right top&#8221; rt_bg_attachment=&#8221;scroll&#8221; offset=&#8221;vc_hidden-md vc_hidden-sm vc_hidden-xs&#8221;][\/vc_column][vc_column width=&#8221;1\/2&#8243; rt_wrp_col_paddings=&#8221;false&#8221; rt_border_top=&#8221;&#8221; rt_border_bottom=&#8221;&#8221; rt_border_left=&#8221;&#8221; rt_border_right=&#8221;&#8221; rt_border_top_mobile=&#8221;&#8221; rt_border_bottom_mobile=&#8221;&#8221; rt_border_left_mobile=&#8221;&#8221; rt_border_right_mobile=&#8221;&#8221; rt_bg_image_repeat=&#8221;repeat&#8221; rt_bg_size=&#8221;auto auto&#8221; rt_bg_position=&#8221;right top&#8221; rt_bg_attachment=&#8221;scroll&#8221;][vc_empty_space height=&#8221;20px&#8221;][vc_column_text]A \u00faltima edi\u00e7\u00e3o da Escola de F\u00edsica [&hellip;]\" \/>\n<meta property=\"og:url\" content=\"https:\/\/www.ifsc.usp.br\/efc\/\" \/>\n<meta property=\"og:site_name\" content=\"EFC\" \/>\n<meta property=\"article:modified_time\" content=\"2024-09-24T18:48:06+00:00\" \/>\n<meta property=\"og:image\" content=\"http:\/\/www.ifsc.usp.br\/efc\/2019wp\/wp-content\/uploads\/2019\/03\/cartaz-04-final-212x300.jpg\" \/>\n<meta name=\"twitter:card\" content=\"summary_large_image\" \/>\n<meta name=\"twitter:label1\" content=\"Est. tempo de leitura\" \/>\n\t<meta name=\"twitter:data1\" content=\"2 minutos\" \/>\n<script type=\"application\/ld+json\" class=\"yoast-schema-graph\">{\"@context\":\"https:\/\/schema.org\",\"@graph\":[{\"@type\":\"WebPage\",\"@id\":\"https:\/\/www.ifsc.usp.br\/efc\/\",\"url\":\"https:\/\/www.ifsc.usp.br\/efc\/\",\"name\":\"Home Page - EFC\",\"isPartOf\":{\"@id\":\"https:\/\/www.ifsc.usp.br\/efc\/#website\"},\"primaryImageOfPage\":{\"@id\":\"https:\/\/www.ifsc.usp.br\/efc\/#primaryimage\"},\"image\":{\"@id\":\"https:\/\/www.ifsc.usp.br\/efc\/#primaryimage\"},\"thumbnailUrl\":\"http:\/\/www.ifsc.usp.br\/efc\/2019wp\/wp-content\/uploads\/2019\/03\/cartaz-04-final-212x300.jpg\",\"datePublished\":\"2015-02-02T04:29:48+00:00\",\"dateModified\":\"2024-09-24T18:48:06+00:00\",\"breadcrumb\":{\"@id\":\"https:\/\/www.ifsc.usp.br\/efc\/#breadcrumb\"},\"inLanguage\":\"pt-BR\",\"potentialAction\":[{\"@type\":\"ReadAction\",\"target\":[\"https:\/\/www.ifsc.usp.br\/efc\/\"]}]},{\"@type\":\"ImageObject\",\"inLanguage\":\"pt-BR\",\"@id\":\"https:\/\/www.ifsc.usp.br\/efc\/#primaryimage\",\"url\":\"http:\/\/www.ifsc.usp.br\/efc\/2019wp\/wp-content\/uploads\/2019\/03\/cartaz-04-final-212x300.jpg\",\"contentUrl\":\"http:\/\/www.ifsc.usp.br\/efc\/2019wp\/wp-content\/uploads\/2019\/03\/cartaz-04-final-212x300.jpg\"},{\"@type\":\"BreadcrumbList\",\"@id\":\"https:\/\/www.ifsc.usp.br\/efc\/#breadcrumb\",\"itemListElement\":[{\"@type\":\"ListItem\",\"position\":1,\"name\":\"Home\",\"item\":\"https:\/\/www.ifsc.usp.br\/efc\/\"},{\"@type\":\"ListItem\",\"position\":2,\"name\":\"Home Page\"}]},{\"@type\":\"WebSite\",\"@id\":\"https:\/\/www.ifsc.usp.br\/efc\/#website\",\"url\":\"https:\/\/www.ifsc.usp.br\/efc\/\",\"name\":\"EFC\",\"description\":\"Instituto de F\u00edsica de S\u00e3o Carlos\",\"potentialAction\":[{\"@type\":\"SearchAction\",\"target\":{\"@type\":\"EntryPoint\",\"urlTemplate\":\"https:\/\/www.ifsc.usp.br\/efc\/?s={search_term_string}\"},\"query-input\":{\"@type\":\"PropertyValueSpecification\",\"valueRequired\":true,\"valueName\":\"search_term_string\"}}],\"inLanguage\":\"pt-BR\"}]}<\/script>\n<!-- \/ Yoast SEO plugin. -->","yoast_head_json":{"title":"Home Page - EFC","robots":{"index":"index","follow":"follow","max-snippet":"max-snippet:-1","max-image-preview":"max-image-preview:large","max-video-preview":"max-video-preview:-1"},"canonical":"https:\/\/www.ifsc.usp.br\/efc\/","og_locale":"pt_BR","og_type":"article","og_title":"Home Page - EFC","og_description":"[vc_row rt_row_background_width=&#8221;fullwidth&#8221; rt_row_content_width=&#8221;fullwidth&#8221; rt_row_style=&#8221;default-style&#8221; rt_row_borders=&#8221;&#8221; rt_row_paddings=&#8221;false&#8221; rt_bg_effect=&#8221;classic&#8221; rt_bg_image_repeat=&#8221;repeat&#8221; rt_bg_size=&#8221;cover&#8221; rt_bg_position=&#8221;right top&#8221; rt_bg_attachment=&#8221;scroll&#8221; rt_bg_video_format=&#8221;self-hosted&#8221;][vc_column width=&#8221;1\/4&#8243; rt_wrp_col_paddings=&#8221;false&#8221; rt_border_top=&#8221;&#8221; rt_border_bottom=&#8221;&#8221; rt_border_left=&#8221;&#8221; rt_border_right=&#8221;&#8221; rt_border_top_mobile=&#8221;&#8221; rt_border_bottom_mobile=&#8221;&#8221; rt_border_left_mobile=&#8221;&#8221; rt_border_right_mobile=&#8221;&#8221; rt_bg_image_repeat=&#8221;repeat&#8221; rt_bg_size=&#8221;auto auto&#8221; rt_bg_position=&#8221;right top&#8221; rt_bg_attachment=&#8221;scroll&#8221; offset=&#8221;vc_hidden-md vc_hidden-sm vc_hidden-xs&#8221;][\/vc_column][vc_column width=&#8221;1\/2&#8243; rt_wrp_col_paddings=&#8221;false&#8221; rt_border_top=&#8221;&#8221; rt_border_bottom=&#8221;&#8221; rt_border_left=&#8221;&#8221; rt_border_right=&#8221;&#8221; rt_border_top_mobile=&#8221;&#8221; rt_border_bottom_mobile=&#8221;&#8221; rt_border_left_mobile=&#8221;&#8221; rt_border_right_mobile=&#8221;&#8221; rt_bg_image_repeat=&#8221;repeat&#8221; rt_bg_size=&#8221;auto auto&#8221; rt_bg_position=&#8221;right top&#8221; rt_bg_attachment=&#8221;scroll&#8221;][vc_empty_space height=&#8221;20px&#8221;][vc_column_text]A \u00faltima edi\u00e7\u00e3o da Escola de F\u00edsica [&hellip;]","og_url":"https:\/\/www.ifsc.usp.br\/efc\/","og_site_name":"EFC","article_modified_time":"2024-09-24T18:48:06+00:00","og_image":[{"url":"http:\/\/www.ifsc.usp.br\/efc\/2019wp\/wp-content\/uploads\/2019\/03\/cartaz-04-final-212x300.jpg"}],"twitter_card":"summary_large_image","twitter_misc":{"Est. tempo de leitura":"2 minutos"},"schema":{"@context":"https:\/\/schema.org","@graph":[{"@type":"WebPage","@id":"https:\/\/www.ifsc.usp.br\/efc\/","url":"https:\/\/www.ifsc.usp.br\/efc\/","name":"Home Page - EFC","isPartOf":{"@id":"https:\/\/www.ifsc.usp.br\/efc\/#website"},"primaryImageOfPage":{"@id":"https:\/\/www.ifsc.usp.br\/efc\/#primaryimage"},"image":{"@id":"https:\/\/www.ifsc.usp.br\/efc\/#primaryimage"},"thumbnailUrl":"http:\/\/www.ifsc.usp.br\/efc\/2019wp\/wp-content\/uploads\/2019\/03\/cartaz-04-final-212x300.jpg","datePublished":"2015-02-02T04:29:48+00:00","dateModified":"2024-09-24T18:48:06+00:00","breadcrumb":{"@id":"https:\/\/www.ifsc.usp.br\/efc\/#breadcrumb"},"inLanguage":"pt-BR","potentialAction":[{"@type":"ReadAction","target":["https:\/\/www.ifsc.usp.br\/efc\/"]}]},{"@type":"ImageObject","inLanguage":"pt-BR","@id":"https:\/\/www.ifsc.usp.br\/efc\/#primaryimage","url":"http:\/\/www.ifsc.usp.br\/efc\/2019wp\/wp-content\/uploads\/2019\/03\/cartaz-04-final-212x300.jpg","contentUrl":"http:\/\/www.ifsc.usp.br\/efc\/2019wp\/wp-content\/uploads\/2019\/03\/cartaz-04-final-212x300.jpg"},{"@type":"BreadcrumbList","@id":"https:\/\/www.ifsc.usp.br\/efc\/#breadcrumb","itemListElement":[{"@type":"ListItem","position":1,"name":"Home","item":"https:\/\/www.ifsc.usp.br\/efc\/"},{"@type":"ListItem","position":2,"name":"Home Page"}]},{"@type":"WebSite","@id":"https:\/\/www.ifsc.usp.br\/efc\/#website","url":"https:\/\/www.ifsc.usp.br\/efc\/","name":"EFC","description":"Instituto de F\u00edsica de S\u00e3o Carlos","potentialAction":[{"@type":"SearchAction","target":{"@type":"EntryPoint","urlTemplate":"https:\/\/www.ifsc.usp.br\/efc\/?s={search_term_string}"},"query-input":{"@type":"PropertyValueSpecification","valueRequired":true,"valueName":"search_term_string"}}],"inLanguage":"pt-BR"}]}},"_links":{"self":[{"href":"https:\/\/www.ifsc.usp.br\/efc\/wp-json\/wp\/v2\/pages\/2610"}],"collection":[{"href":"https:\/\/www.ifsc.usp.br\/efc\/wp-json\/wp\/v2\/pages"}],"about":[{"href":"https:\/\/www.ifsc.usp.br\/efc\/wp-json\/wp\/v2\/types\/page"}],"author":[{"embeddable":true,"href":"https:\/\/www.ifsc.usp.br\/efc\/wp-json\/wp\/v2\/users\/1"}],"replies":[{"embeddable":true,"href":"https:\/\/www.ifsc.usp.br\/efc\/wp-json\/wp\/v2\/comments?post=2610"}],"version-history":[{"count":67,"href":"https:\/\/www.ifsc.usp.br\/efc\/wp-json\/wp\/v2\/pages\/2610\/revisions"}],"predecessor-version":[{"id":8579,"href":"https:\/\/www.ifsc.usp.br\/efc\/wp-json\/wp\/v2\/pages\/2610\/revisions\/8579"}],"wp:attachment":[{"href":"https:\/\/www.ifsc.usp.br\/efc\/wp-json\/wp\/v2\/media?parent=2610"}],"curies":[{"name":"wp","href":"https:\/\/api.w.org\/{rel}","templated":true}]}}