{"id":8271,"date":"2019-01-07T15:18:38","date_gmt":"2019-01-07T17:18:38","guid":{"rendered":"http:\/\/www.ifsc.usp.br\/efc\/2019wp\/?page_id=8271"},"modified":"2024-09-24T16:40:27","modified_gmt":"2024-09-24T19:40:27","slug":"programacao-da-efc-2019","status":"publish","type":"page","link":"https:\/\/www.ifsc.usp.br\/efc\/programacao-da-efc-2019\/","title":{"rendered":"Programa\u00e7\u00e3o da EFC"},"content":{"rendered":"<p>A programa\u00e7\u00e3o da EFC inclui aulas expositivas e experimentais, ministradas por professores da USP, abordando t\u00f3picos de F\u00edsica Cl\u00e1ssica e F\u00edsica Moderna, palestras sobre temas atuais de F\u00edsica, visitas monitoradas \u00e0s oficinas e aos laborat\u00f3rios de ensino e pesquisas do IFSC. As atividades, que se estendem pelo per\u00edodo de 7 dias, tem in\u00edcio \u00e0s 8h e t\u00e9rmino \u00e0s 21h.<\/p>\n<p>A programa\u00e7\u00e3o do EFC 2019 completa segue no link abaixo em PDF.<\/p>\n<p><a href=\"http:\/\/www.ifsc.usp.br\/efc\/wp-content\/uploads\/2019\/06\/EFC2019_Programa_Atualizado.pdf\" target=\"_blank\" rel=\"noopener\">Programa\u00e7\u00e3o EFC2019<\/a><\/p>\n","protected":false},"excerpt":{"rendered":"<p>A programa\u00e7\u00e3o da EFC inclui aulas expositivas e experimentais, ministradas por professores da USP, abordando t\u00f3picos de F\u00edsica Cl\u00e1ssica e F\u00edsica Moderna, palestras sobre temas atuais de F\u00edsica, visitas monitoradas \u00e0s oficinas e aos laborat\u00f3rios de ensino e pesquisas do IFSC. As atividades, que se estendem pelo per\u00edodo de 7 dias, tem in\u00edcio \u00e0s 8h [&hellip;]<\/p>\n","protected":false},"author":1,"featured_media":0,"parent":0,"menu_order":0,"comment_status":"closed","ping_status":"closed","template":"","meta":{"footnotes":""},"class_list":["post-8271","page","type-page","status-publish","hentry"],"yoast_head":"<!-- This site is optimized with the Yoast SEO plugin v23.5 - https:\/\/yoast.com\/wordpress\/plugins\/seo\/ -->\n<title>Programa\u00e7\u00e3o da EFC - EFC<\/title>\n<meta name=\"robots\" content=\"index, follow, max-snippet:-1, max-image-preview:large, max-video-preview:-1\" \/>\n<link rel=\"canonical\" href=\"https:\/\/www.ifsc.usp.br\/efc\/programacao-da-efc-2019\/\" \/>\n<meta property=\"og:locale\" content=\"pt_BR\" \/>\n<meta property=\"og:type\" content=\"article\" \/>\n<meta property=\"og:title\" content=\"Programa\u00e7\u00e3o da EFC - EFC\" \/>\n<meta property=\"og:description\" content=\"A programa\u00e7\u00e3o da EFC inclui aulas expositivas e experimentais, ministradas por professores da USP, abordando t\u00f3picos de F\u00edsica Cl\u00e1ssica e F\u00edsica Moderna, palestras sobre temas atuais de F\u00edsica, visitas monitoradas \u00e0s oficinas e aos laborat\u00f3rios de ensino e pesquisas do IFSC. As atividades, que se estendem pelo per\u00edodo de 7 dias, tem in\u00edcio \u00e0s 8h [&hellip;]\" \/>\n<meta property=\"og:url\" content=\"https:\/\/www.ifsc.usp.br\/efc\/programacao-da-efc-2019\/\" \/>\n<meta property=\"og:site_name\" content=\"EFC\" \/>\n<meta property=\"article:modified_time\" content=\"2024-09-24T19:40:27+00:00\" \/>\n<meta name=\"twitter:card\" content=\"summary_large_image\" \/>\n<meta name=\"twitter:label1\" content=\"Est. tempo de leitura\" \/>\n\t<meta name=\"twitter:data1\" content=\"1 minuto\" \/>\n<script type=\"application\/ld+json\" class=\"yoast-schema-graph\">{\"@context\":\"https:\/\/schema.org\",\"@graph\":[{\"@type\":\"WebPage\",\"@id\":\"https:\/\/www.ifsc.usp.br\/efc\/programacao-da-efc-2019\/\",\"url\":\"https:\/\/www.ifsc.usp.br\/efc\/programacao-da-efc-2019\/\",\"name\":\"Programa\u00e7\u00e3o da EFC - EFC\",\"isPartOf\":{\"@id\":\"https:\/\/www.ifsc.usp.br\/efc\/#website\"},\"datePublished\":\"2019-01-07T17:18:38+00:00\",\"dateModified\":\"2024-09-24T19:40:27+00:00\",\"breadcrumb\":{\"@id\":\"https:\/\/www.ifsc.usp.br\/efc\/programacao-da-efc-2019\/#breadcrumb\"},\"inLanguage\":\"pt-BR\",\"potentialAction\":[{\"@type\":\"ReadAction\",\"target\":[\"https:\/\/www.ifsc.usp.br\/efc\/programacao-da-efc-2019\/\"]}]},{\"@type\":\"BreadcrumbList\",\"@id\":\"https:\/\/www.ifsc.usp.br\/efc\/programacao-da-efc-2019\/#breadcrumb\",\"itemListElement\":[{\"@type\":\"ListItem\",\"position\":1,\"name\":\"Home\",\"item\":\"https:\/\/www.ifsc.usp.br\/efc\/\"},{\"@type\":\"ListItem\",\"position\":2,\"name\":\"Programa\u00e7\u00e3o da EFC\"}]},{\"@type\":\"WebSite\",\"@id\":\"https:\/\/www.ifsc.usp.br\/efc\/#website\",\"url\":\"https:\/\/www.ifsc.usp.br\/efc\/\",\"name\":\"EFC\",\"description\":\"Instituto de F\u00edsica de S\u00e3o Carlos\",\"potentialAction\":[{\"@type\":\"SearchAction\",\"target\":{\"@type\":\"EntryPoint\",\"urlTemplate\":\"https:\/\/www.ifsc.usp.br\/efc\/?s={search_term_string}\"},\"query-input\":{\"@type\":\"PropertyValueSpecification\",\"valueRequired\":true,\"valueName\":\"search_term_string\"}}],\"inLanguage\":\"pt-BR\"}]}<\/script>\n<!-- \/ Yoast SEO plugin. -->","yoast_head_json":{"title":"Programa\u00e7\u00e3o da EFC - EFC","robots":{"index":"index","follow":"follow","max-snippet":"max-snippet:-1","max-image-preview":"max-image-preview:large","max-video-preview":"max-video-preview:-1"},"canonical":"https:\/\/www.ifsc.usp.br\/efc\/programacao-da-efc-2019\/","og_locale":"pt_BR","og_type":"article","og_title":"Programa\u00e7\u00e3o da EFC - EFC","og_description":"A programa\u00e7\u00e3o da EFC inclui aulas expositivas e experimentais, ministradas por professores da USP, abordando t\u00f3picos de F\u00edsica Cl\u00e1ssica e F\u00edsica Moderna, palestras sobre temas atuais de F\u00edsica, visitas monitoradas \u00e0s oficinas e aos laborat\u00f3rios de ensino e pesquisas do IFSC. As atividades, que se estendem pelo per\u00edodo de 7 dias, tem in\u00edcio \u00e0s 8h [&hellip;]","og_url":"https:\/\/www.ifsc.usp.br\/efc\/programacao-da-efc-2019\/","og_site_name":"EFC","article_modified_time":"2024-09-24T19:40:27+00:00","twitter_card":"summary_large_image","twitter_misc":{"Est. tempo de leitura":"1 minuto"},"schema":{"@context":"https:\/\/schema.org","@graph":[{"@type":"WebPage","@id":"https:\/\/www.ifsc.usp.br\/efc\/programacao-da-efc-2019\/","url":"https:\/\/www.ifsc.usp.br\/efc\/programacao-da-efc-2019\/","name":"Programa\u00e7\u00e3o da EFC - EFC","isPartOf":{"@id":"https:\/\/www.ifsc.usp.br\/efc\/#website"},"datePublished":"2019-01-07T17:18:38+00:00","dateModified":"2024-09-24T19:40:27+00:00","breadcrumb":{"@id":"https:\/\/www.ifsc.usp.br\/efc\/programacao-da-efc-2019\/#breadcrumb"},"inLanguage":"pt-BR","potentialAction":[{"@type":"ReadAction","target":["https:\/\/www.ifsc.usp.br\/efc\/programacao-da-efc-2019\/"]}]},{"@type":"BreadcrumbList","@id":"https:\/\/www.ifsc.usp.br\/efc\/programacao-da-efc-2019\/#breadcrumb","itemListElement":[{"@type":"ListItem","position":1,"name":"Home","item":"https:\/\/www.ifsc.usp.br\/efc\/"},{"@type":"ListItem","position":2,"name":"Programa\u00e7\u00e3o da EFC"}]},{"@type":"WebSite","@id":"https:\/\/www.ifsc.usp.br\/efc\/#website","url":"https:\/\/www.ifsc.usp.br\/efc\/","name":"EFC","description":"Instituto de F\u00edsica de S\u00e3o Carlos","potentialAction":[{"@type":"SearchAction","target":{"@type":"EntryPoint","urlTemplate":"https:\/\/www.ifsc.usp.br\/efc\/?s={search_term_string}"},"query-input":{"@type":"PropertyValueSpecification","valueRequired":true,"valueName":"search_term_string"}}],"inLanguage":"pt-BR"}]}},"_links":{"self":[{"href":"https:\/\/www.ifsc.usp.br\/efc\/wp-json\/wp\/v2\/pages\/8271"}],"collection":[{"href":"https:\/\/www.ifsc.usp.br\/efc\/wp-json\/wp\/v2\/pages"}],"about":[{"href":"https:\/\/www.ifsc.usp.br\/efc\/wp-json\/wp\/v2\/types\/page"}],"author":[{"embeddable":true,"href":"https:\/\/www.ifsc.usp.br\/efc\/wp-json\/wp\/v2\/users\/1"}],"replies":[{"embeddable":true,"href":"https:\/\/www.ifsc.usp.br\/efc\/wp-json\/wp\/v2\/comments?post=8271"}],"version-history":[{"count":12,"href":"https:\/\/www.ifsc.usp.br\/efc\/wp-json\/wp\/v2\/pages\/8271\/revisions"}],"predecessor-version":[{"id":8628,"href":"https:\/\/www.ifsc.usp.br\/efc\/wp-json\/wp\/v2\/pages\/8271\/revisions\/8628"}],"wp:attachment":[{"href":"https:\/\/www.ifsc.usp.br\/efc\/wp-json\/wp\/v2\/media?parent=8271"}],"curies":[{"name":"wp","href":"https:\/\/api.w.org\/{rel}","templated":true}]}}