{"id":8286,"date":"2019-01-07T15:25:14","date_gmt":"2019-01-07T17:25:14","guid":{"rendered":"http:\/\/www.ifsc.usp.br\/efc\/2019wp\/?page_id=8286"},"modified":"2019-01-07T15:25:14","modified_gmt":"2019-01-07T17:25:14","slug":"alimentacao","status":"publish","type":"page","link":"https:\/\/www.ifsc.usp.br\/efc\/alimentacao\/","title":{"rendered":"Alimenta\u00e7\u00e3o"},"content":{"rendered":"<p>Ao longo da semana da EFC, o caf\u00e9 da manh\u00e3 ser\u00e1 servido \u00e0s 7h00 no hotel no qual o aluno participante estiver hospedado. O almo\u00e7o e o jantar ser\u00e3o feitos no Restaurante Universit\u00e1rio da USP e ser\u00e3o servidos, respectivamente, \u00e0s 12h00 e \u00e0s 18h00. Al\u00e9m das refei\u00e7\u00f5es principais, a EFC oferecer\u00e1 dois coffee-breaks di\u00e1rios (10h00 e 16h00, respectivamente) no Hall do IFSC\/USP.<\/p>\n<p>No Domingo, data da abertura da EFC, ser\u00e1 servido um coffee-break \u00e0s 16h00 e um lanche-jantar \u00e0s 18h00 no pr\u00f3prio IFSC\/USP.<\/p>\n<p>Todas essas refei\u00e7\u00f5es ser\u00e3o oferecidas pela EFC e est\u00e3o cobertas pela Taxa de Matr\u00edcula paga pelos participantes.<\/p>\n<p>Casos de eventuais restri\u00e7\u00f5es alimentares dever\u00e3o ser comunicados \u00e0 coordena\u00e7\u00e3o da escola para que as devidas provid\u00eancias sejam tomadas.<\/p>\n<p><strong>Importante:<\/strong> Eventuais despesas com sobremesas ou de frigobar do hotel n\u00e3o ser\u00e3o cobertas pela EFC e dever\u00e3o ser pagas \u00e0 parte. Os estudantes que desejarem fazer um lanche (bolachas, biscoitos, sucos etc) ap\u00f3s o encerramento das atividades di\u00e1rias da EFC dever\u00e3o traz\u00ea-lo de casa ou poder\u00e3o pedir o acompanhamento dos supervisores para ir a lanchonetes que ficam nas proximidades dos hot\u00e9is.<\/p>\n","protected":false},"excerpt":{"rendered":"<p>Ao longo da semana da EFC, o caf\u00e9 da manh\u00e3 ser\u00e1 servido \u00e0s 7h00 no hotel no qual o aluno participante estiver hospedado. O almo\u00e7o e o jantar ser\u00e3o feitos no Restaurante Universit\u00e1rio da USP e ser\u00e3o servidos, respectivamente, \u00e0s 12h00 e \u00e0s 18h00. Al\u00e9m das refei\u00e7\u00f5es principais, a EFC oferecer\u00e1 dois coffee-breaks di\u00e1rios (10h00 [&hellip;]<\/p>\n","protected":false},"author":1,"featured_media":0,"parent":0,"menu_order":0,"comment_status":"closed","ping_status":"closed","template":"","meta":{"footnotes":""},"class_list":["post-8286","page","type-page","status-publish","hentry"],"yoast_head":"<!-- This site is optimized with the Yoast SEO plugin v23.5 - https:\/\/yoast.com\/wordpress\/plugins\/seo\/ -->\n<title>Alimenta\u00e7\u00e3o - EFC<\/title>\n<meta name=\"robots\" content=\"index, follow, max-snippet:-1, max-image-preview:large, max-video-preview:-1\" \/>\n<link rel=\"canonical\" href=\"https:\/\/www.ifsc.usp.br\/efc\/alimentacao\/\" \/>\n<meta property=\"og:locale\" content=\"pt_BR\" \/>\n<meta property=\"og:type\" content=\"article\" \/>\n<meta property=\"og:title\" content=\"Alimenta\u00e7\u00e3o - EFC\" \/>\n<meta property=\"og:description\" content=\"Ao longo da semana da EFC, o caf\u00e9 da manh\u00e3 ser\u00e1 servido \u00e0s 7h00 no hotel no qual o aluno participante estiver hospedado. O almo\u00e7o e o jantar ser\u00e3o feitos no Restaurante Universit\u00e1rio da USP e ser\u00e3o servidos, respectivamente, \u00e0s 12h00 e \u00e0s 18h00. Al\u00e9m das refei\u00e7\u00f5es principais, a EFC oferecer\u00e1 dois coffee-breaks di\u00e1rios (10h00 [&hellip;]\" \/>\n<meta property=\"og:url\" content=\"https:\/\/www.ifsc.usp.br\/efc\/alimentacao\/\" \/>\n<meta property=\"og:site_name\" content=\"EFC\" \/>\n<meta name=\"twitter:card\" content=\"summary_large_image\" \/>\n<meta name=\"twitter:label1\" content=\"Est. tempo de leitura\" \/>\n\t<meta name=\"twitter:data1\" content=\"1 minuto\" \/>\n<script type=\"application\/ld+json\" class=\"yoast-schema-graph\">{\"@context\":\"https:\/\/schema.org\",\"@graph\":[{\"@type\":\"WebPage\",\"@id\":\"https:\/\/www.ifsc.usp.br\/efc\/alimentacao\/\",\"url\":\"https:\/\/www.ifsc.usp.br\/efc\/alimentacao\/\",\"name\":\"Alimenta\u00e7\u00e3o - EFC\",\"isPartOf\":{\"@id\":\"https:\/\/www.ifsc.usp.br\/efc\/#website\"},\"datePublished\":\"2019-01-07T17:25:14+00:00\",\"dateModified\":\"2019-01-07T17:25:14+00:00\",\"breadcrumb\":{\"@id\":\"https:\/\/www.ifsc.usp.br\/efc\/alimentacao\/#breadcrumb\"},\"inLanguage\":\"pt-BR\",\"potentialAction\":[{\"@type\":\"ReadAction\",\"target\":[\"https:\/\/www.ifsc.usp.br\/efc\/alimentacao\/\"]}]},{\"@type\":\"BreadcrumbList\",\"@id\":\"https:\/\/www.ifsc.usp.br\/efc\/alimentacao\/#breadcrumb\",\"itemListElement\":[{\"@type\":\"ListItem\",\"position\":1,\"name\":\"Home\",\"item\":\"https:\/\/www.ifsc.usp.br\/efc\/\"},{\"@type\":\"ListItem\",\"position\":2,\"name\":\"Alimenta\u00e7\u00e3o\"}]},{\"@type\":\"WebSite\",\"@id\":\"https:\/\/www.ifsc.usp.br\/efc\/#website\",\"url\":\"https:\/\/www.ifsc.usp.br\/efc\/\",\"name\":\"EFC\",\"description\":\"Instituto de F\u00edsica de S\u00e3o Carlos\",\"potentialAction\":[{\"@type\":\"SearchAction\",\"target\":{\"@type\":\"EntryPoint\",\"urlTemplate\":\"https:\/\/www.ifsc.usp.br\/efc\/?s={search_term_string}\"},\"query-input\":{\"@type\":\"PropertyValueSpecification\",\"valueRequired\":true,\"valueName\":\"search_term_string\"}}],\"inLanguage\":\"pt-BR\"}]}<\/script>\n<!-- \/ Yoast SEO plugin. -->","yoast_head_json":{"title":"Alimenta\u00e7\u00e3o - EFC","robots":{"index":"index","follow":"follow","max-snippet":"max-snippet:-1","max-image-preview":"max-image-preview:large","max-video-preview":"max-video-preview:-1"},"canonical":"https:\/\/www.ifsc.usp.br\/efc\/alimentacao\/","og_locale":"pt_BR","og_type":"article","og_title":"Alimenta\u00e7\u00e3o - EFC","og_description":"Ao longo da semana da EFC, o caf\u00e9 da manh\u00e3 ser\u00e1 servido \u00e0s 7h00 no hotel no qual o aluno participante estiver hospedado. O almo\u00e7o e o jantar ser\u00e3o feitos no Restaurante Universit\u00e1rio da USP e ser\u00e3o servidos, respectivamente, \u00e0s 12h00 e \u00e0s 18h00. Al\u00e9m das refei\u00e7\u00f5es principais, a EFC oferecer\u00e1 dois coffee-breaks di\u00e1rios (10h00 [&hellip;]","og_url":"https:\/\/www.ifsc.usp.br\/efc\/alimentacao\/","og_site_name":"EFC","twitter_card":"summary_large_image","twitter_misc":{"Est. tempo de leitura":"1 minuto"},"schema":{"@context":"https:\/\/schema.org","@graph":[{"@type":"WebPage","@id":"https:\/\/www.ifsc.usp.br\/efc\/alimentacao\/","url":"https:\/\/www.ifsc.usp.br\/efc\/alimentacao\/","name":"Alimenta\u00e7\u00e3o - EFC","isPartOf":{"@id":"https:\/\/www.ifsc.usp.br\/efc\/#website"},"datePublished":"2019-01-07T17:25:14+00:00","dateModified":"2019-01-07T17:25:14+00:00","breadcrumb":{"@id":"https:\/\/www.ifsc.usp.br\/efc\/alimentacao\/#breadcrumb"},"inLanguage":"pt-BR","potentialAction":[{"@type":"ReadAction","target":["https:\/\/www.ifsc.usp.br\/efc\/alimentacao\/"]}]},{"@type":"BreadcrumbList","@id":"https:\/\/www.ifsc.usp.br\/efc\/alimentacao\/#breadcrumb","itemListElement":[{"@type":"ListItem","position":1,"name":"Home","item":"https:\/\/www.ifsc.usp.br\/efc\/"},{"@type":"ListItem","position":2,"name":"Alimenta\u00e7\u00e3o"}]},{"@type":"WebSite","@id":"https:\/\/www.ifsc.usp.br\/efc\/#website","url":"https:\/\/www.ifsc.usp.br\/efc\/","name":"EFC","description":"Instituto de F\u00edsica de S\u00e3o Carlos","potentialAction":[{"@type":"SearchAction","target":{"@type":"EntryPoint","urlTemplate":"https:\/\/www.ifsc.usp.br\/efc\/?s={search_term_string}"},"query-input":{"@type":"PropertyValueSpecification","valueRequired":true,"valueName":"search_term_string"}}],"inLanguage":"pt-BR"}]}},"_links":{"self":[{"href":"https:\/\/www.ifsc.usp.br\/efc\/wp-json\/wp\/v2\/pages\/8286"}],"collection":[{"href":"https:\/\/www.ifsc.usp.br\/efc\/wp-json\/wp\/v2\/pages"}],"about":[{"href":"https:\/\/www.ifsc.usp.br\/efc\/wp-json\/wp\/v2\/types\/page"}],"author":[{"embeddable":true,"href":"https:\/\/www.ifsc.usp.br\/efc\/wp-json\/wp\/v2\/users\/1"}],"replies":[{"embeddable":true,"href":"https:\/\/www.ifsc.usp.br\/efc\/wp-json\/wp\/v2\/comments?post=8286"}],"version-history":[{"count":1,"href":"https:\/\/www.ifsc.usp.br\/efc\/wp-json\/wp\/v2\/pages\/8286\/revisions"}],"predecessor-version":[{"id":8287,"href":"https:\/\/www.ifsc.usp.br\/efc\/wp-json\/wp\/v2\/pages\/8286\/revisions\/8287"}],"wp:attachment":[{"href":"https:\/\/www.ifsc.usp.br\/efc\/wp-json\/wp\/v2\/media?parent=8286"}],"curies":[{"name":"wp","href":"https:\/\/api.w.org\/{rel}","templated":true}]}}