{"id":8294,"date":"2019-01-07T15:27:21","date_gmt":"2019-01-07T17:27:21","guid":{"rendered":"http:\/\/www.ifsc.usp.br\/efc\/2019wp\/?page_id=8294"},"modified":"2019-01-07T15:27:37","modified_gmt":"2019-01-07T17:27:37","slug":"o-que-trazer","status":"publish","type":"page","link":"https:\/\/www.ifsc.usp.br\/efc\/o-que-trazer\/","title":{"rendered":"O Que Trazer"},"content":{"rendered":"<p>Recomendamos que os estudantes tragam roupas leves para o per\u00edodo diurno e agasalhos para o per\u00edodo noturno, artigos de higiene pessoal, medicamentos de uso regular (febre, dor de cabe\u00e7a, anti\u00e1cidos etc.) e material b\u00e1sico de estudo (caderno, caneta, l\u00e1pis, borracha, calculadora cient\u00edfica, r\u00e9gua, esquadro e compasso).<\/p>\n<p>Livros de F\u00edsica (a crit\u00e9rio do estudante) de ensino m\u00e9dio e superior ser\u00e3o \u00fateis nas sess\u00f5es de estudo. O conhecimento de mec\u00e2nica, eletromagnetismo e f\u00edsica moderna n\u00e3o \u00e9 pr\u00e9-requisito para participa\u00e7\u00e3o na EFC. Entretanto, uma leitura pr\u00e9via destes t\u00f3picos no n\u00edvel de livros de Ensino M\u00e9dio \u00e9 fortemente recomendada para maximizar o aproveitamento das aulas.<\/p>\n","protected":false},"excerpt":{"rendered":"<p>Recomendamos que os estudantes tragam roupas leves para o per\u00edodo diurno e agasalhos para o per\u00edodo noturno, artigos de higiene pessoal, medicamentos de uso regular (febre, dor de cabe\u00e7a, anti\u00e1cidos etc.) e material b\u00e1sico de estudo (caderno, caneta, l\u00e1pis, borracha, calculadora cient\u00edfica, r\u00e9gua, esquadro e compasso). Livros de F\u00edsica (a crit\u00e9rio do estudante) de ensino [&hellip;]<\/p>\n","protected":false},"author":1,"featured_media":0,"parent":0,"menu_order":0,"comment_status":"closed","ping_status":"closed","template":"","meta":{"footnotes":""},"class_list":["post-8294","page","type-page","status-publish","hentry"],"yoast_head":"<!-- This site is optimized with the Yoast SEO plugin v23.5 - https:\/\/yoast.com\/wordpress\/plugins\/seo\/ -->\n<title>O Que Trazer - EFC<\/title>\n<meta name=\"robots\" content=\"index, follow, max-snippet:-1, max-image-preview:large, max-video-preview:-1\" \/>\n<link rel=\"canonical\" href=\"https:\/\/www.ifsc.usp.br\/efc\/o-que-trazer\/\" \/>\n<meta property=\"og:locale\" content=\"pt_BR\" \/>\n<meta property=\"og:type\" content=\"article\" \/>\n<meta property=\"og:title\" content=\"O Que Trazer - EFC\" \/>\n<meta property=\"og:description\" content=\"Recomendamos que os estudantes tragam roupas leves para o per\u00edodo diurno e agasalhos para o per\u00edodo noturno, artigos de higiene pessoal, medicamentos de uso regular (febre, dor de cabe\u00e7a, anti\u00e1cidos etc.) e material b\u00e1sico de estudo (caderno, caneta, l\u00e1pis, borracha, calculadora cient\u00edfica, r\u00e9gua, esquadro e compasso). Livros de F\u00edsica (a crit\u00e9rio do estudante) de ensino [&hellip;]\" \/>\n<meta property=\"og:url\" content=\"https:\/\/www.ifsc.usp.br\/efc\/o-que-trazer\/\" \/>\n<meta property=\"og:site_name\" content=\"EFC\" \/>\n<meta property=\"article:modified_time\" content=\"2019-01-07T17:27:37+00:00\" \/>\n<meta name=\"twitter:card\" content=\"summary_large_image\" \/>\n<meta name=\"twitter:label1\" content=\"Est. tempo de leitura\" \/>\n\t<meta name=\"twitter:data1\" content=\"1 minuto\" \/>\n<script type=\"application\/ld+json\" class=\"yoast-schema-graph\">{\"@context\":\"https:\/\/schema.org\",\"@graph\":[{\"@type\":\"WebPage\",\"@id\":\"https:\/\/www.ifsc.usp.br\/efc\/o-que-trazer\/\",\"url\":\"https:\/\/www.ifsc.usp.br\/efc\/o-que-trazer\/\",\"name\":\"O Que Trazer - EFC\",\"isPartOf\":{\"@id\":\"https:\/\/www.ifsc.usp.br\/efc\/#website\"},\"datePublished\":\"2019-01-07T17:27:21+00:00\",\"dateModified\":\"2019-01-07T17:27:37+00:00\",\"breadcrumb\":{\"@id\":\"https:\/\/www.ifsc.usp.br\/efc\/o-que-trazer\/#breadcrumb\"},\"inLanguage\":\"pt-BR\",\"potentialAction\":[{\"@type\":\"ReadAction\",\"target\":[\"https:\/\/www.ifsc.usp.br\/efc\/o-que-trazer\/\"]}]},{\"@type\":\"BreadcrumbList\",\"@id\":\"https:\/\/www.ifsc.usp.br\/efc\/o-que-trazer\/#breadcrumb\",\"itemListElement\":[{\"@type\":\"ListItem\",\"position\":1,\"name\":\"Home\",\"item\":\"https:\/\/www.ifsc.usp.br\/efc\/\"},{\"@type\":\"ListItem\",\"position\":2,\"name\":\"O Que Trazer\"}]},{\"@type\":\"WebSite\",\"@id\":\"https:\/\/www.ifsc.usp.br\/efc\/#website\",\"url\":\"https:\/\/www.ifsc.usp.br\/efc\/\",\"name\":\"EFC\",\"description\":\"Instituto de F\u00edsica de S\u00e3o Carlos\",\"potentialAction\":[{\"@type\":\"SearchAction\",\"target\":{\"@type\":\"EntryPoint\",\"urlTemplate\":\"https:\/\/www.ifsc.usp.br\/efc\/?s={search_term_string}\"},\"query-input\":{\"@type\":\"PropertyValueSpecification\",\"valueRequired\":true,\"valueName\":\"search_term_string\"}}],\"inLanguage\":\"pt-BR\"}]}<\/script>\n<!-- \/ Yoast SEO plugin. -->","yoast_head_json":{"title":"O Que Trazer - EFC","robots":{"index":"index","follow":"follow","max-snippet":"max-snippet:-1","max-image-preview":"max-image-preview:large","max-video-preview":"max-video-preview:-1"},"canonical":"https:\/\/www.ifsc.usp.br\/efc\/o-que-trazer\/","og_locale":"pt_BR","og_type":"article","og_title":"O Que Trazer - EFC","og_description":"Recomendamos que os estudantes tragam roupas leves para o per\u00edodo diurno e agasalhos para o per\u00edodo noturno, artigos de higiene pessoal, medicamentos de uso regular (febre, dor de cabe\u00e7a, anti\u00e1cidos etc.) e material b\u00e1sico de estudo (caderno, caneta, l\u00e1pis, borracha, calculadora cient\u00edfica, r\u00e9gua, esquadro e compasso). Livros de F\u00edsica (a crit\u00e9rio do estudante) de ensino [&hellip;]","og_url":"https:\/\/www.ifsc.usp.br\/efc\/o-que-trazer\/","og_site_name":"EFC","article_modified_time":"2019-01-07T17:27:37+00:00","twitter_card":"summary_large_image","twitter_misc":{"Est. tempo de leitura":"1 minuto"},"schema":{"@context":"https:\/\/schema.org","@graph":[{"@type":"WebPage","@id":"https:\/\/www.ifsc.usp.br\/efc\/o-que-trazer\/","url":"https:\/\/www.ifsc.usp.br\/efc\/o-que-trazer\/","name":"O Que Trazer - EFC","isPartOf":{"@id":"https:\/\/www.ifsc.usp.br\/efc\/#website"},"datePublished":"2019-01-07T17:27:21+00:00","dateModified":"2019-01-07T17:27:37+00:00","breadcrumb":{"@id":"https:\/\/www.ifsc.usp.br\/efc\/o-que-trazer\/#breadcrumb"},"inLanguage":"pt-BR","potentialAction":[{"@type":"ReadAction","target":["https:\/\/www.ifsc.usp.br\/efc\/o-que-trazer\/"]}]},{"@type":"BreadcrumbList","@id":"https:\/\/www.ifsc.usp.br\/efc\/o-que-trazer\/#breadcrumb","itemListElement":[{"@type":"ListItem","position":1,"name":"Home","item":"https:\/\/www.ifsc.usp.br\/efc\/"},{"@type":"ListItem","position":2,"name":"O Que Trazer"}]},{"@type":"WebSite","@id":"https:\/\/www.ifsc.usp.br\/efc\/#website","url":"https:\/\/www.ifsc.usp.br\/efc\/","name":"EFC","description":"Instituto de F\u00edsica de S\u00e3o Carlos","potentialAction":[{"@type":"SearchAction","target":{"@type":"EntryPoint","urlTemplate":"https:\/\/www.ifsc.usp.br\/efc\/?s={search_term_string}"},"query-input":{"@type":"PropertyValueSpecification","valueRequired":true,"valueName":"search_term_string"}}],"inLanguage":"pt-BR"}]}},"_links":{"self":[{"href":"https:\/\/www.ifsc.usp.br\/efc\/wp-json\/wp\/v2\/pages\/8294"}],"collection":[{"href":"https:\/\/www.ifsc.usp.br\/efc\/wp-json\/wp\/v2\/pages"}],"about":[{"href":"https:\/\/www.ifsc.usp.br\/efc\/wp-json\/wp\/v2\/types\/page"}],"author":[{"embeddable":true,"href":"https:\/\/www.ifsc.usp.br\/efc\/wp-json\/wp\/v2\/users\/1"}],"replies":[{"embeddable":true,"href":"https:\/\/www.ifsc.usp.br\/efc\/wp-json\/wp\/v2\/comments?post=8294"}],"version-history":[{"count":1,"href":"https:\/\/www.ifsc.usp.br\/efc\/wp-json\/wp\/v2\/pages\/8294\/revisions"}],"predecessor-version":[{"id":8295,"href":"https:\/\/www.ifsc.usp.br\/efc\/wp-json\/wp\/v2\/pages\/8294\/revisions\/8295"}],"wp:attachment":[{"href":"https:\/\/www.ifsc.usp.br\/efc\/wp-json\/wp\/v2\/media?parent=8294"}],"curies":[{"name":"wp","href":"https:\/\/api.w.org\/{rel}","templated":true}]}}