{"id":10233,"date":"2023-11-23T17:03:23","date_gmt":"2023-11-23T20:03:23","guid":{"rendered":"https:\/\/www.ifsc.usp.br\/eventos\/?page_id=10233"},"modified":"2024-12-02T17:01:27","modified_gmt":"2024-12-02T20:01:27","slug":"ifsc30-programacao","status":"publish","type":"page","link":"https:\/\/www.ifsc.usp.br\/eventos\/ifsc30-programacao\/","title":{"rendered":"Programa\u00e7\u00e3o &#8211; IFSC 30 anos"},"content":{"rendered":"<p>[vc_row rt_row_background_width=&#8221;fullwidth&#8221; rt_row_content_width=&#8221;fullwidth&#8221; rt_row_style=&#8221;default-style&#8221; rt_row_borders=&#8221;&#8221; rt_row_paddings=&#8221;true&#8221; rt_bg_effect=&#8221;classic&#8221; rt_bg_image_repeat=&#8221;repeat&#8221; rt_bg_size=&#8221;cover&#8221; rt_bg_position=&#8221;right top&#8221; rt_bg_attachment=&#8221;scroll&#8221; rt_bg_video_format=&#8221;self-hosted&#8221; rt_padding_top=&#8221;2&#8243; rt_padding_bottom=&#8221;0&#8243; rt_padding_left=&#8221;0&#8243; rt_padding_right=&#8221;0&#8243;][vc_column width=&#8221;1\/4&#8243; rt_wrp_col_paddings=&#8221;false&#8221; rt_border_top=&#8221;true&#8221; rt_border_bottom=&#8221;true&#8221; rt_border_left=&#8221;true&#8221; rt_border_right=&#8221;true&#8221; rt_border_top_mobile=&#8221;true&#8221; rt_border_bottom_mobile=&#8221;true&#8221; rt_border_left_mobile=&#8221;true&#8221; rt_border_right_mobile=&#8221;true&#8221; rt_bg_image_repeat=&#8221;repeat&#8221; rt_bg_size=&#8221;auto auto&#8221; rt_bg_position=&#8221;right top&#8221; rt_bg_attachment=&#8221;scroll&#8221;][vc_wp_custommenu nav_menu=&#8221;74&#8243;][\/vc_column][vc_column width=&#8221;3\/4&#8243; rt_wrp_col_paddings=&#8221;false&#8221; rt_border_top=&#8221;&#8221; rt_border_bottom=&#8221;&#8221; rt_border_left=&#8221;&#8221; rt_border_right=&#8221;&#8221; rt_border_top_mobile=&#8221;&#8221; rt_border_bottom_mobile=&#8221;&#8221; rt_border_left_mobile=&#8221;&#8221; rt_border_right_mobile=&#8221;&#8221; rt_bg_image_repeat=&#8221;repeat&#8221; rt_bg_size=&#8221;auto auto&#8221; rt_bg_position=&#8221;right top&#8221; rt_bg_attachment=&#8221;scroll&#8221;][vc_empty_space height=&#8221;30px&#8221;][vc_single_image image=&#8221;10387&#8243; img_size=&#8221;large&#8221; title=&#8221;Programa\u00e7\u00e3o IFSC 30 Anos &#8211; Encerramento das comemora\u00e7\u00f5es 02\/12\/2024&#8243;][vc_single_image image=&#8221;10383&#8243; img_size=&#8221;large&#8221; title=&#8221;Programa\u00e7\u00e3o IFSC 30 Anos &#8211; Simp\u00f3sio 14\/11\/2024&#8243;][vc_message icon_fontawesome=&#8221;fa fa-calendar&#8221;]<strong>Data: 07.12.2023<\/strong><\/p>\n<p><strong>Abertura das comemora\u00e7\u00f5es do IFSC 30 anos com o lan\u00e7amento do livro, &#8220;Al\u00e9m das facetas: os passos e os feitos de Yvonne Mascarenhas&#8221;<\/strong><\/p>\n<p><img loading=\"lazy\" decoding=\"async\" class=\"size-medium wp-image-10264\" src=\"https:\/\/www.ifsc.usp.br\/eventos\/wp-content\/uploads\/2023\/12\/30anos-comemoracoes-30anos-1024x683-1-300x162.jpg\" alt=\"\" width=\"300\" height=\"162\" srcset=\"https:\/\/www.ifsc.usp.br\/eventos\/wp-content\/uploads\/2023\/12\/30anos-comemoracoes-30anos-1024x683-1-300x162.jpg 300w, https:\/\/www.ifsc.usp.br\/eventos\/wp-content\/uploads\/2023\/12\/30anos-comemoracoes-30anos-1024x683-1-768x416.jpg 768w, https:\/\/www.ifsc.usp.br\/eventos\/wp-content\/uploads\/2023\/12\/30anos-comemoracoes-30anos-1024x683-1.jpg 1024w\" sizes=\"auto, (max-width: 300px) 100vw, 300px\" \/><\/p>\n<table width=\"0\">\n<tbody>\n<tr>\n<td width=\"132\">16:30<\/p>\n<p>&nbsp;<\/td>\n<td width=\"429\"><em>Abertura do Evento:<\/em><\/p>\n<p>Osvaldo Novais de Oliveira Junior \u2013 Diretor IFSC\/USP<\/td>\n<\/tr>\n<tr>\n<td width=\"132\">16:35 &#8211; 16:45<\/td>\n<td width=\"429\">Ana Paula Ulian de Ara\u00fajo &#8211;\u00a0 Vice-Diretora a IFSC\/USP<\/p>\n<p>Apresenta\u00e7\u00e3o do projeto IFSC 30 anos<\/p>\n<p>Proje\u00e7\u00e3o: \u201clogomarca IFSC 30 anos\u201d<\/td>\n<\/tr>\n<tr>\n<td width=\"132\"><\/td>\n<td width=\"429\"><\/td>\n<\/tr>\n<tr>\n<td width=\"132\">16:45 &#8211; 16:55<\/td>\n<td width=\"429\">Antonio Carlos Hernandes<\/p>\n<p>autor do livro e lan\u00e7amento do livro \u201cAl\u00e9m das facetas\u201d<\/td>\n<\/tr>\n<tr>\n<td width=\"132\">16:55<\/td>\n<td width=\"429\">Palavras da Fam\u00edlia<\/td>\n<\/tr>\n<tr>\n<td width=\"132\">17:00<\/td>\n<td width=\"429\">Apresenta\u00e7\u00e3o Cultural (Concerto)<\/p>\n<div>Duo de Flauta e Piano com Toninho Carrasqueira e Heloisa Fernandes &#8211; M\u00fasica autoral e Popular Brasileira<span style=\"color: #888888;\"><br \/>\n<\/span><\/div>\n<\/td>\n<\/tr>\n<tr>\n<td width=\"132\">17:45<\/td>\n<td width=\"429\">Encerramento e sess\u00e3o de aut\u00f3grafos<\/td>\n<\/tr>\n<tr>\n<td width=\"132\">18:00<\/td>\n<td width=\"429\">Sess\u00e3o de aut\u00f3grafos e Coffee break<\/td>\n<\/tr>\n<\/tbody>\n<\/table>\n<p>[\/vc_message][vc_empty_space height=&#8221;10px&#8221;][\/vc_column][\/vc_row]<\/p>\n","protected":false},"excerpt":{"rendered":"<p>[vc_row rt_row_background_width=&#8221;fullwidth&#8221; rt_row_content_width=&#8221;fullwidth&#8221; rt_row_style=&#8221;default-style&#8221; rt_row_borders=&#8221;&#8221; rt_row_paddings=&#8221;true&#8221; rt_bg_effect=&#8221;classic&#8221; rt_bg_image_repeat=&#8221;repeat&#8221; rt_bg_size=&#8221;cover&#8221; rt_bg_position=&#8221;right top&#8221; rt_bg_attachment=&#8221;scroll&#8221; rt_bg_video_format=&#8221;self-hosted&#8221; rt_padding_top=&#8221;2&#8243; rt_padding_bottom=&#8221;0&#8243; rt_padding_left=&#8221;0&#8243; rt_padding_right=&#8221;0&#8243;][vc_column width=&#8221;1\/4&#8243; rt_wrp_col_paddings=&#8221;false&#8221; rt_border_top=&#8221;true&#8221; rt_border_bottom=&#8221;true&#8221; rt_border_left=&#8221;true&#8221; rt_border_right=&#8221;true&#8221; rt_border_top_mobile=&#8221;true&#8221; rt_border_bottom_mobile=&#8221;true&#8221; rt_border_left_mobile=&#8221;true&#8221; rt_border_right_mobile=&#8221;true&#8221; rt_bg_image_repeat=&#8221;repeat&#8221; rt_bg_size=&#8221;auto auto&#8221; rt_bg_position=&#8221;right top&#8221; rt_bg_attachment=&#8221;scroll&#8221;][vc_wp_custommenu nav_menu=&#8221;74&#8243;][\/vc_column][vc_column width=&#8221;3\/4&#8243; rt_wrp_col_paddings=&#8221;false&#8221; rt_border_top=&#8221;&#8221; rt_border_bottom=&#8221;&#8221; rt_border_left=&#8221;&#8221; rt_border_right=&#8221;&#8221; rt_border_top_mobile=&#8221;&#8221; rt_border_bottom_mobile=&#8221;&#8221; rt_border_left_mobile=&#8221;&#8221; rt_border_right_mobile=&#8221;&#8221; rt_bg_image_repeat=&#8221;repeat&#8221; rt_bg_size=&#8221;auto auto&#8221; rt_bg_position=&#8221;right top&#8221; rt_bg_attachment=&#8221;scroll&#8221;][vc_empty_space height=&#8221;30px&#8221;][vc_single_image image=&#8221;10387&#8243; img_size=&#8221;large&#8221; title=&#8221;Programa\u00e7\u00e3o IFSC [&hellip;]<\/p>\n","protected":false},"author":1,"featured_media":0,"parent":0,"menu_order":0,"comment_status":"closed","ping_status":"closed","template":"","meta":{"footnotes":""},"class_list":["post-10233","page","type-page","status-publish","hentry"],"_links":{"self":[{"href":"https:\/\/www.ifsc.usp.br\/eventos\/wp-json\/wp\/v2\/pages\/10233","targetHints":{"allow":["GET"]}}],"collection":[{"href":"https:\/\/www.ifsc.usp.br\/eventos\/wp-json\/wp\/v2\/pages"}],"about":[{"href":"https:\/\/www.ifsc.usp.br\/eventos\/wp-json\/wp\/v2\/types\/page"}],"author":[{"embeddable":true,"href":"https:\/\/www.ifsc.usp.br\/eventos\/wp-json\/wp\/v2\/users\/1"}],"replies":[{"embeddable":true,"href":"https:\/\/www.ifsc.usp.br\/eventos\/wp-json\/wp\/v2\/comments?post=10233"}],"version-history":[{"count":15,"href":"https:\/\/www.ifsc.usp.br\/eventos\/wp-json\/wp\/v2\/pages\/10233\/revisions"}],"predecessor-version":[{"id":10392,"href":"https:\/\/www.ifsc.usp.br\/eventos\/wp-json\/wp\/v2\/pages\/10233\/revisions\/10392"}],"wp:attachment":[{"href":"https:\/\/www.ifsc.usp.br\/eventos\/wp-json\/wp\/v2\/media?parent=10233"}],"curies":[{"name":"wp","href":"https:\/\/api.w.org\/{rel}","templated":true}]}}