{"id":10235,"date":"2023-11-23T17:06:15","date_gmt":"2023-11-23T20:06:15","guid":{"rendered":"https:\/\/www.ifsc.usp.br\/eventos\/?page_id=10235"},"modified":"2024-12-18T09:30:48","modified_gmt":"2024-12-18T12:30:48","slug":"ifsc30-galeria","status":"publish","type":"page","link":"https:\/\/www.ifsc.usp.br\/eventos\/ifsc30-galeria\/","title":{"rendered":"Galeria de Eventos &#8211; IFSC 30 anos"},"content":{"rendered":"<p>[vc_row rt_row_background_width=&#8221;fullwidth&#8221; rt_row_content_width=&#8221;fullwidth&#8221; rt_row_style=&#8221;default-style&#8221; rt_row_borders=&#8221;&#8221; rt_row_paddings=&#8221;true&#8221; rt_bg_effect=&#8221;classic&#8221; rt_bg_image_repeat=&#8221;repeat&#8221; rt_bg_size=&#8221;cover&#8221; rt_bg_position=&#8221;right top&#8221; rt_bg_attachment=&#8221;scroll&#8221; rt_bg_video_format=&#8221;self-hosted&#8221; rt_padding_top=&#8221;2&#8243; rt_padding_bottom=&#8221;0&#8243; rt_padding_left=&#8221;0&#8243; rt_padding_right=&#8221;0&#8243;][vc_column width=&#8221;1\/4&#8243; rt_wrp_col_paddings=&#8221;false&#8221; rt_border_top=&#8221;true&#8221; rt_border_bottom=&#8221;true&#8221; rt_border_left=&#8221;true&#8221; rt_border_right=&#8221;true&#8221; rt_border_top_mobile=&#8221;true&#8221; rt_border_bottom_mobile=&#8221;true&#8221; rt_border_left_mobile=&#8221;true&#8221; rt_border_right_mobile=&#8221;true&#8221; rt_bg_image_repeat=&#8221;repeat&#8221; rt_bg_size=&#8221;auto auto&#8221; rt_bg_position=&#8221;right top&#8221; rt_bg_attachment=&#8221;scroll&#8221;][vc_wp_custommenu nav_menu=&#8221;74&#8243;][\/vc_column][vc_column width=&#8221;3\/4&#8243; rt_wrp_col_paddings=&#8221;false&#8221; rt_border_top=&#8221;&#8221; rt_border_bottom=&#8221;&#8221; rt_border_left=&#8221;&#8221; rt_border_right=&#8221;&#8221; rt_border_top_mobile=&#8221;&#8221; rt_border_bottom_mobile=&#8221;&#8221; rt_border_left_mobile=&#8221;&#8221; rt_border_right_mobile=&#8221;&#8221; rt_bg_image_repeat=&#8221;repeat&#8221; rt_bg_size=&#8221;auto auto&#8221; rt_bg_position=&#8221;right top&#8221; rt_bg_attachment=&#8221;scroll&#8221;][vc_empty_space height=&#8221;30px&#8221;][vc_column_text css=&#8221;.vc_custom_1734525045648{margin-right: 80px !important;margin-left: 80px !important;}&#8221;]<\/p>\n<ul>\n<li><a href=\"https:\/\/www.ifsc.usp.br\/eventos\/galeria-abertura-das-comemoracoes-ifsc-30-anos\/\">07.12.2023 &#8211; Abertura das comemora\u00e7\u00f5es \u2013 IFSC 30 anos (Fotos)<\/a><\/li>\n<li><a href=\"https:\/\/www.ifsc.usp.br\/eventos\/aula-magna-semana-de-recepcao-aos-calouros-2024-ifsc-30-anos\/\">29.02.2024 &#8211; Aula Magna &#8211; Semana de Recep\u00e7\u00e3o aos Calouros 2024 &#8211; IFSC 30 anos<\/a><\/li>\n<li><a href=\"https:\/\/www.ifsc.usp.br\/eventos\/coloquio-semana-de-recepcao-aos-calouros-2024-ifsc-30-anos\/\">01.03.2024 &#8211; Col\u00f3quio &#8211; Semana de Recep\u00e7\u00e3o aos Calouros 2024 &#8211; IFSC 30 anos<\/a><\/li>\n<li><a href=\"https:\/\/www.ifsc.usp.br\/eventos\/musica-e-coffee-break-ifsc-30-anos\/\">17.05.2024 \u2013 Comemora\u00e7\u00e3o 30 Anos IFSC &#8211; M\u00fasica e Coffee-break \u2013 IFSC 30 anos<\/a><\/li>\n<li><a href=\"https:\/\/www.ifsc.usp.br\/eventos\/palestra-especial-vida-e-negocios-ifsc-30-anos\/\">12.11.2024 &#8211; Palestra Especial &#8211; Vida e Neg\u00f3cios &#8211; IFSC 30 anos<\/a><\/li>\n<li><a href=\"https:\/\/www.ifsc.usp.br\/eventos\/simposio-comemorativo-dos-30-anos-de-sucesso-do-ifsc-e-iqsc-ifsc-30-anos\/\">14.11.2024 &#8211; Simp\u00f3sio Comemorativo dos 30 anos de Sucesso do IFSC e IQSC &#8211; IFSC 30 anos<\/a><\/li>\n<li><a href=\"https:\/\/www.ifsc.usp.br\/eventos\/sessao-solene-encerramento-comemoracoes-ifsc-30-anos\/\">02.12.2024 &#8211; Sess\u00e3o Solene Encerramento Comemora\u00e7\u00f5es &#8211; IFSC 30 anos<\/a><\/li>\n<\/ul>\n<p>[\/vc_column_text][vc_empty_space height=&#8221;10px&#8221;][\/vc_column][\/vc_row]<\/p>\n","protected":false},"excerpt":{"rendered":"<p>[vc_row rt_row_background_width=&#8221;fullwidth&#8221; rt_row_content_width=&#8221;fullwidth&#8221; rt_row_style=&#8221;default-style&#8221; rt_row_borders=&#8221;&#8221; rt_row_paddings=&#8221;true&#8221; rt_bg_effect=&#8221;classic&#8221; rt_bg_image_repeat=&#8221;repeat&#8221; rt_bg_size=&#8221;cover&#8221; rt_bg_position=&#8221;right top&#8221; rt_bg_attachment=&#8221;scroll&#8221; rt_bg_video_format=&#8221;self-hosted&#8221; rt_padding_top=&#8221;2&#8243; rt_padding_bottom=&#8221;0&#8243; rt_padding_left=&#8221;0&#8243; rt_padding_right=&#8221;0&#8243;][vc_column width=&#8221;1\/4&#8243; rt_wrp_col_paddings=&#8221;false&#8221; rt_border_top=&#8221;true&#8221; rt_border_bottom=&#8221;true&#8221; rt_border_left=&#8221;true&#8221; rt_border_right=&#8221;true&#8221; rt_border_top_mobile=&#8221;true&#8221; rt_border_bottom_mobile=&#8221;true&#8221; rt_border_left_mobile=&#8221;true&#8221; rt_border_right_mobile=&#8221;true&#8221; rt_bg_image_repeat=&#8221;repeat&#8221; rt_bg_size=&#8221;auto auto&#8221; rt_bg_position=&#8221;right top&#8221; rt_bg_attachment=&#8221;scroll&#8221;][vc_wp_custommenu nav_menu=&#8221;74&#8243;][\/vc_column][vc_column width=&#8221;3\/4&#8243; rt_wrp_col_paddings=&#8221;false&#8221; rt_border_top=&#8221;&#8221; rt_border_bottom=&#8221;&#8221; rt_border_left=&#8221;&#8221; rt_border_right=&#8221;&#8221; rt_border_top_mobile=&#8221;&#8221; rt_border_bottom_mobile=&#8221;&#8221; rt_border_left_mobile=&#8221;&#8221; rt_border_right_mobile=&#8221;&#8221; rt_bg_image_repeat=&#8221;repeat&#8221; rt_bg_size=&#8221;auto auto&#8221; rt_bg_position=&#8221;right top&#8221; rt_bg_attachment=&#8221;scroll&#8221;][vc_empty_space height=&#8221;30px&#8221;][vc_column_text css=&#8221;.vc_custom_1734525045648{margin-right: 80px !important;margin-left: 80px [&hellip;]<\/p>\n","protected":false},"author":1,"featured_media":0,"parent":0,"menu_order":0,"comment_status":"closed","ping_status":"closed","template":"","meta":{"footnotes":""},"class_list":["post-10235","page","type-page","status-publish","hentry"],"_links":{"self":[{"href":"https:\/\/www.ifsc.usp.br\/eventos\/wp-json\/wp\/v2\/pages\/10235","targetHints":{"allow":["GET"]}}],"collection":[{"href":"https:\/\/www.ifsc.usp.br\/eventos\/wp-json\/wp\/v2\/pages"}],"about":[{"href":"https:\/\/www.ifsc.usp.br\/eventos\/wp-json\/wp\/v2\/types\/page"}],"author":[{"embeddable":true,"href":"https:\/\/www.ifsc.usp.br\/eventos\/wp-json\/wp\/v2\/users\/1"}],"replies":[{"embeddable":true,"href":"https:\/\/www.ifsc.usp.br\/eventos\/wp-json\/wp\/v2\/comments?post=10235"}],"version-history":[{"count":17,"href":"https:\/\/www.ifsc.usp.br\/eventos\/wp-json\/wp\/v2\/pages\/10235\/revisions"}],"predecessor-version":[{"id":10427,"href":"https:\/\/www.ifsc.usp.br\/eventos\/wp-json\/wp\/v2\/pages\/10235\/revisions\/10427"}],"wp:attachment":[{"href":"https:\/\/www.ifsc.usp.br\/eventos\/wp-json\/wp\/v2\/media?parent=10235"}],"curies":[{"name":"wp","href":"https:\/\/api.w.org\/{rel}","templated":true}]}}