{"id":9379,"date":"2022-05-24T17:14:07","date_gmt":"2022-05-24T20:14:07","guid":{"rendered":"https:\/\/www.ifsc.usp.br\/eventos\/?page_id=9379"},"modified":"2022-08-09T09:18:33","modified_gmt":"2022-08-09T12:18:33","slug":"programacao-go60","status":"publish","type":"page","link":"https:\/\/www.ifsc.usp.br\/eventos\/programacao-go60\/","title":{"rendered":"Programa\u00e7\u00e3o &#8211; Workshop &#8220;60 anos Prof. Glaucius Oliva&#8221;"},"content":{"rendered":"<p>[vc_row rt_row_background_width=&#8221;fullwidth&#8221; rt_row_content_width=&#8221;fullwidth&#8221; rt_row_style=&#8221;default-style&#8221; rt_row_borders=&#8221;&#8221; rt_row_paddings=&#8221;true&#8221; rt_bg_effect=&#8221;classic&#8221; rt_bg_image_repeat=&#8221;repeat&#8221; rt_bg_size=&#8221;cover&#8221; rt_bg_position=&#8221;right top&#8221; rt_bg_attachment=&#8221;scroll&#8221; rt_bg_video_format=&#8221;self-hosted&#8221; rt_padding_top=&#8221;2&#8243; rt_padding_bottom=&#8221;0&#8243; rt_padding_left=&#8221;0&#8243; rt_padding_right=&#8221;0&#8243;][vc_column rt_wrp_col_paddings=&#8221;false&#8221; rt_border_top=&#8221;&#8221; rt_border_bottom=&#8221;&#8221; rt_border_left=&#8221;&#8221; rt_border_right=&#8221;&#8221; rt_border_top_mobile=&#8221;&#8221; rt_border_bottom_mobile=&#8221;&#8221; rt_border_left_mobile=&#8221;&#8221; rt_border_right_mobile=&#8221;&#8221; rt_bg_image_repeat=&#8221;repeat&#8221; rt_bg_size=&#8221;auto auto&#8221; rt_bg_position=&#8221;right top&#8221; rt_bg_attachment=&#8221;scroll&#8221;][vc_wp_custommenu nav_menu=&#8221;66&#8243; el_class=&#8221;rt-top-bar fullwidth&#8221;][vc_message icon_fontawesome=&#8221;fa fa-calendar&#8221; css=&#8221;.vc_custom_1653654636502{margin-right: 80px !important;margin-left: 80px !important;}&#8221;]<a href=\"https:\/\/www.ifsc.usp.br\/eventos\/wp-content\/uploads\/2022\/05\/programacao-go60.pdf\">Cartaz PDF da programa\u00e7\u00e3o<\/a>.[\/vc_message][vc_message icon_fontawesome=&#8221;fa fa-clock-o&#8221; css=&#8221;.vc_custom_1653654666134{margin-right: 80px !important;margin-left: 80px !important;}&#8221;]<\/p>\n<table>\n<tbody>\n<tr>\n<td width=\"109\">13h30<\/td>\n<td width=\"459\"><strong>Abertura com o Diretor do IFSC \u2013 Prof. Vanderlei Salvador Bagnato<\/strong><br \/>\nIFSC\/USP<\/td>\n<td><a href=\"https:\/\/www.ifsc.usp.br\/eventos\/wp-content\/uploads\/2022\/05\/diploma-glaucius-oliva.png\" target=\"_blank\" rel=\"noopener noreferrer\">Diploma<\/a><\/td>\n<\/tr>\n<tr>\n<td width=\"109\">13h35<\/td>\n<td width=\"459\"><strong>Prof\u00aa. Yvonne Primerano Mascarenhas<br \/>\n<\/strong>IFSC\/USP<\/td>\n<td>\u2013<\/td>\n<\/tr>\n<tr>\n<td width=\"109\">13h45<\/td>\n<td width=\"459\"><strong>Sir. Tom Blundell<\/strong><br \/>\nUniversity of Cambridge<\/td>\n<td>\u2013<\/td>\n<\/tr>\n<tr>\n<td width=\"109\">14h30<\/td>\n<td width=\"459\"><strong>Prof. An\u00edbal Eug\u00eanio Vercesi <\/strong><br \/>\nFCM\/UNICAMP<\/td>\n<td><a href=\"https:\/\/www.ifsc.usp.br\/eventos\/wp-content\/uploads\/2022\/05\/GO60-Prof-Anibal.pdf\">Apresenta\u00e7\u00e3o<\/a><\/td>\n<\/tr>\n<tr>\n<td width=\"109\">14h40<\/td>\n<td width=\"459\"><strong>Prof. Jerson Lima da Silva<\/strong><br \/>\nIBqM\/UFRJ<\/td>\n<td><a href=\"https:\/\/www.ifsc.usp.br\/eventos\/wp-content\/uploads\/2022\/05\/GO60-Prof-Jerson.pdf\" target=\"_blank\" rel=\"noopener noreferrer\">Apresenta\u00e7\u00e3o<\/a><\/td>\n<\/tr>\n<tr>\n<td width=\"109\">14h50<\/td>\n<td width=\"459\"><strong>Prof. Walter Colli <\/strong><br \/>\nIQ\/USP<\/td>\n<td>\u2013<\/td>\n<\/tr>\n<tr>\n<td width=\"109\">15h<\/td>\n<td width=\"459\"><strong>Prof\u00aa. Helena Bonciani Nader (v\u00eddeo)<\/strong><br \/>\nUNIFESP<\/td>\n<td><a href=\"https:\/\/www.ifsc.usp.br\/eventos\/wp-content\/uploads\/2022\/05\/GO60-Profa-Helena-Nader.mov\" target=\"_blank\" rel=\"noopener noreferrer\">V\u00eddeo<\/a><\/td>\n<\/tr>\n<tr>\n<td width=\"109\">15h05<\/td>\n<td width=\"459\"><strong>Prof. Paulo Cezar Vieira<\/strong><br \/>\nFCFRP\/USP<\/td>\n<td><a href=\"https:\/\/www.ifsc.usp.br\/eventos\/wp-content\/uploads\/2022\/05\/GO60-ProfPCVieira.pdf\">Apresenta\u00e7\u00e3o<\/a><\/td>\n<\/tr>\n<tr>\n<td width=\"109\">15h15<\/td>\n<td width=\"459\"><strong>Prof\u00aa. Arlene Gon\u00e7alves Corr\u00eaa <\/strong><br \/>\nDQ\/UFSCar<\/td>\n<td>\u2013<\/td>\n<\/tr>\n<tr>\n<td width=\"109\">15h25<\/td>\n<td width=\"459\"><strong>Prof\u00aa. Vanderlan da Silva Bolzani <\/strong><br \/>\nUNESP-Araraquara<\/td>\n<td><a href=\"https:\/\/www.ifsc.usp.br\/eventos\/wp-content\/uploads\/2022\/05\/GO60-Profa-Vanderlan.pdf\" target=\"_blank\" rel=\"noopener noreferrer\">Apresenta\u00e7\u00e3o<\/a><\/td>\n<\/tr>\n<tr>\n<td width=\"109\">15h35<\/td>\n<td width=\"459\"><strong>Prof. Marcos Roberto de Mattos Fontes <\/strong><br \/>\nUNESP-Botucatu<\/td>\n<td><a href=\"https:\/\/www.ifsc.usp.br\/eventos\/wp-content\/uploads\/2022\/05\/GO60-Prof-Marcos.pdf\" target=\"_blank\" rel=\"noopener noreferrer\">Apresenta\u00e7\u00e3o<\/a><\/td>\n<\/tr>\n<tr>\n<td width=\"109\">15h45<\/td>\n<td width=\"459\"><strong>Prof\u00aa. Dulce Helena Ferreira de Souza <\/strong><br \/>\nUFSCar<\/td>\n<td><a href=\"https:\/\/www.ifsc.usp.br\/eventos\/wp-content\/uploads\/2022\/05\/GO60-Profa-Dulce.pdf\" target=\"_blank\" rel=\"noopener noreferrer\">Apresenta\u00e7\u00e3o<\/a><\/td>\n<\/tr>\n<tr>\n<td width=\"109\">&nbsp;<\/p>\n<p>15h55<\/p>\n<p>&nbsp;<\/td>\n<td width=\"459\">&nbsp;<\/p>\n<p><strong>COFFEE BREAK<\/strong><\/p>\n<p>&nbsp;<\/td>\n<\/tr>\n<tr>\n<td width=\"109\">16h15<\/td>\n<td width=\"459\"><strong>Prof\u00aa. Maria Cristina Nonato <\/strong><br \/>\nFCFRP\/USP<\/td>\n<td><a href=\"https:\/\/www.ifsc.usp.br\/eventos\/wp-content\/uploads\/2022\/05\/GO60-Profa-Maria-Nonato.pdf\" target=\"_blank\" rel=\"noopener noreferrer\">Apresenta\u00e7\u00e3o<\/a><\/td>\n<\/tr>\n<tr>\n<td width=\"109\">16h25<\/td>\n<td width=\"459\"><strong>Dr\u00aa. Beatriz Gomes Guimar\u00e3es <\/strong><br \/>\nInstituto Carlos Chagas\/FIOCRUZ \u2013 Curitiba<\/td>\n<td><a href=\"https:\/\/www.ifsc.usp.br\/eventos\/wp-content\/uploads\/2022\/05\/GO60-Dra-Beatriz.pdf\" target=\"_blank\" rel=\"noopener noreferrer\">Apresenta\u00e7\u00e3o<\/a><\/td>\n<\/tr>\n<tr>\n<td width=\"109\">16h35<\/td>\n<td width=\"459\"><strong>Prof\u00aa. Leila Maria Beltramini \/ Prof\u00aa. Ana Paula Ulian de Ara\u00fajo <\/strong><br \/>\nIFSC\/USP<\/td>\n<td><a href=\"https:\/\/www.ifsc.usp.br\/eventos\/wp-content\/uploads\/2022\/05\/GO60-Profa-Leila-AnaUlian.pdf\" target=\"_blank\" rel=\"noopener noreferrer\">Apresenta\u00e7\u00e3o<\/a><\/td>\n<\/tr>\n<tr>\n<td width=\"109\">16h45<\/td>\n<td width=\"459\"><strong>Prof. Rafael Vict\u00f3rio Carvalho Guido <\/strong><br \/>\nIFSC\/USP<\/td>\n<td><a href=\"https:\/\/www.ifsc.usp.br\/eventos\/wp-content\/uploads\/2022\/05\/GO60-Prof-Rafael.pdf\" target=\"_blank\" rel=\"noopener noreferrer\">Apresenta\u00e7\u00e3o<\/a><\/td>\n<\/tr>\n<tr>\n<td width=\"109\">16h55<\/td>\n<td width=\"459\"><strong>Prof. Adriano Defini Andricopulo <\/strong><br \/>\nIFSC\/USP<\/td>\n<td><a href=\"https:\/\/www.ifsc.usp.br\/eventos\/wp-content\/uploads\/2022\/05\/GO60-Prof-Adriano.pdf\" target=\"_blank\" rel=\"noopener noreferrer\">Apresenta\u00e7\u00e3o<\/a><\/td>\n<\/tr>\n<tr>\n<td width=\"109\">17h05<\/td>\n<td width=\"459\"><strong>Prof. Otavio Henrique Thiemann <\/strong><br \/>\nIFSC\/USP<\/td>\n<td><a href=\"https:\/\/www.ifsc.usp.br\/eventos\/wp-content\/uploads\/2022\/05\/GO60-Prof-Otavio.pdf\" target=\"_blank\" rel=\"noopener noreferrer\">Apresenta\u00e7\u00e3o<\/a><\/td>\n<\/tr>\n<tr>\n<td width=\"109\">17h15<\/td>\n<td width=\"459\"><strong>Dr. Andre Schutzer de Godoy <\/strong><br \/>\nP\u00f3s-Doc IFSC\/USP<\/td>\n<td><a href=\"https:\/\/www.ifsc.usp.br\/eventos\/wp-content\/uploads\/2022\/05\/GO60-Dr-Andre.pdf\" target=\"_blank\" rel=\"noopener noreferrer\">Apresenta\u00e7\u00e3o<\/a><\/td>\n<\/tr>\n<tr>\n<td width=\"109\">17h25<\/td>\n<td width=\"459\"><strong>Prof. Glaucius Oliva <\/strong><br \/>\nIFSC\/USP<\/td>\n<td><a href=\"https:\/\/www.ifsc.usp.br\/eventos\/wp-content\/uploads\/2022\/05\/GO60-Prof-Glaucius.pdf\" target=\"_blank\" rel=\"noopener noreferrer\">Apresenta\u00e7\u00e3o<\/a><\/td>\n<\/tr>\n<tr>\n<td width=\"109\">17h55<\/td>\n<td width=\"459\"><strong>Encerramento \u2013 Prof. S\u00e9rgio Mascarenhas Oliveira<\/strong><br \/>\nIFSC\/USP<\/td>\n<td><a href=\"https:\/\/www.ifsc.usp.br\/eventos\/wp-content\/uploads\/2022\/05\/Soneto-Mascarenhas.mp4\" target=\"_blank\" rel=\"noopener noreferrer\">V\u00eddeo<\/a><\/td>\n<\/tr>\n<tr>\n<td width=\"109\">18h30 \u00e0s 22h30<\/td>\n<td width=\"459\"><strong>Confraterniza\u00e7\u00e3o<\/strong><br \/>\nRecep\u00e7\u00e3o no \u201cEspa\u00e7o Sete\u201d<br \/>\nR. Sete de Setembro, 1447 \u2013 Centro, S\u00e3o Carlos\/SP.<br \/>\n<a href=\"https:\/\/www.ifsc.usp.br\/eventos\/wp-content\/uploads\/2022\/05\/cardapio-go60.pdf\" target=\"_blank\" rel=\"noopener noreferrer\">Card\u00e1pio da confraterniza\u00e7\u00e3o \u2013 Menu \u201cComida de Boteco\u201d<\/a><\/td>\n<td>\u2013<\/td>\n<\/tr>\n<\/tbody>\n<\/table>\n<p>[\/vc_message][\/vc_column][\/vc_row][vc_row rt_row_background_width=&#8221;default&#8221; rt_row_style=&#8221;default-style&#8221; rt_row_borders=&#8221;&#8221; rt_row_paddings=&#8221;true&#8221; rt_bg_effect=&#8221;classic&#8221; rt_bg_image_repeat=&#8221;repeat&#8221; rt_bg_size=&#8221;cover&#8221; rt_bg_position=&#8221;right top&#8221; rt_bg_attachment=&#8221;scroll&#8221; rt_bg_video_format=&#8221;self-hosted&#8221;][vc_column rt_wrp_col_paddings=&#8221;false&#8221; rt_border_top=&#8221;&#8221; rt_border_bottom=&#8221;&#8221; rt_border_left=&#8221;&#8221; rt_border_right=&#8221;&#8221; rt_border_top_mobile=&#8221;&#8221; rt_border_bottom_mobile=&#8221;&#8221; rt_border_left_mobile=&#8221;&#8221; rt_border_right_mobile=&#8221;&#8221; rt_bg_image_repeat=&#8221;repeat&#8221; rt_bg_size=&#8221;auto auto&#8221; rt_bg_position=&#8221;right top&#8221; rt_bg_attachment=&#8221;scroll&#8221;][\/vc_column][\/vc_row]<\/p>\n","protected":false},"excerpt":{"rendered":"<p>[vc_row rt_row_background_width=&#8221;fullwidth&#8221; rt_row_content_width=&#8221;fullwidth&#8221; rt_row_style=&#8221;default-style&#8221; rt_row_borders=&#8221;&#8221; rt_row_paddings=&#8221;true&#8221; rt_bg_effect=&#8221;classic&#8221; rt_bg_image_repeat=&#8221;repeat&#8221; rt_bg_size=&#8221;cover&#8221; rt_bg_position=&#8221;right top&#8221; rt_bg_attachment=&#8221;scroll&#8221; rt_bg_video_format=&#8221;self-hosted&#8221; rt_padding_top=&#8221;2&#8243; rt_padding_bottom=&#8221;0&#8243; rt_padding_left=&#8221;0&#8243; rt_padding_right=&#8221;0&#8243;][vc_column rt_wrp_col_paddings=&#8221;false&#8221; rt_border_top=&#8221;&#8221; rt_border_bottom=&#8221;&#8221; rt_border_left=&#8221;&#8221; rt_border_right=&#8221;&#8221; rt_border_top_mobile=&#8221;&#8221; rt_border_bottom_mobile=&#8221;&#8221; rt_border_left_mobile=&#8221;&#8221; rt_border_right_mobile=&#8221;&#8221; rt_bg_image_repeat=&#8221;repeat&#8221; rt_bg_size=&#8221;auto auto&#8221; rt_bg_position=&#8221;right top&#8221; rt_bg_attachment=&#8221;scroll&#8221;][vc_wp_custommenu nav_menu=&#8221;66&#8243; el_class=&#8221;rt-top-bar fullwidth&#8221;][vc_message icon_fontawesome=&#8221;fa fa-calendar&#8221; css=&#8221;.vc_custom_1653654636502{margin-right: 80px !important;margin-left: 80px !important;}&#8221;]Cartaz PDF da programa\u00e7\u00e3o.[\/vc_message][vc_message icon_fontawesome=&#8221;fa fa-clock-o&#8221; css=&#8221;.vc_custom_1653654666134{margin-right: 80px !important;margin-left: 80px !important;}&#8221;] 13h30 Abertura com [&hellip;]<\/p>\n","protected":false},"author":1,"featured_media":0,"parent":0,"menu_order":0,"comment_status":"closed","ping_status":"closed","template":"","meta":{"footnotes":""},"class_list":["post-9379","page","type-page","status-publish","hentry"],"_links":{"self":[{"href":"https:\/\/www.ifsc.usp.br\/eventos\/wp-json\/wp\/v2\/pages\/9379","targetHints":{"allow":["GET"]}}],"collection":[{"href":"https:\/\/www.ifsc.usp.br\/eventos\/wp-json\/wp\/v2\/pages"}],"about":[{"href":"https:\/\/www.ifsc.usp.br\/eventos\/wp-json\/wp\/v2\/types\/page"}],"author":[{"embeddable":true,"href":"https:\/\/www.ifsc.usp.br\/eventos\/wp-json\/wp\/v2\/users\/1"}],"replies":[{"embeddable":true,"href":"https:\/\/www.ifsc.usp.br\/eventos\/wp-json\/wp\/v2\/comments?post=9379"}],"version-history":[{"count":11,"href":"https:\/\/www.ifsc.usp.br\/eventos\/wp-json\/wp\/v2\/pages\/9379\/revisions"}],"predecessor-version":[{"id":9750,"href":"https:\/\/www.ifsc.usp.br\/eventos\/wp-json\/wp\/v2\/pages\/9379\/revisions\/9750"}],"wp:attachment":[{"href":"https:\/\/www.ifsc.usp.br\/eventos\/wp-json\/wp\/v2\/media?parent=9379"}],"curies":[{"name":"wp","href":"https:\/\/api.w.org\/{rel}","templated":true}]}}