{"id":9464,"date":"2022-05-27T09:54:53","date_gmt":"2022-05-27T12:54:53","guid":{"rendered":"https:\/\/www.ifsc.usp.br\/eventos\/?page_id=9464"},"modified":"2022-08-09T09:08:18","modified_gmt":"2022-08-09T12:08:18","slug":"programa-sm2022sbf","status":"publish","type":"page","link":"https:\/\/www.ifsc.usp.br\/eventos\/programa-sm2022sbf\/","title":{"rendered":"Programa &#8211; Memorial &#8220;Prof. S\u00e9rgio Mascarenhas&#8221;"},"content":{"rendered":"<p>[vc_row rt_row_background_width=&#8221;fullwidth&#8221; rt_row_content_width=&#8221;fullwidth&#8221; rt_row_style=&#8221;default-style&#8221; rt_row_borders=&#8221;&#8221; rt_row_paddings=&#8221;true&#8221; rt_bg_effect=&#8221;classic&#8221; rt_bg_image_repeat=&#8221;repeat&#8221; rt_bg_size=&#8221;cover&#8221; rt_bg_position=&#8221;right top&#8221; rt_bg_attachment=&#8221;scroll&#8221; rt_bg_video_format=&#8221;self-hosted&#8221; rt_padding_top=&#8221;2&#8243; rt_padding_bottom=&#8221;0&#8243; rt_padding_left=&#8221;0&#8243; rt_padding_right=&#8221;0&#8243;][vc_column rt_wrp_col_paddings=&#8221;false&#8221; rt_border_top=&#8221;&#8221; rt_border_bottom=&#8221;&#8221; rt_border_left=&#8221;&#8221; rt_border_right=&#8221;&#8221; rt_border_top_mobile=&#8221;&#8221; rt_border_bottom_mobile=&#8221;&#8221; rt_border_left_mobile=&#8221;&#8221; rt_border_right_mobile=&#8221;&#8221; rt_bg_image_repeat=&#8221;repeat&#8221; rt_bg_size=&#8221;auto auto&#8221; rt_bg_position=&#8221;right top&#8221; rt_bg_attachment=&#8221;scroll&#8221;][vc_wp_custommenu nav_menu=&#8221;67&#8243; el_class=&#8221;rt-top-bar fullwidth&#8221;]\t \n\t\t<section  class=\"timeline  \">\n\t\t\t \n\t\t<div  >\n\t\t\t \n\t\t<span class=\"event-date\">\n\t\t\t<span class=\"day\">14:00 - 14:10<\/span>\n\t\t\t<span class=\"month\">January<\/span>\n\t\t\t<span class=\"year\">2015<\/span>\n\t\t<\/span>\n\t<div class=\"event-details\"><h4 class=\"event-title\">Abertura<\/h4><ul>\n<li style=\"text-align: right;\">Osvaldo Novais de Oliveira Junior \u2013 Diretor IFSC\/USP<\/li>\n<\/ul>\n<\/div>\n\t\t<\/div>\n\t\t \n\t\t<div  >\n\t\t\t \n\t\t<span class=\"event-date\">\n\t\t\t<span class=\"day\">14:15 - 15:00<\/span>\n\t\t\t<span class=\"month\">February<\/span>\n\t\t\t<span class=\"year\">2015<\/span>\n\t\t<\/span>\n\t<div class=\"event-details\"><h4 class=\"event-title\">Palavras de Representantes de Institui\u00e7\u00f5es de S\u00e3o Carlos que tiveram a participa\u00e7\u00e3o do Prof. S\u00e9rgio Mascarenhas<\/h4><ul>\n<li>Glaucius Oliva \u2013 IFSC\/USP<\/li>\n<li>Ana Beatriz de Oliveira \u2013 Reitora UFSCar<\/li>\n<li>S\u00edlvio Crestana \u2013 Embrapa Instrumenta\u00e7\u00e3o S\u00e3o Carlos<\/li>\n<\/ul>\n<p><a href=\"https:\/\/www.ifsc.usp.br\/eventos\/wp-content\/uploads\/2022\/06\/Glaucius-Memorial-SM-IFSC-Maio2022.pdf\">Apresenta\u00e7\u00e3o<\/a><\/p>\n<\/div>\n\t\t<\/div>\n\t\t \n\t\t<div  >\n\t\t\t \n\t\t<span class=\"event-date\">\n\t\t\t<span class=\"day\">15:10 - 15:40<\/span>\n\t\t\t<span class=\"month\">March<\/span>\n\t\t\t<span class=\"year\">2015<\/span>\n\t\t<\/span>\n\t<div class=\"event-details\"><h4 class=\"event-title\">Palavras sobre o N\u00famero Especial do Brazilian Journal Physics (BJP)<\/h4><ul>\n<li style=\"text-align: right;\">Ant\u00f4nio Martins Figueiredo Neto \u2013 Editor Chefe BJP<\/li>\n<li style=\"text-align: right;\">Oswaldo Baffa Filho &#8211; Editor Associado BJP<\/li>\n<\/ul>\n<p style=\"text-align: right;\"><a href=\"https:\/\/www.ifsc.usp.br\/eventos\/wp-content\/uploads\/2022\/06\/Oswaldo-Baffa-SMO-Memorial-2022.pdf\">Apresenta\u00e7\u00e3o<\/a><\/p>\n<\/div>\n\t\t<\/div>\n\t\t \n\t\t<div  >\n\t\t\t \n\t\t<span class=\"event-date\">\n\t\t\t<span class=\"day\">15:45 - 16:00<\/span>\n\t\t\t<span class=\"month\"><\/span>\n\t\t\t<span class=\"year\"><\/span>\n\t\t<\/span>\n\t<div class=\"event-details\"><h4 class=\"event-title\">Palavras da Fam\u00edlia<\/h4><ul>\n<li>Yvone Maria Mascarenhas (filha)<\/li>\n<\/ul>\n<p><a href=\"https:\/\/www.ifsc.usp.br\/eventos\/wp-content\/uploads\/2022\/06\/Yvonne-Maria-memorial-2-maio-2022.pdf\">Apresenta\u00e7\u00e3o<\/a><\/p>\n<\/div>\n\t\t<\/div>\n\t\t \n\t\t<div  >\n\t\t\t \n\t\t<span class=\"event-date\">\n\t\t\t<span class=\"day\">16:05 - 16:15<\/span>\n\t\t\t<span class=\"month\"><\/span>\n\t\t\t<span class=\"year\"><\/span>\n\t\t<\/span>\n\t<div class=\"event-details\"><h4 class=\"event-title\">Palavras do Amigo<\/h4><ul>\n<li>Jo\u00e3o Candido Portinari<\/li>\n<li><a href=\"https:\/\/vimeo.com\/705103862\" target=\"_blank\" rel=\"noopener\">Link para o V\u00eddeo<\/a><\/li>\n<\/ul>\n<\/div>\n\t\t<\/div>\n\t\t \n\t\t<div  >\n\t\t\t \n\t\t<span class=\"event-date\">\n\t\t\t<span class=\"day\">16:15 - 16:30<\/span>\n\t\t\t<span class=\"month\"><\/span>\n\t\t\t<span class=\"year\"><\/span>\n\t\t<\/span>\n\t<div class=\"event-details\"><h4 class=\"event-title\">Encerramento<\/h4><ul>\n<li style=\"text-align: right;\">Ana Paula Ulian de Araujo &#8211; Grupo de Biof\u00edsica e Biologia Estrutural \u201cS\u00e9rgio Mascarenhas\u201d<\/li>\n<\/ul>\n<p style=\"text-align: right;\"><a href=\"https:\/\/www.ifsc.usp.br\/eventos\/wp-content\/uploads\/2022\/06\/Ana-Paula-Apresentacao-BBE.pdf\">Apresenta\u00e7\u00e3o<\/a><\/p>\n<\/div>\n\t\t<\/div>\n\t\n\t\t<\/section>\n\t[\/vc_column][\/vc_row]<\/p>\n","protected":false},"excerpt":{"rendered":"<p>[vc_row rt_row_background_width=&#8221;fullwidth&#8221; rt_row_content_width=&#8221;fullwidth&#8221; rt_row_style=&#8221;default-style&#8221; rt_row_borders=&#8221;&#8221; rt_row_paddings=&#8221;true&#8221; rt_bg_effect=&#8221;classic&#8221; rt_bg_image_repeat=&#8221;repeat&#8221; rt_bg_size=&#8221;cover&#8221; rt_bg_position=&#8221;right top&#8221; rt_bg_attachment=&#8221;scroll&#8221; rt_bg_video_format=&#8221;self-hosted&#8221; rt_padding_top=&#8221;2&#8243; rt_padding_bottom=&#8221;0&#8243; rt_padding_left=&#8221;0&#8243; rt_padding_right=&#8221;0&#8243;][vc_column rt_wrp_col_paddings=&#8221;false&#8221; rt_border_top=&#8221;&#8221; rt_border_bottom=&#8221;&#8221; rt_border_left=&#8221;&#8221; rt_border_right=&#8221;&#8221; rt_border_top_mobile=&#8221;&#8221; rt_border_bottom_mobile=&#8221;&#8221; rt_border_left_mobile=&#8221;&#8221; rt_border_right_mobile=&#8221;&#8221; rt_bg_image_repeat=&#8221;repeat&#8221; rt_bg_size=&#8221;auto auto&#8221; rt_bg_position=&#8221;right top&#8221; rt_bg_attachment=&#8221;scroll&#8221;][vc_wp_custommenu nav_menu=&#8221;67&#8243; el_class=&#8221;rt-top-bar fullwidth&#8221;][\/vc_column][\/vc_row]<\/p>\n","protected":false},"author":1,"featured_media":0,"parent":0,"menu_order":0,"comment_status":"closed","ping_status":"closed","template":"","meta":{"footnotes":""},"class_list":["post-9464","page","type-page","status-publish","hentry"],"_links":{"self":[{"href":"https:\/\/www.ifsc.usp.br\/eventos\/wp-json\/wp\/v2\/pages\/9464","targetHints":{"allow":["GET"]}}],"collection":[{"href":"https:\/\/www.ifsc.usp.br\/eventos\/wp-json\/wp\/v2\/pages"}],"about":[{"href":"https:\/\/www.ifsc.usp.br\/eventos\/wp-json\/wp\/v2\/types\/page"}],"author":[{"embeddable":true,"href":"https:\/\/www.ifsc.usp.br\/eventos\/wp-json\/wp\/v2\/users\/1"}],"replies":[{"embeddable":true,"href":"https:\/\/www.ifsc.usp.br\/eventos\/wp-json\/wp\/v2\/comments?post=9464"}],"version-history":[{"count":9,"href":"https:\/\/www.ifsc.usp.br\/eventos\/wp-json\/wp\/v2\/pages\/9464\/revisions"}],"predecessor-version":[{"id":9742,"href":"https:\/\/www.ifsc.usp.br\/eventos\/wp-json\/wp\/v2\/pages\/9464\/revisions\/9742"}],"wp:attachment":[{"href":"https:\/\/www.ifsc.usp.br\/eventos\/wp-json\/wp\/v2\/media?parent=9464"}],"curies":[{"name":"wp","href":"https:\/\/api.w.org\/{rel}","templated":true}]}}