{"id":9534,"date":"2022-06-02T10:36:56","date_gmt":"2022-06-02T13:36:56","guid":{"rendered":"https:\/\/www.ifsc.usp.br\/eventos\/?page_id=9534"},"modified":"2022-08-09T09:23:00","modified_gmt":"2022-08-09T12:23:00","slug":"programacao-sm90","status":"publish","type":"page","link":"https:\/\/www.ifsc.usp.br\/eventos\/programacao-sm90\/","title":{"rendered":"Programa\u00e7\u00e3o &#8211; Simp\u00f3sio &#8220;Homenagem aos 90 anos&#8221; do Prof. S\u00e9rgio Mascarenhas"},"content":{"rendered":"<p>[vc_row rt_row_background_width=&#8221;fullwidth&#8221; rt_row_content_width=&#8221;fullwidth&#8221; rt_row_style=&#8221;default-style&#8221; rt_row_borders=&#8221;&#8221; rt_row_paddings=&#8221;true&#8221; rt_bg_effect=&#8221;classic&#8221; rt_bg_image_repeat=&#8221;repeat&#8221; rt_bg_size=&#8221;cover&#8221; rt_bg_position=&#8221;right top&#8221; rt_bg_attachment=&#8221;scroll&#8221; rt_bg_video_format=&#8221;self-hosted&#8221; rt_padding_top=&#8221;2&#8243; rt_padding_bottom=&#8221;0&#8243; rt_padding_left=&#8221;0&#8243; rt_padding_right=&#8221;0&#8243;][vc_column rt_wrp_col_paddings=&#8221;false&#8221; rt_border_top=&#8221;&#8221; rt_border_bottom=&#8221;&#8221; rt_border_left=&#8221;&#8221; rt_border_right=&#8221;&#8221; rt_border_top_mobile=&#8221;&#8221; rt_border_bottom_mobile=&#8221;&#8221; rt_border_left_mobile=&#8221;&#8221; rt_border_right_mobile=&#8221;&#8221; rt_bg_image_repeat=&#8221;repeat&#8221; rt_bg_size=&#8221;auto auto&#8221; rt_bg_position=&#8221;right top&#8221; rt_bg_attachment=&#8221;scroll&#8221;][vc_wp_custommenu nav_menu=&#8221;68&#8243; el_class=&#8221;rt-top-bar fullwidth&#8221;][vc_message icon_fontawesome=&#8221;fa fa-clock-o&#8221; css=&#8221;.vc_custom_1654176989134{margin-right: 80px !important;margin-left: 80px !important;}&#8221;]<\/p>\n<table>\n<tbody>\n<tr>\n<td width=\"109\">14:00 \u2013 14:05<\/p>\n<p>14:05 \u2013 14:20<\/p>\n<p>14:20 \u2013 14:40<\/td>\n<td width=\"459\"><strong>Abertura do Evento<\/strong><\/p>\n<p><strong>Apresenta\u00e7\u00e3o Musical<\/strong><\/p>\n<p><strong>Composi\u00e7\u00e3o da Mesa de Honra, <\/strong>com participa\u00e7\u00f5es do Diretor do Instituto de F\u00edsica de S\u00e3o Carlos (representando o Reitor da USP), Reitora da UFSCar, Chefe-Geral da EMBRAPA Instrumenta\u00e7\u00e3o, Vice-Presidente da SBPC \u2013 Sociedade Brasileira para o Progresso da Ci\u00eancia, e o Vice-Presidente da ABC \u2013 Academia Brasileira de Ci\u00eancias.<\/td>\n<\/tr>\n<tr>\n<td width=\"109\">14:40 \u2013 15:00<\/td>\n<td width=\"459\"><strong>Glaucius Oliva<\/strong> \u2013 \u201cO come\u00e7o: RJ, chegada a SC, at\u00e9 cria\u00e7\u00e3o do IFSC\u201d<\/td>\n<\/tr>\n<tr>\n<td width=\"109\">15:00 \u2013 15:20<\/td>\n<td width=\"459\"><strong>Sergio Machado Rezende<\/strong> \u2013 \u201cSM e a F\u00edsica da Mat\u00e9ria Condensada no Brasil\u201d<\/td>\n<\/tr>\n<tr>\n<td width=\"109\">15:20 \u2013 15:40<\/td>\n<td width=\"459\"><strong>Wanda Aparecida Machado Hoffman<\/strong> \u2013 \u201cSM e a cria\u00e7\u00e3o da UFSCar\u201d<\/td>\n<\/tr>\n<tr>\n<td width=\"109\">15:40 \u2013 16:00<\/td>\n<td width=\"459\"><strong>S\u00edlvio Crestana<\/strong> \u2013 \u201cSM e a cria\u00e7\u00e3o da Embrapa Instrumenta\u00e7\u00e3o\u201d<\/td>\n<\/tr>\n<tr>\n<td width=\"109\">16:00 \u2013 16:20<\/td>\n<td width=\"459\"><strong>Oswaldo Baffa Filho<\/strong>\u00a0\u00a0\u2013 \u201cSM e a Biof\u00edsica no Brasil\u201d<\/td>\n<\/tr>\n<tr>\n<td width=\"109\">16:20 \u2013 16:40<\/td>\n<td width=\"459\"><strong>Yvone Maria Mascarenhas<\/strong>\u00a0\u2013 \u201cSM e o Empreendedorismo\u201d<\/td>\n<\/tr>\n<tr>\n<td width=\"109\">16:40 \u2013 16:45<\/td>\n<td width=\"459\"><strong>Luiz Davidovich<\/strong> \u2013 Presidente da ABC\u00a0(participa\u00e7\u00e3o por v\u00eddeo)<\/td>\n<\/tr>\n<tr>\n<td width=\"109\">16:45 \u2013 17:00<\/td>\n<td width=\"459\"><strong>Coffee-break<\/strong><\/td>\n<\/tr>\n<tr>\n<td width=\"109\">17:10 \u2013 18:00<\/td>\n<td width=\"459\"><strong>Confer\u00eancia Magna do homenageado<\/strong> \u201cProf. S\u00e9rgio Mascarenhas\u201d<\/td>\n<\/tr>\n<tr>\n<td width=\"109\">18:00 \u2013 18:15<\/td>\n<td width=\"459\"><strong>Encerramento:<\/strong> <strong>Apresenta\u00e7\u00e3o dos m\u00fasicos da USP \u2013 Filarm\u00f4nica<\/strong><\/p>\n<p>Maria Fl\u00e1via Greggio Gattas (soprano)<br \/>\nRubens Russomanno Riccardi (piano)<\/td>\n<\/tr>\n<tr>\n<td width=\"109\">19:00 \u2013 22:30<\/td>\n<td width=\"459\"><strong>Recep\u00e7\u00e3o e Jantar<\/strong> (por ades\u00e3o) no Restaurante \u201cEspa\u00e7o Sete\u201d<br \/>\nR. Sete de Setembro, 1447 \u2013 Centro, S\u00e3o Carlos\/SP<\/td>\n<\/tr>\n<\/tbody>\n<\/table>\n<p>[\/vc_message][\/vc_column][\/vc_row]<\/p>\n","protected":false},"excerpt":{"rendered":"<p>[vc_row rt_row_background_width=&#8221;fullwidth&#8221; rt_row_content_width=&#8221;fullwidth&#8221; rt_row_style=&#8221;default-style&#8221; rt_row_borders=&#8221;&#8221; rt_row_paddings=&#8221;true&#8221; rt_bg_effect=&#8221;classic&#8221; rt_bg_image_repeat=&#8221;repeat&#8221; rt_bg_size=&#8221;cover&#8221; rt_bg_position=&#8221;right top&#8221; rt_bg_attachment=&#8221;scroll&#8221; rt_bg_video_format=&#8221;self-hosted&#8221; rt_padding_top=&#8221;2&#8243; rt_padding_bottom=&#8221;0&#8243; rt_padding_left=&#8221;0&#8243; rt_padding_right=&#8221;0&#8243;][vc_column rt_wrp_col_paddings=&#8221;false&#8221; rt_border_top=&#8221;&#8221; rt_border_bottom=&#8221;&#8221; rt_border_left=&#8221;&#8221; rt_border_right=&#8221;&#8221; rt_border_top_mobile=&#8221;&#8221; rt_border_bottom_mobile=&#8221;&#8221; rt_border_left_mobile=&#8221;&#8221; rt_border_right_mobile=&#8221;&#8221; rt_bg_image_repeat=&#8221;repeat&#8221; rt_bg_size=&#8221;auto auto&#8221; rt_bg_position=&#8221;right top&#8221; rt_bg_attachment=&#8221;scroll&#8221;][vc_wp_custommenu nav_menu=&#8221;68&#8243; el_class=&#8221;rt-top-bar fullwidth&#8221;][vc_message icon_fontawesome=&#8221;fa fa-clock-o&#8221; css=&#8221;.vc_custom_1654176989134{margin-right: 80px !important;margin-left: 80px !important;}&#8221;] 14:00 \u2013 14:05 14:05 \u2013 14:20 14:20 \u2013 14:40 Abertura do Evento Apresenta\u00e7\u00e3o [&hellip;]<\/p>\n","protected":false},"author":1,"featured_media":0,"parent":0,"menu_order":0,"comment_status":"closed","ping_status":"closed","template":"","meta":{"footnotes":""},"class_list":["post-9534","page","type-page","status-publish","hentry"],"_links":{"self":[{"href":"https:\/\/www.ifsc.usp.br\/eventos\/wp-json\/wp\/v2\/pages\/9534","targetHints":{"allow":["GET"]}}],"collection":[{"href":"https:\/\/www.ifsc.usp.br\/eventos\/wp-json\/wp\/v2\/pages"}],"about":[{"href":"https:\/\/www.ifsc.usp.br\/eventos\/wp-json\/wp\/v2\/types\/page"}],"author":[{"embeddable":true,"href":"https:\/\/www.ifsc.usp.br\/eventos\/wp-json\/wp\/v2\/users\/1"}],"replies":[{"embeddable":true,"href":"https:\/\/www.ifsc.usp.br\/eventos\/wp-json\/wp\/v2\/comments?post=9534"}],"version-history":[{"count":3,"href":"https:\/\/www.ifsc.usp.br\/eventos\/wp-json\/wp\/v2\/pages\/9534\/revisions"}],"predecessor-version":[{"id":9757,"href":"https:\/\/www.ifsc.usp.br\/eventos\/wp-json\/wp\/v2\/pages\/9534\/revisions\/9757"}],"wp:attachment":[{"href":"https:\/\/www.ifsc.usp.br\/eventos\/wp-json\/wp\/v2\/media?parent=9534"}],"curies":[{"name":"wp","href":"https:\/\/api.w.org\/{rel}","templated":true}]}}