{"id":9538,"date":"2022-06-02T10:42:28","date_gmt":"2022-06-02T13:42:28","guid":{"rendered":"https:\/\/www.ifsc.usp.br\/eventos\/?page_id=9538"},"modified":"2022-08-09T09:20:45","modified_gmt":"2022-08-09T12:20:45","slug":"apresentacoes-sm90","status":"publish","type":"page","link":"https:\/\/www.ifsc.usp.br\/eventos\/apresentacoes-sm90\/","title":{"rendered":"Apresenta\u00e7\u00f5es &#8211; Simp\u00f3sio &#8220;Homenagem aos 90 anos&#8221; do Prof. S\u00e9rgio Mascarenhas"},"content":{"rendered":"<p>[vc_row rt_row_background_width=&#8221;fullwidth&#8221; rt_row_content_width=&#8221;fullwidth&#8221; rt_row_style=&#8221;default-style&#8221; rt_row_borders=&#8221;&#8221; rt_row_paddings=&#8221;true&#8221; rt_bg_effect=&#8221;classic&#8221; rt_bg_image_repeat=&#8221;repeat&#8221; rt_bg_size=&#8221;cover&#8221; rt_bg_position=&#8221;right top&#8221; rt_bg_attachment=&#8221;scroll&#8221; rt_bg_video_format=&#8221;self-hosted&#8221; rt_padding_top=&#8221;2&#8243; rt_padding_bottom=&#8221;0&#8243; rt_padding_left=&#8221;0&#8243; rt_padding_right=&#8221;0&#8243;][vc_column rt_wrp_col_paddings=&#8221;false&#8221; rt_border_top=&#8221;&#8221; rt_border_bottom=&#8221;&#8221; rt_border_left=&#8221;&#8221; rt_border_right=&#8221;&#8221; rt_border_top_mobile=&#8221;&#8221; rt_border_bottom_mobile=&#8221;&#8221; rt_border_left_mobile=&#8221;&#8221; rt_border_right_mobile=&#8221;&#8221; rt_bg_image_repeat=&#8221;repeat&#8221; rt_bg_size=&#8221;auto auto&#8221; rt_bg_position=&#8221;right top&#8221; rt_bg_attachment=&#8221;scroll&#8221;][vc_wp_custommenu nav_menu=&#8221;68&#8243; el_class=&#8221;rt-top-bar fullwidth&#8221;][vc_message icon_fontawesome=&#8221;fa fa-align-justify&#8221; css=&#8221;.vc_custom_1654282084364{margin-right: 80px !important;margin-left: 80px !important;}&#8221;]<strong><a href=\"https:\/\/www.ifsc.usp.br\/eventos\/wp-content\/uploads\/2022\/06\/SM-90-Apresentacao.pdf\">Confer\u00eancia Magna do homenageado \u201cProf. S\u00e9rgio Mascarenhas\u201d<\/a><\/strong><\/p>\n<p><strong><a href=\"https:\/\/www.ifsc.usp.br\/eventos\/wp-content\/uploads\/2022\/06\/SM-comeco-Glaucius-Oliva.pdf\">Glaucius Oliva \u2013 \u201cO come\u00e7o: RJ, chegada a SC, at\u00e9 cria\u00e7\u00e3o do IFSC\u201d<\/a><\/strong><\/p>\n<p><strong><a href=\"https:\/\/www.ifsc.usp.br\/eventos\/wp-content\/uploads\/2022\/06\/SM-fisica-materiais-Sergio_Rezende.pdf\">Sergio Machado Rezende \u2013 \u201cSM e a F\u00edsica da Mat\u00e9ria Condensada no Brasil\u201d<\/a><\/strong><\/p>\n<p><strong><a href=\"https:\/\/www.ifsc.usp.br\/eventos\/wp-content\/uploads\/2022\/06\/SM-Embrapa-Silvio-Crestana.pdf\">S\u00edlvio Crestana \u2013 \u201cSM e a cria\u00e7\u00e3o da Embrapa Instrumenta\u00e7\u00e3o\u201d<\/a><\/strong><\/p>\n<p><strong><a href=\"https:\/\/www.ifsc.usp.br\/eventos\/wp-content\/uploads\/2022\/06\/SM-90-Baffa.pdf\">Oswaldo Baffa Filho\u00a0\u00a0\u2013 \u201cSM e a Biof\u00edsica no Brasil\u201d<\/a><\/strong><\/p>\n<p><a href=\"https:\/\/www2.ifsc.usp.br\/portal-ifsc\/wp-content\/uploads\/2018\/05\/msg-aniversario.mp4\"><strong>Prof. Luiz Davidovich<\/strong> \u2013 Mensagem em v\u00eddeo<\/a><\/p>\n<p><a href=\"https:\/\/www2.ifsc.usp.br\/portal-ifsc\/wp-content\/uploads\/2018\/05\/msg-profjorge.mp4\"><strong>Prof. Jorge Guimar\u00e3es<\/strong> \u2013 Mensagem em v\u00eddeo<\/a><\/p>\n<p><strong><a href=\"https:\/\/www.ifsc.usp.br\/eventos\/wp-content\/uploads\/2022\/06\/SM-90-Fotos.pdf\">SM-90 Fotos<\/a><\/strong>[\/vc_message][\/vc_column][\/vc_row][vc_row rt_row_background_width=&#8221;default&#8221; rt_row_style=&#8221;default-style&#8221; rt_row_borders=&#8221;&#8221; rt_row_paddings=&#8221;true&#8221; rt_bg_effect=&#8221;classic&#8221; rt_bg_image_repeat=&#8221;repeat&#8221; rt_bg_size=&#8221;cover&#8221; rt_bg_position=&#8221;right top&#8221; rt_bg_attachment=&#8221;scroll&#8221; rt_bg_video_format=&#8221;self-hosted&#8221;][vc_column rt_wrp_col_paddings=&#8221;false&#8221; rt_border_top=&#8221;&#8221; rt_border_bottom=&#8221;&#8221; rt_border_left=&#8221;&#8221; rt_border_right=&#8221;&#8221; rt_border_top_mobile=&#8221;&#8221; rt_border_bottom_mobile=&#8221;&#8221; rt_border_left_mobile=&#8221;&#8221; rt_border_right_mobile=&#8221;&#8221; rt_bg_image_repeat=&#8221;repeat&#8221; rt_bg_size=&#8221;auto auto&#8221; rt_bg_position=&#8221;right top&#8221; rt_bg_attachment=&#8221;scroll&#8221;][\/vc_column][\/vc_row]<\/p>\n","protected":false},"excerpt":{"rendered":"<p>[vc_row rt_row_background_width=&#8221;fullwidth&#8221; rt_row_content_width=&#8221;fullwidth&#8221; rt_row_style=&#8221;default-style&#8221; rt_row_borders=&#8221;&#8221; rt_row_paddings=&#8221;true&#8221; rt_bg_effect=&#8221;classic&#8221; rt_bg_image_repeat=&#8221;repeat&#8221; rt_bg_size=&#8221;cover&#8221; rt_bg_position=&#8221;right top&#8221; rt_bg_attachment=&#8221;scroll&#8221; rt_bg_video_format=&#8221;self-hosted&#8221; rt_padding_top=&#8221;2&#8243; rt_padding_bottom=&#8221;0&#8243; rt_padding_left=&#8221;0&#8243; rt_padding_right=&#8221;0&#8243;][vc_column rt_wrp_col_paddings=&#8221;false&#8221; rt_border_top=&#8221;&#8221; rt_border_bottom=&#8221;&#8221; rt_border_left=&#8221;&#8221; rt_border_right=&#8221;&#8221; rt_border_top_mobile=&#8221;&#8221; rt_border_bottom_mobile=&#8221;&#8221; rt_border_left_mobile=&#8221;&#8221; rt_border_right_mobile=&#8221;&#8221; rt_bg_image_repeat=&#8221;repeat&#8221; rt_bg_size=&#8221;auto auto&#8221; rt_bg_position=&#8221;right top&#8221; rt_bg_attachment=&#8221;scroll&#8221;][vc_wp_custommenu nav_menu=&#8221;68&#8243; el_class=&#8221;rt-top-bar fullwidth&#8221;][vc_message icon_fontawesome=&#8221;fa fa-align-justify&#8221; css=&#8221;.vc_custom_1654282084364{margin-right: 80px !important;margin-left: 80px !important;}&#8221;]Confer\u00eancia Magna do homenageado \u201cProf. S\u00e9rgio Mascarenhas\u201d Glaucius Oliva \u2013 \u201cO come\u00e7o: RJ, chegada [&hellip;]<\/p>\n","protected":false},"author":1,"featured_media":0,"parent":0,"menu_order":0,"comment_status":"closed","ping_status":"closed","template":"","meta":{"footnotes":""},"class_list":["post-9538","page","type-page","status-publish","hentry"],"_links":{"self":[{"href":"https:\/\/www.ifsc.usp.br\/eventos\/wp-json\/wp\/v2\/pages\/9538","targetHints":{"allow":["GET"]}}],"collection":[{"href":"https:\/\/www.ifsc.usp.br\/eventos\/wp-json\/wp\/v2\/pages"}],"about":[{"href":"https:\/\/www.ifsc.usp.br\/eventos\/wp-json\/wp\/v2\/types\/page"}],"author":[{"embeddable":true,"href":"https:\/\/www.ifsc.usp.br\/eventos\/wp-json\/wp\/v2\/users\/1"}],"replies":[{"embeddable":true,"href":"https:\/\/www.ifsc.usp.br\/eventos\/wp-json\/wp\/v2\/comments?post=9538"}],"version-history":[{"count":3,"href":"https:\/\/www.ifsc.usp.br\/eventos\/wp-json\/wp\/v2\/pages\/9538\/revisions"}],"predecessor-version":[{"id":9753,"href":"https:\/\/www.ifsc.usp.br\/eventos\/wp-json\/wp\/v2\/pages\/9538\/revisions\/9753"}],"wp:attachment":[{"href":"https:\/\/www.ifsc.usp.br\/eventos\/wp-json\/wp\/v2\/media?parent=9538"}],"curies":[{"name":"wp","href":"https:\/\/api.w.org\/{rel}","templated":true}]}}