{"id":9563,"date":"2022-06-03T14:57:36","date_gmt":"2022-06-03T17:57:36","guid":{"rendered":"https:\/\/www.ifsc.usp.br\/eventos\/?page_id=9563"},"modified":"2022-08-09T09:03:06","modified_gmt":"2022-08-09T12:03:06","slug":"programacao-rmf70","status":"publish","type":"page","link":"https:\/\/www.ifsc.usp.br\/eventos\/programacao-rmf70\/","title":{"rendered":"Programa\u00e7\u00e3o &#8211; Simp\u00f3sio &#8220;Homenagem aos 70 anos&#8221; do Prof. Roberto Mendon\u00e7a Faria"},"content":{"rendered":"<p>[vc_row rt_row_background_width=&#8221;fullwidth&#8221; rt_row_content_width=&#8221;fullwidth&#8221; rt_row_style=&#8221;default-style&#8221; rt_row_borders=&#8221;&#8221; rt_row_paddings=&#8221;true&#8221; rt_bg_effect=&#8221;classic&#8221; rt_bg_image_repeat=&#8221;repeat&#8221; rt_bg_size=&#8221;cover&#8221; rt_bg_position=&#8221;right top&#8221; rt_bg_attachment=&#8221;scroll&#8221; rt_bg_video_format=&#8221;self-hosted&#8221; rt_padding_top=&#8221;2&#8243; rt_padding_bottom=&#8221;0&#8243; rt_padding_left=&#8221;0&#8243; rt_padding_right=&#8221;0&#8243;][vc_column rt_wrp_col_paddings=&#8221;false&#8221; rt_border_top=&#8221;&#8221; rt_border_bottom=&#8221;&#8221; rt_border_left=&#8221;&#8221; rt_border_right=&#8221;&#8221; rt_border_top_mobile=&#8221;&#8221; rt_border_bottom_mobile=&#8221;&#8221; rt_border_left_mobile=&#8221;&#8221; rt_border_right_mobile=&#8221;&#8221; rt_bg_image_repeat=&#8221;repeat&#8221; rt_bg_size=&#8221;auto auto&#8221; rt_bg_position=&#8221;right top&#8221; rt_bg_attachment=&#8221;scroll&#8221;][vc_wp_custommenu nav_menu=&#8221;69&#8243; el_class=&#8221;rt-top-bar fullwidth&#8221;][vc_message icon_fontawesome=&#8221;fa fa-calendar&#8221; css=&#8221;.vc_custom_1654278997677{margin-right: 80px !important;margin-left: 80px !important;}&#8221;]Data: 03\/06\/2022[\/vc_message][vc_message icon_fontawesome=&#8221;fa fa-clock-o&#8221; css=&#8221;.vc_custom_1654614310452{margin-right: 80px !important;margin-left: 80px !important;}&#8221;]<\/p>\n<table width=\"0\">\n<tbody>\n<tr>\n<td width=\"132\"><strong>15:00 \u2013 15:05<\/strong><\/td>\n<td width=\"429\"><strong><em>Abertura do Evento:<br \/>\n<\/em><\/strong><strong>\u00a0<\/strong>Osvaldo Novais de Oliveira Junior, \u00a0Diretor IFSC\/USP.<\/td>\n<\/tr>\n<tr>\n<td width=\"132\"><strong>15:05\u2013 15:20<\/strong><\/td>\n<td width=\"429\">\u00a0Memorial do Prof. Roberto M. Faria \u2013 Prof\u00aa. Leni Akcelrud. (<a href=\"https:\/\/www.ifsc.usp.br\/eventos\/wp-content\/uploads\/2022\/06\/Leni.pdf\">Apresenta\u00e7\u00e3o<\/a>)<\/td>\n<\/tr>\n<tr>\n<td width=\"132\"><strong>15:20 \u2013 15:30<\/strong><\/td>\n<td width=\"429\">\u00a0Prof. Faria como Gestor Acad\u00eamico \u2013 Prof\u00aa. Yvonne Primerano Mascarenhas. (<a href=\"https:\/\/www.ifsc.usp.br\/eventos\/wp-content\/uploads\/2022\/06\/Yvonne.pdf\">Apresenta\u00e7\u00e3o<\/a>)<\/td>\n<\/tr>\n<tr>\n<td width=\"132\"><strong>15:30 \u2013 15:40<\/strong><\/td>\n<td width=\"429\">\u00a0A rede em Eletr\u00f4nica Org\u00e2nica no Brasil (INEO) \u2013 Prof\u00aa. Mar\u00edlia Caldas.<\/td>\n<\/tr>\n<tr>\n<td width=\"132\"><strong>15:40 \u2013 15:50<\/strong><\/td>\n<td width=\"429\">\u00a0Depoimento de Coordenadores do INEO \u2013 Prof\u00aa. Teresa Atvars. (<a href=\"https:\/\/www.ifsc.usp.br\/eventos\/wp-content\/uploads\/2022\/06\/atvars.pdf\">Apresenta\u00e7\u00e3o<\/a>)<\/td>\n<\/tr>\n<tr>\n<td width=\"132\"><strong>15:50 \u2013 16:20<\/strong><\/td>\n<td width=\"429\">\u00a0Depoimento de Ex-alunos. (<a href=\"https:\/\/www.ifsc.usp.br\/eventos\/wp-content\/uploads\/2022\/06\/Pintura-passarinhos.pdf\">Slide pintura<\/a>)<\/td>\n<\/tr>\n<tr>\n<td width=\"132\"><strong>16:20 \u2013 16:40<\/strong><\/td>\n<td width=\"429\">\u00a0Depoimento de Colaboradores Nacionais e Internacionais. (<a href=\"https:\/\/www.ifsc.usp.br\/eventos\/wp-content\/uploads\/2022\/06\/rodrigobianchi.pdf\">Apresenta\u00e7\u00e3o<\/a>)<\/td>\n<\/tr>\n<tr>\n<td width=\"132\"><strong>16:40 \u2013 16:55<\/strong><\/td>\n<td width=\"429\">\u00a0Depoimento de colegas do Grupo de Pol\u00edmeros \u201c<em>Bernhard Gross<\/em>\u201d.<\/td>\n<\/tr>\n<tr>\n<td width=\"132\"><strong>16:55 \u2013 17:00<\/strong><\/td>\n<td width=\"429\">\u00a0Depoimento da fam\u00edlia.<\/td>\n<\/tr>\n<tr>\n<td width=\"132\"><strong>17:00 \u2013 17:15<\/strong><\/td>\n<td width=\"429\">\u00a0Palavras do homenageado. (<a href=\"https:\/\/www.ifsc.usp.br\/eventos\/wp-content\/uploads\/2022\/06\/slide-show.pdf\">Slide Show Imagens Prof. Faria<\/a>)<\/td>\n<\/tr>\n<tr>\n<td width=\"132\"><strong>17:15<\/strong><\/td>\n<td width=\"429\"><strong><em>\u00a0Encerramento:<br \/>\n<\/em><\/strong>\u00a0Osvaldo Novais de Oliveira Junior,\u00a0 docente do Grupo de Pol\u00edmeros <em>\u201dBernhard Gross\u201d.<\/em><\/td>\n<\/tr>\n<\/tbody>\n<\/table>\n<p>[\/vc_message][\/vc_column][\/vc_row]<\/p>\n","protected":false},"excerpt":{"rendered":"<p>[vc_row rt_row_background_width=&#8221;fullwidth&#8221; rt_row_content_width=&#8221;fullwidth&#8221; rt_row_style=&#8221;default-style&#8221; rt_row_borders=&#8221;&#8221; rt_row_paddings=&#8221;true&#8221; rt_bg_effect=&#8221;classic&#8221; rt_bg_image_repeat=&#8221;repeat&#8221; rt_bg_size=&#8221;cover&#8221; rt_bg_position=&#8221;right top&#8221; rt_bg_attachment=&#8221;scroll&#8221; rt_bg_video_format=&#8221;self-hosted&#8221; rt_padding_top=&#8221;2&#8243; rt_padding_bottom=&#8221;0&#8243; rt_padding_left=&#8221;0&#8243; rt_padding_right=&#8221;0&#8243;][vc_column rt_wrp_col_paddings=&#8221;false&#8221; rt_border_top=&#8221;&#8221; rt_border_bottom=&#8221;&#8221; rt_border_left=&#8221;&#8221; rt_border_right=&#8221;&#8221; rt_border_top_mobile=&#8221;&#8221; rt_border_bottom_mobile=&#8221;&#8221; rt_border_left_mobile=&#8221;&#8221; rt_border_right_mobile=&#8221;&#8221; rt_bg_image_repeat=&#8221;repeat&#8221; rt_bg_size=&#8221;auto auto&#8221; rt_bg_position=&#8221;right top&#8221; rt_bg_attachment=&#8221;scroll&#8221;][vc_wp_custommenu nav_menu=&#8221;69&#8243; el_class=&#8221;rt-top-bar fullwidth&#8221;][vc_message icon_fontawesome=&#8221;fa fa-calendar&#8221; css=&#8221;.vc_custom_1654278997677{margin-right: 80px !important;margin-left: 80px !important;}&#8221;]Data: 03\/06\/2022[\/vc_message][vc_message icon_fontawesome=&#8221;fa fa-clock-o&#8221; css=&#8221;.vc_custom_1654614310452{margin-right: 80px !important;margin-left: 80px !important;}&#8221;] 15:00 \u2013 15:05 Abertura do [&hellip;]<\/p>\n","protected":false},"author":1,"featured_media":0,"parent":0,"menu_order":0,"comment_status":"closed","ping_status":"closed","template":"","meta":{"footnotes":""},"class_list":["post-9563","page","type-page","status-publish","hentry"],"_links":{"self":[{"href":"https:\/\/www.ifsc.usp.br\/eventos\/wp-json\/wp\/v2\/pages\/9563","targetHints":{"allow":["GET"]}}],"collection":[{"href":"https:\/\/www.ifsc.usp.br\/eventos\/wp-json\/wp\/v2\/pages"}],"about":[{"href":"https:\/\/www.ifsc.usp.br\/eventos\/wp-json\/wp\/v2\/types\/page"}],"author":[{"embeddable":true,"href":"https:\/\/www.ifsc.usp.br\/eventos\/wp-json\/wp\/v2\/users\/1"}],"replies":[{"embeddable":true,"href":"https:\/\/www.ifsc.usp.br\/eventos\/wp-json\/wp\/v2\/comments?post=9563"}],"version-history":[{"count":9,"href":"https:\/\/www.ifsc.usp.br\/eventos\/wp-json\/wp\/v2\/pages\/9563\/revisions"}],"predecessor-version":[{"id":9734,"href":"https:\/\/www.ifsc.usp.br\/eventos\/wp-json\/wp\/v2\/pages\/9563\/revisions\/9734"}],"wp:attachment":[{"href":"https:\/\/www.ifsc.usp.br\/eventos\/wp-json\/wp\/v2\/media?parent=9563"}],"curies":[{"name":"wp","href":"https:\/\/api.w.org\/{rel}","templated":true}]}}