{"id":9576,"date":"2022-06-03T15:12:44","date_gmt":"2022-06-03T18:12:44","guid":{"rendered":"https:\/\/www.ifsc.usp.br\/eventos\/?page_id=9576"},"modified":"2022-08-09T09:04:47","modified_gmt":"2022-08-09T12:04:47","slug":"confraternizacao-rmf70","status":"publish","type":"page","link":"https:\/\/www.ifsc.usp.br\/eventos\/confraternizacao-rmf70\/","title":{"rendered":"Confraterniza\u00e7\u00e3o &#8211; Simp\u00f3sio &#8220;Homenagem aos 70 anos&#8221; do Prof. Roberto Mendon\u00e7a Faria"},"content":{"rendered":"<p>[vc_row rt_row_background_width=&#8221;fullwidth&#8221; rt_row_content_width=&#8221;fullwidth&#8221; rt_row_style=&#8221;default-style&#8221; rt_row_borders=&#8221;&#8221; rt_row_paddings=&#8221;true&#8221; rt_bg_effect=&#8221;classic&#8221; rt_bg_image_repeat=&#8221;repeat&#8221; rt_bg_size=&#8221;cover&#8221; rt_bg_position=&#8221;right top&#8221; rt_bg_attachment=&#8221;scroll&#8221; rt_bg_video_format=&#8221;self-hosted&#8221; rt_padding_top=&#8221;2&#8243; rt_padding_bottom=&#8221;0&#8243; rt_padding_left=&#8221;0&#8243; rt_padding_right=&#8221;0&#8243;][vc_column rt_wrp_col_paddings=&#8221;false&#8221; rt_border_top=&#8221;&#8221; rt_border_bottom=&#8221;&#8221; rt_border_left=&#8221;&#8221; rt_border_right=&#8221;&#8221; rt_border_top_mobile=&#8221;&#8221; rt_border_bottom_mobile=&#8221;&#8221; rt_border_left_mobile=&#8221;&#8221; rt_border_right_mobile=&#8221;&#8221; rt_bg_image_repeat=&#8221;repeat&#8221; rt_bg_size=&#8221;auto auto&#8221; rt_bg_position=&#8221;right top&#8221; rt_bg_attachment=&#8221;scroll&#8221;][vc_wp_custommenu nav_menu=&#8221;69&#8243; el_class=&#8221;rt-top-bar fullwidth&#8221;][vc_message icon_fontawesome=&#8221;fa fa-cutlery&#8221; css=&#8221;.vc_custom_1654279922925{margin-right: 80px !important;margin-left: 80px !important;}&#8221;]<b>Recep\u00e7\u00e3o por ADES\u00c3O<\/b><\/p>\n<p>L\u2019Osteria restaurante<br \/>\nR. 28 de Setembro, 2041\u00a0\u2013 Centro, S\u00e3o Carlos\/SP<br \/>\na partir das 18h (hor\u00e1rio especial)<\/p>\n<p><a href=\"https:\/\/www.ifsc.usp.br\/eventos\/wp-content\/uploads\/2022\/06\/losteria-cardapio.pdf\">Card\u00e1pio \u2013 menu \u00e0 la carte<\/a>.<\/p>\n<p><a href=\"https:\/\/www.ifsc.usp.br\/eventos\/wp-content\/uploads\/2022\/06\/losteria-carta-vinhos.pdf\">Carta de vinhos<\/a>.<\/p>\n<p><a href=\"https:\/\/www.google.com\/maps\/place\/L'Osteria+%7C+S%C3%A3o+Carlos\/@-22.010436,-47.8929147,17z\/data=!3m1!4b1!4m5!3m4!1s0x94b877e45c0ff09d:0x21b9d68292a23317!8m2!3d-22.010441!4d-47.890726\" target=\"_blank\" rel=\"noopener\">Localiza\u00e7\u00e3o Maps Google<\/a>.<\/p>\n<p><img loading=\"lazy\" decoding=\"async\" class=\"alignnone wp-image-9579 size-large\" src=\"https:\/\/www.ifsc.usp.br\/eventos\/wp-content\/uploads\/2022\/06\/losteria-1024x576.png\" alt=\"\" width=\"1024\" height=\"576\" srcset=\"https:\/\/www.ifsc.usp.br\/eventos\/wp-content\/uploads\/2022\/06\/losteria-1024x576.png 1024w, https:\/\/www.ifsc.usp.br\/eventos\/wp-content\/uploads\/2022\/06\/losteria-300x169.png 300w, https:\/\/www.ifsc.usp.br\/eventos\/wp-content\/uploads\/2022\/06\/losteria-768x432.png 768w, https:\/\/www.ifsc.usp.br\/eventos\/wp-content\/uploads\/2022\/06\/losteria-1536x864.png 1536w, https:\/\/www.ifsc.usp.br\/eventos\/wp-content\/uploads\/2022\/06\/losteria.png 1920w\" sizes=\"auto, (max-width: 1024px) 100vw, 1024px\" \/>[\/vc_message][\/vc_column][\/vc_row]<\/p>\n","protected":false},"excerpt":{"rendered":"<p>[vc_row rt_row_background_width=&#8221;fullwidth&#8221; rt_row_content_width=&#8221;fullwidth&#8221; rt_row_style=&#8221;default-style&#8221; rt_row_borders=&#8221;&#8221; rt_row_paddings=&#8221;true&#8221; rt_bg_effect=&#8221;classic&#8221; rt_bg_image_repeat=&#8221;repeat&#8221; rt_bg_size=&#8221;cover&#8221; rt_bg_position=&#8221;right top&#8221; rt_bg_attachment=&#8221;scroll&#8221; rt_bg_video_format=&#8221;self-hosted&#8221; rt_padding_top=&#8221;2&#8243; rt_padding_bottom=&#8221;0&#8243; rt_padding_left=&#8221;0&#8243; rt_padding_right=&#8221;0&#8243;][vc_column rt_wrp_col_paddings=&#8221;false&#8221; rt_border_top=&#8221;&#8221; rt_border_bottom=&#8221;&#8221; rt_border_left=&#8221;&#8221; rt_border_right=&#8221;&#8221; rt_border_top_mobile=&#8221;&#8221; rt_border_bottom_mobile=&#8221;&#8221; rt_border_left_mobile=&#8221;&#8221; rt_border_right_mobile=&#8221;&#8221; rt_bg_image_repeat=&#8221;repeat&#8221; rt_bg_size=&#8221;auto auto&#8221; rt_bg_position=&#8221;right top&#8221; rt_bg_attachment=&#8221;scroll&#8221;][vc_wp_custommenu nav_menu=&#8221;69&#8243; el_class=&#8221;rt-top-bar fullwidth&#8221;][vc_message icon_fontawesome=&#8221;fa fa-cutlery&#8221; css=&#8221;.vc_custom_1654279922925{margin-right: 80px !important;margin-left: 80px !important;}&#8221;]Recep\u00e7\u00e3o por ADES\u00c3O L\u2019Osteria restaurante R. 28 de Setembro, 2041\u00a0\u2013 Centro, S\u00e3o Carlos\/SP a [&hellip;]<\/p>\n","protected":false},"author":1,"featured_media":0,"parent":0,"menu_order":0,"comment_status":"closed","ping_status":"closed","template":"","meta":{"footnotes":""},"class_list":["post-9576","page","type-page","status-publish","hentry"],"_links":{"self":[{"href":"https:\/\/www.ifsc.usp.br\/eventos\/wp-json\/wp\/v2\/pages\/9576","targetHints":{"allow":["GET"]}}],"collection":[{"href":"https:\/\/www.ifsc.usp.br\/eventos\/wp-json\/wp\/v2\/pages"}],"about":[{"href":"https:\/\/www.ifsc.usp.br\/eventos\/wp-json\/wp\/v2\/types\/page"}],"author":[{"embeddable":true,"href":"https:\/\/www.ifsc.usp.br\/eventos\/wp-json\/wp\/v2\/users\/1"}],"replies":[{"embeddable":true,"href":"https:\/\/www.ifsc.usp.br\/eventos\/wp-json\/wp\/v2\/comments?post=9576"}],"version-history":[{"count":3,"href":"https:\/\/www.ifsc.usp.br\/eventos\/wp-json\/wp\/v2\/pages\/9576\/revisions"}],"predecessor-version":[{"id":9737,"href":"https:\/\/www.ifsc.usp.br\/eventos\/wp-json\/wp\/v2\/pages\/9576\/revisions\/9737"}],"wp:attachment":[{"href":"https:\/\/www.ifsc.usp.br\/eventos\/wp-json\/wp\/v2\/media?parent=9576"}],"curies":[{"name":"wp","href":"https:\/\/api.w.org\/{rel}","templated":true}]}}