{"id":9638,"date":"2022-08-08T15:24:28","date_gmt":"2022-08-08T18:24:28","guid":{"rendered":"https:\/\/www.ifsc.usp.br\/eventos\/?page_id=9638"},"modified":"2022-10-06T15:24:12","modified_gmt":"2022-10-06T18:24:12","slug":"ypm91","status":"publish","type":"page","link":"https:\/\/www.ifsc.usp.br\/eventos\/ypm91\/","title":{"rendered":"Simp\u00f3sio em celebra\u00e7\u00e3o aos &#8220;91 anos da Prof\u00aa Yvonne Primerano Mascarenhas&#8221;"},"content":{"rendered":"<p>[vc_row rt_row_background_width=&#8221;fullwidth&#8221; rt_row_content_width=&#8221;fullwidth&#8221; rt_row_style=&#8221;default-style&#8221; rt_row_borders=&#8221;&#8221; rt_row_paddings=&#8221;true&#8221; rt_bg_effect=&#8221;classic&#8221; rt_bg_image_repeat=&#8221;repeat&#8221; rt_bg_size=&#8221;cover&#8221; rt_bg_position=&#8221;right top&#8221; rt_bg_attachment=&#8221;scroll&#8221; rt_bg_video_format=&#8221;self-hosted&#8221; rt_padding_top=&#8221;2&#8243; rt_padding_bottom=&#8221;0&#8243; rt_padding_left=&#8221;0&#8243; rt_padding_right=&#8221;0&#8243;][vc_column rt_wrp_col_paddings=&#8221;false&#8221; rt_border_top=&#8221;&#8221; rt_border_bottom=&#8221;&#8221; rt_border_left=&#8221;&#8221; rt_border_right=&#8221;&#8221; rt_border_top_mobile=&#8221;&#8221; rt_border_bottom_mobile=&#8221;&#8221; rt_border_left_mobile=&#8221;&#8221; rt_border_right_mobile=&#8221;&#8221; rt_bg_image_repeat=&#8221;repeat&#8221; rt_bg_size=&#8221;auto auto&#8221; rt_bg_position=&#8221;right top&#8221; rt_bg_attachment=&#8221;scroll&#8221;][vc_wp_custommenu nav_menu=&#8221;71&#8243; el_class=&#8221;rt-top-bar fullwidth&#8221;][vc_column_text][fvplayer id=&#8221;4&#8243;][\/vc_column_text][vc_empty_space height=&#8221;10px&#8221;][\/vc_column][\/vc_row]<\/p>\n","protected":false},"excerpt":{"rendered":"<p>[vc_row rt_row_background_width=&#8221;fullwidth&#8221; rt_row_content_width=&#8221;fullwidth&#8221; rt_row_style=&#8221;default-style&#8221; rt_row_borders=&#8221;&#8221; rt_row_paddings=&#8221;true&#8221; rt_bg_effect=&#8221;classic&#8221; rt_bg_image_repeat=&#8221;repeat&#8221; rt_bg_size=&#8221;cover&#8221; rt_bg_position=&#8221;right top&#8221; rt_bg_attachment=&#8221;scroll&#8221; rt_bg_video_format=&#8221;self-hosted&#8221; rt_padding_top=&#8221;2&#8243; rt_padding_bottom=&#8221;0&#8243; rt_padding_left=&#8221;0&#8243; rt_padding_right=&#8221;0&#8243;][vc_column rt_wrp_col_paddings=&#8221;false&#8221; rt_border_top=&#8221;&#8221; rt_border_bottom=&#8221;&#8221; rt_border_left=&#8221;&#8221; rt_border_right=&#8221;&#8221; rt_border_top_mobile=&#8221;&#8221; rt_border_bottom_mobile=&#8221;&#8221; rt_border_left_mobile=&#8221;&#8221; rt_border_right_mobile=&#8221;&#8221; rt_bg_image_repeat=&#8221;repeat&#8221; rt_bg_size=&#8221;auto auto&#8221; rt_bg_position=&#8221;right top&#8221; rt_bg_attachment=&#8221;scroll&#8221;][vc_wp_custommenu nav_menu=&#8221;71&#8243; el_class=&#8221;rt-top-bar fullwidth&#8221;][vc_column_text][fvplayer id=&#8221;4&#8243;][\/vc_column_text][vc_empty_space height=&#8221;10px&#8221;][\/vc_column][\/vc_row]<\/p>\n","protected":false},"author":1,"featured_media":0,"parent":0,"menu_order":0,"comment_status":"closed","ping_status":"closed","template":"","meta":{"footnotes":""},"class_list":["post-9638","page","type-page","status-publish","hentry"],"_links":{"self":[{"href":"https:\/\/www.ifsc.usp.br\/eventos\/wp-json\/wp\/v2\/pages\/9638","targetHints":{"allow":["GET"]}}],"collection":[{"href":"https:\/\/www.ifsc.usp.br\/eventos\/wp-json\/wp\/v2\/pages"}],"about":[{"href":"https:\/\/www.ifsc.usp.br\/eventos\/wp-json\/wp\/v2\/types\/page"}],"author":[{"embeddable":true,"href":"https:\/\/www.ifsc.usp.br\/eventos\/wp-json\/wp\/v2\/users\/1"}],"replies":[{"embeddable":true,"href":"https:\/\/www.ifsc.usp.br\/eventos\/wp-json\/wp\/v2\/comments?post=9638"}],"version-history":[{"count":16,"href":"https:\/\/www.ifsc.usp.br\/eventos\/wp-json\/wp\/v2\/pages\/9638\/revisions"}],"predecessor-version":[{"id":9865,"href":"https:\/\/www.ifsc.usp.br\/eventos\/wp-json\/wp\/v2\/pages\/9638\/revisions\/9865"}],"wp:attachment":[{"href":"https:\/\/www.ifsc.usp.br\/eventos\/wp-json\/wp\/v2\/media?parent=9638"}],"curies":[{"name":"wp","href":"https:\/\/api.w.org\/{rel}","templated":true}]}}