{"id":9760,"date":"2022-08-09T10:58:00","date_gmt":"2022-08-09T13:58:00","guid":{"rendered":"https:\/\/www.ifsc.usp.br\/eventos\/?page_id=9760"},"modified":"2022-09-19T07:51:48","modified_gmt":"2022-09-19T10:51:48","slug":"ypm91-programacao","status":"publish","type":"page","link":"https:\/\/www.ifsc.usp.br\/eventos\/ypm91-programacao\/","title":{"rendered":"Programa\u00e7\u00e3o &#8211; Simp\u00f3sio em celebra\u00e7\u00e3o aos &#8220;91 anos da Prof\u00aa Yvonne Primerano Mascarenhas&#8221;"},"content":{"rendered":"<p>[vc_row rt_row_background_width=&#8221;fullwidth&#8221; rt_row_content_width=&#8221;fullwidth&#8221; rt_row_style=&#8221;default-style&#8221; rt_row_borders=&#8221;&#8221; rt_row_paddings=&#8221;true&#8221; rt_bg_effect=&#8221;classic&#8221; rt_bg_image_repeat=&#8221;repeat&#8221; rt_bg_size=&#8221;cover&#8221; rt_bg_position=&#8221;right top&#8221; rt_bg_attachment=&#8221;scroll&#8221; rt_bg_video_format=&#8221;self-hosted&#8221; rt_padding_top=&#8221;2&#8243; rt_padding_bottom=&#8221;0&#8243; rt_padding_left=&#8221;0&#8243; rt_padding_right=&#8221;0&#8243;][vc_column rt_wrp_col_paddings=&#8221;false&#8221; rt_border_top=&#8221;&#8221; rt_border_bottom=&#8221;&#8221; rt_border_left=&#8221;&#8221; rt_border_right=&#8221;&#8221; rt_border_top_mobile=&#8221;&#8221; rt_border_bottom_mobile=&#8221;&#8221; rt_border_left_mobile=&#8221;&#8221; rt_border_right_mobile=&#8221;&#8221; rt_bg_image_repeat=&#8221;repeat&#8221; rt_bg_size=&#8221;auto auto&#8221; rt_bg_position=&#8221;right top&#8221; rt_bg_attachment=&#8221;scroll&#8221;][vc_wp_custommenu nav_menu=&#8221;71&#8243; el_class=&#8221;rt-top-bar fullwidth&#8221;][vc_message icon_fontawesome=&#8221;fa fa-calendar&#8221; css=&#8221;.vc_custom_1663584679906{margin-right: 80px !important;margin-left: 80px !important;}&#8221;]Data : <strong>16\/09\/2022 (6\u00aa feira)<br \/>\n<\/strong>Local: Audit\u00f3rio \u201cProf. S\u00e9rgio Mascarenhas\u201d do IFSC\/USP<br \/>\nHor\u00e1rio: <strong>15h \u00e0s 18h<\/strong>, seguida por um jantar, por ades\u00e3o, no Restaurante Barone.<br \/>\nV\u00eddeo transmiss\u00e3o: <a href=\"https:\/\/www.youtube.com\/watch?v=yTcIJiKge08\" target=\"_blank\" rel=\"noopener\">https:\/\/www.youtube.com\/watch?v=yTcIJiKge08<\/a>[\/vc_message][vc_message icon_fontawesome=&#8221;fa fa-clock-o&#8221; css=&#8221;.vc_custom_1663335001088{margin-right: 80px !important;margin-left: 80px !important;}&#8221;]<\/p>\n<table width=\"0\">\n<tbody>\n<tr>\n<td width=\"132\"><strong>15:00 \u2013 15:05<\/strong><\/td>\n<td width=\"429\"><strong><em>Abertura do Evento:<br \/>\n<\/em><\/strong><strong>\u00a0<\/strong>Osvaldo Novais de Oliveira Junior, \u00a0Diretor IFSC\/USP.<\/td>\n<\/tr>\n<tr>\n<td width=\"132\"><strong>15:05\u2013 15:10<\/strong><\/td>\n<td width=\"429\">Glaucius Oliva, IFSC\/USP &#8211; <em>Chair<\/em> do Simp\u00f3sio.<\/td>\n<\/tr>\n<tr>\n<td width=\"132\"><strong>15:10 \u2013 15:30<\/strong><\/td>\n<td width=\"429\">Antonio Carlos Hernandes, IFSC\/USP &#8211; <strong>Introdu\u00e7\u00e3o da hist\u00f3ria e da vinda \u00e0 S\u00e3o Carlos e prepara\u00e7\u00e3o do livro que ser\u00e1 lan\u00e7ado em breve.\u00a0<\/strong><\/td>\n<\/tr>\n<tr>\n<td width=\"132\"><strong>15:30 \u2013 15:45<\/strong><\/td>\n<td width=\"429\">Javier Alcides Ellena, IFSC\/USP &#8211; <strong>Presente e futuro da cristalografia<\/strong>.<\/td>\n<\/tr>\n<tr>\n<td width=\"132\"><strong>15:45 \u2013 15:50<\/strong><\/td>\n<td width=\"429\">D\u00e9bora Gonzales Blanco, Diretoria de Ensino Regi\u00e3o de S\u00e3o Carlos \u2013 <strong>Difus\u00e3o de Ci\u00eancias<\/strong>.<\/td>\n<\/tr>\n<tr>\n<td width=\"132\"><strong>15:50 \u2013 16:30<\/strong><\/td>\n<td width=\"429\"><strong>Depoimento de Colaboradores Hist\u00f3ricos:<\/strong><br \/>\nLia Queiroz do Amaral, docente aposentada IF\/USP.<br \/>\nAldo F\u00e9lix Craievich, docente aposentado IF\/USP.<br \/>\nEduardo Ernesto Castellano, docente aposentado IFSC\/USP.<br \/>\nJos\u00e9 Geraldo Catarino, servidor aposentado do IFSC\/USP.<\/td>\n<\/tr>\n<tr>\n<td width=\"132\"><strong>16:30 \u2013 17:30<\/strong><\/td>\n<td width=\"429\"><strong>Depoimento de Ex-alunos:<\/strong><br \/>\nRegina Helena de Almeida Santos, docente aposentada IQSC\/USP.<br \/>\nAnt\u00f4nio Carlos Dorighetto, docente UNIFAL\/Alfenas.<br \/>\nS\u00edlvia L\u00facia Cuffini, pesquisador UNIFESP\/S\u00e3o Jos\u00e9 dos Campos.<br \/>\nMaria Cristina Nonato, docente FCFRP\/USP.<br \/>\nDiogo Menezes, aluno atual IFSC\/USP.<\/td>\n<\/tr>\n<tr>\n<td width=\"132\"><strong>17:30 \u2013 17:45<\/strong><\/td>\n<td width=\"429\"><strong>Depoimentos e homenagem da Fam\u00edlia<\/strong>.<\/td>\n<\/tr>\n<tr>\n<td width=\"132\"><strong>17:45 \u2013 18:00<\/strong><\/td>\n<td width=\"429\"><strong>Palavras da homenageada<\/strong>.<\/td>\n<\/tr>\n<tr>\n<td width=\"132\"><strong>18:00<\/strong><\/td>\n<td width=\"429\"><strong><em>\u00a0Encerramento:<br \/>\n<\/em><\/strong>\u00a0Osvaldo Novais de Oliveira Junior, Diretor IFSC\/USP.<\/td>\n<\/tr>\n<\/tbody>\n<\/table>\n<p>[\/vc_message][\/vc_column][\/vc_row]<\/p>\n","protected":false},"excerpt":{"rendered":"<p>[vc_row rt_row_background_width=&#8221;fullwidth&#8221; rt_row_content_width=&#8221;fullwidth&#8221; rt_row_style=&#8221;default-style&#8221; rt_row_borders=&#8221;&#8221; rt_row_paddings=&#8221;true&#8221; rt_bg_effect=&#8221;classic&#8221; rt_bg_image_repeat=&#8221;repeat&#8221; rt_bg_size=&#8221;cover&#8221; rt_bg_position=&#8221;right top&#8221; rt_bg_attachment=&#8221;scroll&#8221; rt_bg_video_format=&#8221;self-hosted&#8221; rt_padding_top=&#8221;2&#8243; rt_padding_bottom=&#8221;0&#8243; rt_padding_left=&#8221;0&#8243; rt_padding_right=&#8221;0&#8243;][vc_column rt_wrp_col_paddings=&#8221;false&#8221; rt_border_top=&#8221;&#8221; rt_border_bottom=&#8221;&#8221; rt_border_left=&#8221;&#8221; rt_border_right=&#8221;&#8221; rt_border_top_mobile=&#8221;&#8221; rt_border_bottom_mobile=&#8221;&#8221; rt_border_left_mobile=&#8221;&#8221; rt_border_right_mobile=&#8221;&#8221; rt_bg_image_repeat=&#8221;repeat&#8221; rt_bg_size=&#8221;auto auto&#8221; rt_bg_position=&#8221;right top&#8221; rt_bg_attachment=&#8221;scroll&#8221;][vc_wp_custommenu nav_menu=&#8221;71&#8243; el_class=&#8221;rt-top-bar fullwidth&#8221;][vc_message icon_fontawesome=&#8221;fa fa-calendar&#8221; css=&#8221;.vc_custom_1663584679906{margin-right: 80px !important;margin-left: 80px !important;}&#8221;]Data : 16\/09\/2022 (6\u00aa feira) Local: Audit\u00f3rio \u201cProf. S\u00e9rgio Mascarenhas\u201d do IFSC\/USP Hor\u00e1rio: 15h [&hellip;]<\/p>\n","protected":false},"author":1,"featured_media":0,"parent":0,"menu_order":0,"comment_status":"closed","ping_status":"closed","template":"","meta":{"footnotes":""},"class_list":["post-9760","page","type-page","status-publish","hentry"],"_links":{"self":[{"href":"https:\/\/www.ifsc.usp.br\/eventos\/wp-json\/wp\/v2\/pages\/9760","targetHints":{"allow":["GET"]}}],"collection":[{"href":"https:\/\/www.ifsc.usp.br\/eventos\/wp-json\/wp\/v2\/pages"}],"about":[{"href":"https:\/\/www.ifsc.usp.br\/eventos\/wp-json\/wp\/v2\/types\/page"}],"author":[{"embeddable":true,"href":"https:\/\/www.ifsc.usp.br\/eventos\/wp-json\/wp\/v2\/users\/1"}],"replies":[{"embeddable":true,"href":"https:\/\/www.ifsc.usp.br\/eventos\/wp-json\/wp\/v2\/comments?post=9760"}],"version-history":[{"count":18,"href":"https:\/\/www.ifsc.usp.br\/eventos\/wp-json\/wp\/v2\/pages\/9760\/revisions"}],"predecessor-version":[{"id":9856,"href":"https:\/\/www.ifsc.usp.br\/eventos\/wp-json\/wp\/v2\/pages\/9760\/revisions\/9856"}],"wp:attachment":[{"href":"https:\/\/www.ifsc.usp.br\/eventos\/wp-json\/wp\/v2\/media?parent=9760"}],"curies":[{"name":"wp","href":"https:\/\/api.w.org\/{rel}","templated":true}]}}