{"id":9766,"date":"2022-08-09T11:06:45","date_gmt":"2022-08-09T14:06:45","guid":{"rendered":"https:\/\/www.ifsc.usp.br\/eventos\/?page_id=9766"},"modified":"2022-08-11T10:12:54","modified_gmt":"2022-08-11T13:12:54","slug":"ypm91-confraternizacao","status":"publish","type":"page","link":"https:\/\/www.ifsc.usp.br\/eventos\/ypm91-confraternizacao\/","title":{"rendered":"Confraterniza\u00e7\u00e3o &#8211; Simp\u00f3sio em celebra\u00e7\u00e3o aos &#8220;91 anos da Prof\u00aa Yvonne Primerano Mascarenhas&#8221;"},"content":{"rendered":"<p>[vc_row rt_row_background_width=&#8221;fullwidth&#8221; rt_row_content_width=&#8221;fullwidth&#8221; rt_row_style=&#8221;default-style&#8221; rt_row_borders=&#8221;&#8221; rt_row_paddings=&#8221;true&#8221; rt_bg_effect=&#8221;classic&#8221; rt_bg_image_repeat=&#8221;repeat&#8221; rt_bg_size=&#8221;cover&#8221; rt_bg_position=&#8221;right top&#8221; rt_bg_attachment=&#8221;scroll&#8221; rt_bg_video_format=&#8221;self-hosted&#8221; rt_padding_top=&#8221;2&#8243; rt_padding_bottom=&#8221;0&#8243; rt_padding_left=&#8221;0&#8243; rt_padding_right=&#8221;0&#8243;][vc_column rt_wrp_col_paddings=&#8221;false&#8221; rt_border_top=&#8221;&#8221; rt_border_bottom=&#8221;&#8221; rt_border_left=&#8221;&#8221; rt_border_right=&#8221;&#8221; rt_border_top_mobile=&#8221;&#8221; rt_border_bottom_mobile=&#8221;&#8221; rt_border_left_mobile=&#8221;&#8221; rt_border_right_mobile=&#8221;&#8221; rt_bg_image_repeat=&#8221;repeat&#8221; rt_bg_size=&#8221;auto auto&#8221; rt_bg_position=&#8221;right top&#8221; rt_bg_attachment=&#8221;scroll&#8221;][vc_wp_custommenu nav_menu=&#8221;71&#8243; el_class=&#8221;rt-top-bar fullwidth&#8221;][vc_message icon_fontawesome=&#8221;fa fa-cutlery&#8221; css=&#8221;.vc_custom_1660057055618{margin-right: 80px !important;margin-left: 80px !important;}&#8221;]<strong>Recep\u00e7\u00e3o por ADES\u00c3O<\/strong><\/p>\n<p>Restaurante BARONE<br \/>\nRua Dr. Carlos Botelho , 1671 \u2013 Centro, S\u00e3o Carlos\/SP<br \/>\na partir das 18h (hor\u00e1rio especial)<\/p>\n<p>Card\u00e1pio \u2013 menu \u00e0 la carte.<\/p>\n<p>Carta de vinhos.<\/p>\n<p><a href=\"https:\/\/www.google.com\/maps\/place\/Restaurante+BARONE\/@-22.0112575,-47.8965281,17z\/data=!3m1!4b1!4m5!3m4!1s0x94b877322a5f5d67:0x72971123f13ea8cd!8m2!3d-22.0113489!4d-47.8943388\" target=\"_blank\" rel=\"noopener\">Localiza\u00e7\u00e3o Maps Google<\/a>.[\/vc_message][\/vc_column][\/vc_row]<\/p>\n","protected":false},"excerpt":{"rendered":"<p>[vc_row rt_row_background_width=&#8221;fullwidth&#8221; rt_row_content_width=&#8221;fullwidth&#8221; rt_row_style=&#8221;default-style&#8221; rt_row_borders=&#8221;&#8221; rt_row_paddings=&#8221;true&#8221; rt_bg_effect=&#8221;classic&#8221; rt_bg_image_repeat=&#8221;repeat&#8221; rt_bg_size=&#8221;cover&#8221; rt_bg_position=&#8221;right top&#8221; rt_bg_attachment=&#8221;scroll&#8221; rt_bg_video_format=&#8221;self-hosted&#8221; rt_padding_top=&#8221;2&#8243; rt_padding_bottom=&#8221;0&#8243; rt_padding_left=&#8221;0&#8243; rt_padding_right=&#8221;0&#8243;][vc_column rt_wrp_col_paddings=&#8221;false&#8221; rt_border_top=&#8221;&#8221; rt_border_bottom=&#8221;&#8221; rt_border_left=&#8221;&#8221; rt_border_right=&#8221;&#8221; rt_border_top_mobile=&#8221;&#8221; rt_border_bottom_mobile=&#8221;&#8221; rt_border_left_mobile=&#8221;&#8221; rt_border_right_mobile=&#8221;&#8221; rt_bg_image_repeat=&#8221;repeat&#8221; rt_bg_size=&#8221;auto auto&#8221; rt_bg_position=&#8221;right top&#8221; rt_bg_attachment=&#8221;scroll&#8221;][vc_wp_custommenu nav_menu=&#8221;71&#8243; el_class=&#8221;rt-top-bar fullwidth&#8221;][vc_message icon_fontawesome=&#8221;fa fa-cutlery&#8221; css=&#8221;.vc_custom_1660057055618{margin-right: 80px !important;margin-left: 80px !important;}&#8221;]Recep\u00e7\u00e3o por ADES\u00c3O Restaurante BARONE Rua Dr. Carlos Botelho , 1671 \u2013 Centro, S\u00e3o [&hellip;]<\/p>\n","protected":false},"author":1,"featured_media":0,"parent":0,"menu_order":0,"comment_status":"closed","ping_status":"closed","template":"","meta":{"footnotes":""},"class_list":["post-9766","page","type-page","status-publish","hentry"],"_links":{"self":[{"href":"https:\/\/www.ifsc.usp.br\/eventos\/wp-json\/wp\/v2\/pages\/9766","targetHints":{"allow":["GET"]}}],"collection":[{"href":"https:\/\/www.ifsc.usp.br\/eventos\/wp-json\/wp\/v2\/pages"}],"about":[{"href":"https:\/\/www.ifsc.usp.br\/eventos\/wp-json\/wp\/v2\/types\/page"}],"author":[{"embeddable":true,"href":"https:\/\/www.ifsc.usp.br\/eventos\/wp-json\/wp\/v2\/users\/1"}],"replies":[{"embeddable":true,"href":"https:\/\/www.ifsc.usp.br\/eventos\/wp-json\/wp\/v2\/comments?post=9766"}],"version-history":[{"count":4,"href":"https:\/\/www.ifsc.usp.br\/eventos\/wp-json\/wp\/v2\/pages\/9766\/revisions"}],"predecessor-version":[{"id":9815,"href":"https:\/\/www.ifsc.usp.br\/eventos\/wp-json\/wp\/v2\/pages\/9766\/revisions\/9815"}],"wp:attachment":[{"href":"https:\/\/www.ifsc.usp.br\/eventos\/wp-json\/wp\/v2\/media?parent=9766"}],"curies":[{"name":"wp","href":"https:\/\/api.w.org\/{rel}","templated":true}]}}