{"id":9770,"date":"2022-08-09T11:08:48","date_gmt":"2022-08-09T14:08:48","guid":{"rendered":"https:\/\/www.ifsc.usp.br\/eventos\/?page_id=9770"},"modified":"2022-10-25T16:35:52","modified_gmt":"2022-10-25T19:35:52","slug":"ypm91-galeria","status":"publish","type":"page","link":"https:\/\/www.ifsc.usp.br\/eventos\/ypm91-galeria\/","title":{"rendered":"Galeria &#8211; Simp\u00f3sio em celebra\u00e7\u00e3o aos &#8220;91 anos da Prof\u00aa Yvonne Primerano Mascarenhas&#8221;"},"content":{"rendered":"<p>[vc_row rt_row_background_width=&#8221;fullwidth&#8221; rt_row_content_width=&#8221;fullwidth&#8221; rt_row_style=&#8221;default-style&#8221; rt_row_borders=&#8221;&#8221; rt_row_paddings=&#8221;true&#8221; rt_bg_effect=&#8221;classic&#8221; rt_bg_image_repeat=&#8221;repeat&#8221; rt_bg_size=&#8221;cover&#8221; rt_bg_position=&#8221;right top&#8221; rt_bg_attachment=&#8221;scroll&#8221; rt_bg_video_format=&#8221;self-hosted&#8221; rt_padding_top=&#8221;2&#8243; rt_padding_bottom=&#8221;0&#8243; rt_padding_left=&#8221;0&#8243; rt_padding_right=&#8221;0&#8243;][vc_column rt_wrp_col_paddings=&#8221;false&#8221; rt_border_top=&#8221;&#8221; rt_border_bottom=&#8221;&#8221; rt_border_left=&#8221;&#8221; rt_border_right=&#8221;&#8221; rt_border_top_mobile=&#8221;&#8221; rt_border_bottom_mobile=&#8221;&#8221; rt_border_left_mobile=&#8221;&#8221; rt_border_right_mobile=&#8221;&#8221; rt_bg_image_repeat=&#8221;repeat&#8221; rt_bg_size=&#8221;auto auto&#8221; rt_bg_position=&#8221;right top&#8221; rt_bg_attachment=&#8221;scroll&#8221;][vc_wp_custommenu nav_menu=&#8221;71&#8243; el_class=&#8221;rt-top-bar fullwidth&#8221;][vc_gallery type=&#8221;image_grid&#8221; images=&#8221;9964,9962,9961,9963,9960,9959,9958,9957,9956,9954,9955,9953,9952,9951,9950,9949,9948,9947,9945,9946,9944,9943,9942,9941,9938,9939,9940,9936,9937,9934,9935,9932,9933,9929,9930,9931,9927,9928,9926,9925,9923,9922,9924,9920,9921,9918,9919,9917,9916,9915,9914,9913,9912,9911,9910,9909,9907,9908,9906,9905,9904,9903,9902,9901,9900,9899,9898,9897,9896,9895,9894,9893,9892,9891,9890,9889,9888,9887,9886,9885,9884,9883,9882,9881,9880,9879,9878,9877,9876,9875,9874,9873,9872&#8243; title=&#8221;Galeria de Fotos&#8221; css=&#8221;.vc_custom_1666726532866{margin-right: 100px !important;margin-left: 100px !important;}&#8221;][\/vc_column][\/vc_row]<\/p>\n","protected":false},"excerpt":{"rendered":"<p>[vc_row rt_row_background_width=&#8221;fullwidth&#8221; rt_row_content_width=&#8221;fullwidth&#8221; rt_row_style=&#8221;default-style&#8221; rt_row_borders=&#8221;&#8221; rt_row_paddings=&#8221;true&#8221; rt_bg_effect=&#8221;classic&#8221; rt_bg_image_repeat=&#8221;repeat&#8221; rt_bg_size=&#8221;cover&#8221; rt_bg_position=&#8221;right top&#8221; rt_bg_attachment=&#8221;scroll&#8221; rt_bg_video_format=&#8221;self-hosted&#8221; rt_padding_top=&#8221;2&#8243; rt_padding_bottom=&#8221;0&#8243; rt_padding_left=&#8221;0&#8243; rt_padding_right=&#8221;0&#8243;][vc_column rt_wrp_col_paddings=&#8221;false&#8221; rt_border_top=&#8221;&#8221; rt_border_bottom=&#8221;&#8221; rt_border_left=&#8221;&#8221; rt_border_right=&#8221;&#8221; rt_border_top_mobile=&#8221;&#8221; rt_border_bottom_mobile=&#8221;&#8221; rt_border_left_mobile=&#8221;&#8221; rt_border_right_mobile=&#8221;&#8221; rt_bg_image_repeat=&#8221;repeat&#8221; rt_bg_size=&#8221;auto auto&#8221; rt_bg_position=&#8221;right top&#8221; rt_bg_attachment=&#8221;scroll&#8221;][vc_wp_custommenu nav_menu=&#8221;71&#8243; el_class=&#8221;rt-top-bar fullwidth&#8221;][vc_gallery type=&#8221;image_grid&#8221; images=&#8221;9964,9962,9961,9963,9960,9959,9958,9957,9956,9954,9955,9953,9952,9951,9950,9949,9948,9947,9945,9946,9944,9943,9942,9941,9938,9939,9940,9936,9937,9934,9935,9932,9933,9929,9930,9931,9927,9928,9926,9925,9923,9922,9924,9920,9921,9918,9919,9917,9916,9915,9914,9913,9912,9911,9910,9909,9907,9908,9906,9905,9904,9903,9902,9901,9900,9899,9898,9897,9896,9895,9894,9893,9892,9891,9890,9889,9888,9887,9886,9885,9884,9883,9882,9881,9880,9879,9878,9877,9876,9875,9874,9873,9872&#8243; title=&#8221;Galeria de Fotos&#8221; css=&#8221;.vc_custom_1666726532866{margin-right: 100px !important;margin-left: 100px !important;}&#8221;][\/vc_column][\/vc_row]<\/p>\n","protected":false},"author":1,"featured_media":0,"parent":0,"menu_order":0,"comment_status":"closed","ping_status":"closed","template":"","meta":{"footnotes":""},"class_list":["post-9770","page","type-page","status-publish","hentry"],"_links":{"self":[{"href":"https:\/\/www.ifsc.usp.br\/eventos\/wp-json\/wp\/v2\/pages\/9770","targetHints":{"allow":["GET"]}}],"collection":[{"href":"https:\/\/www.ifsc.usp.br\/eventos\/wp-json\/wp\/v2\/pages"}],"about":[{"href":"https:\/\/www.ifsc.usp.br\/eventos\/wp-json\/wp\/v2\/types\/page"}],"author":[{"embeddable":true,"href":"https:\/\/www.ifsc.usp.br\/eventos\/wp-json\/wp\/v2\/users\/1"}],"replies":[{"embeddable":true,"href":"https:\/\/www.ifsc.usp.br\/eventos\/wp-json\/wp\/v2\/comments?post=9770"}],"version-history":[{"count":17,"href":"https:\/\/www.ifsc.usp.br\/eventos\/wp-json\/wp\/v2\/pages\/9770\/revisions"}],"predecessor-version":[{"id":9974,"href":"https:\/\/www.ifsc.usp.br\/eventos\/wp-json\/wp\/v2\/pages\/9770\/revisions\/9974"}],"wp:attachment":[{"href":"https:\/\/www.ifsc.usp.br\/eventos\/wp-json\/wp\/v2\/media?parent=9770"}],"curies":[{"name":"wp","href":"https:\/\/api.w.org\/{rel}","templated":true}]}}