{"id":8264,"date":"2017-06-07T10:35:58","date_gmt":"2017-06-07T13:35:58","guid":{"rendered":"http:\/\/www.ifsc.usp.br\/~lavfis\/lavfiswp\/?page_id=8264"},"modified":"2024-09-14T10:22:18","modified_gmt":"2024-09-14T13:22:18","slug":"historico","status":"publish","type":"page","link":"https:\/\/www.ifsc.usp.br\/lavfis\/historico\/","title":{"rendered":"Hist\u00f3rico"},"content":{"rendered":"<p>[vc_row rt_row_background_width=&#8221;default&#8221; rt_row_style=&#8221;default-style&#8221; rt_row_borders=&#8221;&#8221; rt_row_paddings=&#8221;true&#8221; rt_bg_effect=&#8221;classic&#8221; rt_bg_image_repeat=&#8221;repeat&#8221; rt_bg_size=&#8221;cover&#8221; rt_bg_position=&#8221;right top&#8221; rt_bg_attachment=&#8221;scroll&#8221; rt_bg_video_format=&#8221;self-hosted&#8221;][vc_column rt_wrp_col_paddings=&#8221;false&#8221; rt_border_top=&#8221;&#8221; rt_border_bottom=&#8221;&#8221; rt_border_left=&#8221;&#8221; rt_border_right=&#8221;&#8221; rt_border_top_mobile=&#8221;&#8221; rt_border_bottom_mobile=&#8221;&#8221; rt_border_left_mobile=&#8221;&#8221; rt_border_right_mobile=&#8221;&#8221; rt_bg_image_repeat=&#8221;repeat&#8221; rt_bg_size=&#8221;auto auto&#8221; rt_bg_position=&#8221;right top&#8221; rt_bg_attachment=&#8221;scroll&#8221;][vc_column_text]<\/p>\n<div class=\"art-PostContent\">\n<div class=\"item-page\">Durante os primeiros anos da cria\u00e7\u00e3o do curso de Bacharelado de F\u00edsica, na d\u00e9cada de 1970, o atual Laborat\u00f3rio Avan\u00e7ado de F\u00edsica (LAvFis) era oferecido como disciplina de Laborat\u00f3rio de F\u00edsica Moderna. Ap\u00f3s alguns anos passou a ter o nome\u00a0 de Laborat\u00f3rio de Estrutura da Mat\u00e9ria. O LAvFis chegou a ser oferecido em 4 semestres, mas com as reformas curriculares, o atual LAvFis \u00e9 oferecido em 2 semestres.<\/div>\n<div><\/div>\n<div><\/div>\n<div class=\"item-page\">As pr\u00e1ticas desenvolvidas para o LAvFis foram propostas n\u00e3o somente tomando em considera\u00e7\u00e3o os conte\u00fados de Estrutura da Mat\u00e9ria e de F\u00edsica Moderna mas, tamb\u00e9m, aspectos de outras \u00e1reas como: F\u00edsica do Estado S\u00f3lido (Semicondutores), \u00d3ptica, Espectroscopia, Resson\u00e2ncia Magn\u00e9tica, Cristalografia, F\u00edsica Nuclear, dentre outras.Com o passar dos anos e contando com a participa\u00e7\u00e3o de v\u00e1rios professores, monitores e t\u00e9cnicos, foi poss\u00edvel estabelecer um conjunto de pr\u00e1ticas bem como elaborar suas respectivas apostilas &#8211; as quais, ali\u00e1s, est\u00e3o em constante atualiza\u00e7\u00e3o.<\/div>\n<\/div>\n<div><\/div>\n<div><\/div>\n<div><\/div>\n<div><\/div>\n<div><\/div>\n<div class=\"art-PostContent\">\n<div class=\"item-page\"><strong>Contribui\u00e7\u00f5es\u00a0<\/strong>(desde aquela \u00e9poca entre outros professores, t\u00e9cnicos, estudantes e secret\u00e1rias):<\/div>\n<\/div>\n<div><\/div>\n<div><\/div>\n<div><\/div>\n<div><\/div>\n<div><\/div>\n<div><\/div>\n<div><\/div>\n<div class=\"art-PostContent\">\n<div class=\"item-page\"><strong>T\u00e9cnicos:<\/strong> Amauri Gentil, Ercio Santoni, <a href=\"https:\/\/www.youtube.com\/watch?v=hxBG6ft6HCE\">Antenor Fabbri Petrilli Filho<\/a>, <a href=\"https:\/\/www.youtube.com\/watch?v=eNuenu-BE58\">Cl\u00e1udio Boense Bretas<\/a>, <a href=\"https:\/\/www.youtube.com\/watch?v=unyOpjCcV0w\">Marcos Jos\u00e9 Semenzato<\/a>, <a href=\"https:\/\/www.youtube.com\/watch?v=ox0NXD7I4GI\">Leandro de Oliveira<\/a>, Daniele Santini Jacinto.<\/div>\n<\/div>\n<div><\/div>\n<div><\/div>\n<div><\/div>\n<div><\/div>\n<div><\/div>\n<div><\/div>\n<div class=\"art-PostContent\">\n<div class=\"item-page\"><strong>Professores:<\/strong> Heitor Cury Basso, Michel Andr\u00e9 Aegerter, Jos\u00e9 Pedro Donozo Gonzales, Ren\u00e9 Ayres de Carvalho, Robert Lee Zimmerman, Antonio Ricardo Zanatta, Emanuel Alves de Lima Henn, Leonardo De Boni, <a href=\"https:\/\/www.youtube.com\/watch?v=A_8K4cQt6eY\">Francisco Gontijo Guimar\u00e3es<\/a>, Claudio Jos\u00e9 Magon, <a href=\"https:\/\/www.youtube.com\/watch?v=FctGQ53zFAo\">Luiz Ant\u00f4nio de Oliveira Nunes<\/a>, <a href=\"https:\/\/www.youtube.com\/watch?v=_s0iwqO7hIA\">Sebasti\u00e3o Pratavieira<\/a>.<\/div>\n<div><\/div>\n<div class=\"item-page\"><\/div>\n<\/div>\n<p>&nbsp;<\/p>\n<p>&nbsp;<\/p>\n<p>&nbsp;<\/p>\n<p><a href=\"https:\/\/www2.ifsc.usp.br\/portal-ifsc\/uma-referencia-mundial-de-ensino-dentro-do-ifsc-usp\/\">Uma refer\u00eancia mundial de ensino dentro do Instituto de F\u00edsica de S\u00e3o Carlos<\/a><\/p>\n<p>&nbsp;<\/p>\n<p>Homenagem feita ao Prof. M\u00e1ximo Siu Li em 2022:<\/p>\n<p><a href=\"https:\/\/www2.ifsc.usp.br\/portal-ifsc\/ifsc-usp-homenageia-o-prof-maximo-siu-li-laboratorio-avancado-de-fisica-fica-com-o-nome-do-docente\/\">IFSC\/USP homenageia o Prof. M\u00e1ximo Siu Li: \u201cLaborat\u00f3rio Avan\u00e7ado de F\u00edsica\u201d com o nome do docente<\/a><\/p>\n<div class=\"art-PostContent\">\n<p><a href=\"https:\/\/www2.ifsc.usp.br\/portal-ifsc\/laboratorio-avancado-de-fisica-na-usp-de-sao-carlos-prof-maximo-siu-li-uma-homenagem-merecida\/\">\u201cLaborat\u00f3rio Avan\u00e7ado de F\u00edsica\u201d na USP de S\u00e3o Carlos \u2013 Prof. M\u00e1ximo Siu Li: uma homenagem merecida<\/a><\/p>\n<p><a href=\"https:\/\/www.youtube.com\/watch?v=dK1npH9IMMo\">Homenagem<\/a><\/p>\n<\/div>\n<p>&nbsp;<\/p>\n<p><a href=\"https:\/\/www.ifsc.usp.br\/lavfis\/wp-content\/uploads\/2024\/04\/Realidade_Ano33_N3_Dez1968_pp202_216.pdf\">Revista Realidade 1968 &#8220;Eles n\u00e3o est\u00e3o brincando&#8221;<\/a><\/p>\n<p><a href=\"https:\/\/www.ifsc.usp.br\/lavfis\/wp-content\/uploads\/2024\/04\/Realidade_Ano08_N90_SET1973_pp22_34.pdf\">Revista Realidade 1973 &#8220;Os Cientistas de S\u00e3o Carlos&#8221;<\/a>[\/vc_column_text][\/vc_column][\/vc_row]<\/p>\n","protected":false},"excerpt":{"rendered":"<p>[vc_row rt_row_background_width=&#8221;default&#8221; rt_row_style=&#8221;default-style&#8221; rt_row_borders=&#8221;&#8221; rt_row_paddings=&#8221;true&#8221; rt_bg_effect=&#8221;classic&#8221; rt_bg_image_repeat=&#8221;repeat&#8221; rt_bg_size=&#8221;cover&#8221; rt_bg_position=&#8221;right top&#8221; rt_bg_attachment=&#8221;scroll&#8221; rt_bg_video_format=&#8221;self-hosted&#8221;][vc_column rt_wrp_col_paddings=&#8221;false&#8221; rt_border_top=&#8221;&#8221; rt_border_bottom=&#8221;&#8221; rt_border_left=&#8221;&#8221; rt_border_right=&#8221;&#8221; rt_border_top_mobile=&#8221;&#8221; rt_border_bottom_mobile=&#8221;&#8221; rt_border_left_mobile=&#8221;&#8221; rt_border_right_mobile=&#8221;&#8221; rt_bg_image_repeat=&#8221;repeat&#8221; rt_bg_size=&#8221;auto auto&#8221; rt_bg_position=&#8221;right top&#8221; rt_bg_attachment=&#8221;scroll&#8221;][vc_column_text] Durante os primeiros anos da cria\u00e7\u00e3o do curso de Bacharelado de F\u00edsica, na d\u00e9cada de 1970, o atual Laborat\u00f3rio Avan\u00e7ado de F\u00edsica (LAvFis) era oferecido como disciplina de [&hellip;]<\/p>\n","protected":false},"author":2,"featured_media":0,"parent":0,"menu_order":0,"comment_status":"closed","ping_status":"closed","template":"","meta":{"footnotes":""},"class_list":["post-8264","page","type-page","status-publish","hentry"],"_links":{"self":[{"href":"https:\/\/www.ifsc.usp.br\/lavfis\/wp-json\/wp\/v2\/pages\/8264","targetHints":{"allow":["GET"]}}],"collection":[{"href":"https:\/\/www.ifsc.usp.br\/lavfis\/wp-json\/wp\/v2\/pages"}],"about":[{"href":"https:\/\/www.ifsc.usp.br\/lavfis\/wp-json\/wp\/v2\/types\/page"}],"author":[{"embeddable":true,"href":"https:\/\/www.ifsc.usp.br\/lavfis\/wp-json\/wp\/v2\/users\/2"}],"replies":[{"embeddable":true,"href":"https:\/\/www.ifsc.usp.br\/lavfis\/wp-json\/wp\/v2\/comments?post=8264"}],"version-history":[{"count":21,"href":"https:\/\/www.ifsc.usp.br\/lavfis\/wp-json\/wp\/v2\/pages\/8264\/revisions"}],"predecessor-version":[{"id":10315,"href":"https:\/\/www.ifsc.usp.br\/lavfis\/wp-json\/wp\/v2\/pages\/8264\/revisions\/10315"}],"wp:attachment":[{"href":"https:\/\/www.ifsc.usp.br\/lavfis\/wp-json\/wp\/v2\/media?parent=8264"}],"curies":[{"name":"wp","href":"https:\/\/api.w.org\/{rel}","templated":true}]}}