{"id":8285,"date":"2017-06-07T11:23:33","date_gmt":"2017-06-07T14:23:33","guid":{"rendered":"http:\/\/www.ifsc.usp.br\/~lavfis\/lavfiswp\/?page_id=8285"},"modified":"2024-09-14T10:24:25","modified_gmt":"2024-09-14T13:24:25","slug":"links-uteis","status":"publish","type":"page","link":"https:\/\/www.ifsc.usp.br\/lavfis\/links-uteis\/","title":{"rendered":"Links \u00fateis"},"content":{"rendered":"<p>[vc_row rt_row_background_width=&#8221;default&#8221; rt_row_style=&#8221;default-style&#8221; rt_row_borders=&#8221;&#8221; rt_row_paddings=&#8221;true&#8221; rt_bg_effect=&#8221;classic&#8221; rt_bg_image_repeat=&#8221;repeat&#8221; rt_bg_size=&#8221;cover&#8221; rt_bg_position=&#8221;right top&#8221; rt_bg_attachment=&#8221;scroll&#8221; rt_bg_video_format=&#8221;self-hosted&#8221;][vc_column rt_wrp_col_paddings=&#8221;false&#8221; rt_border_top=&#8221;&#8221; rt_border_bottom=&#8221;&#8221; rt_border_left=&#8221;&#8221; rt_border_right=&#8221;&#8221; rt_border_top_mobile=&#8221;&#8221; rt_border_bottom_mobile=&#8221;&#8221; rt_border_left_mobile=&#8221;&#8221; rt_border_right_mobile=&#8221;&#8221; rt_bg_image_repeat=&#8221;repeat&#8221; rt_bg_size=&#8221;auto auto&#8221; rt_bg_position=&#8221;right top&#8221; rt_bg_attachment=&#8221;scroll&#8221;][vc_column_text]<\/p>\n<div class=\"art-contentLayout\">\n<div class=\"art-content\">\n<div class=\"art-Post\">\n<div class=\"art-Post-body\">\n<div class=\"art-Post-inner\">\n<div class=\"art-PostContent\">\n<div class=\"item-page\">\n<p><a href=\"https:\/\/www.ifsc.usp.br\/lavfis\/wp-content\/uploads\/2024\/08\/Traditions-templates-and-group-leaders-barriers-to-effective-communication_Jean-luc.pdf\">Effective communication<\/a><\/p>\n<p>&nbsp;<\/p>\n<p><a href=\"http:\/\/web.mit.edu\/8.1\">http:\/\/web.mit.edu\/8.1<\/a><\/p>\n<p><a href=\"http:\/\/web.mit.edu\/8.13\/WWW\/index.html\">3\/WWW\/index.html<\/a>\u00a0(pr\u00e1ticas de laborat\u00f3rio)<\/p>\n<p><a href=\"http:\/\/cat.middlebury.edu\/%7EPHManual\/index.shtml\">http:\/\/cat.middlebury.edu\/~PHManual\/index.shtml<\/a>\u00a0(pr\u00e1ticas de laborat\u00f3rio)<\/p>\n<p>&nbsp;<\/p>\n<p><strong>Constantes F\u00edsicas<\/strong><\/p>\n<p><a href=\"http:\/\/www.chemie.fu-berlin.de\/chemistry\/general\/constants_en.html\">http:\/\/www.chemie.fu-berlin.de\/chemistry\/general\/constants_en.html<\/a>\u00a0(constantes f\u00edsicas)<\/p>\n<p><a href=\"http:\/\/physics.nist.gov\/cuu\/Constants\/\">http:\/\/physics.nist.gov\/cuu\/Constants\/<\/a>\u00a0(constantes f\u00edsicas e sistemas de unidades)<\/p>\n<p>&nbsp;<\/p>\n<p><strong>Tem de tudo<\/strong><\/p>\n<p><a href=\"http:\/\/hyperphysics.phy-astr.gsu.edu\/hbase\/hframe.html\">http:\/\/hyperphysics.phy-astr.gsu.edu\/hbase\/hframe.html<\/a>\u00a0(tem de tudo)<\/p>\n<p><a href=\"http:\/\/www.martindalecenter.com\/\">http:\/\/www.martindalecenter.com\/<\/a>\u00a0(tem de tudo)<\/p>\n<p><a href=\"http:\/\/physicsweb.org\/resources\/home\/\">http:\/\/physicsweb.org\/resources\/home\/<\/a>\u00a0(tem de tudo)<\/p>\n<p><a href=\"http:\/\/hyperphysics.phy-astr.gsu.edu\/hphys.html\">http:\/\/hyperphysics.phy-astr.gsu.edu\/hphys.html<\/a>\u00a0(tem de tudo)<\/p>\n<p>&nbsp;<\/p>\n<p><strong>Sem Coment\u00e1rios<\/strong><\/p>\n<p><a href=\"http:\/\/howthingswork.virginia.edu\/\">http:\/\/howthingswork.virginia.edu\/<\/a>\u00a0(sem coment\u00e1rios)<\/p>\n<p><a href=\"http:\/\/www.howstuffworks.com\/\">http:\/\/www.howstuffworks.com\/<\/a>\u00a0(sem coment\u00e1rios)<\/p>\n<p>&nbsp;<\/p>\n<p><strong>Applets, simuladores de experimentos<\/strong><\/p>\n<p><a href=\"http:\/\/www.walter-fendt.de\/ph11br\/index.html\">http:\/\/www.walter-fendt.de\/ph11br\/index.html<\/a>\u00a0(applets, simuladores de experimentos)<\/p>\n<p><a href=\"http:\/\/webphysics.davidson.edu\/Applets\/Applets.html\">http:\/\/webphysics.davidson.edu\/Applets\/Applets.html<\/a>\u00a0(applets, simuladores de experimentos)<\/p>\n<p><a href=\"http:\/\/www.usafa.af.mil\/dfp\/physics\/webphysics\/Physlet_examples\/newoutline.html\">http:\/\/www.usafa.af.mil\/dfp\/physics\/webphysics\/Physlet_examples\/newoutline.html<\/a>\u00a0(applets, simuladores de experimentos)<\/p>\n<p><a href=\"http:\/\/phywww1.ncssm.edu\/physics\/problems.htm\">http:\/\/phywww1.ncssm.edu\/physics\/problems.htm<\/a>\u00a0(applets, simuladores de experimentos)<\/p>\n<p><a href=\"http:\/\/hyperphysics.phy-astr.gsu.edu\/hbase\/ems1.html#c1\">http:\/\/hyperphysics.phy-astr.gsu.edu\/hbase\/ems1.html#c1<\/a>\u00a0(applet, espectro de radia\u00e7\u00e3o eletromagn\u00e9tica)<\/p>\n<\/div>\n<\/div>\n<\/div>\n<\/div>\n<\/div>\n<\/div>\n<\/div>\n<div class=\"art-Footer\"><\/div>\n<p>[\/vc_column_text][\/vc_column][\/vc_row]<\/p>\n","protected":false},"excerpt":{"rendered":"<p>[vc_row rt_row_background_width=&#8221;default&#8221; rt_row_style=&#8221;default-style&#8221; rt_row_borders=&#8221;&#8221; rt_row_paddings=&#8221;true&#8221; rt_bg_effect=&#8221;classic&#8221; rt_bg_image_repeat=&#8221;repeat&#8221; rt_bg_size=&#8221;cover&#8221; rt_bg_position=&#8221;right top&#8221; rt_bg_attachment=&#8221;scroll&#8221; rt_bg_video_format=&#8221;self-hosted&#8221;][vc_column rt_wrp_col_paddings=&#8221;false&#8221; rt_border_top=&#8221;&#8221; rt_border_bottom=&#8221;&#8221; rt_border_left=&#8221;&#8221; rt_border_right=&#8221;&#8221; rt_border_top_mobile=&#8221;&#8221; rt_border_bottom_mobile=&#8221;&#8221; rt_border_left_mobile=&#8221;&#8221; rt_border_right_mobile=&#8221;&#8221; rt_bg_image_repeat=&#8221;repeat&#8221; rt_bg_size=&#8221;auto auto&#8221; rt_bg_position=&#8221;right top&#8221; rt_bg_attachment=&#8221;scroll&#8221;][vc_column_text] Effective communication &nbsp; http:\/\/web.mit.edu\/8.1 3\/WWW\/index.html\u00a0(pr\u00e1ticas de laborat\u00f3rio) http:\/\/cat.middlebury.edu\/~PHManual\/index.shtml\u00a0(pr\u00e1ticas de laborat\u00f3rio) &nbsp; Constantes F\u00edsicas http:\/\/www.chemie.fu-berlin.de\/chemistry\/general\/constants_en.html\u00a0(constantes f\u00edsicas) http:\/\/physics.nist.gov\/cuu\/Constants\/\u00a0(constantes f\u00edsicas e sistemas de unidades) &nbsp; Tem de tudo http:\/\/hyperphysics.phy-astr.gsu.edu\/hbase\/hframe.html\u00a0(tem de tudo) [&hellip;]<\/p>\n","protected":false},"author":2,"featured_media":0,"parent":0,"menu_order":0,"comment_status":"closed","ping_status":"closed","template":"","meta":{"footnotes":""},"class_list":["post-8285","page","type-page","status-publish","hentry"],"_links":{"self":[{"href":"https:\/\/www.ifsc.usp.br\/lavfis\/wp-json\/wp\/v2\/pages\/8285","targetHints":{"allow":["GET"]}}],"collection":[{"href":"https:\/\/www.ifsc.usp.br\/lavfis\/wp-json\/wp\/v2\/pages"}],"about":[{"href":"https:\/\/www.ifsc.usp.br\/lavfis\/wp-json\/wp\/v2\/types\/page"}],"author":[{"embeddable":true,"href":"https:\/\/www.ifsc.usp.br\/lavfis\/wp-json\/wp\/v2\/users\/2"}],"replies":[{"embeddable":true,"href":"https:\/\/www.ifsc.usp.br\/lavfis\/wp-json\/wp\/v2\/comments?post=8285"}],"version-history":[{"count":3,"href":"https:\/\/www.ifsc.usp.br\/lavfis\/wp-json\/wp\/v2\/pages\/8285\/revisions"}],"predecessor-version":[{"id":10316,"href":"https:\/\/www.ifsc.usp.br\/lavfis\/wp-json\/wp\/v2\/pages\/8285\/revisions\/10316"}],"wp:attachment":[{"href":"https:\/\/www.ifsc.usp.br\/lavfis\/wp-json\/wp\/v2\/media?parent=8285"}],"curies":[{"name":"wp","href":"https:\/\/api.w.org\/{rel}","templated":true}]}}