{"id":8417,"date":"2017-06-07T15:03:17","date_gmt":"2017-06-07T18:03:17","guid":{"rendered":"http:\/\/www.ifsc.usp.br\/~lavfis\/lavfiswp\/?page_id=8417"},"modified":"2025-02-20T15:11:17","modified_gmt":"2025-02-20T18:11:17","slug":"efeito-faraday","status":"publish","type":"page","link":"https:\/\/www.ifsc.usp.br\/lavfis\/efeito-faraday\/","title":{"rendered":"Efeito Faraday"},"content":{"rendered":"<p>[vc_row rt_row_background_width=&#8221;default&#8221; rt_row_style=&#8221;default-style&#8221; rt_row_borders=&#8221;&#8221; rt_row_paddings=&#8221;true&#8221; rt_bg_effect=&#8221;classic&#8221; rt_bg_image_repeat=&#8221;repeat&#8221; rt_bg_size=&#8221;cover&#8221; rt_bg_position=&#8221;right top&#8221; rt_bg_attachment=&#8221;scroll&#8221; rt_bg_video_format=&#8221;self-hosted&#8221;][vc_column rt_wrp_col_paddings=&#8221;false&#8221; rt_border_top=&#8221;&#8221; rt_border_bottom=&#8221;&#8221; rt_border_left=&#8221;&#8221; rt_border_right=&#8221;&#8221; rt_border_top_mobile=&#8221;&#8221; rt_border_bottom_mobile=&#8221;&#8221; rt_border_left_mobile=&#8221;&#8221; rt_border_right_mobile=&#8221;&#8221; rt_bg_image_repeat=&#8221;repeat&#8221; rt_bg_size=&#8221;auto auto&#8221; rt_bg_position=&#8221;right top&#8221; rt_bg_attachment=&#8221;scroll&#8221;][vc_column_text]<a href=\"http:\/\/www.ifsc.usp.br\/lavfis\/wp-content\/uploads\/2017\/06\/EfeitoFaraday.pdf\">Apostila<\/a><\/p>\n<p><a href=\"https:\/\/www.ifsc.usp.br\/lavfis\/wp-content\/uploads\/2024\/12\/Efeito-Faraday-Phywe.pdf\">Efeito Faraday &#8211; Phywe<\/a><\/p>\n<p><a href=\"https:\/\/www.ifsc.usp.br\/lavfis\/wp-content\/uploads\/2024\/12\/Efeito-Faraday-Leybold.pdf\">Efeito Faraday &#8211; Leybold<\/a><\/p>\n<p><a href=\"https:\/\/www.ifsc.usp.br\/lavfis\/wp-content\/uploads\/2024\/12\/The-Faraday-Effect-By-P.-N.-Schatz.pdf\">The Faraday Effect By P. N. Schatz<\/a><\/p>\n<p><a href=\"https:\/\/www.ifsc.usp.br\/lavfis\/wp-content\/uploads\/2024\/12\/Faraday-Effect-by-H.O.-Meyer.pdf\">Faraday Effect by H.O. Meyer<\/a><\/p>\n<p><a href=\"https:\/\/www.ifsc.usp.br\/lavfis\/wp-content\/uploads\/2024\/12\/The-Faraday-Effect-university-guide.pdf\">The Faraday Effect &#8211; university guide<\/a><\/p>\n<p><a href=\"https:\/\/www.jstor.org\/stable\/41133451\">The Faraday Effect and Physical Theory<\/a><\/p>\n<p><a href=\"https:\/\/www.ifsc.usp.br\/lavfis\/wp-content\/uploads\/2023\/07\/Phase-Sensitive-Faraday-Rotation.pdf\">Phase Sensitive Faraday Rotation<\/a><\/p>\n<p><a href=\"http:\/\/www.ifsc.usp.br\/lavfis\/wp-content\/uploads\/2017\/06\/Faraday-rotation-in-the-undergraduate-advanced-laboratory-AJP000542.pdf\">Faraday rotation in the undergraduate advanced laboratory\u00a0(American Journal of Physics)<\/a><\/p>\n<p>&nbsp;<\/p>\n<p>&nbsp;<\/p>\n<p><a href=\"http:\/\/www.ifsc.usp.br\/lavfis\/wp-content\/uploads\/2017\/06\/Refra-Abbe0001.pdf\">Refrat\u00f4metro de Abbe (Manual)<\/a><\/p>\n<p><a href=\"https:\/\/www.ifsc.usp.br\/lavfis\/wp-content\/uploads\/2023\/07\/Refratometria-Abbe-e-Pulfrich.pdf\">Refratometria &#8211; Abbe e Pulfrich<\/a><\/p>\n<p><a href=\"https:\/\/www.ifsc.usp.br\/lavfis\/wp-content\/uploads\/2023\/10\/ABBE-REFRACTOMETER.pdf\">Refratometria &#8211; Abbe<\/a><\/p>\n<p>&nbsp;<\/p>\n<p>&nbsp;<\/p>\n<p>&nbsp;<\/p>\n<p><a href=\"https:\/\/www.ifsc.usp.br\/lavfis\/wp-content\/uploads\/2024\/08\/Faraday-Hoya.pdf\">Glass Faraday Hoya<\/a><\/p>\n<p><a href=\"https:\/\/www.ifsc.usp.br\/lavfis\/wp-content\/uploads\/2024\/08\/Sumita-Optical-Glass.pdf\">Sumita Optical Glass<\/a><\/p>\n<p><a href=\"https:\/\/www.ifsc.usp.br\/lavfis\/wp-content\/uploads\/2024\/08\/Faraday-Schott-nro-9.pdf\">Photoelastic Schott nro 9<\/a><\/p>\n<p><a href=\"https:\/\/www.ifsc.usp.br\/lavfis\/wp-content\/uploads\/2024\/08\/Faraday-Schott-nro-11.pdf\">Faraday Verdet Schott nro 11<\/a><\/p>\n<p><a href=\"https:\/\/www.ifsc.usp.br\/lavfis\/wp-content\/uploads\/2024\/08\/Faraday-Schott-nro-17.pdf\">Faraday Verdet Schott nro 17<\/a><\/p>\n<p>&nbsp;<\/p>\n<p><a href=\"https:\/\/www.sciencedirect.com\/topics\/physics-and-astronomy\/helium-neon-laser\">Helium-Neon Laser<\/a><\/p>\n<p><a href=\"https:\/\/www.youtube.com\/watch?v=92vsl41zNZQ\">Video Aula LASER<\/a><\/p>\n<p>&nbsp;<\/p>\n<p><a href=\"https:\/\/www.youtube.com\/watch?v=fivbot02M54\">Sensor Hall<\/a><\/p>\n<p><a href=\"https:\/\/www.ifsc.usp.br\/lavfis\/wp-content\/uploads\/2023\/10\/Gaussimetro_Gauss-Tesla-Meter.pdf\">Gauss\u00edmetro_Gauss Tesla Meter<\/a><\/p>\n<p>&nbsp;<\/p>\n<p>Coeficientes\u00a0A<sub>i\u00a0<\/sub>e valores de \u00edndices de refra\u00e7\u00e3o para v\u00e1rios comprimentos de onda dos vidros citados na apostila<\/p>\n<p><a href=\"http:\/\/www.ifsc.usp.br\/lavfis\/wp-content\/uploads\/2017\/06\/VidroSchottBK7.pdf\">BK7<\/a> \u00a0 <a href=\"http:\/\/www.ifsc.usp.br\/lavfis\/wp-content\/uploads\/2017\/06\/VidroSchottSF2.pdf\">F2<\/a>\u00a0 \u00a0 <a href=\"http:\/\/www.ifsc.usp.br\/lavfis\/wp-content\/uploads\/2017\/06\/VidroSchottSF1.pdf\">SF1<\/a>\u00a0 \u00a0 <a href=\"http:\/\/www.ifsc.usp.br\/lavfis\/wp-content\/uploads\/2017\/06\/VidroSchottSF2.pdf\">SF2<\/a>\u00a0 \u00a0 <a href=\"http:\/\/www.ifsc.usp.br\/lavfis\/wp-content\/uploads\/2017\/06\/VidroSchottSF5.pdf\">SF5<\/a>\u00a0 \u00a0 <a href=\"http:\/\/www.ifsc.usp.br\/lavfis\/wp-content\/uploads\/2017\/06\/VidroSchottSF6.pdf\">SF6<\/a>\u00a0 \u00a0 <a href=\"http:\/\/www.ifsc.usp.br\/lavfis\/wp-content\/uploads\/2017\/06\/VidroSchottSF57.pdf\">SF57<\/a>\u00a0 \u00a0 <a href=\"http:\/\/www.ifsc.usp.br\/lavfis\/wp-content\/uploads\/2017\/06\/VidroSchottSF58.pdf\">SF58<\/a>\u00a0 \u00a0 <a href=\"http:\/\/www.ifsc.usp.br\/lavfis\/wp-content\/uploads\/2017\/06\/VidroSchottSF59.pdf\">SF59<\/a><\/p>\n<p>&nbsp;<\/p>\n<p>Aplica\u00e7\u00e3o: <a href=\"https:\/\/www.youtube.com\/watch?v=JPKo9nQV1kE\">Faraday Isolator<\/a><\/p>\n<p><a href=\"https:\/\/www.ifsc.usp.br\/lavfis\/wp-content\/uploads\/2023\/10\/Uso-de-amplificadores-sensiveis-a-fase-para-medidas-de-precisao-Obtencao-da-constante-de-Faraday-com-campo-magnetico-alternado-ou-estatico.pdf\">Uso de amplificadores sens\u00edveis \u00e0 fase para medidas de precis\u00e3o Obten\u00e7\u00e3o da constante de Faraday com campo magn\u00e9tico alternado ou est\u00e1tico<\/a><\/p>\n\n\t\t<style type=\"text\/css\">\n\t\t\t#gallery-1 {\n\t\t\t\tmargin: auto;\n\t\t\t}\n\t\t\t#gallery-1 .gallery-item {\n\t\t\t\tfloat: left;\n\t\t\t\tmargin-top: 10px;\n\t\t\t\ttext-align: center;\n\t\t\t\twidth: 20%;\n\t\t\t}\n\t\t\t#gallery-1 img {\n\t\t\t\tborder: 2px solid #cfcfcf;\n\t\t\t}\n\t\t\t#gallery-1 .gallery-caption {\n\t\t\t\tmargin-left: 0;\n\t\t\t}\n\t\t\t\/* see gallery_shortcode() in wp-includes\/media.php *\/\n\t\t<\/style>\n\t\t<div id='gallery-1' class='gallery galleryid-8417 gallery-columns-5 gallery-size-thumbnail'><dl class='gallery-item'>\n\t\t\t<dt class='gallery-icon landscape'>\n\t\t\t\t<a href='https:\/\/www.ifsc.usp.br\/lavfis\/lab-avancado-429\/'><img decoding=\"async\" width=\"150\" height=\"150\" src=\"https:\/\/www.ifsc.usp.br\/lavfis\/wp-content\/uploads\/2023\/05\/lab-avancado-429-150x150.jpg\" class=\"attachment-thumbnail size-thumbnail\" alt=\"\" \/><\/a>\n\t\t\t<\/dt><\/dl><dl class='gallery-item'>\n\t\t\t<dt class='gallery-icon landscape'>\n\t\t\t\t<a href='https:\/\/www.ifsc.usp.br\/lavfis\/lab-avancado-430\/'><img decoding=\"async\" width=\"150\" height=\"150\" src=\"https:\/\/www.ifsc.usp.br\/lavfis\/wp-content\/uploads\/2023\/05\/lab-avancado-430-150x150.jpg\" class=\"attachment-thumbnail size-thumbnail\" alt=\"\" \/><\/a>\n\t\t\t<\/dt><\/dl><dl class='gallery-item'>\n\t\t\t<dt class='gallery-icon landscape'>\n\t\t\t\t<a href='https:\/\/www.ifsc.usp.br\/lavfis\/lab-avancado-431\/'><img decoding=\"async\" width=\"150\" height=\"150\" src=\"https:\/\/www.ifsc.usp.br\/lavfis\/wp-content\/uploads\/2023\/05\/lab-avancado-431-150x150.jpg\" class=\"attachment-thumbnail size-thumbnail\" alt=\"\" \/><\/a>\n\t\t\t<\/dt><\/dl><dl class='gallery-item'>\n\t\t\t<dt class='gallery-icon landscape'>\n\t\t\t\t<a href='https:\/\/www.ifsc.usp.br\/lavfis\/lab-avancado-432\/'><img loading=\"lazy\" decoding=\"async\" width=\"150\" height=\"150\" src=\"https:\/\/www.ifsc.usp.br\/lavfis\/wp-content\/uploads\/2023\/05\/lab-avancado-432-150x150.jpg\" class=\"attachment-thumbnail size-thumbnail\" alt=\"\" \/><\/a>\n\t\t\t<\/dt><\/dl><dl class='gallery-item'>\n\t\t\t<dt class='gallery-icon landscape'>\n\t\t\t\t<a href='https:\/\/www.ifsc.usp.br\/lavfis\/lab-avancado-433\/'><img loading=\"lazy\" decoding=\"async\" width=\"150\" height=\"150\" src=\"https:\/\/www.ifsc.usp.br\/lavfis\/wp-content\/uploads\/2023\/05\/lab-avancado-433-150x150.jpg\" class=\"attachment-thumbnail size-thumbnail\" alt=\"\" \/><\/a>\n\t\t\t<\/dt><\/dl><br style=\"clear: both\" \/><dl class='gallery-item'>\n\t\t\t<dt class='gallery-icon landscape'>\n\t\t\t\t<a href='https:\/\/www.ifsc.usp.br\/lavfis\/lab-avancado-434\/'><img loading=\"lazy\" decoding=\"async\" width=\"150\" height=\"150\" src=\"https:\/\/www.ifsc.usp.br\/lavfis\/wp-content\/uploads\/2023\/05\/lab-avancado-434-150x150.jpg\" class=\"attachment-thumbnail size-thumbnail\" alt=\"\" \/><\/a>\n\t\t\t<\/dt><\/dl><dl class='gallery-item'>\n\t\t\t<dt class='gallery-icon landscape'>\n\t\t\t\t<a href='https:\/\/www.ifsc.usp.br\/lavfis\/lab-avancado-435\/'><img loading=\"lazy\" decoding=\"async\" width=\"150\" height=\"150\" src=\"https:\/\/www.ifsc.usp.br\/lavfis\/wp-content\/uploads\/2023\/05\/lab-avancado-435-150x150.jpg\" class=\"attachment-thumbnail size-thumbnail\" alt=\"\" \/><\/a>\n\t\t\t<\/dt><\/dl><dl class='gallery-item'>\n\t\t\t<dt class='gallery-icon landscape'>\n\t\t\t\t<a href='https:\/\/www.ifsc.usp.br\/lavfis\/lab-avancado-436\/'><img loading=\"lazy\" decoding=\"async\" width=\"150\" height=\"150\" src=\"https:\/\/www.ifsc.usp.br\/lavfis\/wp-content\/uploads\/2023\/05\/lab-avancado-436-150x150.jpg\" class=\"attachment-thumbnail size-thumbnail\" alt=\"\" \/><\/a>\n\t\t\t<\/dt><\/dl><dl class='gallery-item'>\n\t\t\t<dt class='gallery-icon landscape'>\n\t\t\t\t<a href='https:\/\/www.ifsc.usp.br\/lavfis\/lab-avancado-437\/'><img loading=\"lazy\" decoding=\"async\" width=\"150\" height=\"150\" src=\"https:\/\/www.ifsc.usp.br\/lavfis\/wp-content\/uploads\/2023\/05\/lab-avancado-437-150x150.jpg\" class=\"attachment-thumbnail size-thumbnail\" alt=\"\" \/><\/a>\n\t\t\t<\/dt><\/dl><dl class='gallery-item'>\n\t\t\t<dt class='gallery-icon landscape'>\n\t\t\t\t<a href='https:\/\/www.ifsc.usp.br\/lavfis\/lab-avancado-438\/'><img loading=\"lazy\" decoding=\"async\" width=\"150\" height=\"150\" src=\"https:\/\/www.ifsc.usp.br\/lavfis\/wp-content\/uploads\/2023\/05\/lab-avancado-438-150x150.jpg\" class=\"attachment-thumbnail size-thumbnail\" alt=\"\" \/><\/a>\n\t\t\t<\/dt><\/dl><br style=\"clear: both\" \/><dl class='gallery-item'>\n\t\t\t<dt class='gallery-icon landscape'>\n\t\t\t\t<a href='https:\/\/www.ifsc.usp.br\/lavfis\/lab-avancado-439\/'><img loading=\"lazy\" decoding=\"async\" width=\"150\" height=\"150\" src=\"https:\/\/www.ifsc.usp.br\/lavfis\/wp-content\/uploads\/2023\/05\/lab-avancado-439-150x150.jpg\" class=\"attachment-thumbnail size-thumbnail\" alt=\"\" \/><\/a>\n\t\t\t<\/dt><\/dl><dl class='gallery-item'>\n\t\t\t<dt class='gallery-icon landscape'>\n\t\t\t\t<a href='https:\/\/www.ifsc.usp.br\/lavfis\/lab-avancado-440\/'><img loading=\"lazy\" decoding=\"async\" width=\"150\" height=\"150\" src=\"https:\/\/www.ifsc.usp.br\/lavfis\/wp-content\/uploads\/2023\/05\/lab-avancado-440-150x150.jpg\" class=\"attachment-thumbnail size-thumbnail\" alt=\"\" \/><\/a>\n\t\t\t<\/dt><\/dl><dl class='gallery-item'>\n\t\t\t<dt class='gallery-icon landscape'>\n\t\t\t\t<a href='https:\/\/www.ifsc.usp.br\/lavfis\/lab-avancado-441\/'><img loading=\"lazy\" decoding=\"async\" width=\"150\" height=\"150\" src=\"https:\/\/www.ifsc.usp.br\/lavfis\/wp-content\/uploads\/2023\/05\/lab-avancado-441-150x150.jpg\" class=\"attachment-thumbnail size-thumbnail\" alt=\"\" \/><\/a>\n\t\t\t<\/dt><\/dl><dl class='gallery-item'>\n\t\t\t<dt class='gallery-icon landscape'>\n\t\t\t\t<a href='https:\/\/www.ifsc.usp.br\/lavfis\/lab-avancado-442\/'><img loading=\"lazy\" decoding=\"async\" width=\"150\" height=\"150\" src=\"https:\/\/www.ifsc.usp.br\/lavfis\/wp-content\/uploads\/2023\/05\/lab-avancado-442-150x150.jpg\" class=\"attachment-thumbnail size-thumbnail\" alt=\"\" \/><\/a>\n\t\t\t<\/dt><\/dl><dl class='gallery-item'>\n\t\t\t<dt class='gallery-icon portrait'>\n\t\t\t\t<a href='https:\/\/www.ifsc.usp.br\/lavfis\/lab-avancado-443\/'><img loading=\"lazy\" decoding=\"async\" width=\"150\" height=\"150\" src=\"https:\/\/www.ifsc.usp.br\/lavfis\/wp-content\/uploads\/2023\/05\/lab-avancado-443-150x150.jpg\" class=\"attachment-thumbnail size-thumbnail\" alt=\"\" \/><\/a>\n\t\t\t<\/dt><\/dl><br style=\"clear: both\" \/><dl class='gallery-item'>\n\t\t\t<dt class='gallery-icon landscape'>\n\t\t\t\t<a href='https:\/\/www.ifsc.usp.br\/lavfis\/lab-avancado-444\/'><img loading=\"lazy\" decoding=\"async\" width=\"150\" height=\"150\" src=\"https:\/\/www.ifsc.usp.br\/lavfis\/wp-content\/uploads\/2023\/05\/lab-avancado-444-150x150.jpg\" class=\"attachment-thumbnail size-thumbnail\" alt=\"\" \/><\/a>\n\t\t\t<\/dt><\/dl><dl class='gallery-item'>\n\t\t\t<dt class='gallery-icon landscape'>\n\t\t\t\t<a href='https:\/\/www.ifsc.usp.br\/lavfis\/lab-avancado-445\/'><img loading=\"lazy\" decoding=\"async\" width=\"150\" height=\"150\" src=\"https:\/\/www.ifsc.usp.br\/lavfis\/wp-content\/uploads\/2023\/05\/lab-avancado-445-150x150.jpg\" class=\"attachment-thumbnail size-thumbnail\" alt=\"\" \/><\/a>\n\t\t\t<\/dt><\/dl><dl class='gallery-item'>\n\t\t\t<dt class='gallery-icon portrait'>\n\t\t\t\t<a href='https:\/\/www.ifsc.usp.br\/lavfis\/lab-avancado-448\/'><img loading=\"lazy\" decoding=\"async\" width=\"150\" height=\"150\" src=\"https:\/\/www.ifsc.usp.br\/lavfis\/wp-content\/uploads\/2023\/05\/lab-avancado-448-150x150.jpg\" class=\"attachment-thumbnail size-thumbnail\" alt=\"\" \/><\/a>\n\t\t\t<\/dt><\/dl><dl class='gallery-item'>\n\t\t\t<dt class='gallery-icon portrait'>\n\t\t\t\t<a href='https:\/\/www.ifsc.usp.br\/lavfis\/efeito-faraday\/verdet-vs-lamda-2\/'><img loading=\"lazy\" decoding=\"async\" width=\"150\" height=\"150\" src=\"https:\/\/www.ifsc.usp.br\/lavfis\/wp-content\/uploads\/2017\/06\/verdet-vs-lamda-2-150x150.jpg\" class=\"attachment-thumbnail size-thumbnail\" alt=\"\" \/><\/a>\n\t\t\t<\/dt><\/dl><dl class='gallery-item'>\n\t\t\t<dt class='gallery-icon landscape'>\n\t\t\t\t<a href='https:\/\/www.ifsc.usp.br\/lavfis\/efeito-faraday\/verdet-vs-lamda\/'><img loading=\"lazy\" decoding=\"async\" width=\"150\" height=\"150\" src=\"https:\/\/www.ifsc.usp.br\/lavfis\/wp-content\/uploads\/2017\/06\/verdet-vs-lamda-150x150.jpg\" class=\"attachment-thumbnail size-thumbnail\" alt=\"\" \/><\/a>\n\t\t\t<\/dt><\/dl><br style=\"clear: both\" \/><dl class='gallery-item'>\n\t\t\t<dt class='gallery-icon landscape'>\n\t\t\t\t<a href='https:\/\/www.ifsc.usp.br\/lavfis\/efeito-faraday\/verdet-vidros\/'><img loading=\"lazy\" decoding=\"async\" width=\"150\" height=\"150\" src=\"https:\/\/www.ifsc.usp.br\/lavfis\/wp-content\/uploads\/2017\/06\/verdet-vidros-150x150.jpg\" class=\"attachment-thumbnail size-thumbnail\" alt=\"\" \/><\/a>\n\t\t\t<\/dt><\/dl><dl class='gallery-item'>\n\t\t\t<dt class='gallery-icon landscape'>\n\t\t\t\t<a href='https:\/\/www.ifsc.usp.br\/lavfis\/efeito-faraday\/figura11\/'><img loading=\"lazy\" decoding=\"async\" width=\"150\" height=\"150\" src=\"https:\/\/www.ifsc.usp.br\/lavfis\/wp-content\/uploads\/2017\/06\/figura11-150x150.jpg\" class=\"attachment-thumbnail size-thumbnail\" alt=\"\" \/><\/a>\n\t\t\t<\/dt><\/dl><dl class='gallery-item'>\n\t\t\t<dt class='gallery-icon portrait'>\n\t\t\t\t<a href='https:\/\/www.ifsc.usp.br\/lavfis\/efeito-faraday\/figura10\/'><img loading=\"lazy\" decoding=\"async\" width=\"150\" height=\"150\" src=\"https:\/\/www.ifsc.usp.br\/lavfis\/wp-content\/uploads\/2017\/06\/figura10-150x150.jpg\" class=\"attachment-thumbnail size-thumbnail\" alt=\"\" \/><\/a>\n\t\t\t<\/dt><\/dl><dl class='gallery-item'>\n\t\t\t<dt class='gallery-icon landscape'>\n\t\t\t\t<a href='https:\/\/www.ifsc.usp.br\/lavfis\/efeito-faraday\/figura8\/'><img loading=\"lazy\" decoding=\"async\" width=\"150\" height=\"150\" src=\"https:\/\/www.ifsc.usp.br\/lavfis\/wp-content\/uploads\/2017\/06\/figura8-150x150.jpg\" class=\"attachment-thumbnail size-thumbnail\" alt=\"\" \/><\/a>\n\t\t\t<\/dt><\/dl><dl class='gallery-item'>\n\t\t\t<dt class='gallery-icon landscape'>\n\t\t\t\t<a href='https:\/\/www.ifsc.usp.br\/lavfis\/efeito-faraday\/figura7\/'><img loading=\"lazy\" decoding=\"async\" width=\"150\" height=\"150\" src=\"https:\/\/www.ifsc.usp.br\/lavfis\/wp-content\/uploads\/2017\/06\/figura7-150x150.jpg\" class=\"attachment-thumbnail size-thumbnail\" alt=\"\" \/><\/a>\n\t\t\t<\/dt><\/dl><br style=\"clear: both\" \/><dl class='gallery-item'>\n\t\t\t<dt class='gallery-icon landscape'>\n\t\t\t\t<a href='https:\/\/www.ifsc.usp.br\/lavfis\/efeito-faraday\/figura6\/'><img loading=\"lazy\" decoding=\"async\" width=\"150\" height=\"150\" src=\"https:\/\/www.ifsc.usp.br\/lavfis\/wp-content\/uploads\/2017\/06\/figura6-150x150.jpg\" class=\"attachment-thumbnail size-thumbnail\" alt=\"\" \/><\/a>\n\t\t\t<\/dt><\/dl><dl class='gallery-item'>\n\t\t\t<dt class='gallery-icon landscape'>\n\t\t\t\t<a href='https:\/\/www.ifsc.usp.br\/lavfis\/efeito-faraday\/figura5\/'><img loading=\"lazy\" decoding=\"async\" width=\"150\" height=\"150\" src=\"https:\/\/www.ifsc.usp.br\/lavfis\/wp-content\/uploads\/2017\/06\/figura5-150x150.jpg\" class=\"attachment-thumbnail size-thumbnail\" alt=\"\" \/><\/a>\n\t\t\t<\/dt><\/dl><dl class='gallery-item'>\n\t\t\t<dt class='gallery-icon landscape'>\n\t\t\t\t<a href='https:\/\/www.ifsc.usp.br\/lavfis\/efeito-faraday\/figura3\/'><img loading=\"lazy\" decoding=\"async\" width=\"150\" height=\"150\" src=\"https:\/\/www.ifsc.usp.br\/lavfis\/wp-content\/uploads\/2017\/06\/figura3-150x150.jpg\" class=\"attachment-thumbnail size-thumbnail\" alt=\"\" \/><\/a>\n\t\t\t<\/dt><\/dl><dl class='gallery-item'>\n\t\t\t<dt class='gallery-icon landscape'>\n\t\t\t\t<a href='https:\/\/www.ifsc.usp.br\/lavfis\/efeito-faraday\/figura2\/'><img loading=\"lazy\" decoding=\"async\" width=\"150\" height=\"150\" src=\"https:\/\/www.ifsc.usp.br\/lavfis\/wp-content\/uploads\/2017\/06\/figura2-150x150.jpg\" class=\"attachment-thumbnail size-thumbnail\" alt=\"\" \/><\/a>\n\t\t\t<\/dt><\/dl><dl class='gallery-item'>\n\t\t\t<dt class='gallery-icon portrait'>\n\t\t\t\t<a href='https:\/\/www.ifsc.usp.br\/lavfis\/efeito-faraday\/esqeffaraday\/'><img loading=\"lazy\" decoding=\"async\" width=\"150\" height=\"150\" src=\"https:\/\/www.ifsc.usp.br\/lavfis\/wp-content\/uploads\/2017\/06\/esqeffaraday-150x150.jpg\" class=\"attachment-thumbnail size-thumbnail\" alt=\"\" \/><\/a>\n\t\t\t<\/dt><\/dl><br style=\"clear: both\" \/><dl class='gallery-item'>\n\t\t\t<dt class='gallery-icon landscape'>\n\t\t\t\t<a href='https:\/\/www.ifsc.usp.br\/lavfis\/efeito-faraday\/attachment\/1106\/'><img loading=\"lazy\" decoding=\"async\" width=\"150\" height=\"150\" src=\"https:\/\/www.ifsc.usp.br\/lavfis\/wp-content\/uploads\/2017\/06\/1106-150x150.jpg\" class=\"attachment-thumbnail size-thumbnail\" alt=\"\" \/><\/a>\n\t\t\t<\/dt><\/dl><dl class='gallery-item'>\n\t\t\t<dt class='gallery-icon landscape'>\n\t\t\t\t<a href='https:\/\/www.ifsc.usp.br\/lavfis\/efeito-faraday\/attachment\/1105\/'><img loading=\"lazy\" decoding=\"async\" width=\"150\" height=\"150\" src=\"https:\/\/www.ifsc.usp.br\/lavfis\/wp-content\/uploads\/2017\/06\/1105-150x150.jpg\" class=\"attachment-thumbnail size-thumbnail\" alt=\"\" \/><\/a>\n\t\t\t<\/dt><\/dl><dl class='gallery-item'>\n\t\t\t<dt class='gallery-icon landscape'>\n\t\t\t\t<a href='https:\/\/www.ifsc.usp.br\/lavfis\/efeito-faraday\/attachment\/1104\/'><img loading=\"lazy\" decoding=\"async\" width=\"150\" height=\"150\" src=\"https:\/\/www.ifsc.usp.br\/lavfis\/wp-content\/uploads\/2017\/06\/1104-150x150.jpg\" class=\"attachment-thumbnail size-thumbnail\" alt=\"\" \/><\/a>\n\t\t\t<\/dt><\/dl><dl class='gallery-item'>\n\t\t\t<dt class='gallery-icon landscape'>\n\t\t\t\t<a href='https:\/\/www.ifsc.usp.br\/lavfis\/20230719-142039756-ios\/'><img loading=\"lazy\" decoding=\"async\" width=\"150\" height=\"150\" src=\"https:\/\/www.ifsc.usp.br\/lavfis\/wp-content\/uploads\/2023\/08\/20230719-142039756-ios-150x150.jpg\" class=\"attachment-thumbnail size-thumbnail\" alt=\"\" \/><\/a>\n\t\t\t<\/dt><\/dl><dl class='gallery-item'>\n\t\t\t<dt class='gallery-icon '>\n\t\t\t\t<a href='https:\/\/www.ifsc.usp.br\/lavfis\/20230719_142020989_ios\/'><img loading=\"lazy\" decoding=\"async\" width=\"1\" height=\"1\" src=\"https:\/\/www.ifsc.usp.br\/lavfis\/wp-content\/uploads\/2023\/08\/20230719_142020989_iOS.heic\" class=\"attachment-thumbnail size-thumbnail\" alt=\"\" \/><\/a>\n\t\t\t<\/dt><\/dl><br style=\"clear: both\" \/><dl class='gallery-item'>\n\t\t\t<dt class='gallery-icon '>\n\t\t\t\t<a href='https:\/\/www.ifsc.usp.br\/lavfis\/20230719_142016572_ios\/'><img loading=\"lazy\" decoding=\"async\" width=\"1\" height=\"1\" src=\"https:\/\/www.ifsc.usp.br\/lavfis\/wp-content\/uploads\/2023\/08\/20230719_142016572_iOS.heic\" class=\"attachment-thumbnail size-thumbnail\" alt=\"\" \/><\/a>\n\t\t\t<\/dt><\/dl><dl class='gallery-item'>\n\t\t\t<dt class='gallery-icon '>\n\t\t\t\t<a href='https:\/\/www.ifsc.usp.br\/lavfis\/20230719_131100598_ios\/'><img loading=\"lazy\" decoding=\"async\" width=\"1\" height=\"1\" src=\"https:\/\/www.ifsc.usp.br\/lavfis\/wp-content\/uploads\/2023\/08\/20230719_131100598_iOS.heic\" class=\"attachment-thumbnail size-thumbnail\" alt=\"\" \/><\/a>\n\t\t\t<\/dt><\/dl><dl class='gallery-item'>\n\t\t\t<dt class='gallery-icon '>\n\t\t\t\t<a href='https:\/\/www.ifsc.usp.br\/lavfis\/20230719_131042153_ios\/'><img loading=\"lazy\" decoding=\"async\" width=\"1\" height=\"1\" src=\"https:\/\/www.ifsc.usp.br\/lavfis\/wp-content\/uploads\/2023\/08\/20230719_131042153_iOS.heic\" class=\"attachment-thumbnail size-thumbnail\" alt=\"\" \/><\/a>\n\t\t\t<\/dt><\/dl><dl class='gallery-item'>\n\t\t\t<dt class='gallery-icon '>\n\t\t\t\t<a href='https:\/\/www.ifsc.usp.br\/lavfis\/20230719_131040692_ios\/'><img loading=\"lazy\" decoding=\"async\" width=\"1\" height=\"1\" src=\"https:\/\/www.ifsc.usp.br\/lavfis\/wp-content\/uploads\/2023\/08\/20230719_131040692_iOS.heic\" class=\"attachment-thumbnail size-thumbnail\" alt=\"\" \/><\/a>\n\t\t\t<\/dt><\/dl><dl class='gallery-item'>\n\t\t\t<dt class='gallery-icon landscape'>\n\t\t\t\t<a href='https:\/\/www.ifsc.usp.br\/lavfis\/20230719-131025722-ios\/'><img loading=\"lazy\" decoding=\"async\" width=\"150\" height=\"150\" src=\"https:\/\/www.ifsc.usp.br\/lavfis\/wp-content\/uploads\/2023\/08\/20230719-131025722-ios-150x150.jpg\" class=\"attachment-thumbnail size-thumbnail\" alt=\"\" \/><\/a>\n\t\t\t<\/dt><\/dl><br style=\"clear: both\" \/><dl class='gallery-item'>\n\t\t\t<dt class='gallery-icon '>\n\t\t\t\t<a href='https:\/\/www.ifsc.usp.br\/lavfis\/20230719_131021486_ios\/'><img loading=\"lazy\" decoding=\"async\" width=\"1\" height=\"1\" src=\"https:\/\/www.ifsc.usp.br\/lavfis\/wp-content\/uploads\/2023\/08\/20230719_131021486_iOS.heic\" class=\"attachment-thumbnail size-thumbnail\" alt=\"\" \/><\/a>\n\t\t\t<\/dt><\/dl><dl class='gallery-item'>\n\t\t\t<dt class='gallery-icon portrait'>\n\t\t\t\t<a href='https:\/\/www.ifsc.usp.br\/lavfis\/20250220-121230236-ios\/'><img loading=\"lazy\" decoding=\"async\" width=\"150\" height=\"150\" src=\"https:\/\/www.ifsc.usp.br\/lavfis\/wp-content\/uploads\/2025\/02\/20250220-121230236-ios-150x150.jpg\" class=\"attachment-thumbnail size-thumbnail\" alt=\"\" \/><\/a>\n\t\t\t<\/dt><\/dl><dl class='gallery-item'>\n\t\t\t<dt class='gallery-icon portrait'>\n\t\t\t\t<a href='https:\/\/www.ifsc.usp.br\/lavfis\/20250220-121236803-ios\/'><img loading=\"lazy\" decoding=\"async\" width=\"150\" height=\"150\" src=\"https:\/\/www.ifsc.usp.br\/lavfis\/wp-content\/uploads\/2025\/02\/20250220-121236803-ios-150x150.jpg\" class=\"attachment-thumbnail size-thumbnail\" alt=\"\" \/><\/a>\n\t\t\t<\/dt><\/dl><dl class='gallery-item'>\n\t\t\t<dt class='gallery-icon portrait'>\n\t\t\t\t<a href='https:\/\/www.ifsc.usp.br\/lavfis\/20250220-121241540-ios\/'><img loading=\"lazy\" decoding=\"async\" width=\"150\" height=\"150\" src=\"https:\/\/www.ifsc.usp.br\/lavfis\/wp-content\/uploads\/2025\/02\/20250220-121241540-ios-150x150.jpg\" class=\"attachment-thumbnail size-thumbnail\" alt=\"\" \/><\/a>\n\t\t\t<\/dt><\/dl>\n\t\t\t<br style='clear: both' \/>\n\t\t<\/div>\n\n<p>[\/vc_column_text][\/vc_column][\/vc_row]<\/p>\n","protected":false},"excerpt":{"rendered":"<p>[vc_row rt_row_background_width=&#8221;default&#8221; rt_row_style=&#8221;default-style&#8221; rt_row_borders=&#8221;&#8221; rt_row_paddings=&#8221;true&#8221; rt_bg_effect=&#8221;classic&#8221; rt_bg_image_repeat=&#8221;repeat&#8221; rt_bg_size=&#8221;cover&#8221; rt_bg_position=&#8221;right top&#8221; rt_bg_attachment=&#8221;scroll&#8221; rt_bg_video_format=&#8221;self-hosted&#8221;][vc_column rt_wrp_col_paddings=&#8221;false&#8221; rt_border_top=&#8221;&#8221; rt_border_bottom=&#8221;&#8221; rt_border_left=&#8221;&#8221; rt_border_right=&#8221;&#8221; rt_border_top_mobile=&#8221;&#8221; rt_border_bottom_mobile=&#8221;&#8221; rt_border_left_mobile=&#8221;&#8221; rt_border_right_mobile=&#8221;&#8221; rt_bg_image_repeat=&#8221;repeat&#8221; rt_bg_size=&#8221;auto auto&#8221; rt_bg_position=&#8221;right top&#8221; rt_bg_attachment=&#8221;scroll&#8221;][vc_column_text]Apostila Efeito Faraday &#8211; Phywe Efeito Faraday &#8211; Leybold The Faraday Effect By P. N. Schatz Faraday Effect by H.O. Meyer The Faraday Effect &#8211; university guide The Faraday [&hellip;]<\/p>\n","protected":false},"author":2,"featured_media":0,"parent":0,"menu_order":0,"comment_status":"closed","ping_status":"closed","template":"","meta":{"footnotes":""},"class_list":["post-8417","page","type-page","status-publish","hentry"],"_links":{"self":[{"href":"https:\/\/www.ifsc.usp.br\/lavfis\/wp-json\/wp\/v2\/pages\/8417","targetHints":{"allow":["GET"]}}],"collection":[{"href":"https:\/\/www.ifsc.usp.br\/lavfis\/wp-json\/wp\/v2\/pages"}],"about":[{"href":"https:\/\/www.ifsc.usp.br\/lavfis\/wp-json\/wp\/v2\/types\/page"}],"author":[{"embeddable":true,"href":"https:\/\/www.ifsc.usp.br\/lavfis\/wp-json\/wp\/v2\/users\/2"}],"replies":[{"embeddable":true,"href":"https:\/\/www.ifsc.usp.br\/lavfis\/wp-json\/wp\/v2\/comments?post=8417"}],"version-history":[{"count":30,"href":"https:\/\/www.ifsc.usp.br\/lavfis\/wp-json\/wp\/v2\/pages\/8417\/revisions"}],"predecessor-version":[{"id":10746,"href":"https:\/\/www.ifsc.usp.br\/lavfis\/wp-json\/wp\/v2\/pages\/8417\/revisions\/10746"}],"wp:attachment":[{"href":"https:\/\/www.ifsc.usp.br\/lavfis\/wp-json\/wp\/v2\/media?parent=8417"}],"curies":[{"name":"wp","href":"https:\/\/api.w.org\/{rel}","templated":true}]}}