{"id":8861,"date":"2017-06-09T10:31:15","date_gmt":"2017-06-09T13:31:15","guid":{"rendered":"http:\/\/www.ifsc.usp.br\/~lavfis\/lavfiswp\/?page_id=8861"},"modified":"2025-10-09T07:02:12","modified_gmt":"2025-10-09T10:02:12","slug":"fisicanuclear","status":"publish","type":"page","link":"https:\/\/www.ifsc.usp.br\/lavfis\/fisicanuclear\/","title":{"rendered":"F\u00edsica Nuclear &#8211; Espectroscopia Gama e Flutua\u00e7\u00e3o Estat\u00edstica"},"content":{"rendered":"<p>[vc_row rt_row_background_width=&#8221;default&#8221; rt_row_style=&#8221;default-style&#8221; rt_row_borders=&#8221;&#8221; rt_row_paddings=&#8221;true&#8221; rt_bg_effect=&#8221;classic&#8221; rt_bg_image_repeat=&#8221;repeat&#8221; rt_bg_size=&#8221;cover&#8221; rt_bg_position=&#8221;right top&#8221; rt_bg_attachment=&#8221;scroll&#8221; rt_bg_video_format=&#8221;self-hosted&#8221;][vc_column rt_wrp_col_paddings=&#8221;false&#8221; rt_border_top=&#8221;&#8221; rt_border_bottom=&#8221;&#8221; rt_border_left=&#8221;&#8221; rt_border_right=&#8221;&#8221; rt_border_top_mobile=&#8221;&#8221; rt_border_bottom_mobile=&#8221;&#8221; rt_border_left_mobile=&#8221;&#8221; rt_border_right_mobile=&#8221;&#8221; rt_bg_image_repeat=&#8221;repeat&#8221; rt_bg_size=&#8221;auto auto&#8221; rt_bg_position=&#8221;right top&#8221; rt_bg_attachment=&#8221;scroll&#8221;][vc_column_text]<\/p>\n<h3>Conceitos abordados:<\/h3>\n<p>N\u00facleos at\u00f4micos &#8211; protons e neutros (f\u00edsica de part\u00edculas)<\/p>\n<p>Emiss\u00e3o gama em is\u00f3topos radioativos<\/p>\n<p>No\u00e7\u00f5es sobre radia\u00e7\u00e3o gama, fontes e detectores &#8211; Funcionamento detector Geiger e cintiladores<\/p>\n<p>Conhecer diversas fontes radioativas que emitem radia\u00e7\u00e3o gama e obten\u00e7\u00e3o dos respectivos espectros de emiss\u00e3o &#8211; Processos de decaimento nuclear<\/p>\n<p>Conferir resultados dos espectros com o diagrama de energia que cada fonte radioativa oferece<\/p>\n<p>Determinar o tipo de fonte gama de uma amostra desconhecida<\/p>\n<h3>Leitura b\u00e1sica <em><strong>obrigat\u00f3ria<\/strong><\/em> e roteiro sugerido:<\/h3>\n<p><a href=\"https:\/\/www.ifsc.usp.br\/lavfis\/wp-content\/uploads\/2025\/10\/Flutuacao_Estatistica.pdf\">Apostila<\/a><\/p>\n<p><a href=\"http:\/\/www.ifsc.usp.br\/lavfis\/wp-content\/uploads\/2017\/06\/Leybold_Digital_Counter_57548.pdf\">Manual (Fonte de alimenta\u00e7\u00e3o + Contador Leybold 57548)<\/a><\/p>\n<p><a href=\"http:\/\/www.ifsc.usp.br\/lavfis\/wp-content\/uploads\/2017\/06\/GDM-10-1.1-User-eng.pdf\">Users Guide GMD 10 (version 1.1) &#8211; Manual do equipamento<\/a><\/p>\n<p><a href=\"https:\/\/web.pdx.edu\/~pmoeck\/books\/Tipler_Llewellyn.pdf\">Cap. 11 Tipler F\u00edsica Moderna<\/a><\/p>\n<p><a href=\"https:\/\/www.youtube.com\/watch?v=BfWQ87w70nA\">Fotomultiplicadoras<\/a><\/p>\n<h3>Expanda seus conhecimentos &#8211; Leitura complementar e materiais de apoio:<\/h3>\n<p>Radia\u00e7\u00e3o Gama<\/p>\n<p><a href=\"http:\/\/www.ifsc.usp.br\/lavfis\/wp-content\/uploads\/2017\/06\/windas11-v1.2.pdf\">Manual do software<\/a><\/p>\n<p><a href=\"http:\/\/www.ifsc.usp.br\/lavfis\/wp-content\/uploads\/2017\/06\/stud11-v1.2.pdf\"> Student Instructions GDM 10 (version 1.1) &#8211; Roteiro para estudante<\/a><\/p>\n<p><a href=\"https:\/\/www.nndc.bnl.gov\/nudat3\/\">Nuclear structure and decay data interactively<\/a><\/p>\n<p><a href=\"https:\/\/www-nds.iaea.org\/relnsd\/vcharthtml\/VChartHTML.html\">Live Chart of Nuclides<\/a><\/p>\n<p><a href=\"https:\/\/www.andrew.cmu.edu\/user\/bbji\/Desktop\/University%20Physics%20with%20Modern%20Physics%2015th%20Edition%20By%20Hugh%20D.%20Young_compressed.pdf\">Cap. 43 Sears University Physics with Modern Physics<\/a><\/p>\n<p><a href=\"https:\/\/doi.org\/10.1016\/B978-0-7204-0083-0.50007-9\">Interaction of gamma radiation with matter<\/a><\/p>\n<p><a href=\"https:\/\/www.ifsc.usp.br\/lavfis\/wp-content\/uploads\/2024\/09\/Radiation-Detector-GAMMA-SCOUT-Measures-Radioactivity-Easily-and-Reliably.pdf\">Radiation Detector GAMMA-SCOUT Measures Radioactivity Easily and Reliably<\/a><\/p>\n<p><a href=\"https:\/\/www.ifsc.usp.br\/lavfis\/wp-content\/uploads\/2024\/09\/NuclearTeachersGuide-2019.pdf\">Nuclear Science<\/a><\/p>\n<p><a href=\"https:\/\/www.youtube.com\/watch?v=6xZAzKfr3TU\">Detector Geiger<\/a><\/p>\n<p><a href=\"https:\/\/www.ifsc.usp.br\/lavfis\/wp-content\/uploads\/2024\/08\/Interaction-of-Gamma-Quanta-With-Matter.pdf\">Interaction of Gamma Quanta With Matter<\/a><\/p>\n<p><a href=\"https:\/\/www.ifsc.usp.br\/lavfis\/wp-content\/uploads\/2024\/08\/Nuclei-and-Nuclear-Radiations.pdf\">Nuclei and Nuclear Radiations<\/a><\/p>\n<p><a href=\"https:\/\/www.ifsc.usp.br\/lavfis\/wp-content\/uploads\/2024\/08\/Radionuclide-Sources-of-Ionizing-Radiation.pdf\">Radionuclide Sources of Ionizing Radiation<\/a><\/p>\n<p><a href=\"https:\/\/www.ifsc.usp.br\/lavfis\/wp-content\/uploads\/2024\/08\/Luminescence.pdf\">Luminescence<\/a><\/p>\n<p><a href=\"https:\/\/www.ifsc.usp.br\/lavfis\/wp-content\/uploads\/2024\/09\/Catalogo-Fontes-Leybold_Anexo-1.pdf\">Cat\u00e1logo Fontes Leybold_Anexo 1<\/a><\/p>\n<p><a href=\"https:\/\/www.ifsc.usp.br\/lavfis\/wp-content\/uploads\/2024\/09\/Compton-Effect.pdf\">Compton Effect<\/a><\/p>\n<p><a href=\"https:\/\/www.ifsc.usp.br\/lavfis\/wp-content\/uploads\/2025\/04\/Como-Funciona-o-Para-raios-Radioativo_-O-Guia-Completo-Jel-Para-raios.pdf\"> Para-raios Radioativo<\/a><\/p>\n<p><a href=\"https:\/\/www.ifsc.usp.br\/lavfis\/wp-content\/uploads\/2025\/01\/Half-life-and-radioactive-equilibrium-Phywe.pdf\">Half-life-and-radioactive-equilibrium-Phywe<\/a><\/p>\n<p><a href=\"https:\/\/www.ifsc.usp.br\/lavfis\/wp-content\/uploads\/2025\/01\/Law-of-distance-and-absorption-of-gamma-rays-Phywe.pdf\">Law-of-distance-and-absorption-of-gamma-rays-Phywe<\/a><\/p>\n<p><a href=\"https:\/\/www.ifsc.usp.br\/lavfis\/wp-content\/uploads\/2025\/01\/Poissons-distribution-and-Gaussian-distribution-of-radioactive-decay-Phywe.pdf\">Poissons-distribution-and-Gaussian-distribution-of-radioactive-decay-Phywe<\/a><\/p>\n<p><a href=\"https:\/\/www.ifsc.usp.br\/lavfis\/wp-content\/uploads\/2025\/01\/Fine-structure-of-the-a-spectrum-of-241Am-Phywe.pdf\">Fine-structure-of-the-a-spectrum-of-241Am-Phywe<\/a><\/p>\n<p><a href=\"https:\/\/www.ifsc.usp.br\/lavfis\/wp-content\/uploads\/2025\/01\/Study-of-the-a-energies-of-226Ra-Phywe.pdf\">Study-of-the-a-energies-of-226Ra-Phywe<\/a><\/p>\n<p><a href=\"https:\/\/www.ifsc.usp.br\/lavfis\/wp-content\/uploads\/2025\/01\/Energy-loss-of-a-particles-in-gases-Phywe.pdf\">Energy-loss-of-a-particles-in-gases-Phywe<\/a><\/p>\n<p><a href=\"https:\/\/www.ifsc.usp.br\/lavfis\/wp-content\/uploads\/2025\/01\/b-spectroscopy-Phywe.pdf\">b-spectroscopy-Phywe<\/a><\/p>\n<p><a href=\"https:\/\/www.ifsc.usp.br\/lavfis\/wp-content\/uploads\/2024\/09\/Continuously-Sensitive-Cloud-Chamber.pdf\">Continuously Sensitive Cloud Chamber<\/a><\/p>\n<p><a href=\"https:\/\/www.ifsc.usp.br\/lavfis\/wp-content\/uploads\/2024\/09\/Ionization-Chamber.pdf\">Ionization Chamber<\/a><\/p>\n<p><a href=\"https:\/\/www.ifsc.usp.br\/lavfis\/wp-content\/uploads\/2024\/09\/The-Wilson-Cloud-Chamber.pdf\">The Wilson Cloud Chamber<\/a><\/p>\n<p><a href=\"https:\/\/www.symmetrymagazine.org\/article\/january-2015\/how-to-build-your-own-particle-detector?language_content_entity=und\">How to build your own particle detector<\/a><\/p>\n<p><a href=\"https:\/\/www.radiation-dosimetry.org\/what-is-cloud-chamber-definition\/\">What is Cloud Chamber \u2013 Definition<\/a><\/p>\n<p><a href=\"https:\/\/physicsopenlab.org\/2017\/05\/18\/particles-in-the-mist\/\">Particles in the Mist<\/a><\/p>\n<p><a href=\"https:\/\/www.ifsc.usp.br\/lavfis\/wp-content\/uploads\/2025\/04\/detectores-wilson-chamber.pdf\">detectores Wilson chamber<\/a><\/p>\n<p><a href=\"https:\/\/www.ifsc.usp.br\/lavfis\/wp-content\/uploads\/2025\/09\/Cintilador-NaITl-Raio-Gama-e-RaioX-Claudio-Jose-de-Lima.pdf\">Cintilador NaI(Tl) Raio Gama e RaioX &#8211; Claudio Jose de Lima<\/a><\/p>\n<p>Flutua\u00e7\u00e3o Estat\u00edstica<\/p>\n<p><a href=\"http:\/\/www.ifsc.usp.br\/lavfis\/wp-content\/uploads\/2017\/06\/ApFlutEstat.pdf\">Apostila antiga<\/a><\/p>\n<p><a href=\"https:\/\/www.ifsc.usp.br\/lavfis\/wp-content\/uploads\/2024\/09\/Digital-Counter.pdf\">Digital Counter<\/a><\/p>\n<p><a href=\"http:\/\/www.ifsc.usp.br\/lavfis\/wp-content\/uploads\/2017\/06\/Phywe_GM_0902511e.pdf\">Manual (tubo GM)<\/a><\/p>\n<p><a href=\"https:\/\/www.ifsc.usp.br\/lavfis\/wp-content\/uploads\/2024\/09\/Tubo-Contador-Tipo-B.pdf\">Tubo Contador Tipo B<\/a><\/p>\n<p><a href=\"https:\/\/www.ifsc.usp.br\/lavfis\/wp-content\/uploads\/2024\/09\/Radiation-Detector-GAMMA-SCOUT-Measures-Radioactivity-Easily-and-Reliably.pdf\">Radiation Detector GAMMA-SCOUT Measures Radioactivity Easily and Reliably<\/a><\/p>\n<p><a href=\"https:\/\/www.ifsc.usp.br\/lavfis\/wp-content\/uploads\/2024\/09\/NuclearTeachersGuide-2019.pdf\">Nuclear Science<\/a><\/p>\n<p><a href=\"https:\/\/www.ifsc.usp.br\/lavfis\/wp-content\/uploads\/2024\/09\/Counting-Statistics.pdf\">Counting Statistics<\/a><\/p>\n<p><a href=\"https:\/\/www.ifsc.usp.br\/lavfis\/wp-content\/uploads\/2024\/09\/Decaimento-Radiotivo-e-Estatistica.pdf\">Decaimento Radioativo e Estat\u00edstica<\/a><\/p>\n<p><a href=\"https:\/\/www.ifsc.usp.br\/lavfis\/wp-content\/uploads\/2024\/09\/Flutuacao-Estatistica-na-Desintegracao-Radativa.pdf\">Flutua\u00e7\u00e3o Estat\u00edstica na Desintegra\u00e7\u00e3o Radioativa<\/a><\/p>\n<p><a href=\"https:\/\/www.ifsc.usp.br\/lavfis\/wp-content\/uploads\/2024\/09\/Limites-de-Signification.pdf\">Limites de Signification<\/a><\/p>\n\n\t\t<style type=\"text\/css\">\n\t\t\t#gallery-1 {\n\t\t\t\tmargin: auto;\n\t\t\t}\n\t\t\t#gallery-1 .gallery-item {\n\t\t\t\tfloat: left;\n\t\t\t\tmargin-top: 10px;\n\t\t\t\ttext-align: center;\n\t\t\t\twidth: 33%;\n\t\t\t}\n\t\t\t#gallery-1 img {\n\t\t\t\tborder: 2px solid #cfcfcf;\n\t\t\t}\n\t\t\t#gallery-1 .gallery-caption {\n\t\t\t\tmargin-left: 0;\n\t\t\t}\n\t\t\t\/* see gallery_shortcode() in wp-includes\/media.php *\/\n\t\t<\/style>\n\t\t<div id='gallery-1' class='gallery galleryid-8861 gallery-columns-3 gallery-size-thumbnail'><dl class='gallery-item'>\n\t\t\t<dt class='gallery-icon portrait'>\n\t\t\t\t<a href='https:\/\/www.ifsc.usp.br\/lavfis\/lab-avancado-192\/'><img decoding=\"async\" width=\"150\" height=\"150\" src=\"https:\/\/www.ifsc.usp.br\/lavfis\/wp-content\/uploads\/2023\/05\/lab-avancado-192-150x150.jpg\" class=\"attachment-thumbnail size-thumbnail\" alt=\"\" \/><\/a>\n\t\t\t<\/dt><\/dl><dl class='gallery-item'>\n\t\t\t<dt class='gallery-icon landscape'>\n\t\t\t\t<a href='https:\/\/www.ifsc.usp.br\/lavfis\/lab-avancado-178\/'><img decoding=\"async\" width=\"150\" height=\"150\" src=\"https:\/\/www.ifsc.usp.br\/lavfis\/wp-content\/uploads\/2023\/05\/lab-avancado-178-150x150.jpg\" class=\"attachment-thumbnail size-thumbnail\" alt=\"\" \/><\/a>\n\t\t\t<\/dt><\/dl><dl class='gallery-item'>\n\t\t\t<dt class='gallery-icon landscape'>\n\t\t\t\t<a href='https:\/\/www.ifsc.usp.br\/lavfis\/lab-avancado-177\/'><img decoding=\"async\" width=\"150\" height=\"150\" src=\"https:\/\/www.ifsc.usp.br\/lavfis\/wp-content\/uploads\/2023\/05\/lab-avancado-177-150x150.jpg\" class=\"attachment-thumbnail size-thumbnail\" alt=\"\" \/><\/a>\n\t\t\t<\/dt><\/dl><br style=\"clear: both\" \/><dl class='gallery-item'>\n\t\t\t<dt class='gallery-icon landscape'>\n\t\t\t\t<a href='https:\/\/www.ifsc.usp.br\/lavfis\/lab-avancado-176\/'><img loading=\"lazy\" decoding=\"async\" width=\"150\" height=\"150\" src=\"https:\/\/www.ifsc.usp.br\/lavfis\/wp-content\/uploads\/2023\/05\/lab-avancado-176-150x150.jpg\" class=\"attachment-thumbnail size-thumbnail\" alt=\"\" \/><\/a>\n\t\t\t<\/dt><\/dl><dl class='gallery-item'>\n\t\t\t<dt class='gallery-icon landscape'>\n\t\t\t\t<a href='https:\/\/www.ifsc.usp.br\/lavfis\/fisicanuclear\/dsc01529\/'><img loading=\"lazy\" decoding=\"async\" width=\"150\" height=\"150\" src=\"https:\/\/www.ifsc.usp.br\/lavfis\/wp-content\/uploads\/2017\/06\/dsc01529-150x150.jpg\" class=\"attachment-thumbnail size-thumbnail\" alt=\"\" \/><\/a>\n\t\t\t<\/dt><\/dl><dl class='gallery-item'>\n\t\t\t<dt class='gallery-icon landscape'>\n\t\t\t\t<a href='https:\/\/www.ifsc.usp.br\/lavfis\/fisicanuclear\/dsc01528\/'><img loading=\"lazy\" decoding=\"async\" width=\"150\" height=\"150\" src=\"https:\/\/www.ifsc.usp.br\/lavfis\/wp-content\/uploads\/2017\/06\/dsc01528-150x150.jpg\" class=\"attachment-thumbnail size-thumbnail\" alt=\"\" \/><\/a>\n\t\t\t<\/dt><\/dl><br style=\"clear: both\" \/><dl class='gallery-item'>\n\t\t\t<dt class='gallery-icon landscape'>\n\t\t\t\t<a href='https:\/\/www.ifsc.usp.br\/lavfis\/fisicanuclear\/dsc01526\/'><img loading=\"lazy\" decoding=\"async\" width=\"150\" height=\"150\" src=\"https:\/\/www.ifsc.usp.br\/lavfis\/wp-content\/uploads\/2017\/06\/dsc01526-150x150.jpg\" class=\"attachment-thumbnail size-thumbnail\" alt=\"\" \/><\/a>\n\t\t\t<\/dt><\/dl><dl class='gallery-item'>\n\t\t\t<dt class='gallery-icon landscape'>\n\t\t\t\t<a href='https:\/\/www.ifsc.usp.br\/lavfis\/fisicanuclear\/dsc01525\/'><img loading=\"lazy\" decoding=\"async\" width=\"150\" height=\"150\" src=\"https:\/\/www.ifsc.usp.br\/lavfis\/wp-content\/uploads\/2017\/06\/dsc01525-150x150.jpg\" class=\"attachment-thumbnail size-thumbnail\" alt=\"\" \/><\/a>\n\t\t\t<\/dt><\/dl><dl class='gallery-item'>\n\t\t\t<dt class='gallery-icon landscape'>\n\t\t\t\t<a href='https:\/\/www.ifsc.usp.br\/lavfis\/fisicanuclear\/dsc01523\/'><img loading=\"lazy\" decoding=\"async\" width=\"150\" height=\"150\" src=\"https:\/\/www.ifsc.usp.br\/lavfis\/wp-content\/uploads\/2017\/06\/dsc01523-150x150.jpg\" class=\"attachment-thumbnail size-thumbnail\" alt=\"\" \/><\/a>\n\t\t\t<\/dt><\/dl><br style=\"clear: both\" \/><dl class='gallery-item'>\n\t\t\t<dt class='gallery-icon portrait'>\n\t\t\t\t<a href='https:\/\/www.ifsc.usp.br\/lavfis\/fisicanuclear\/dsc01522\/'><img loading=\"lazy\" decoding=\"async\" width=\"150\" height=\"150\" src=\"https:\/\/www.ifsc.usp.br\/lavfis\/wp-content\/uploads\/2017\/06\/dsc01522-150x150.jpg\" class=\"attachment-thumbnail size-thumbnail\" alt=\"\" \/><\/a>\n\t\t\t<\/dt><\/dl><dl class='gallery-item'>\n\t\t\t<dt class='gallery-icon portrait'>\n\t\t\t\t<a href='https:\/\/www.ifsc.usp.br\/lavfis\/fisicanuclear\/dsc01521\/'><img loading=\"lazy\" decoding=\"async\" width=\"150\" height=\"150\" src=\"https:\/\/www.ifsc.usp.br\/lavfis\/wp-content\/uploads\/2017\/06\/dsc01521-150x150.jpg\" class=\"attachment-thumbnail size-thumbnail\" alt=\"\" \/><\/a>\n\t\t\t<\/dt><\/dl><dl class='gallery-item'>\n\t\t\t<dt class='gallery-icon landscape'>\n\t\t\t\t<a href='https:\/\/www.ifsc.usp.br\/lavfis\/fisicanuclear\/dsc01520\/'><img loading=\"lazy\" decoding=\"async\" width=\"150\" height=\"150\" src=\"https:\/\/www.ifsc.usp.br\/lavfis\/wp-content\/uploads\/2017\/06\/dsc01520-150x150.jpg\" class=\"attachment-thumbnail size-thumbnail\" alt=\"\" \/><\/a>\n\t\t\t<\/dt><\/dl><br style=\"clear: both\" \/><dl class='gallery-item'>\n\t\t\t<dt class='gallery-icon landscape'>\n\t\t\t\t<a href='https:\/\/www.ifsc.usp.br\/lavfis\/fisicanuclear\/dsc01519\/'><img loading=\"lazy\" decoding=\"async\" width=\"150\" height=\"150\" src=\"https:\/\/www.ifsc.usp.br\/lavfis\/wp-content\/uploads\/2017\/06\/dsc01519-150x150.jpg\" class=\"attachment-thumbnail size-thumbnail\" alt=\"\" \/><\/a>\n\t\t\t<\/dt><\/dl><dl class='gallery-item'>\n\t\t\t<dt class='gallery-icon landscape'>\n\t\t\t\t<a href='https:\/\/www.ifsc.usp.br\/lavfis\/fisicanuclear\/dsc01517\/'><img loading=\"lazy\" decoding=\"async\" width=\"150\" height=\"150\" src=\"https:\/\/www.ifsc.usp.br\/lavfis\/wp-content\/uploads\/2017\/06\/dsc01517-150x150.jpg\" class=\"attachment-thumbnail size-thumbnail\" alt=\"\" \/><\/a>\n\t\t\t<\/dt><\/dl><dl class='gallery-item'>\n\t\t\t<dt class='gallery-icon landscape'>\n\t\t\t\t<a href='https:\/\/www.ifsc.usp.br\/lavfis\/fisicanuclear\/dsc01516\/'><img loading=\"lazy\" decoding=\"async\" width=\"150\" height=\"150\" src=\"https:\/\/www.ifsc.usp.br\/lavfis\/wp-content\/uploads\/2017\/06\/dsc01516-150x150.jpg\" class=\"attachment-thumbnail size-thumbnail\" alt=\"\" \/><\/a>\n\t\t\t<\/dt><\/dl><br style=\"clear: both\" \/><dl class='gallery-item'>\n\t\t\t<dt class='gallery-icon landscape'>\n\t\t\t\t<a href='https:\/\/www.ifsc.usp.br\/lavfis\/nuclear-chart\/'><img loading=\"lazy\" decoding=\"async\" width=\"150\" height=\"150\" src=\"https:\/\/www.ifsc.usp.br\/lavfis\/wp-content\/uploads\/2024\/09\/nuclear-chart-150x150.jpg\" class=\"attachment-thumbnail size-thumbnail\" alt=\"\" \/><\/a>\n\t\t\t<\/dt><\/dl><dl class='gallery-item'>\n\t\t\t<dt class='gallery-icon landscape'>\n\t\t\t\t<a href='https:\/\/www.ifsc.usp.br\/lavfis\/flutuacao-estatistica\/img_0540\/'><img loading=\"lazy\" decoding=\"async\" width=\"150\" height=\"150\" src=\"https:\/\/www.ifsc.usp.br\/lavfis\/wp-content\/uploads\/2017\/06\/img_0540-150x150.jpg\" class=\"attachment-thumbnail size-thumbnail\" alt=\"\" \/><\/a>\n\t\t\t<\/dt><\/dl><dl class='gallery-item'>\n\t\t\t<dt class='gallery-icon landscape'>\n\t\t\t\t<a href='https:\/\/www.ifsc.usp.br\/lavfis\/flutuacao-estatistica\/img_0539\/'><img loading=\"lazy\" decoding=\"async\" width=\"150\" height=\"150\" src=\"https:\/\/www.ifsc.usp.br\/lavfis\/wp-content\/uploads\/2017\/06\/img_0539-150x150.jpg\" class=\"attachment-thumbnail size-thumbnail\" alt=\"\" \/><\/a>\n\t\t\t<\/dt><\/dl><br style=\"clear: both\" \/><dl class='gallery-item'>\n\t\t\t<dt class='gallery-icon landscape'>\n\t\t\t\t<a href='https:\/\/www.ifsc.usp.br\/lavfis\/flutuacao-estatistica\/img_0542\/'><img loading=\"lazy\" decoding=\"async\" width=\"150\" height=\"150\" src=\"https:\/\/www.ifsc.usp.br\/lavfis\/wp-content\/uploads\/2017\/06\/img_0542-150x150.jpg\" class=\"attachment-thumbnail size-thumbnail\" alt=\"\" \/><\/a>\n\t\t\t<\/dt><\/dl><dl class='gallery-item'>\n\t\t\t<dt class='gallery-icon landscape'>\n\t\t\t\t<a href='https:\/\/www.ifsc.usp.br\/lavfis\/radioactivity-and-radiation\/'><img loading=\"lazy\" decoding=\"async\" width=\"150\" height=\"150\" src=\"https:\/\/www.ifsc.usp.br\/lavfis\/wp-content\/uploads\/2025\/03\/radioactivity-and-radiation-150x150.png\" class=\"attachment-thumbnail size-thumbnail\" alt=\"\" \/><\/a>\n\t\t\t<\/dt><\/dl><dl class='gallery-item'>\n\t\t\t<dt class='gallery-icon landscape'>\n\t\t\t\t<a href='https:\/\/www.ifsc.usp.br\/lavfis\/20250318-232517480-ios\/'><img loading=\"lazy\" decoding=\"async\" width=\"150\" height=\"150\" src=\"https:\/\/www.ifsc.usp.br\/lavfis\/wp-content\/uploads\/2025\/03\/20250318-232517480-ios-150x150.webp\" class=\"attachment-thumbnail size-thumbnail\" alt=\"\" \/><\/a>\n\t\t\t<\/dt><\/dl><br style=\"clear: both\" \/>\n\t\t<\/div>\n\n<p>[\/vc_column_text][\/vc_column][\/vc_row]<\/p>\n","protected":false},"excerpt":{"rendered":"<p>[vc_row rt_row_background_width=&#8221;default&#8221; rt_row_style=&#8221;default-style&#8221; rt_row_borders=&#8221;&#8221; rt_row_paddings=&#8221;true&#8221; rt_bg_effect=&#8221;classic&#8221; rt_bg_image_repeat=&#8221;repeat&#8221; rt_bg_size=&#8221;cover&#8221; rt_bg_position=&#8221;right top&#8221; rt_bg_attachment=&#8221;scroll&#8221; rt_bg_video_format=&#8221;self-hosted&#8221;][vc_column rt_wrp_col_paddings=&#8221;false&#8221; rt_border_top=&#8221;&#8221; rt_border_bottom=&#8221;&#8221; rt_border_left=&#8221;&#8221; rt_border_right=&#8221;&#8221; rt_border_top_mobile=&#8221;&#8221; rt_border_bottom_mobile=&#8221;&#8221; rt_border_left_mobile=&#8221;&#8221; rt_border_right_mobile=&#8221;&#8221; rt_bg_image_repeat=&#8221;repeat&#8221; rt_bg_size=&#8221;auto auto&#8221; rt_bg_position=&#8221;right top&#8221; rt_bg_attachment=&#8221;scroll&#8221;][vc_column_text] Conceitos abordados: N\u00facleos at\u00f4micos &#8211; protons e neutros (f\u00edsica de part\u00edculas) Emiss\u00e3o gama em is\u00f3topos radioativos No\u00e7\u00f5es sobre radia\u00e7\u00e3o gama, fontes e detectores &#8211; Funcionamento detector Geiger e [&hellip;]<\/p>\n","protected":false},"author":2,"featured_media":0,"parent":0,"menu_order":0,"comment_status":"closed","ping_status":"closed","template":"","meta":{"footnotes":""},"class_list":["post-8861","page","type-page","status-publish","hentry"],"_links":{"self":[{"href":"https:\/\/www.ifsc.usp.br\/lavfis\/wp-json\/wp\/v2\/pages\/8861","targetHints":{"allow":["GET"]}}],"collection":[{"href":"https:\/\/www.ifsc.usp.br\/lavfis\/wp-json\/wp\/v2\/pages"}],"about":[{"href":"https:\/\/www.ifsc.usp.br\/lavfis\/wp-json\/wp\/v2\/types\/page"}],"author":[{"embeddable":true,"href":"https:\/\/www.ifsc.usp.br\/lavfis\/wp-json\/wp\/v2\/users\/2"}],"replies":[{"embeddable":true,"href":"https:\/\/www.ifsc.usp.br\/lavfis\/wp-json\/wp\/v2\/comments?post=8861"}],"version-history":[{"count":43,"href":"https:\/\/www.ifsc.usp.br\/lavfis\/wp-json\/wp\/v2\/pages\/8861\/revisions"}],"predecessor-version":[{"id":11017,"href":"https:\/\/www.ifsc.usp.br\/lavfis\/wp-json\/wp\/v2\/pages\/8861\/revisions\/11017"}],"wp:attachment":[{"href":"https:\/\/www.ifsc.usp.br\/lavfis\/wp-json\/wp\/v2\/media?parent=8861"}],"curies":[{"name":"wp","href":"https:\/\/api.w.org\/{rel}","templated":true}]}}