{"id":9100,"date":"2023-04-20T14:57:30","date_gmt":"2023-04-20T17:57:30","guid":{"rendered":"https:\/\/www.ifsc.usp.br\/~lavfis\/lavfiswp\/?page_id=9100"},"modified":"2025-03-05T15:31:24","modified_gmt":"2025-03-05T18:31:24","slug":"espectroscopia-optica-1-2","status":"publish","type":"page","link":"https:\/\/www.ifsc.usp.br\/lavfis\/espectroscopia-optica-1-2\/","title":{"rendered":"Espectroscopia \u00d3ptica Raman"},"content":{"rendered":"<p>[vc_row rt_row_background_width=&#8221;default&#8221; rt_row_style=&#8221;default-style&#8221; rt_row_borders=&#8221;&#8221; rt_row_paddings=&#8221;true&#8221; rt_bg_effect=&#8221;classic&#8221; rt_bg_image_repeat=&#8221;repeat&#8221; rt_bg_size=&#8221;cover&#8221; rt_bg_position=&#8221;right top&#8221; rt_bg_attachment=&#8221;scroll&#8221; rt_bg_video_format=&#8221;self-hosted&#8221;][vc_column rt_wrp_col_paddings=&#8221;false&#8221; rt_border_top=&#8221;&#8221; rt_border_bottom=&#8221;&#8221; rt_border_left=&#8221;&#8221; rt_border_right=&#8221;&#8221; rt_border_top_mobile=&#8221;&#8221; rt_border_bottom_mobile=&#8221;&#8221; rt_border_left_mobile=&#8221;&#8221; rt_border_right_mobile=&#8221;&#8221; rt_bg_image_repeat=&#8221;repeat&#8221; rt_bg_size=&#8221;auto auto&#8221; rt_bg_position=&#8221;right top&#8221; rt_bg_attachment=&#8221;scroll&#8221;][vc_column_text]<\/p>\n<p>&nbsp;<\/p>\n<p>Intera\u00e7\u00e3o radia\u00e7\u00e3o mat\u00e9ria &#8211; espalhamento el\u00e1stico e inel\u00e1stico<\/p>\n<p>Verificar influ\u00eancia das fendas de entrada e sa\u00edda, e velocidade de varredura na resolu\u00e7\u00e3o espectral<\/p>\n<p>Verificar depend\u00eancia da amplitude e n\u00famero de onda do espalhamento Raman em fun\u00e7\u00e3o do comprimento de onda de excita\u00e7\u00e3o<\/p>\n<p><a href=\"https:\/\/www.ifsc.usp.br\/lavfis\/wp-content\/uploads\/2025\/03\/Raman2025.pdf\">Guia R\u00e1pido 2025<\/a><\/p>\n<p><a href=\"https:\/\/www.ifsc.usp.br\/lavfis\/wp-content\/uploads\/2023\/04\/Espectroscopia-Raman.pdf\">Apostila<\/a><\/p>\n<p><a href=\"https:\/\/www.ifsc.usp.br\/lavfis\/wp-content\/uploads\/2025\/01\/Quantum-Description-of-Raman-Scattering.pdf\">Quantum Description of Raman Scattering<\/a><\/p>\n<p><a href=\"https:\/\/www.ifsc.usp.br\/lavfis\/wp-content\/uploads\/2025\/03\/Tables-of-molecular-vibrational-frequencies.pdf\">Tables of molecular vibrational frequencies<\/a><\/p>\n<p><a href=\"https:\/\/www.ifsc.usp.br\/lavfis\/wp-content\/uploads\/2025\/03\/Raman-Spectroscopy-for-Analysis-and-Monitoring.pdf\">Raman Spectroscopy for Analysis and Monitoring<\/a><\/p>\n<p><a href=\"https:\/\/www.jstor.org\/stable\/24222263\">Light Scattering and Raman Effect<\/a><\/p>\n<p><a href=\"https:\/\/www.sciencedirect.com\/topics\/medicine-and-dentistry\/raman-scattering\">Raman Scattering<\/a><\/p>\n<p><a href=\"https:\/\/www.ifsc.usp.br\/lavfis\/wp-content\/uploads\/2023\/04\/LS-50B-USerGuide.pdf\">Manual Fluor\u00edmetro\u00a0<\/a><\/p>\n<p><a href=\"https:\/\/www.ifsc.usp.br\/lavfis\/wp-content\/uploads\/2025\/01\/Good-Practices-of-Fluorescence-Spectroscopy.pdf\">Good Practices of Fluorescence Spectroscopy<\/a><\/p>\n<p><a href=\"https:\/\/www.ifsc.usp.br\/lavfis\/wp-content\/uploads\/2023\/04\/FluorimeterRaman.pdf\">Software Fluor\u00edmetro<\/a><\/p>\n<p><a href=\"https:\/\/www.ifsc.usp.br\/lavfis\/wp-content\/uploads\/2023\/10\/si-0157.pdf\">Absorb\u00e2ncia\u00a0<\/a><\/p>\n<p><a href=\"https:\/\/physicsopenlab.org\/2022\/01\/08\/water-molecule-vibrations-with-raman-spectroscopy\/\">Water Molecule Vibrations with Raman Spectroscopy<\/a><\/p>\n<p><a href=\"https:\/\/www.youtube.com\/watch?v=Hn_VMvjMBFk\" target=\"_blank\" rel=\"noopener\">Aula &#8211; Fundamentos da <\/a><a href=\"https:\/\/www.youtube.com\/watch?v=Hn_VMvjMBFk\" target=\"_blank\" rel=\"noopener\">espectroscopia de<\/a><a href=\"https:\/\/www.youtube.com\/watch?v=Hn_VMvjMBFk\" target=\"_blank\" rel=\"noopener\"> infravermelho e Raman<\/a><\/p>\n<p><a href=\"https:\/\/www.youtube.com\/watch?v=FUPJMJo4aqQ\">Espectroscopia de Luminesc\u00eancia &#8211; utilizando equipamento e software<\/a><\/p>\n<p><a href=\"https:\/\/www.rp-photonics.com\/photomultipliers.html\">Photomultipliers &#8211; PMT<\/a><\/p>\n<p><a href=\"https:\/\/en.m.wikipedia.org\/wiki\/Molecular_vibration\">Molecular vibration<\/a><\/p>\n<p><a href=\"https:\/\/www.laserfocusworld.com\/lasers-sources\/article\/16555207\/how-to-choose-a-laser-how-to-choose-a-laser-for-raman-spectroscopy\">How to choose a laser for Raman spectroscopy<\/a><\/p>\n<p>&nbsp;<\/p>\n<p>&nbsp;<\/p>\n\n\t\t<style type=\"text\/css\">\n\t\t\t#gallery-1 {\n\t\t\t\tmargin: auto;\n\t\t\t}\n\t\t\t#gallery-1 .gallery-item {\n\t\t\t\tfloat: left;\n\t\t\t\tmargin-top: 10px;\n\t\t\t\ttext-align: center;\n\t\t\t\twidth: 20%;\n\t\t\t}\n\t\t\t#gallery-1 img {\n\t\t\t\tborder: 2px solid #cfcfcf;\n\t\t\t}\n\t\t\t#gallery-1 .gallery-caption {\n\t\t\t\tmargin-left: 0;\n\t\t\t}\n\t\t\t\/* see gallery_shortcode() in wp-includes\/media.php *\/\n\t\t<\/style>\n\t\t<div id='gallery-1' class='gallery galleryid-9100 gallery-columns-5 gallery-size-thumbnail'><dl class='gallery-item'>\n\t\t\t<dt class='gallery-icon landscape'>\n\t\t\t\t<a href='https:\/\/www.ifsc.usp.br\/lavfis\/lab-avancado-405\/'><img decoding=\"async\" width=\"150\" height=\"150\" src=\"https:\/\/www.ifsc.usp.br\/lavfis\/wp-content\/uploads\/2023\/05\/lab-avancado-405-150x150.jpg\" class=\"attachment-thumbnail size-thumbnail\" alt=\"\" \/><\/a>\n\t\t\t<\/dt><\/dl><dl class='gallery-item'>\n\t\t\t<dt class='gallery-icon landscape'>\n\t\t\t\t<a href='https:\/\/www.ifsc.usp.br\/lavfis\/lab-avancado-408\/'><img decoding=\"async\" width=\"150\" height=\"150\" src=\"https:\/\/www.ifsc.usp.br\/lavfis\/wp-content\/uploads\/2023\/05\/lab-avancado-408-150x150.jpg\" class=\"attachment-thumbnail size-thumbnail\" alt=\"\" \/><\/a>\n\t\t\t<\/dt><\/dl><dl class='gallery-item'>\n\t\t\t<dt class='gallery-icon landscape'>\n\t\t\t\t<a href='https:\/\/www.ifsc.usp.br\/lavfis\/lab-avancado-410\/'><img decoding=\"async\" width=\"150\" height=\"150\" src=\"https:\/\/www.ifsc.usp.br\/lavfis\/wp-content\/uploads\/2023\/05\/lab-avancado-410-150x150.jpg\" class=\"attachment-thumbnail size-thumbnail\" alt=\"\" \/><\/a>\n\t\t\t<\/dt><\/dl>\n\t\t\t<br style='clear: both' \/>\n\t\t<\/div>\n\n<p>[\/vc_column_text][\/vc_column][\/vc_row]<\/p>\n","protected":false},"excerpt":{"rendered":"<p>[vc_row rt_row_background_width=&#8221;default&#8221; rt_row_style=&#8221;default-style&#8221; rt_row_borders=&#8221;&#8221; rt_row_paddings=&#8221;true&#8221; rt_bg_effect=&#8221;classic&#8221; rt_bg_image_repeat=&#8221;repeat&#8221; rt_bg_size=&#8221;cover&#8221; rt_bg_position=&#8221;right top&#8221; rt_bg_attachment=&#8221;scroll&#8221; rt_bg_video_format=&#8221;self-hosted&#8221;][vc_column rt_wrp_col_paddings=&#8221;false&#8221; rt_border_top=&#8221;&#8221; rt_border_bottom=&#8221;&#8221; rt_border_left=&#8221;&#8221; rt_border_right=&#8221;&#8221; rt_border_top_mobile=&#8221;&#8221; rt_border_bottom_mobile=&#8221;&#8221; rt_border_left_mobile=&#8221;&#8221; rt_border_right_mobile=&#8221;&#8221; rt_bg_image_repeat=&#8221;repeat&#8221; rt_bg_size=&#8221;auto auto&#8221; rt_bg_position=&#8221;right top&#8221; rt_bg_attachment=&#8221;scroll&#8221;][vc_column_text] &nbsp; Intera\u00e7\u00e3o radia\u00e7\u00e3o mat\u00e9ria &#8211; espalhamento el\u00e1stico e inel\u00e1stico Verificar influ\u00eancia das fendas de entrada e sa\u00edda, e velocidade de varredura na resolu\u00e7\u00e3o espectral Verificar depend\u00eancia da amplitude [&hellip;]<\/p>\n","protected":false},"author":4,"featured_media":0,"parent":0,"menu_order":0,"comment_status":"closed","ping_status":"closed","template":"","meta":{"footnotes":""},"class_list":["post-9100","page","type-page","status-publish","hentry"],"_links":{"self":[{"href":"https:\/\/www.ifsc.usp.br\/lavfis\/wp-json\/wp\/v2\/pages\/9100","targetHints":{"allow":["GET"]}}],"collection":[{"href":"https:\/\/www.ifsc.usp.br\/lavfis\/wp-json\/wp\/v2\/pages"}],"about":[{"href":"https:\/\/www.ifsc.usp.br\/lavfis\/wp-json\/wp\/v2\/types\/page"}],"author":[{"embeddable":true,"href":"https:\/\/www.ifsc.usp.br\/lavfis\/wp-json\/wp\/v2\/users\/4"}],"replies":[{"embeddable":true,"href":"https:\/\/www.ifsc.usp.br\/lavfis\/wp-json\/wp\/v2\/comments?post=9100"}],"version-history":[{"count":22,"href":"https:\/\/www.ifsc.usp.br\/lavfis\/wp-json\/wp\/v2\/pages\/9100\/revisions"}],"predecessor-version":[{"id":10790,"href":"https:\/\/www.ifsc.usp.br\/lavfis\/wp-json\/wp\/v2\/pages\/9100\/revisions\/10790"}],"wp:attachment":[{"href":"https:\/\/www.ifsc.usp.br\/lavfis\/wp-json\/wp\/v2\/media?parent=9100"}],"curies":[{"name":"wp","href":"https:\/\/api.w.org\/{rel}","templated":true}]}}