{"id":9731,"date":"2023-06-28T12:45:35","date_gmt":"2023-06-28T15:45:35","guid":{"rendered":"https:\/\/www.ifsc.usp.br\/~lavfis\/lavfiswp\/?page_id=9731"},"modified":"2024-09-14T11:14:16","modified_gmt":"2024-09-14T14:14:16","slug":"laser-nd","status":"publish","type":"page","link":"https:\/\/www.ifsc.usp.br\/lavfis\/laser-nd\/","title":{"rendered":"LASER Nd"},"content":{"rendered":"<p>Teoria b\u00e1sica de opera\u00e7\u00e3o LASER CW, q-switched e gera\u00e7\u00e3o de segundo harm\u00f4nio. Feixe gaussiano, estabilidade de cavidade \u00f3ptica e tempo de vida de fluoresc\u00eancia<\/p>\n<p>Alinhamento \u00f3ptico avan\u00e7ado<\/p>\n<p><a href=\"https:\/\/www.ifsc.usp.br\/lavfis\/wp-content\/uploads\/2023\/06\/LK-2017.pdf\">Folheto Laser<\/a><\/p>\n<p><a href=\"https:\/\/www.ifsc.usp.br\/lavfis\/wp-content\/uploads\/2023\/06\/Laser-Manual-122711.pdf\">Instru\u00e7\u00f5es e Roteiros<\/a><\/p>\n<p><a href=\"https:\/\/doi.org\/10.1007\/978-3-540-73418-5_5\">Lasers as Spectroscopic Light Sources<\/a><\/p>\n<p><a href=\"https:\/\/teses.usp.br\/teses\/disponiveis\/88\/88131\/tde-06022014-171200\/pt-br.php\">Estudo espectrosc\u00f3pico de vidros a base de aluminato de c\u00e1lcio dopados com Nd3+<\/a><\/p>\n<p><a href=\"https:\/\/link.springer.com\/article\/10.1007\/s00340-003-1247-y\">Laser emission at 1077 nm in Nd3+-doped<\/a><\/p>\n<p><a href=\"https:\/\/www.ifsc.usp.br\/lavfis\/wp-content\/uploads\/2024\/03\/Diode-Pumped-Nd-YAG-Laser.pdf\">Diode Pumped Nd YAG Laser<\/a><\/p>\n<p><a href=\"https:\/\/www.coherent.com\/news\/glossary\/laser\">LASER<\/a><\/p>\n<p><a href=\"https:\/\/www.ifsc.usp.br\/lavfis\/wp-content\/uploads\/2024\/04\/808nm_8000mW_fiber_coupled_HHL_BWT-1609447289.pdf\">Datasheet fiber diode 808nm<\/a><\/p>\n<p><a href=\"https:\/\/youtu.be\/G031x7COTPQ?t=3632\">V\u00eddeo-aula demonstra\u00e7\u00e3o LASER<\/a><\/p>\n<p><a href=\"https:\/\/www.youtube.com\/watch?v=vW2Asgpn224\">Gera\u00e7\u00e3o de Harm\u00f4nicos de Luz<\/a><\/p>\n<p>&nbsp;<\/p>\n<p>&nbsp;<\/p>\n<p><a href=\"https:\/\/www.youtube.com\/watch?v=qO936agaKso&amp;list=PLUBJcDbEzBnzhyCx-0xg82wYB2H_5Kl7g&amp;index=26\">+ Laser Nd: YAG &#8211; doa\u00e7\u00e3o Prof. Luiz Antonio de Oliveira Nunes<\/a><\/p>\n<p><a href=\"https:\/\/www.youtube.com\/watch?v=HwMHmbk222Q&amp;list=PLUBJcDbEzBnzhyCx-0xg82wYB2H_5Kl7g&amp;index=23\">+ Cavidade de laser pointer verde Nd: YVO4 + KDP<\/a><\/p>\n<p>&nbsp;<\/p>\n<p>&nbsp;<\/p>\n<p>Diode Laser:<\/p>\n<p><a href=\"https:\/\/www.ifsc.usp.br\/lavfis\/wp-content\/uploads\/2024\/03\/Diode-Laser.pdf\">Diode Laser<\/a><\/p>\n<p><a href=\"https:\/\/www.ifsc.usp.br\/lavfis\/wp-content\/uploads\/2024\/01\/REV-D-USER-MANUAL-MODEL-710.pdf\">Laser diodo Model 710 TO-CAN Laser Diode Mount<\/a><\/p>\n<p><a href=\"https:\/\/www.ifsc.usp.br\/lavfis\/wp-content\/uploads\/2024\/01\/710-Manual-Addendum.pdf\">Laser diodo Addendum<\/a><\/p>\n<p><a href=\"https:\/\/www.ifsc.usp.br\/lavfis\/wp-content\/uploads\/2024\/01\/lfi3551.pdf\">Laser diodo Temperature Controllers<\/a><\/p>\n<p><a href=\"https:\/\/www.ifsc.usp.br\/lavfis\/wp-content\/uploads\/2024\/01\/lfi4500.pdf\">Laser diodo Laser Diode Drivers<\/a><\/p>\n<p><a href=\"https:\/\/www.ifsc.usp.br\/lavfis\/wp-content\/uploads\/2024\/02\/660nm_130mW_Red_TO56_laser_diode_Ushio-1640910467.pdf\">660nm_130mW_Red_TO56_laser_diode_Ushio<\/a><\/p>\n<p>&nbsp;<\/p>\n\n\t\t<style type=\"text\/css\">\n\t\t\t#gallery-1 {\n\t\t\t\tmargin: auto;\n\t\t\t}\n\t\t\t#gallery-1 .gallery-item {\n\t\t\t\tfloat: left;\n\t\t\t\tmargin-top: 10px;\n\t\t\t\ttext-align: center;\n\t\t\t\twidth: 25%;\n\t\t\t}\n\t\t\t#gallery-1 img {\n\t\t\t\tborder: 2px solid #cfcfcf;\n\t\t\t}\n\t\t\t#gallery-1 .gallery-caption {\n\t\t\t\tmargin-left: 0;\n\t\t\t}\n\t\t\t\/* see gallery_shortcode() in wp-includes\/media.php *\/\n\t\t<\/style>\n\t\t<div id='gallery-1' class='gallery galleryid-9731 gallery-columns-4 gallery-size-thumbnail'><dl class='gallery-item'>\n\t\t\t<dt class='gallery-icon landscape'>\n\t\t\t\t<a href='https:\/\/www.ifsc.usp.br\/lavfis\/img-0039\/'><img decoding=\"async\" width=\"150\" height=\"150\" src=\"https:\/\/www.ifsc.usp.br\/lavfis\/wp-content\/uploads\/2023\/08\/img-0039-150x150.jpg\" class=\"attachment-thumbnail size-thumbnail\" alt=\"\" \/><\/a>\n\t\t\t<\/dt><\/dl><dl class='gallery-item'>\n\t\t\t<dt class='gallery-icon landscape'>\n\t\t\t\t<a href='https:\/\/www.ifsc.usp.br\/lavfis\/labavancado-21\/'><img decoding=\"async\" width=\"150\" height=\"150\" src=\"https:\/\/www.ifsc.usp.br\/lavfis\/wp-content\/uploads\/2023\/10\/labavancado-21-150x150.jpg\" class=\"attachment-thumbnail size-thumbnail\" alt=\"\" \/><\/a>\n\t\t\t<\/dt><\/dl><dl class='gallery-item'>\n\t\t\t<dt class='gallery-icon landscape'>\n\t\t\t\t<a href='https:\/\/www.ifsc.usp.br\/lavfis\/img-0037\/'><img decoding=\"async\" width=\"150\" height=\"150\" src=\"https:\/\/www.ifsc.usp.br\/lavfis\/wp-content\/uploads\/2023\/08\/img-0037-150x150.jpg\" class=\"attachment-thumbnail size-thumbnail\" alt=\"\" \/><\/a>\n\t\t\t<\/dt><\/dl><dl class='gallery-item'>\n\t\t\t<dt class='gallery-icon landscape'>\n\t\t\t\t<a href='https:\/\/www.ifsc.usp.br\/lavfis\/img-0038\/'><img loading=\"lazy\" decoding=\"async\" width=\"150\" height=\"150\" src=\"https:\/\/www.ifsc.usp.br\/lavfis\/wp-content\/uploads\/2023\/08\/img-0038-150x150.jpg\" class=\"attachment-thumbnail size-thumbnail\" alt=\"\" \/><\/a>\n\t\t\t<\/dt><\/dl><br style=\"clear: both\" \/><dl class='gallery-item'>\n\t\t\t<dt class='gallery-icon landscape'>\n\t\t\t\t<a href='https:\/\/www.ifsc.usp.br\/lavfis\/labavancado-18\/'><img loading=\"lazy\" decoding=\"async\" width=\"150\" height=\"150\" src=\"https:\/\/www.ifsc.usp.br\/lavfis\/wp-content\/uploads\/2023\/10\/labavancado-18-150x150.jpg\" class=\"attachment-thumbnail size-thumbnail\" alt=\"\" \/><\/a>\n\t\t\t<\/dt><\/dl><dl class='gallery-item'>\n\t\t\t<dt class='gallery-icon landscape'>\n\t\t\t\t<a href='https:\/\/www.ifsc.usp.br\/lavfis\/img-0040\/'><img loading=\"lazy\" decoding=\"async\" width=\"150\" height=\"150\" src=\"https:\/\/www.ifsc.usp.br\/lavfis\/wp-content\/uploads\/2023\/08\/img-0040-150x150.jpg\" class=\"attachment-thumbnail size-thumbnail\" alt=\"\" \/><\/a>\n\t\t\t<\/dt><\/dl>\n\t\t\t<br style='clear: both' \/>\n\t\t<\/div>\n\n","protected":false},"excerpt":{"rendered":"<p>Teoria b\u00e1sica de opera\u00e7\u00e3o LASER CW, q-switched e gera\u00e7\u00e3o de segundo harm\u00f4nio. Feixe gaussiano, estabilidade de cavidade \u00f3ptica e tempo de vida de fluoresc\u00eancia Alinhamento \u00f3ptico avan\u00e7ado Folheto Laser Instru\u00e7\u00f5es e Roteiros Lasers as Spectroscopic Light Sources Estudo espectrosc\u00f3pico de vidros a base de aluminato de c\u00e1lcio dopados com Nd3+ Laser emission at 1077 nm [&hellip;]<\/p>\n","protected":false},"author":4,"featured_media":0,"parent":0,"menu_order":0,"comment_status":"closed","ping_status":"closed","template":"","meta":{"footnotes":""},"class_list":["post-9731","page","type-page","status-publish","hentry"],"_links":{"self":[{"href":"https:\/\/www.ifsc.usp.br\/lavfis\/wp-json\/wp\/v2\/pages\/9731","targetHints":{"allow":["GET"]}}],"collection":[{"href":"https:\/\/www.ifsc.usp.br\/lavfis\/wp-json\/wp\/v2\/pages"}],"about":[{"href":"https:\/\/www.ifsc.usp.br\/lavfis\/wp-json\/wp\/v2\/types\/page"}],"author":[{"embeddable":true,"href":"https:\/\/www.ifsc.usp.br\/lavfis\/wp-json\/wp\/v2\/users\/4"}],"replies":[{"embeddable":true,"href":"https:\/\/www.ifsc.usp.br\/lavfis\/wp-json\/wp\/v2\/comments?post=9731"}],"version-history":[{"count":20,"href":"https:\/\/www.ifsc.usp.br\/lavfis\/wp-json\/wp\/v2\/pages\/9731\/revisions"}],"predecessor-version":[{"id":10346,"href":"https:\/\/www.ifsc.usp.br\/lavfis\/wp-json\/wp\/v2\/pages\/9731\/revisions\/10346"}],"wp:attachment":[{"href":"https:\/\/www.ifsc.usp.br\/lavfis\/wp-json\/wp\/v2\/media?parent=9731"}],"curies":[{"name":"wp","href":"https:\/\/api.w.org\/{rel}","templated":true}]}}