{"id":9960,"date":"2023-11-17T09:03:17","date_gmt":"2023-11-17T12:03:17","guid":{"rendered":"https:\/\/www.ifsc.usp.br\/~lavfis\/lavfiswp\/?page_id=9960"},"modified":"2024-09-14T11:25:37","modified_gmt":"2024-09-14T14:25:37","slug":"impedancia","status":"publish","type":"page","link":"https:\/\/www.ifsc.usp.br\/lavfis\/impedancia\/","title":{"rendered":"Espectroscopia de imped\u00e2ncia"},"content":{"rendered":"<p><a href=\"https:\/\/www.ifsc.usp.br\/lavfis\/wp-content\/uploads\/2023\/11\/Simple-Z_Analisador-de-Impedancia.pdf\">Simple Z: Analisador de Imped\u00e2ncia<\/a><\/p>\n<p><a href=\"https:\/\/doi.org\/10.1109\/JSEN.2023.3312039\">Simple-Z A Low-Cost Portable Impedance Analyzer<\/a><\/p>\n<p><a href=\"https:\/\/www.ifsc.usp.br\/lavfis\/wp-content\/uploads\/2023\/11\/Espectroscopia-de-impedancia-no-laboratorio-de-ensino.pdf\">Espectroscopia de imped\u00e2ncia no laborat\u00f3rio de ensino<\/a><\/p>\n<p><a href=\"https:\/\/www.youtube.com\/watch?v=rRHHsD3imcs\">Resson\u00e2ncia &#8211; Circuito RLC<\/a><\/p>\n<p><a href=\"https:\/\/www.youtube.com\/watch?v=1Mdktk55FeA\">Aplica\u00e7\u00f5es de Circuitos Ressonantes: RLC<\/a><\/p>\n<p><a href=\"https:\/\/www.ifsc.usp.br\/lavfis\/wp-content\/uploads\/2023\/11\/Capacimetro-Digital-Modelo-HCP-200.pdf\">Capac\u00edmetro Digital Modelo HCP-200<\/a><\/p>\n\n\t\t<style type=\"text\/css\">\n\t\t\t#gallery-1 {\n\t\t\t\tmargin: auto;\n\t\t\t}\n\t\t\t#gallery-1 .gallery-item {\n\t\t\t\tfloat: left;\n\t\t\t\tmargin-top: 10px;\n\t\t\t\ttext-align: center;\n\t\t\t\twidth: 33%;\n\t\t\t}\n\t\t\t#gallery-1 img {\n\t\t\t\tborder: 2px solid #cfcfcf;\n\t\t\t}\n\t\t\t#gallery-1 .gallery-caption {\n\t\t\t\tmargin-left: 0;\n\t\t\t}\n\t\t\t\/* see gallery_shortcode() in wp-includes\/media.php *\/\n\t\t<\/style>\n\t\t<div id='gallery-1' class='gallery galleryid-9960 gallery-columns-3 gallery-size-thumbnail'><dl class='gallery-item'>\n\t\t\t<dt class='gallery-icon landscape'>\n\t\t\t\t<a href='https:\/\/www.ifsc.usp.br\/lavfis\/lab-avancado-409\/'><img decoding=\"async\" width=\"150\" height=\"150\" src=\"https:\/\/www.ifsc.usp.br\/lavfis\/wp-content\/uploads\/2023\/05\/lab-avancado-409-150x150.jpg\" class=\"attachment-thumbnail size-thumbnail\" alt=\"\" \/><\/a>\n\t\t\t<\/dt><\/dl><dl class='gallery-item'>\n\t\t\t<dt class='gallery-icon landscape'>\n\t\t\t\t<a href='https:\/\/www.ifsc.usp.br\/lavfis\/lab-avancado-410\/'><img decoding=\"async\" width=\"150\" height=\"150\" src=\"https:\/\/www.ifsc.usp.br\/lavfis\/wp-content\/uploads\/2023\/05\/lab-avancado-410-150x150.jpg\" class=\"attachment-thumbnail size-thumbnail\" alt=\"\" \/><\/a>\n\t\t\t<\/dt><\/dl><dl class='gallery-item'>\n\t\t\t<dt class='gallery-icon landscape'>\n\t\t\t\t<a href='https:\/\/www.ifsc.usp.br\/lavfis\/lab-avancado-411\/'><img decoding=\"async\" width=\"150\" height=\"150\" src=\"https:\/\/www.ifsc.usp.br\/lavfis\/wp-content\/uploads\/2023\/05\/lab-avancado-411-150x150.jpg\" class=\"attachment-thumbnail size-thumbnail\" alt=\"\" \/><\/a>\n\t\t\t<\/dt><\/dl><br style=\"clear: both\" \/>\n\t\t<\/div>\n\n","protected":false},"excerpt":{"rendered":"<p>Simple Z: Analisador de Imped\u00e2ncia Simple-Z A Low-Cost Portable Impedance Analyzer Espectroscopia de imped\u00e2ncia no laborat\u00f3rio de ensino Resson\u00e2ncia &#8211; Circuito RLC Aplica\u00e7\u00f5es de Circuitos Ressonantes: RLC Capac\u00edmetro Digital Modelo HCP-200<\/p>\n","protected":false},"author":4,"featured_media":0,"parent":0,"menu_order":0,"comment_status":"closed","ping_status":"closed","template":"","meta":{"footnotes":""},"class_list":["post-9960","page","type-page","status-publish","hentry"],"_links":{"self":[{"href":"https:\/\/www.ifsc.usp.br\/lavfis\/wp-json\/wp\/v2\/pages\/9960","targetHints":{"allow":["GET"]}}],"collection":[{"href":"https:\/\/www.ifsc.usp.br\/lavfis\/wp-json\/wp\/v2\/pages"}],"about":[{"href":"https:\/\/www.ifsc.usp.br\/lavfis\/wp-json\/wp\/v2\/types\/page"}],"author":[{"embeddable":true,"href":"https:\/\/www.ifsc.usp.br\/lavfis\/wp-json\/wp\/v2\/users\/4"}],"replies":[{"embeddable":true,"href":"https:\/\/www.ifsc.usp.br\/lavfis\/wp-json\/wp\/v2\/comments?post=9960"}],"version-history":[{"count":9,"href":"https:\/\/www.ifsc.usp.br\/lavfis\/wp-json\/wp\/v2\/pages\/9960\/revisions"}],"predecessor-version":[{"id":10355,"href":"https:\/\/www.ifsc.usp.br\/lavfis\/wp-json\/wp\/v2\/pages\/9960\/revisions\/10355"}],"wp:attachment":[{"href":"https:\/\/www.ifsc.usp.br\/lavfis\/wp-json\/wp\/v2\/media?parent=9960"}],"curies":[{"name":"wp","href":"https:\/\/api.w.org\/{rel}","templated":true}]}}