{"id":1261,"date":"2024-01-23T11:22:45","date_gmt":"2024-01-23T14:22:45","guid":{"rendered":"https:\/\/www.ifsc.usp.br\/~lef\/wplef\/?page_id=1261"},"modified":"2025-02-25T15:46:31","modified_gmt":"2025-02-25T18:46:31","slug":"central-de-links","status":"publish","type":"page","link":"https:\/\/www.ifsc.usp.br\/lef\/index.php\/central-de-links\/","title":{"rendered":"Central de links"},"content":{"rendered":"\t\t<div data-elementor-type=\"wp-page\" data-elementor-id=\"1261\" class=\"elementor elementor-1261\">\n\t\t\t\t\t\t<section class=\"elementor-section elementor-top-section elementor-element elementor-element-3e335a3 elementor-section-boxed elementor-section-height-default elementor-section-height-default\" data-id=\"3e335a3\" data-element_type=\"section\">\n\t\t\t\t\t\t<div class=\"elementor-container elementor-column-gap-default\">\n\t\t\t\t\t<div class=\"elementor-column elementor-col-100 elementor-top-column elementor-element elementor-element-6df12c2\" data-id=\"6df12c2\" data-element_type=\"column\">\n\t\t\t<div class=\"elementor-widget-wrap elementor-element-populated\">\n\t\t\t\t\t\t<div class=\"elementor-element elementor-element-6047c7a elementor-widget elementor-widget-toggle\" data-id=\"6047c7a\" data-element_type=\"widget\" data-widget_type=\"toggle.default\">\n\t\t\t\t<div class=\"elementor-widget-container\">\n\t\t\t\t\t\t\t<div class=\"elementor-toggle\">\n\t\t\t\t\t\t\t<div class=\"elementor-toggle-item\">\n\t\t\t\t\t<div id=\"elementor-tab-title-1001\" class=\"elementor-tab-title\" data-tab=\"1\" role=\"button\" aria-controls=\"elementor-tab-content-1001\" aria-expanded=\"false\">\n\t\t\t\t\t\t\t\t\t\t\t\t<span class=\"elementor-toggle-icon elementor-toggle-icon-left\" aria-hidden=\"true\">\n\t\t\t\t\t\t\t\t\t\t\t\t\t\t\t<span class=\"elementor-toggle-icon-closed\"><i class=\"fas fa-caret-right\"><\/i><\/span>\n\t\t\t\t\t\t\t\t<span class=\"elementor-toggle-icon-opened\"><i class=\"elementor-toggle-icon-opened fas fa-caret-up\"><\/i><\/span>\n\t\t\t\t\t\t\t\t\t\t\t\t\t<\/span>\n\t\t\t\t\t\t\t\t\t\t\t\t<a class=\"elementor-toggle-title\" tabindex=\"0\">Aulas<\/a>\n\t\t\t\t\t<\/div>\n\n\t\t\t\t\t<div id=\"elementor-tab-content-1001\" class=\"elementor-tab-content elementor-clearfix\" data-tab=\"1\" role=\"region\" aria-labelledby=\"elementor-tab-title-1001\"><p>\u00a0<a href=\"http:\/\/granada.ifsc.usp.br\/horarioSalas\/index.php\" target=\"_blank\" rel=\"noopener\">\u2666 Hor\u00e1rios de todas as aulas do dia atual<\/a><\/p><p><a href=\"https:\/\/sistemas.ifsc.usp.br\/reserva_salas2\/\" target=\"_blank\" rel=\"noopener\">\u2666 Hor\u00e1rios de Aula (por sala de aula)<\/a>\u00a0<\/p><p><strong>Respons\u00e1vel pelo agendamento:<\/strong>\u00a0<br \/>Aulas de Gradua\u00e7\u00e3o &#8211; ramal 9775\u00a0<br \/>Aulas de P\u00f3s-Gradua\u00e7\u00e3o &#8211; ramal 9777 \/ 8808 \/ 9589<\/p><\/div>\n\t\t\t\t<\/div>\n\t\t\t\t\t\t\t<div class=\"elementor-toggle-item\">\n\t\t\t\t\t<div id=\"elementor-tab-title-1002\" class=\"elementor-tab-title\" data-tab=\"2\" role=\"button\" aria-controls=\"elementor-tab-content-1002\" aria-expanded=\"false\">\n\t\t\t\t\t\t\t\t\t\t\t\t<span class=\"elementor-toggle-icon elementor-toggle-icon-left\" aria-hidden=\"true\">\n\t\t\t\t\t\t\t\t\t\t\t\t\t\t\t<span class=\"elementor-toggle-icon-closed\"><i class=\"fas fa-caret-right\"><\/i><\/span>\n\t\t\t\t\t\t\t\t<span class=\"elementor-toggle-icon-opened\"><i class=\"elementor-toggle-icon-opened fas fa-caret-up\"><\/i><\/span>\n\t\t\t\t\t\t\t\t\t\t\t\t\t<\/span>\n\t\t\t\t\t\t\t\t\t\t\t\t<a class=\"elementor-toggle-title\" tabindex=\"0\">Defesas<\/a>\n\t\t\t\t\t<\/div>\n\n\t\t\t\t\t<div id=\"elementor-tab-content-1002\" class=\"elementor-tab-content elementor-clearfix\" data-tab=\"2\" role=\"region\" aria-labelledby=\"elementor-tab-title-1002\"><p><a href=\"https:\/\/sistemas.ifsc.usp.br\/show-salas\/listar-reservas.php?sala_cod=13\" target=\"_blank\" rel=\"noopener\">\u2666\u00a0Reservas<\/a><\/p><p>\u00a0<strong>Respons\u00e1vel pelos agendamentos: \u00a0<\/strong>Setor de\u00a0P\u00f3s-Gradua\u00e7\u00e3o &#8211; ramal 9777 \/ 8808 \/ 9589<\/p><\/div>\n\t\t\t\t<\/div>\n\t\t\t\t\t\t\t<div class=\"elementor-toggle-item\">\n\t\t\t\t\t<div id=\"elementor-tab-title-1003\" class=\"elementor-tab-title\" data-tab=\"3\" role=\"button\" aria-controls=\"elementor-tab-content-1003\" aria-expanded=\"false\">\n\t\t\t\t\t\t\t\t\t\t\t\t<span class=\"elementor-toggle-icon elementor-toggle-icon-left\" aria-hidden=\"true\">\n\t\t\t\t\t\t\t\t\t\t\t\t\t\t\t<span class=\"elementor-toggle-icon-closed\"><i class=\"fas fa-caret-right\"><\/i><\/span>\n\t\t\t\t\t\t\t\t<span class=\"elementor-toggle-icon-opened\"><i class=\"elementor-toggle-icon-opened fas fa-caret-up\"><\/i><\/span>\n\t\t\t\t\t\t\t\t\t\t\t\t\t<\/span>\n\t\t\t\t\t\t\t\t\t\t\t\t<a class=\"elementor-toggle-title\" tabindex=\"0\">Laborat\u00f3rios do LEF<\/a>\n\t\t\t\t\t<\/div>\n\n\t\t\t\t\t<div id=\"elementor-tab-content-1003\" class=\"elementor-tab-content elementor-clearfix\" data-tab=\"3\" role=\"region\" aria-labelledby=\"elementor-tab-title-1003\"><p><a href=\"http:\/\/granada.ifsc.usp.br\/sislef\/index-showReqs.php\" target=\"_blank\" rel=\"noopener\">\u2666 Reservas para hor\u00e1rios &#8220;Extra Aula&#8221;<\/a>\u00a0<br \/><strong>Respons\u00e1vel pelos agendamentos:<\/strong>\u00a0Observar a coluna\u00a0<strong>&#8220;Respons\u00e1vel&#8221;<\/strong>\u00a0da p\u00e1gina que ser\u00e1 exibida\u00a0<\/p><p>\u2666 Consulta de alunos que podem utilizar os<a href=\"http:\/\/basalto.ifsc.usp.br\/index-listaUsuarios.php\" target=\"_self\">\u00a0<\/a>labs de computa\u00e7\u00e3o 205 e 206 &#8211; sistema Petrus\u00a0<br \/><strong>Respons\u00e1vel pelas listagens:<\/strong>\u00a0Daniele &#8211; ramal 8655\u00a0<\/p><\/div>\n\t\t\t\t<\/div>\n\t\t\t\t\t\t\t<div class=\"elementor-toggle-item\">\n\t\t\t\t\t<div id=\"elementor-tab-title-1004\" class=\"elementor-tab-title\" data-tab=\"4\" role=\"button\" aria-controls=\"elementor-tab-content-1004\" aria-expanded=\"false\">\n\t\t\t\t\t\t\t\t\t\t\t\t<span class=\"elementor-toggle-icon elementor-toggle-icon-left\" aria-hidden=\"true\">\n\t\t\t\t\t\t\t\t\t\t\t\t\t\t\t<span class=\"elementor-toggle-icon-closed\"><i class=\"fas fa-caret-right\"><\/i><\/span>\n\t\t\t\t\t\t\t\t<span class=\"elementor-toggle-icon-opened\"><i class=\"elementor-toggle-icon-opened fas fa-caret-up\"><\/i><\/span>\n\t\t\t\t\t\t\t\t\t\t\t\t\t<\/span>\n\t\t\t\t\t\t\t\t\t\t\t\t<a class=\"elementor-toggle-title\" tabindex=\"0\">Locais de eventos<\/a>\n\t\t\t\t\t<\/div>\n\n\t\t\t\t\t<div id=\"elementor-tab-content-1004\" class=\"elementor-tab-content elementor-clearfix\" data-tab=\"4\" role=\"region\" aria-labelledby=\"elementor-tab-title-1004\"><p>\u00a0<a href=\"http:\/\/granada.ifsc.usp.br\/horarioSalas\/index-salasEventos.php\" target=\"_blank\" rel=\"noopener\">\u2666 Atividades do dia atual em todas as salas<\/a><\/p><p><a href=\"https:\/\/sistemas.ifsc.usp.br\/reserva_salas2\/\" target=\"_blank\" rel=\"noopener\">\u2666 Listagem das reservas<\/a><\/p><p><strong>Respons\u00e1vel pelas reservas:<\/strong>\u00a0<\/p><\/div>\n\t\t\t\t<\/div>\n\t\t\t\t\t\t\t<div class=\"elementor-toggle-item\">\n\t\t\t\t\t<div id=\"elementor-tab-title-1005\" class=\"elementor-tab-title\" data-tab=\"5\" role=\"button\" aria-controls=\"elementor-tab-content-1005\" aria-expanded=\"false\">\n\t\t\t\t\t\t\t\t\t\t\t\t<span class=\"elementor-toggle-icon elementor-toggle-icon-left\" aria-hidden=\"true\">\n\t\t\t\t\t\t\t\t\t\t\t\t\t\t\t<span class=\"elementor-toggle-icon-closed\"><i class=\"fas fa-caret-right\"><\/i><\/span>\n\t\t\t\t\t\t\t\t<span class=\"elementor-toggle-icon-opened\"><i class=\"elementor-toggle-icon-opened fas fa-caret-up\"><\/i><\/span>\n\t\t\t\t\t\t\t\t\t\t\t\t\t<\/span>\n\t\t\t\t\t\t\t\t\t\t\t\t<a class=\"elementor-toggle-title\" tabindex=\"0\">Salas os grupos de pesquisas<\/a>\n\t\t\t\t\t<\/div>\n\n\t\t\t\t\t<div id=\"elementor-tab-content-1005\" class=\"elementor-tab-content elementor-clearfix\" data-tab=\"5\" role=\"region\" aria-labelledby=\"elementor-tab-title-1005\"><p><a href=\"http:\/\/granada.ifsc.usp.br\/horarioSalas\/index-salasGrupo.php\" target=\"_blank\" rel=\"noopener\">\u2666 Atividades do dia atual em todas as salas<\/a><\/p><p><a href=\"https:\/\/sistemas.ifsc.usp.br\/show-salas\/\" target=\"_blank\" rel=\"noopener\">\u2666 Listagem das reservas<\/a><\/p><p><strong>Respons\u00e1vel pelas reservas:<\/strong>\u00a0Observar o item &#8220;Reservas&#8221; na p\u00e1gina que ser\u00e1 exibida\u00a0<\/p><\/div>\n\t\t\t\t<\/div>\n\t\t\t\t\t\t\t\t<\/div>\n\t\t\t\t\t\t<\/div>\n\t\t\t\t<\/div>\n\t\t\t\t\t<\/div>\n\t\t<\/div>\n\t\t\t\t\t<\/div>\n\t\t<\/section>\n\t\t\t\t<\/div>\n\t\t","protected":false},"excerpt":{"rendered":"<p>Aulas \u00a0\u2666 Hor\u00e1rios de todas as aulas do dia atual \u2666 Hor\u00e1rios de Aula (por sala de aula)\u00a0 Respons\u00e1vel pelo agendamento:\u00a0Aulas de Gradua\u00e7\u00e3o &#8211; ramal 9775\u00a0Aulas de P\u00f3s-Gradua\u00e7\u00e3o &#8211; ramal 9777 \/ 8808 \/ 9589 Defesas \u2666\u00a0Reservas \u00a0Respons\u00e1vel pelos agendamentos: \u00a0Setor de\u00a0P\u00f3s-Gradua\u00e7\u00e3o &#8211; ramal 9777 \/ 8808 \/ 9589 Laborat\u00f3rios do LEF \u2666 Reservas para [&hellip;]<\/p>\n","protected":false},"author":1,"featured_media":0,"parent":0,"menu_order":0,"comment_status":"closed","ping_status":"closed","template":"","meta":{"footnotes":""},"class_list":["post-1261","page","type-page","status-publish","hentry"],"_links":{"self":[{"href":"https:\/\/www.ifsc.usp.br\/lef\/index.php\/wp-json\/wp\/v2\/pages\/1261","targetHints":{"allow":["GET"]}}],"collection":[{"href":"https:\/\/www.ifsc.usp.br\/lef\/index.php\/wp-json\/wp\/v2\/pages"}],"about":[{"href":"https:\/\/www.ifsc.usp.br\/lef\/index.php\/wp-json\/wp\/v2\/types\/page"}],"author":[{"embeddable":true,"href":"https:\/\/www.ifsc.usp.br\/lef\/index.php\/wp-json\/wp\/v2\/users\/1"}],"replies":[{"embeddable":true,"href":"https:\/\/www.ifsc.usp.br\/lef\/index.php\/wp-json\/wp\/v2\/comments?post=1261"}],"version-history":[{"count":31,"href":"https:\/\/www.ifsc.usp.br\/lef\/index.php\/wp-json\/wp\/v2\/pages\/1261\/revisions"}],"predecessor-version":[{"id":2035,"href":"https:\/\/www.ifsc.usp.br\/lef\/index.php\/wp-json\/wp\/v2\/pages\/1261\/revisions\/2035"}],"wp:attachment":[{"href":"https:\/\/www.ifsc.usp.br\/lef\/index.php\/wp-json\/wp\/v2\/media?parent=1261"}],"curies":[{"name":"wp","href":"https:\/\/api.w.org\/{rel}","templated":true}]}}