{"id":1288,"date":"2024-01-23T11:40:04","date_gmt":"2024-01-23T14:40:04","guid":{"rendered":"https:\/\/www.ifsc.usp.br\/~lef\/wplef\/?page_id=1288"},"modified":"2024-02-01T15:39:12","modified_gmt":"2024-02-01T18:39:12","slug":"contatos","status":"publish","type":"page","link":"https:\/\/www.ifsc.usp.br\/lef\/index.php\/contatos\/","title":{"rendered":"Contatos"},"content":{"rendered":"\t\t<div data-elementor-type=\"wp-page\" data-elementor-id=\"1288\" class=\"elementor elementor-1288\">\n\t\t\t\t\t\t<section class=\"elementor-section elementor-top-section elementor-element elementor-element-4c4051c elementor-section-boxed elementor-section-height-default elementor-section-height-default\" data-id=\"4c4051c\" data-element_type=\"section\">\n\t\t\t\t\t\t<div class=\"elementor-container elementor-column-gap-default\">\n\t\t\t\t\t<div class=\"elementor-column elementor-col-100 elementor-top-column elementor-element elementor-element-954d47b\" data-id=\"954d47b\" data-element_type=\"column\">\n\t\t\t<div class=\"elementor-widget-wrap elementor-element-populated\">\n\t\t\t\t\t\t<div class=\"elementor-element elementor-element-897e315 elementor-widget elementor-widget-toggle\" data-id=\"897e315\" data-element_type=\"widget\" data-widget_type=\"toggle.default\">\n\t\t\t\t<div class=\"elementor-widget-container\">\n\t\t\t\t\t\t\t<div class=\"elementor-toggle\">\n\t\t\t\t\t\t\t<div class=\"elementor-toggle-item\">\n\t\t\t\t\t<div id=\"elementor-tab-title-1441\" class=\"elementor-tab-title\" data-tab=\"1\" role=\"button\" aria-controls=\"elementor-tab-content-1441\" aria-expanded=\"false\">\n\t\t\t\t\t\t\t\t\t\t\t\t<span class=\"elementor-toggle-icon elementor-toggle-icon-left\" aria-hidden=\"true\">\n\t\t\t\t\t\t\t\t\t\t\t\t\t\t\t<span class=\"elementor-toggle-icon-closed\"><i class=\"fas fa-caret-right\"><\/i><\/span>\n\t\t\t\t\t\t\t\t<span class=\"elementor-toggle-icon-opened\"><i class=\"elementor-toggle-icon-opened fas fa-caret-up\"><\/i><\/span>\n\t\t\t\t\t\t\t\t\t\t\t\t\t<\/span>\n\t\t\t\t\t\t\t\t\t\t\t\t<a class=\"elementor-toggle-title\" tabindex=\"0\">Campus I<\/a>\n\t\t\t\t\t<\/div>\n\n\t\t\t\t\t<div id=\"elementor-tab-content-1441\" class=\"elementor-tab-content elementor-clearfix\" data-tab=\"1\" role=\"region\" aria-labelledby=\"elementor-tab-title-1441\"><p>Instituto de F\u00edsica de S\u00e3o Carlos<br \/>Av. Trabalhador S\u00e3o-Carlense, 400 <a href=\"https:\/\/goo.gl\/maps\/18Pqxs8Tkx2Coajx9\" target=\"_blank\" rel=\"noopener\">(como chegar)<\/a><br \/>Bairro Arnold Schimidt<br \/>CEP: 13.566-590 &#8211; S\u00e3o Carlos &#8211; SP<br \/>Portaria: (16) 3373-9767<br \/><span id=\"cloak3062fed0a0a22ffa3deafd27b3e18776\"><a href=\"mailto:secretarialef@ifsc.usp.br\">@\u00a0Secretaria:<\/a><\/span>\u00a0(16) 3373-9761<\/p><\/div>\n\t\t\t\t<\/div>\n\t\t\t\t\t\t\t<div class=\"elementor-toggle-item\">\n\t\t\t\t\t<div id=\"elementor-tab-title-1442\" class=\"elementor-tab-title\" data-tab=\"2\" role=\"button\" aria-controls=\"elementor-tab-content-1442\" aria-expanded=\"false\">\n\t\t\t\t\t\t\t\t\t\t\t\t<span class=\"elementor-toggle-icon elementor-toggle-icon-left\" aria-hidden=\"true\">\n\t\t\t\t\t\t\t\t\t\t\t\t\t\t\t<span class=\"elementor-toggle-icon-closed\"><i class=\"fas fa-caret-right\"><\/i><\/span>\n\t\t\t\t\t\t\t\t<span class=\"elementor-toggle-icon-opened\"><i class=\"elementor-toggle-icon-opened fas fa-caret-up\"><\/i><\/span>\n\t\t\t\t\t\t\t\t\t\t\t\t\t<\/span>\n\t\t\t\t\t\t\t\t\t\t\t\t<a class=\"elementor-toggle-title\" tabindex=\"0\">Campus II<\/a>\n\t\t\t\t\t<\/div>\n\n\t\t\t\t\t<div id=\"elementor-tab-content-1442\" class=\"elementor-tab-content elementor-clearfix\" data-tab=\"2\" role=\"region\" aria-labelledby=\"elementor-tab-title-1442\"><p>Conjunto de Apoio Did\u00e1tico&nbsp;<a href=\"https:\/\/maps.app.goo.gl\/iGTTfiXni1UHzVpb9\" target=\"_blank\">(como chegar)<\/a><br>Av. Jo\u00e3o Dagnone, 1100&nbsp;&nbsp;<br>Santa Angelina&nbsp;<br>CEP:13563-120 &#8211; S\u00e3o Carlos &#8211; SP&nbsp;<br>(16) 3373-8314 \/ 3373-8382<\/p><\/div>\n\t\t\t\t<\/div>\n\t\t\t\t\t\t\t\t<\/div>\n\t\t\t\t\t\t<\/div>\n\t\t\t\t<\/div>\n\t\t\t\t\t<\/div>\n\t\t<\/div>\n\t\t\t\t\t<\/div>\n\t\t<\/section>\n\t\t\t\t<\/div>\n\t\t","protected":false},"excerpt":{"rendered":"<p>Campus I Instituto de F\u00edsica de S\u00e3o CarlosAv. Trabalhador S\u00e3o-Carlense, 400 (como chegar)Bairro Arnold SchimidtCEP: 13.566-590 &#8211; S\u00e3o Carlos &#8211; SPPortaria: (16) 3373-9767@\u00a0Secretaria:\u00a0(16) 3373-9761 Campus II Conjunto de Apoio Did\u00e1tico&nbsp;(como chegar)Av. Jo\u00e3o Dagnone, 1100&nbsp;&nbsp;Santa Angelina&nbsp;CEP:13563-120 &#8211; S\u00e3o Carlos &#8211; SP&nbsp;(16) 3373-8314 \/ 3373-8382<\/p>\n","protected":false},"author":1,"featured_media":0,"parent":0,"menu_order":0,"comment_status":"closed","ping_status":"closed","template":"","meta":{"footnotes":""},"class_list":["post-1288","page","type-page","status-publish","hentry"],"_links":{"self":[{"href":"https:\/\/www.ifsc.usp.br\/lef\/index.php\/wp-json\/wp\/v2\/pages\/1288","targetHints":{"allow":["GET"]}}],"collection":[{"href":"https:\/\/www.ifsc.usp.br\/lef\/index.php\/wp-json\/wp\/v2\/pages"}],"about":[{"href":"https:\/\/www.ifsc.usp.br\/lef\/index.php\/wp-json\/wp\/v2\/types\/page"}],"author":[{"embeddable":true,"href":"https:\/\/www.ifsc.usp.br\/lef\/index.php\/wp-json\/wp\/v2\/users\/1"}],"replies":[{"embeddable":true,"href":"https:\/\/www.ifsc.usp.br\/lef\/index.php\/wp-json\/wp\/v2\/comments?post=1288"}],"version-history":[{"count":28,"href":"https:\/\/www.ifsc.usp.br\/lef\/index.php\/wp-json\/wp\/v2\/pages\/1288\/revisions"}],"predecessor-version":[{"id":1335,"href":"https:\/\/www.ifsc.usp.br\/lef\/index.php\/wp-json\/wp\/v2\/pages\/1288\/revisions\/1335"}],"wp:attachment":[{"href":"https:\/\/www.ifsc.usp.br\/lef\/index.php\/wp-json\/wp\/v2\/media?parent=1288"}],"curies":[{"name":"wp","href":"https:\/\/api.w.org\/{rel}","templated":true}]}}