{"id":1386,"date":"2024-02-01T15:34:01","date_gmt":"2024-02-01T18:34:01","guid":{"rendered":"https:\/\/www.ifsc.usp.br\/~lef\/wplef\/?page_id=1386"},"modified":"2026-03-24T10:10:42","modified_gmt":"2026-03-24T13:10:42","slug":"laboratorios-de-computacao","status":"publish","type":"page","link":"https:\/\/www.ifsc.usp.br\/lef\/index.php\/laboratorios-de-computacao\/","title":{"rendered":"Laborat\u00f3rios de computa\u00e7\u00e3o"},"content":{"rendered":"\t\t<div data-elementor-type=\"wp-page\" data-elementor-id=\"1386\" class=\"elementor elementor-1386\">\n\t\t\t\t\t\t<section class=\"elementor-section elementor-top-section elementor-element elementor-element-fad7e88 elementor-section-boxed elementor-section-height-default elementor-section-height-default\" data-id=\"fad7e88\" data-element_type=\"section\">\n\t\t\t\t\t\t<div class=\"elementor-container elementor-column-gap-default\">\n\t\t\t\t\t<div class=\"elementor-column elementor-col-50 elementor-top-column elementor-element elementor-element-60a3150\" data-id=\"60a3150\" data-element_type=\"column\">\n\t\t\t<div class=\"elementor-widget-wrap elementor-element-populated\">\n\t\t\t\t\t\t<div class=\"elementor-element elementor-element-3b007a0 elementor-invisible elementor-widget elementor-widget-image\" data-id=\"3b007a0\" data-element_type=\"widget\" data-settings=\"{&quot;_animation&quot;:&quot;pulse&quot;}\" data-widget_type=\"image.default\">\n\t\t\t\t<div class=\"elementor-widget-container\">\n\t\t\t\t\t\t\t\t\t\t\t\t<figure class=\"wp-caption\">\n\t\t\t\t\t\t\t\t\t\t<img fetchpriority=\"high\" decoding=\"async\" width=\"580\" height=\"435\" src=\"https:\/\/www.ifsc.usp.br\/lef\/wp-content\/uploads\/2024\/02\/lab205-2023-1024x768.jpg\" class=\"elementor-animation-pulse attachment-large size-large wp-image-1444\" alt=\"\" srcset=\"https:\/\/www.ifsc.usp.br\/lef\/wp-content\/uploads\/2024\/02\/lab205-2023-1024x768.jpg 1024w, https:\/\/www.ifsc.usp.br\/lef\/wp-content\/uploads\/2024\/02\/lab205-2023-300x225.jpg 300w, https:\/\/www.ifsc.usp.br\/lef\/wp-content\/uploads\/2024\/02\/lab205-2023-768x576.jpg 768w, https:\/\/www.ifsc.usp.br\/lef\/wp-content\/uploads\/2024\/02\/lab205-2023-1536x1152.jpg 1536w, https:\/\/www.ifsc.usp.br\/lef\/wp-content\/uploads\/2024\/02\/lab205-2023-2048x1536.jpg 2048w, https:\/\/www.ifsc.usp.br\/lef\/wp-content\/uploads\/2024\/02\/lab205-2023-1200x900.jpg 1200w, https:\/\/www.ifsc.usp.br\/lef\/wp-content\/uploads\/2024\/02\/lab205-2023-1980x1485.jpg 1980w\" sizes=\"(max-width: 580px) 100vw, 580px\" \/>\t\t\t\t\t\t\t\t\t\t\t<figcaption class=\"widget-image-caption wp-caption-text\">Lab 205 (30 lugares)<\/figcaption>\n\t\t\t\t\t\t\t\t\t\t<\/figure>\n\t\t\t\t\t\t\t\t\t<\/div>\n\t\t\t\t<\/div>\n\t\t\t\t\t<\/div>\n\t\t<\/div>\n\t\t\t\t<div class=\"elementor-column elementor-col-50 elementor-top-column elementor-element elementor-element-8e1f782\" data-id=\"8e1f782\" data-element_type=\"column\">\n\t\t\t<div class=\"elementor-widget-wrap elementor-element-populated\">\n\t\t\t\t\t\t<div class=\"elementor-element elementor-element-2b3504c elementor-invisible elementor-widget elementor-widget-image\" data-id=\"2b3504c\" data-element_type=\"widget\" data-settings=\"{&quot;_animation&quot;:&quot;pulse&quot;}\" data-widget_type=\"image.default\">\n\t\t\t\t<div class=\"elementor-widget-container\">\n\t\t\t\t\t\t\t\t\t\t\t\t<figure class=\"wp-caption\">\n\t\t\t\t\t\t\t\t\t\t<img decoding=\"async\" width=\"580\" height=\"435\" src=\"https:\/\/www.ifsc.usp.br\/lef\/wp-content\/uploads\/2022\/02\/lab206-2022-1024x768.jpg\" class=\"elementor-animation-pulse attachment-large size-large wp-image-938\" alt=\"\" srcset=\"https:\/\/www.ifsc.usp.br\/lef\/wp-content\/uploads\/2022\/02\/lab206-2022-1024x768.jpg 1024w, https:\/\/www.ifsc.usp.br\/lef\/wp-content\/uploads\/2022\/02\/lab206-2022-300x225.jpg 300w, https:\/\/www.ifsc.usp.br\/lef\/wp-content\/uploads\/2022\/02\/lab206-2022-768x576.jpg 768w, https:\/\/www.ifsc.usp.br\/lef\/wp-content\/uploads\/2022\/02\/lab206-2022-1536x1152.jpg 1536w, https:\/\/www.ifsc.usp.br\/lef\/wp-content\/uploads\/2022\/02\/lab206-2022-2048x1536.jpg 2048w, https:\/\/www.ifsc.usp.br\/lef\/wp-content\/uploads\/2022\/02\/lab206-2022-1200x900.jpg 1200w, https:\/\/www.ifsc.usp.br\/lef\/wp-content\/uploads\/2022\/02\/lab206-2022-1980x1485.jpg 1980w\" sizes=\"(max-width: 580px) 100vw, 580px\" \/>\t\t\t\t\t\t\t\t\t\t\t<figcaption class=\"widget-image-caption wp-caption-text\">Lab 206 (40 lugares)<\/figcaption>\n\t\t\t\t\t\t\t\t\t\t<\/figure>\n\t\t\t\t\t\t\t\t\t<\/div>\n\t\t\t\t<\/div>\n\t\t\t\t\t<\/div>\n\t\t<\/div>\n\t\t\t\t\t<\/div>\n\t\t<\/section>\n\t\t\t\t<section class=\"elementor-section elementor-top-section elementor-element elementor-element-591502e elementor-section-boxed elementor-section-height-default elementor-section-height-default\" data-id=\"591502e\" data-element_type=\"section\">\n\t\t\t\t\t\t<div class=\"elementor-container elementor-column-gap-default\">\n\t\t\t\t\t<div class=\"elementor-column elementor-col-100 elementor-top-column elementor-element elementor-element-a84522a\" data-id=\"a84522a\" data-element_type=\"column\">\n\t\t\t<div class=\"elementor-widget-wrap elementor-element-populated\">\n\t\t\t\t\t\t<div class=\"elementor-element elementor-element-9f93ee6 elementor-widget elementor-widget-toggle\" data-id=\"9f93ee6\" data-element_type=\"widget\" data-widget_type=\"toggle.default\">\n\t\t\t\t<div class=\"elementor-widget-container\">\n\t\t\t\t\t\t\t<div class=\"elementor-toggle\">\n\t\t\t\t\t\t\t<div class=\"elementor-toggle-item\">\n\t\t\t\t\t<div id=\"elementor-tab-title-1671\" class=\"elementor-tab-title\" data-tab=\"1\" role=\"button\" aria-controls=\"elementor-tab-content-1671\" aria-expanded=\"false\">\n\t\t\t\t\t\t\t\t\t\t\t\t<span class=\"elementor-toggle-icon elementor-toggle-icon-left\" aria-hidden=\"true\">\n\t\t\t\t\t\t\t\t\t\t\t\t\t\t\t<span class=\"elementor-toggle-icon-closed\"><i class=\"fas fa-caret-right\"><\/i><\/span>\n\t\t\t\t\t\t\t\t<span class=\"elementor-toggle-icon-opened\"><i class=\"elementor-toggle-icon-opened fas fa-caret-up\"><\/i><\/span>\n\t\t\t\t\t\t\t\t\t\t\t\t\t<\/span>\n\t\t\t\t\t\t\t\t\t\t\t\t<a class=\"elementor-toggle-title\" tabindex=\"0\">Hor\u00e1rios de aulas<\/a>\n\t\t\t\t\t<\/div>\n\n\t\t\t\t\t<div id=\"elementor-tab-content-1671\" class=\"elementor-tab-content elementor-clearfix\" data-tab=\"1\" role=\"region\" aria-labelledby=\"elementor-tab-title-1671\"><p><a href=\"https:\/\/www.ifsc.usp.br\/lef\/wp-content\/uploads\/2026\/03\/HorarioLabsComp-1-2026-vertical.pdf\" target=\"_blank\" rel=\"noopener\">Hor\u00e1rios<\/a>\u00a0<\/p><p>OBS: Os alunos regularmente matriculados nas disciplinas que utilizam esses laborat\u00f3rios podem utiliz\u00e1-los de segunda a sexta, das 07h \u00e0s 23h desde que n\u00e3o tenha aula agendada. Basta se dirigir a portaria do LEF com sua carteirinha USP.<\/p><\/div>\n\t\t\t\t<\/div>\n\t\t\t\t\t\t\t<div class=\"elementor-toggle-item\">\n\t\t\t\t\t<div id=\"elementor-tab-title-1672\" class=\"elementor-tab-title\" data-tab=\"2\" role=\"button\" aria-controls=\"elementor-tab-content-1672\" aria-expanded=\"false\">\n\t\t\t\t\t\t\t\t\t\t\t\t<span class=\"elementor-toggle-icon elementor-toggle-icon-left\" aria-hidden=\"true\">\n\t\t\t\t\t\t\t\t\t\t\t\t\t\t\t<span class=\"elementor-toggle-icon-closed\"><i class=\"fas fa-caret-right\"><\/i><\/span>\n\t\t\t\t\t\t\t\t<span class=\"elementor-toggle-icon-opened\"><i class=\"elementor-toggle-icon-opened fas fa-caret-up\"><\/i><\/span>\n\t\t\t\t\t\t\t\t\t\t\t\t\t<\/span>\n\t\t\t\t\t\t\t\t\t\t\t\t<a class=\"elementor-toggle-title\" tabindex=\"0\">Usu\u00e1rios<\/a>\n\t\t\t\t\t<\/div>\n\n\t\t\t\t\t<div id=\"elementor-tab-content-1672\" class=\"elementor-tab-content elementor-clearfix\" data-tab=\"2\" role=\"region\" aria-labelledby=\"elementor-tab-title-1672\"><p>Os cadastros s\u00e3o feitos automaticamente para os alunos cuja matricula foi efetivada. Para demais casos, solicite o cadastro seguindo os passos abaixo:<\/p><p>1)\u00a0No sistema J\u00fapiter, gere um ATESTADO DE MATR\u00cdCULA COM AS DISCIPLINAS (Menu Emiss\u00e3o de documentos -&gt; documentos -&gt; selecione a 4a op\u00e7\u00e3o)<\/p><p>2)\u00a0Copie o\u00a0C\u00d3DIGO DE CONTROLE DE AUTENTICIDADEdo documento gerado (no fim do atestado com o formato XXXX-XXXX-XXXX-XXXX)<\/p><p>3) Utilizando seu email USP, envie o C\u00d3DIGO DE CONTROLE DE AUTENTICIDADE para dsjdani[@]ifsc.usp.br com o titulo do email &#8220;Cadastro labs computa\u00e7\u00e3o&#8221;<\/p><p>4)\u00a0Voc\u00ea receber\u00e1 um email comunicando a cria\u00e7\u00e3o da conta<\/p><\/div>\n\t\t\t\t<\/div>\n\t\t\t\t\t\t\t<div class=\"elementor-toggle-item\">\n\t\t\t\t\t<div id=\"elementor-tab-title-1673\" class=\"elementor-tab-title\" data-tab=\"3\" role=\"button\" aria-controls=\"elementor-tab-content-1673\" aria-expanded=\"false\">\n\t\t\t\t\t\t\t\t\t\t\t\t<span class=\"elementor-toggle-icon elementor-toggle-icon-left\" aria-hidden=\"true\">\n\t\t\t\t\t\t\t\t\t\t\t\t\t\t\t<span class=\"elementor-toggle-icon-closed\"><i class=\"fas fa-caret-right\"><\/i><\/span>\n\t\t\t\t\t\t\t\t<span class=\"elementor-toggle-icon-opened\"><i class=\"elementor-toggle-icon-opened fas fa-caret-up\"><\/i><\/span>\n\t\t\t\t\t\t\t\t\t\t\t\t\t<\/span>\n\t\t\t\t\t\t\t\t\t\t\t\t<a class=\"elementor-toggle-title\" tabindex=\"0\">Download\/Instru\u00e7\u00f5es<\/a>\n\t\t\t\t\t<\/div>\n\n\t\t\t\t\t<div id=\"elementor-tab-content-1673\" class=\"elementor-tab-content elementor-clearfix\" data-tab=\"3\" role=\"region\" aria-labelledby=\"elementor-tab-title-1673\"><p><strong>Fiscomp<\/strong><\/p><p><a href=\"https:\/\/www.ifsc.usp.br\/lef\/wp-content\/uploads\/2024\/02\/acessoRemotoBasalto.pdf\" target=\"_blank\" rel=\"noopener\">Acesso Remoto Basalto<\/a><\/p><p><a href=\"https:\/\/drive.google.com\/file\/d\/1m5DacEQF6g1sJp1mMqJVLRoCRp4xSPMv\/view?usp=sharing\" target=\"_blank\" rel=\"noopener\">Video tutorial para enviar projeto de F\u00edsica Computacional na Basalto &#8211; turma Prof. Alcaraz &#8211; ssh<\/a><\/p><p><a href=\"https:\/\/www.ifsc.usp.br\/lef\/wp-content\/uploads\/2025\/03\/utilizandoFilezilla.mp4\" target=\"_blank\" rel=\"noopener\">V\u00eddeo tutorial para enviar projetos para Basalto &#8211; Filezilla<\/a><\/p><p><a href=\"https:\/\/plasma-gate.weizmann.ac.il\/Grace\/doc\/UsersGuide.html\" target=\"_blank\" rel=\"noopener\">Guia XMGrace<\/a><\/p><p><strong>Fortran<\/strong><\/p><p><a href=\"https:\/\/www.ifsc.usp.br\/lef\/wp-content\/uploads\/2024\/02\/CartaoRefFortran.pdf\" target=\"_blank\" rel=\"noopener\">Cartao de Refer\u00eancia Fortran 77<\/a><\/p><p><a href=\"https:\/\/www.ifsc.usp.br\/lef\/wp-content\/uploads\/2024\/02\/cartaoRefFortran90.pdf\" target=\"_blank\" rel=\"noopener\">Cart\u00e3o de Refer\u00eancia Fortran 90<\/a><\/p><p><a href=\"https:\/\/www.youtube.com\/watch?v=wcTxk3xM4X4\" target=\"_blank\" rel=\"noopener\">Utilizar compilador gfortran em Windows<\/a><\/p><p><strong>Linux<\/strong><\/p><p><a href=\"https:\/\/www.ifsc.usp.br\/lef\/wp-content\/uploads\/2025\/02\/interfaceGnome.mp4\" target=\"_blank\" rel=\"noopener\">Apresenta\u00e7\u00e3o da interface gr\u00e1fica Gnome<\/a><\/p><p><a href=\"https:\/\/www.ifsc.usp.br\/lef\/wp-content\/uploads\/2024\/02\/CartaoRefLinux.pdf\" target=\"_blank\" rel=\"noopener\">Cartao de Refer\u00eancia Linux<\/a><\/p><p><a href=\"https:\/\/www.ifsc.usp.br\/lef\/wp-content\/uploads\/2024\/09\/maqVirtual-08-2024.pdf\" target=\"_blank\" rel=\"noopener\">Passo a passo para instalar\u00a0M\u00e1quina Virtual<\/a><\/p><p><a href=\"http:\/\/granada.ifsc.usp.br\/downloads\/linuxMint-08-2024.ova\" target=\"_blank\" rel=\"noopener\">M\u00e1quina Virtual Linux Mint &#8211; semestre 2\/2024 <\/a>(clicar com bot\u00e3o direito do mouse &#8211; &#8220;Salvar link como&#8221;)<\/p><p><a href=\"https:\/\/www.youtube.com\/watch?v=-WKu8DxIvQ0\" target=\"_blank\" rel=\"noopener\">V\u00eddeo-tutorial para instalar WSL no Windows e usar VSCode (criado por Filipe Antunes Marinho)<\/a><\/p><p><a href=\"https:\/\/ubuntu.com\/tutorials\/install-ubuntu-on-wsl2-on-windows-11-with-gui-support#1-overview\" target=\"_blank\" rel=\"noopener\">WSL\/Ubuntu no\u00a0Windows<\/a><\/p><p><strong>Windows<\/strong><\/p><p><a href=\"https:\/\/www.ifsc.usp.br\/lef\/wp-content\/uploads\/2024\/08\/comoUsarMaquinaVirtualWindows.mp4\" target=\"_blank\" rel=\"noopener\">Como usar m\u00e1quina virtual Windows<\/a> (por Leonardo Henrique Zanotta)<\/p><\/div>\n\t\t\t\t<\/div>\n\t\t\t\t\t\t\t<div class=\"elementor-toggle-item\">\n\t\t\t\t\t<div id=\"elementor-tab-title-1674\" class=\"elementor-tab-title\" data-tab=\"4\" role=\"button\" aria-controls=\"elementor-tab-content-1674\" aria-expanded=\"false\">\n\t\t\t\t\t\t\t\t\t\t\t\t<span class=\"elementor-toggle-icon elementor-toggle-icon-left\" aria-hidden=\"true\">\n\t\t\t\t\t\t\t\t\t\t\t\t\t\t\t<span class=\"elementor-toggle-icon-closed\"><i class=\"fas fa-caret-right\"><\/i><\/span>\n\t\t\t\t\t\t\t\t<span class=\"elementor-toggle-icon-opened\"><i class=\"elementor-toggle-icon-opened fas fa-caret-up\"><\/i><\/span>\n\t\t\t\t\t\t\t\t\t\t\t\t\t<\/span>\n\t\t\t\t\t\t\t\t\t\t\t\t<a class=\"elementor-toggle-title\" tabindex=\"0\">Contato<\/a>\n\t\t\t\t\t<\/div>\n\n\t\t\t\t\t<div id=\"elementor-tab-content-1674\" class=\"elementor-tab-content elementor-clearfix\" data-tab=\"4\" role=\"region\" aria-labelledby=\"elementor-tab-title-1674\"><div class=\"art-contentLayout\"><div class=\"art-content\"><div class=\"art-Post\"><div class=\"art-Post-body\"><div class=\"art-Post-inner\"><div class=\"art-PostContent\"><div class=\"item-page\"><div><p><span id=\"cloak3e460a360ef4c9afa79264645b7d99ef\"><a href=\"mailto:dsjdani@ifsc.usp.br?subject=LabsComputacao\">T\u00e9cnico respons\u00e1vel pelo laborat\u00f3rio<\/a><\/span><\/p><\/div><\/div><\/div><div class=\"cleared\">\u00a0<\/div><\/div><div class=\"cleared\">\u00a0<\/div><\/div><\/div><\/div><\/div><div class=\"cleared\">\u00a0<\/div><div class=\"art-Footer\"><div class=\"art-Footer-inner\"><div class=\"art-Footer-text\">\u00a0<\/div><\/div><\/div><\/div>\n\t\t\t\t<\/div>\n\t\t\t\t\t\t\t\t<\/div>\n\t\t\t\t\t\t<\/div>\n\t\t\t\t<\/div>\n\t\t\t\t\t<\/div>\n\t\t<\/div>\n\t\t\t\t\t<\/div>\n\t\t<\/section>\n\t\t\t\t<\/div>\n\t\t","protected":false},"excerpt":{"rendered":"<p>Lab 205 (30 lugares) Lab 206 (40 lugares) Hor\u00e1rios de aulas Hor\u00e1rios\u00a0 OBS: Os alunos regularmente matriculados nas disciplinas que utilizam esses laborat\u00f3rios podem utiliz\u00e1-los de segunda a sexta, das 07h \u00e0s 23h desde que n\u00e3o tenha aula agendada. Basta se dirigir a portaria do LEF com sua carteirinha USP. Usu\u00e1rios Os cadastros s\u00e3o feitos [&hellip;]<\/p>\n","protected":false},"author":1,"featured_media":0,"parent":0,"menu_order":0,"comment_status":"closed","ping_status":"closed","template":"","meta":{"footnotes":""},"class_list":["post-1386","page","type-page","status-publish","hentry"],"_links":{"self":[{"href":"https:\/\/www.ifsc.usp.br\/lef\/index.php\/wp-json\/wp\/v2\/pages\/1386","targetHints":{"allow":["GET"]}}],"collection":[{"href":"https:\/\/www.ifsc.usp.br\/lef\/index.php\/wp-json\/wp\/v2\/pages"}],"about":[{"href":"https:\/\/www.ifsc.usp.br\/lef\/index.php\/wp-json\/wp\/v2\/types\/page"}],"author":[{"embeddable":true,"href":"https:\/\/www.ifsc.usp.br\/lef\/index.php\/wp-json\/wp\/v2\/users\/1"}],"replies":[{"embeddable":true,"href":"https:\/\/www.ifsc.usp.br\/lef\/index.php\/wp-json\/wp\/v2\/comments?post=1386"}],"version-history":[{"count":142,"href":"https:\/\/www.ifsc.usp.br\/lef\/index.php\/wp-json\/wp\/v2\/pages\/1386\/revisions"}],"predecessor-version":[{"id":2172,"href":"https:\/\/www.ifsc.usp.br\/lef\/index.php\/wp-json\/wp\/v2\/pages\/1386\/revisions\/2172"}],"wp:attachment":[{"href":"https:\/\/www.ifsc.usp.br\/lef\/index.php\/wp-json\/wp\/v2\/media?parent=1386"}],"curies":[{"name":"wp","href":"https:\/\/api.w.org\/{rel}","templated":true}]}}