{"id":1488,"date":"2024-02-21T09:36:10","date_gmt":"2024-02-21T12:36:10","guid":{"rendered":"https:\/\/www.ifsc.usp.br\/~lef\/wplef\/?page_id=1488"},"modified":"2025-03-06T17:14:07","modified_gmt":"2025-03-06T20:14:07","slug":"eletricidade","status":"publish","type":"page","link":"https:\/\/www.ifsc.usp.br\/lef\/index.php\/eletricidade\/","title":{"rendered":"Eletricidade"},"content":{"rendered":"\t\t<div data-elementor-type=\"wp-page\" data-elementor-id=\"1488\" class=\"elementor elementor-1488\">\n\t\t\t\t\t\t<section class=\"elementor-section elementor-top-section elementor-element elementor-element-afe2ba2 elementor-section-boxed elementor-section-height-default elementor-section-height-default\" data-id=\"afe2ba2\" data-element_type=\"section\">\n\t\t\t\t\t\t<div class=\"elementor-container elementor-column-gap-default\">\n\t\t\t\t\t<div class=\"elementor-column elementor-col-33 elementor-top-column elementor-element elementor-element-5c8f49c\" data-id=\"5c8f49c\" data-element_type=\"column\">\n\t\t\t<div class=\"elementor-widget-wrap elementor-element-populated\">\n\t\t\t\t\t\t<div class=\"elementor-element elementor-element-206b4bf elementor-invisible elementor-widget elementor-widget-image\" data-id=\"206b4bf\" data-element_type=\"widget\" data-settings=\"{&quot;_animation&quot;:&quot;fadeInLeft&quot;}\" data-widget_type=\"image.default\">\n\t\t\t\t<div class=\"elementor-widget-container\">\n\t\t\t\t\t\t\t\t\t\t\t\t\t\t\t<img fetchpriority=\"high\" decoding=\"async\" width=\"580\" height=\"437\" src=\"https:\/\/www.ifsc.usp.br\/lef\/wp-content\/uploads\/2025\/03\/lab208-eletricidade-1024x771.jpg\" class=\"attachment-large size-large wp-image-2046\" alt=\"\" srcset=\"https:\/\/www.ifsc.usp.br\/lef\/wp-content\/uploads\/2025\/03\/lab208-eletricidade-1024x771.jpg 1024w, https:\/\/www.ifsc.usp.br\/lef\/wp-content\/uploads\/2025\/03\/lab208-eletricidade-300x226.jpg 300w, https:\/\/www.ifsc.usp.br\/lef\/wp-content\/uploads\/2025\/03\/lab208-eletricidade-768x578.jpg 768w, https:\/\/www.ifsc.usp.br\/lef\/wp-content\/uploads\/2025\/03\/lab208-eletricidade-1536x1157.jpg 1536w, https:\/\/www.ifsc.usp.br\/lef\/wp-content\/uploads\/2025\/03\/lab208-eletricidade-2048x1542.jpg 2048w, https:\/\/www.ifsc.usp.br\/lef\/wp-content\/uploads\/2025\/03\/lab208-eletricidade-1200x904.jpg 1200w, https:\/\/www.ifsc.usp.br\/lef\/wp-content\/uploads\/2025\/03\/lab208-eletricidade-1980x1491.jpg 1980w\" sizes=\"(max-width: 580px) 100vw, 580px\" \/>\t\t\t\t\t\t\t\t\t\t\t\t\t\t\t<\/div>\n\t\t\t\t<\/div>\n\t\t\t\t\t<\/div>\n\t\t<\/div>\n\t\t\t\t<div class=\"elementor-column elementor-col-66 elementor-top-column elementor-element elementor-element-78d7af1\" data-id=\"78d7af1\" data-element_type=\"column\">\n\t\t\t<div class=\"elementor-widget-wrap elementor-element-populated\">\n\t\t\t\t\t\t<div class=\"elementor-element elementor-element-f65e01a elementor-invisible elementor-widget elementor-widget-heading\" data-id=\"f65e01a\" data-element_type=\"widget\" data-settings=\"{&quot;_animation&quot;:&quot;zoomIn&quot;}\" data-widget_type=\"heading.default\">\n\t\t\t\t<div class=\"elementor-widget-container\">\n\t\t\t\t\t<h2 class=\"elementor-heading-title elementor-size-default\">Eletricidade<\/h2>\t\t\t\t<\/div>\n\t\t\t\t<\/div>\n\t\t\t\t<div class=\"elementor-element elementor-element-927f62e elementor-invisible elementor-widget elementor-widget-text-editor\" data-id=\"927f62e\" data-element_type=\"widget\" data-settings=\"{&quot;_animation&quot;:&quot;fadeInRight&quot;}\" data-widget_type=\"text-editor.default\">\n\t\t\t\t<div class=\"elementor-widget-container\">\n\t\t\t\t\t\t\t\t\t<p><strong><span style=\"color: #2b519a;\">Objetivos<\/span><\/strong><\/p>\n<p>Verifica\u00e7\u00e3o experimental das Leis da Eletricidade e Magnetismo. Desenvolvimento de aptid\u00e3o para realiza\u00e7\u00e3o de experimentos em Eletricidade e Magnetismo.<\/p>\t\t\t\t\t\t\t\t<\/div>\n\t\t\t\t<\/div>\n\t\t\t\t\t<\/div>\n\t\t<\/div>\n\t\t\t\t\t<\/div>\n\t\t<\/section>\n\t\t\t\t<section class=\"elementor-section elementor-top-section elementor-element elementor-element-b98fa51 elementor-section-boxed elementor-section-height-default elementor-section-height-default\" data-id=\"b98fa51\" data-element_type=\"section\">\n\t\t\t\t\t\t<div class=\"elementor-container elementor-column-gap-default\">\n\t\t\t\t\t<div class=\"elementor-column elementor-col-100 elementor-top-column elementor-element elementor-element-feebe73\" data-id=\"feebe73\" data-element_type=\"column\">\n\t\t\t<div class=\"elementor-widget-wrap elementor-element-populated\">\n\t\t\t\t\t\t<div class=\"elementor-element elementor-element-77c757f elementor-widget elementor-widget-toggle\" data-id=\"77c757f\" data-element_type=\"widget\" data-widget_type=\"toggle.default\">\n\t\t\t\t<div class=\"elementor-widget-container\">\n\t\t\t\t\t\t\t<div class=\"elementor-toggle\">\n\t\t\t\t\t\t\t<div class=\"elementor-toggle-item\">\n\t\t\t\t\t<div id=\"elementor-tab-title-1251\" class=\"elementor-tab-title\" data-tab=\"1\" role=\"button\" aria-controls=\"elementor-tab-content-1251\" aria-expanded=\"false\">\n\t\t\t\t\t\t\t\t\t\t\t\t<span class=\"elementor-toggle-icon elementor-toggle-icon-left\" aria-hidden=\"true\">\n\t\t\t\t\t\t\t\t\t\t\t\t\t\t\t<span class=\"elementor-toggle-icon-closed\"><i class=\"fas fa-caret-right\"><\/i><\/span>\n\t\t\t\t\t\t\t\t<span class=\"elementor-toggle-icon-opened\"><i class=\"elementor-toggle-icon-opened fas fa-caret-up\"><\/i><\/span>\n\t\t\t\t\t\t\t\t\t\t\t\t\t<\/span>\n\t\t\t\t\t\t\t\t\t\t\t\t<a class=\"elementor-toggle-title\" tabindex=\"0\">Programa Resumido<\/a>\n\t\t\t\t\t<\/div>\n\n\t\t\t\t\t<div id=\"elementor-tab-content-1251\" class=\"elementor-tab-content elementor-clearfix\" data-tab=\"1\" role=\"region\" aria-labelledby=\"elementor-tab-title-1251\"><p style=\"text-align: left;\">&#8211; Introdu\u00e7\u00e3o a circuitos de corrente cont\u00ednua.<br \/>&#8211; Instrumentos de Medidas El\u00e9tricas.<br \/>&#8211; Resist\u00eancia e Corrente El\u00e9trica.<br \/>&#8211; Resistividade El\u00e9trica.<br \/>&#8211; Campo Eletrost\u00e1tico e Mapeamento de Equipotenciais.<br \/>&#8211; Capacitores.<br \/>&#8211; Campo Magn\u00e9tico.<br \/>&#8211; Lei de Amp\u00e8re.<br \/>&#8211; Oscilosc\u00f3pios e Osciladores.<br \/>&#8211; Lei de Indu\u00e7\u00e3o de Faraday.<br \/>&#8211; Circuitos de Corrente Alternada.<br \/>&#8211; Oscila\u00e7\u00f5es amortecidas.<br \/>&#8211; Transformadores e Histerese.<\/p><\/div>\n\t\t\t\t<\/div>\n\t\t\t\t\t\t\t\t<\/div>\n\t\t\t\t\t\t<\/div>\n\t\t\t\t<\/div>\n\t\t\t\t\t<\/div>\n\t\t<\/div>\n\t\t\t\t\t<\/div>\n\t\t<\/section>\n\t\t\t\t<\/div>\n\t\t","protected":false},"excerpt":{"rendered":"<p>Eletricidade Objetivos Verifica\u00e7\u00e3o experimental das Leis da Eletricidade e Magnetismo. Desenvolvimento de aptid\u00e3o para realiza\u00e7\u00e3o de experimentos em Eletricidade e Magnetismo. Programa Resumido &#8211; Introdu\u00e7\u00e3o a circuitos de corrente cont\u00ednua.&#8211; Instrumentos de Medidas El\u00e9tricas.&#8211; Resist\u00eancia e Corrente El\u00e9trica.&#8211; Resistividade El\u00e9trica.&#8211; Campo Eletrost\u00e1tico e Mapeamento de Equipotenciais.&#8211; Capacitores.&#8211; Campo Magn\u00e9tico.&#8211; Lei de Amp\u00e8re.&#8211; Oscilosc\u00f3pios e Osciladores.&#8211; [&hellip;]<\/p>\n","protected":false},"author":1,"featured_media":0,"parent":0,"menu_order":0,"comment_status":"closed","ping_status":"closed","template":"templates\/template-full-width.php","meta":{"footnotes":""},"class_list":["post-1488","page","type-page","status-publish","hentry"],"_links":{"self":[{"href":"https:\/\/www.ifsc.usp.br\/lef\/index.php\/wp-json\/wp\/v2\/pages\/1488","targetHints":{"allow":["GET"]}}],"collection":[{"href":"https:\/\/www.ifsc.usp.br\/lef\/index.php\/wp-json\/wp\/v2\/pages"}],"about":[{"href":"https:\/\/www.ifsc.usp.br\/lef\/index.php\/wp-json\/wp\/v2\/types\/page"}],"author":[{"embeddable":true,"href":"https:\/\/www.ifsc.usp.br\/lef\/index.php\/wp-json\/wp\/v2\/users\/1"}],"replies":[{"embeddable":true,"href":"https:\/\/www.ifsc.usp.br\/lef\/index.php\/wp-json\/wp\/v2\/comments?post=1488"}],"version-history":[{"count":9,"href":"https:\/\/www.ifsc.usp.br\/lef\/index.php\/wp-json\/wp\/v2\/pages\/1488\/revisions"}],"predecessor-version":[{"id":2052,"href":"https:\/\/www.ifsc.usp.br\/lef\/index.php\/wp-json\/wp\/v2\/pages\/1488\/revisions\/2052"}],"wp:attachment":[{"href":"https:\/\/www.ifsc.usp.br\/lef\/index.php\/wp-json\/wp\/v2\/media?parent=1488"}],"curies":[{"name":"wp","href":"https:\/\/api.w.org\/{rel}","templated":true}]}}